{"id":2001354,"date":"2013-04-30T09:11:48","date_gmt":"2013-04-30T09:11:48","guid":{"rendered":"http:\/\/romfilatelia.ro\/store\/2013\/04\/30\/europa-2013-vehicule-poatale\/"},"modified":"2016-07-29T13:35:50","modified_gmt":"2016-07-29T13:35:50","slug":"europa-2013-vehicule-poatale","status":"publish","type":"product","link":"https:\/\/romfilatelia.ro\/magazin\/produs\/colectii-anuale\/2013\/europa-2013-vehicule-poatale\/","title":{"rendered":"Europa 2013 &#8211; VEHICULE PO\u0218TALE"},"content":{"rendered":"<p><a href=\"https:\/\/romfilatelia.ro\/magazin\/wp-content\/uploads\/2013\/04\/europa_2013_M.jpg\"><img decoding=\"async\" loading=\"lazy\" class=\"alignleft wp-image-2002927 size-medium\" src=\"https:\/\/romfilatelia.ro\/magazin\/wp-content\/uploads\/2013\/04\/europa_2013_M-300x275.jpg\" alt=\"europa_2013_M\" width=\"300\" height=\"275\" srcset=\"https:\/\/romfilatelia.ro\/magazin\/wp-content\/uploads\/2013\/04\/europa_2013_M-300x275.jpg 300w, https:\/\/romfilatelia.ro\/magazin\/wp-content\/uploads\/2013\/04\/europa_2013_M-500x458.jpg 500w, https:\/\/romfilatelia.ro\/magazin\/wp-content\/uploads\/2013\/04\/europa_2013_M-64x59.jpg 64w, https:\/\/romfilatelia.ro\/magazin\/wp-content\/uploads\/2013\/04\/europa_2013_M.jpg 600w\" sizes=\"(max-width: 300px) 100vw, 300px\" \/><\/a> Stabilit\u00e3 de c\u00e3tre PostEurop \u00een fiecare an, tema propus\u00e3 &#8211; sub genericul <em>Europa<\/em>, pentru anul 2013,se intituleaz\u00e3 <strong><em>Vehicule po\u015ftale<\/em><\/strong>.<\/p>\n<p>Cu acest prilej <strong>Romfilatelia<\/strong> introduce \u00een circula\u0163ie o nou\u00e3 emisiune de timbre po\u015ftale care se afl\u00e3, de mul\u0163i ani, \u00een lista tematicilor de colec\u0163ie \u015fi \u00een topul preferin\u0163elor filatelice.<\/p>\n<p>Dac\u00e3 la \u00eenceput scrisorile \u015fi mesajele erau transmise prin soli c\u00e3lare, odat\u00e3 cu apari\u0163ia carelor \u015fi a tr\u00e3surilor, putem vorbi despre precursorii mijloacelor de transport po\u015ftal, denumite mai apoi,generic, vehicule po\u015ftale.<\/p>\n<p>Dezvoltarea mijloacelor de trac\u0163iune prin apari\u0163ia, mai \u00eent\u00e2i a motorului cu aburi, iar apoi a celui cu benzin\u00e3 ori motorin\u00e3, a celui electric \u015f.a.m.d., a dus la cre\u015fterea vitezelor de deplasare \u015fi implicit, la mic\u015forarea timpului de ajungere a unei scrisori de la expeditor la destinatar.<\/p>\n<p>Vehiculul po\u015ftal, mijloc de transport, fie el terestru, marin ori aerian, a fost un vector important \u00een dezvoltarea serviciilor po\u015ftale din \u00eentreaga lume.<\/p>\n<p>Emisiunea <em>Europa 2013<\/em> este format\u00e3 din dou\u00e3 timbre po\u015ftale pe care le descrie chiar autorul graficii acestora, Victor Teliba\u015fa:<\/p>\n<p><em>\u201ePrimul timbru reprezint\u00e3 cucerirea spa\u0163iului aerian de c\u00e3tre om prin aparatul zbur\u00e3tor, descoperire major\u00e3 a omenirii la care Rom\u00e2nia a avut un cuv\u00e2nt important de spus \u015fi \u00eentrebuin\u0163area lui consecvent\u00e3 pentru transmiterea ve\u015ftilor. <\/em><\/p>\n<p><em>Scrisoarea cu indicativul PARAVION formeaz\u00e3 metaforic aripile ce vor purta pe aripile v\u00e2ntului scrisoarea mult a\u015fteptat\u00e3. <\/em><\/p>\n<p><em>Pe cel de-al doilea timbru observ\u00e3m c\u00e3 acolo unde nu exist\u00e3 loc adecvat ateriz\u00e3rii, ma\u015fina va prelua serviciul de curierat tot \u00een regim de vitez\u00e3. <\/em><\/p>\n<p><em>Vechiul po\u015fta\u015f c\u00e3lare pe velociped, scutit astfel de ploi \u015fi ar\u015fi\u0163\u00e3, va preda \u015ftafeta \u015foferului po\u015fta\u015f la c\u00e2rma neobosi\u0163ilor cai putere ai cabrioletei ro\u015fiatice, personaj pitoresc al str\u00e3zilor bucure\u015ftene la \u00eenceputul secolului trecut. <\/em><\/p>\n<p><em>Culoarea ro\u015fie realizeaz\u00e3 liantul trecutului cu prezentul, aceast\u00e3 culoare fiind \u015fi azi cea oficial\u00e3 a Po\u015ftei Rom\u00e2ne. <\/em><\/p>\n<p><em>Plicul prima zi \u00eenf\u00e3\u0163i\u015feaz\u00e3 un alt spa\u0163iu cucerit de om cu ajutorul vapoarelor. Nava maritim\u00e3 este botezat\u00e3 precum vechiul nostru continent, <strong>Europa<\/strong>\u201d. <\/em><\/p>\n<p>&nbsp;<\/p>\n<p>Data Aparitie:2013-04-30<\/p>\n<p><a href=\"https:\/\/romfilatelia.ro\/magazin\/wp-content\/uploads\/2013\/04\/europa_2013_box.jpg\"><img decoding=\"async\" loading=\"lazy\" class=\"wp-image-2002928 size-full aligncenter\" src=\"https:\/\/romfilatelia.ro\/magazin\/wp-content\/uploads\/2013\/04\/europa_2013_box.jpg\" alt=\"europa_2013_box\" width=\"750\" height=\"472\" srcset=\"https:\/\/romfilatelia.ro\/magazin\/wp-content\/uploads\/2013\/04\/europa_2013_box.jpg 750w, https:\/\/romfilatelia.ro\/magazin\/wp-content\/uploads\/2013\/04\/europa_2013_box-500x315.jpg 500w, https:\/\/romfilatelia.ro\/magazin\/wp-content\/uploads\/2013\/04\/europa_2013_box-64x40.jpg 64w, https:\/\/romfilatelia.ro\/magazin\/wp-content\/uploads\/2013\/04\/europa_2013_box-300x189.jpg 300w\" sizes=\"(max-width: 750px) 100vw, 750px\" \/><\/a><\/p>\n","protected":false},"excerpt":{"rendered":"<p>Stabilit\u00e3 de c\u00e3tre PostEurop \u00een fiecare an, tema propus\u00e3 &#8211; sub genericul Europa, pentru anul 2013,se intituleaz\u00e3 Vehicule po\u015ftale. Cu acest prilej Romfilatelia introduce \u00een circula\u0163ie o nou\u00e3 emisiune de timbre po\u015ftale care se afl\u00e3, de mul\u0163i ani, \u00een lista tematicilor de colec\u0163ie \u015fi \u00een topul preferin\u0163elor filatelice. Dac\u00e3 la \u00eenceput scrisorile \u015fi mesajele erau&hellip;&nbsp;<a href=\"https:\/\/romfilatelia.ro\/magazin\/produs\/colectii-anuale\/2013\/europa-2013-vehicule-poatale\/\" class=\"\" rel=\"bookmark\">Cite\u0219te mai mult &raquo;<span class=\"screen-reader-text\">Europa 2013 &#8211; VEHICULE PO\u0218TALE<\/span><\/a><\/p>\n","protected":false},"featured_media":2002927,"template":"","meta":{"neve_meta_sidebar":"","neve_meta_container":"","neve_meta_enable_content_width":"","neve_meta_content_width":0,"neve_meta_title_alignment":"","neve_meta_author_avatar":"","neve_post_elements_order":"","neve_meta_disable_header":"","neve_meta_disable_footer":"","neve_meta_disable_title":""},"product_cat":[105,6],"product_tag":[],"_links":{"self":[{"href":"https:\/\/romfilatelia.ro\/magazin\/wp-json\/wp\/v2\/product\/2001354"}],"collection":[{"href":"https:\/\/romfilatelia.ro\/magazin\/wp-json\/wp\/v2\/product"}],"about":[{"href":"https:\/\/romfilatelia.ro\/magazin\/wp-json\/wp\/v2\/types\/product"}],"wp:featuredmedia":[{"embeddable":true,"href":"https:\/\/romfilatelia.ro\/magazin\/wp-json\/wp\/v2\/media\/2002927"}],"wp:attachment":[{"href":"https:\/\/romfilatelia.ro\/magazin\/wp-json\/wp\/v2\/media?parent=2001354"}],"wp:term":[{"taxonomy":"product_cat","embeddable":true,"href":"https:\/\/romfilatelia.ro\/magazin\/wp-json\/wp\/v2\/product_cat?post=2001354"},{"taxonomy":"product_tag","embeddable":true,"href":"https:\/\/romfilatelia.ro\/magazin\/wp-json\/wp\/v2\/product_tag?post=2001354"}],"curies":[{"name":"wp","href":"https:\/\/api.w.org\/{rel}","templated":true}]}}