{"id":2001352,"date":"2013-04-22T09:10:04","date_gmt":"2013-04-22T09:10:04","guid":{"rendered":"http:\/\/romfilatelia.ro\/store\/2013\/04\/22\/ziua-pamantului-2013\/"},"modified":"2016-07-29T13:24:17","modified_gmt":"2016-07-29T13:24:17","slug":"ziua-pamantului-2013","status":"publish","type":"product","link":"https:\/\/romfilatelia.ro\/magazin\/produs\/colectii-anuale\/2013\/ziua-pamantului-2013\/","title":{"rendered":"ZIUA P\u00c3M\u00c2NTULUI 2013"},"content":{"rendered":"<p><a href=\"https:\/\/romfilatelia.ro\/magazin\/wp-content\/uploads\/2013\/04\/Ziua_Terra_M.jpg\"><img decoding=\"async\" loading=\"lazy\" class=\"alignleft wp-image-2002934 size-medium\" src=\"https:\/\/romfilatelia.ro\/magazin\/wp-content\/uploads\/2013\/04\/Ziua_Terra_M-262x300.jpg\" alt=\"Ziua_Terra_M\" width=\"262\" height=\"300\" srcset=\"https:\/\/romfilatelia.ro\/magazin\/wp-content\/uploads\/2013\/04\/Ziua_Terra_M-262x300.jpg 262w, https:\/\/romfilatelia.ro\/magazin\/wp-content\/uploads\/2013\/04\/Ziua_Terra_M-500x574.jpg 500w, https:\/\/romfilatelia.ro\/magazin\/wp-content\/uploads\/2013\/04\/Ziua_Terra_M-64x73.jpg 64w, https:\/\/romfilatelia.ro\/magazin\/wp-content\/uploads\/2013\/04\/Ziua_Terra_M.jpg 523w\" sizes=\"(max-width: 262px) 100vw, 262px\" \/><\/a> \u00cen 2009, Organiza\u0163ia Na\u0163iunilor Unite a instituit data de 22 aprilie ca s\u00e3rb\u00e3toare oficial\u00e3 a planetei &#8211; <em>Ziua Interna\u0163ional\u00e3 a Mamei P\u00e3m\u00e2nt<\/em> &#8211; ca zi a mobiliz\u00e3rii tuturor oamenilor \u00een vederea protej\u00e3rii mediului \u00eenconjur\u00e3tor.<\/p>\n<p>Cu aceast\u00e3 ocazie, <strong>Romfilatelia<\/strong> introduce \u00een circula\u0163ie o emisiune de timbre po\u015ftale dedicat\u00e3 acestui eveniment, <strong><em>Ziua P\u00e3m\u00e2ntului 2013<\/em><\/strong>.<\/p>\n<p>Pe 22 aprilie 1970, senatorul american Gaylord Nelson a organizat prima manifesta\u0163ie ecologist\u00e3 de anvergur\u00e3 din istorie.<\/p>\n<p>Prin mediatizarea problemelor climatice mondiale, ac\u0163iunea din 22 aprilie 1970 a dat na\u015ftere Organiza\u0163iei <em>\u201eZiua P\u00e3m\u00e2ntului\u201d<\/em>, care are ast\u00e3zi peste 175 de filiale \u00een tot at\u00e2tea \u0163\u00e3ri, rolul lor fiind acela de a con\u015ftientiza lumea asupra problemelor de mediu \u015fi efectelor polu\u00e3rii.<\/p>\n<p>Ac\u0163iunile difer\u00e3 de la o\u0163ar\u00e3la alta, dar peste tot are loc o comunicare activ\u00e3 cu oficiali guvernamentali, cu mediul de afaceri \u015fi cu institu\u0163ii de \u00eenv\u00e3\u0163\u00e3m\u00e2nt, ac\u0163iunile av\u00e2nd acela\u015fi numitor comun \u015fi anume, conservarea mediului \u00eenconjur\u00e3tor.<\/p>\n<p><em>Ziua P\u00e3m\u00e2ntului<\/em> a devenit expresia comun\u00e3 a dorin\u0163ei tuturor de a construi o societate stabil\u00e3, pentru un viitor mai curat \u015fi mai verde.<\/p>\n<p>\u00cen Rom\u00e2nia, una dintre cele mai importante campanii care se desf\u00e3\u015foar\u00e3 \u00een acest an, dedicat\u00e3 Zilei P\u00e3m\u00e2ntului, este campaniana\u0163ional\u00e3 stradal\u00e3 organizat\u00e3 de elevii \u015fcolilor generale sub motto-ul <em>\u201eBeneficiile folosirii tehnologiilor verzi\u201d<\/em>.<\/p>\n<p>La aceasta se adaug\u00e3, la nivelul fiec\u00e3rui jude\u0163 organizarea, de c\u00e3tre agen\u0163iile locale pentru protec\u0163ia mediului, de concursuri \u015fi dezbateri pe teme ecologice, ac\u0163iuni de cur\u00e3\u0163enie, expozi\u0163ii de obiecte din materiale reciclabile, precum \u015fi expozi\u0163ii fotografice dedicate frumuse\u0163ilor naturale ale P\u00e3m\u00e2ntului.<\/p>\n<p><strong><em>Aducem mul\u0163umirile noastre Ministerului Mediului \u015fi Schimb\u00e3rilor Climatice pentru sprijinul acordat la realizarea acestei emisiuni de timbre po\u015ftale. <\/em><\/strong><\/p>\n<p>&nbsp;<\/p>\n<p>Data Aparitie:2013-04-22<\/p>\n<p><a href=\"https:\/\/romfilatelia.ro\/magazin\/wp-content\/uploads\/2013\/04\/Ziua_Terra_box.jpg\"><img decoding=\"async\" loading=\"lazy\" class=\"wp-image-2002935 size-full aligncenter\" src=\"https:\/\/romfilatelia.ro\/magazin\/wp-content\/uploads\/2013\/04\/Ziua_Terra_box.jpg\" alt=\"Ziua_Terra_box\" width=\"750\" height=\"478\" srcset=\"https:\/\/romfilatelia.ro\/magazin\/wp-content\/uploads\/2013\/04\/Ziua_Terra_box.jpg 750w, https:\/\/romfilatelia.ro\/magazin\/wp-content\/uploads\/2013\/04\/Ziua_Terra_box-500x319.jpg 500w, https:\/\/romfilatelia.ro\/magazin\/wp-content\/uploads\/2013\/04\/Ziua_Terra_box-64x41.jpg 64w, https:\/\/romfilatelia.ro\/magazin\/wp-content\/uploads\/2013\/04\/Ziua_Terra_box-300x191.jpg 300w\" sizes=\"(max-width: 750px) 100vw, 750px\" \/><\/a><\/p>\n","protected":false},"excerpt":{"rendered":"<p>\u00cen 2009, Organiza\u0163ia Na\u0163iunilor Unite a instituit data de 22 aprilie ca s\u00e3rb\u00e3toare oficial\u00e3 a planetei &#8211; Ziua Interna\u0163ional\u00e3 a Mamei P\u00e3m\u00e2nt &#8211; ca zi a mobiliz\u00e3rii tuturor oamenilor \u00een vederea protej\u00e3rii mediului \u00eenconjur\u00e3tor. Cu aceast\u00e3 ocazie, Romfilatelia introduce \u00een circula\u0163ie o emisiune de timbre po\u015ftale dedicat\u00e3 acestui eveniment, Ziua P\u00e3m\u00e2ntului 2013. Pe 22 aprilie&hellip;&nbsp;<a href=\"https:\/\/romfilatelia.ro\/magazin\/produs\/colectii-anuale\/2013\/ziua-pamantului-2013\/\" class=\"\" rel=\"bookmark\">Cite\u0219te mai mult &raquo;<span class=\"screen-reader-text\">ZIUA P\u00c3M\u00c2NTULUI 2013<\/span><\/a><\/p>\n","protected":false},"featured_media":2002934,"template":"","meta":{"neve_meta_sidebar":"","neve_meta_container":"","neve_meta_enable_content_width":"","neve_meta_content_width":0,"neve_meta_title_alignment":"","neve_meta_author_avatar":"","neve_post_elements_order":"","neve_meta_disable_header":"","neve_meta_disable_footer":"","neve_meta_disable_title":""},"product_cat":[105,6],"product_tag":[],"_links":{"self":[{"href":"https:\/\/romfilatelia.ro\/magazin\/wp-json\/wp\/v2\/product\/2001352"}],"collection":[{"href":"https:\/\/romfilatelia.ro\/magazin\/wp-json\/wp\/v2\/product"}],"about":[{"href":"https:\/\/romfilatelia.ro\/magazin\/wp-json\/wp\/v2\/types\/product"}],"wp:featuredmedia":[{"embeddable":true,"href":"https:\/\/romfilatelia.ro\/magazin\/wp-json\/wp\/v2\/media\/2002934"}],"wp:attachment":[{"href":"https:\/\/romfilatelia.ro\/magazin\/wp-json\/wp\/v2\/media?parent=2001352"}],"wp:term":[{"taxonomy":"product_cat","embeddable":true,"href":"https:\/\/romfilatelia.ro\/magazin\/wp-json\/wp\/v2\/product_cat?post=2001352"},{"taxonomy":"product_tag","embeddable":true,"href":"https:\/\/romfilatelia.ro\/magazin\/wp-json\/wp\/v2\/product_tag?post=2001352"}],"curies":[{"name":"wp","href":"https:\/\/api.w.org\/{rel}","templated":true}]}}