{"id":2001344,"date":"2013-02-08T09:02:41","date_gmt":"2013-02-08T09:02:41","guid":{"rendered":"http:\/\/romfilatelia.ro\/store\/2013\/02\/08\/patrimoniul-cultural-evreiesc-templul-mare-evreiesc-din-radauti-130-de-ani\/"},"modified":"2016-07-29T12:42:11","modified_gmt":"2016-07-29T12:42:11","slug":"patrimoniul-cultural-evreiesc-templul-mare-evreiesc-din-radauti-130-de-ani","status":"publish","type":"product","link":"https:\/\/romfilatelia.ro\/magazin\/produs\/colectii-anuale\/2013\/patrimoniul-cultural-evreiesc-templul-mare-evreiesc-din-radauti-130-de-ani\/","title":{"rendered":"Patrimoniul Cultural Evreiesc &#8211; TEMPLUL MARE EVREIESC DIN R\u00c3D\u00c3U\u021aI &#8211; 130 DE ANI"},"content":{"rendered":"<p><a href=\"https:\/\/romfilatelia.ro\/magazin\/wp-content\/uploads\/2013\/02\/130_Radauti_M.jpg\"><img decoding=\"async\" loading=\"lazy\" class=\"alignleft wp-image-2002968 size-medium\" src=\"https:\/\/romfilatelia.ro\/magazin\/wp-content\/uploads\/2013\/02\/130_Radauti_M-300x179.jpg\" alt=\"4.1.1\" width=\"300\" height=\"179\" srcset=\"https:\/\/romfilatelia.ro\/magazin\/wp-content\/uploads\/2013\/02\/130_Radauti_M-300x179.jpg 300w, https:\/\/romfilatelia.ro\/magazin\/wp-content\/uploads\/2013\/02\/130_Radauti_M-500x298.jpg 500w, https:\/\/romfilatelia.ro\/magazin\/wp-content\/uploads\/2013\/02\/130_Radauti_M-64x38.jpg 64w, https:\/\/romfilatelia.ro\/magazin\/wp-content\/uploads\/2013\/02\/130_Radauti_M-570x342.jpg 570w, https:\/\/romfilatelia.ro\/magazin\/wp-content\/uploads\/2013\/02\/130_Radauti_M.jpg 600w\" sizes=\"(max-width: 300px) 100vw, 300px\" \/><\/a><\/p>\n<p>La \u00eenceputul secolului al XIX-lea, \u00een zona R\u00e3d\u00e3u\u0163i, este atestat\u00e3 prezen\u0163a unei comunit\u00e3\u0163i evreie\u015fti care, \u00een anul 1830, a inaugurat activitatea de cult \u00een prima sinagog\u00e3.<\/p>\n<p>\u00cen 1880, cu ocazia vizitei \u00cemp\u00e3ratului Franz Joseph I, \u00een ora\u015ful R\u00e3d\u00e3u\u0163i, o delega\u0163ie evreiasc\u00e3 i-a solicitat acestuia sprijinul pentru achizi\u0163ionarea unei parcele de p\u00e3m\u00e2nt destinat\u00e3 construc\u0163iei unei mari sinagogi. Trebuie men\u0163ionat faptul c\u00e3 \u00een acel an, \u00een R\u00e3d\u00e3u\u0163i, erau consemna\u0163i aproximativ 3.500 de membri ai comunit\u00e3\u0163ii evreie\u015fti, adic\u00e3 31% din totalul popula\u0163iei.<\/p>\n<p>La 18 august 1883, de ziua de na\u015ftere a \u00cemp\u00e3ratului Franz Joseph I, a fost inaugurat Templul Mare din centrul ora\u015fului, prima slujb\u00e3 fiind celebrat\u00e3 de c\u00e3tre cel care a fost, \u00eentre anii 1883 \u015fi 1909, noul \u015fef-rabin al ora\u015fului, Yitzhak Kunstadt.<\/p>\n<p>Templul este o cl\u00e3dire masiv\u00e3, construit\u00e3 \u00een stil maur, av\u00e2nd dou\u00e3 turnuri \u00eenalte care se termin\u00e3 cu c\u00e2te o cupol\u00e3, conferind edificiului aspectul unei catedrale ortodoxe. Cele trei arcade de la intrare se sprijin\u00e3 pe patru coloane masive.<\/p>\n<p>\u00cen interior se descoper\u00e3 vederii decora\u0163iuni care \u00eembin\u00e3 stilurile maur, renascentist \u015fi baroc. Ferestrele sunt circulare \u015fi se termin\u00e3 \u00een arcade.<\/p>\n<p>De-a lungul timpului, ora\u015ful R\u00e3d\u00e3u\u0163i a avut nenum\u00e3ra\u0163i rabini care conduceau activitatea religioas\u00e3 a comunit\u00e3\u0163ii, ultimul fiind Yisroel Hornick \u00een 1947.<\/p>\n<p>P\u00e2n\u00e3 \u00een 1940, peste 35% din locuitorii ora\u015fului erau evrei, \u00eens\u00e3 urmare a r\u00e3zboiului, o mare parte dintre ei au fost deporta\u0163i \u00een Transnistria \u015fi Siberia sovietic\u00e3.<\/p>\n<p>Dup\u00e3 r\u00e3zboi, num\u00e3rul evreilor a crescut, ajung\u00e2nd la 6.000 \u00een anul 1947. Datorit\u00e3 apari\u0163iei pe harta lumii a noului statIsrael, mul\u0163i dintre ei au emigrat \u00een noua\u0163ar\u00e3, ceea ce a f\u00e3cut ca num\u00e3rul evreilor din R\u00e3d\u00e3u\u0163i, \u00een anul 1962, s\u00e3 ajung\u00e3 la doar 800.<\/p>\n<p>Ast\u00e3zi, Templul Mare din R\u00e3d\u00e3u\u0163i, folosit ca l\u00e3ca\u015f de cult,este inclus pe lista monumentelor istorice din jude\u0163ul Suceava.<\/p>\n<p>\u00cen ziua de 25 iulie 2012, \u00een prezen\u0163a oficialit\u00e3\u0163ilor locale, a conducerii Federa\u0163iei Comunit\u00e3\u0163ilor Evreie\u015fti din Rom\u00e2nia, a fost redeschis Templul Mare, dup\u00e3 reabilitare.<\/p>\n<p>\u00cen aceea\u015fi zi, s-a deschis, \u00een spa\u0163iul Templului Mare, Muzeul Istoriei Evreilor R\u00e3d\u00e3u\u0163eni, obiectiv care face parte din politica de prezentare \u015fi promovare a istoriei, tradi\u0163iilor, culturii \u015fi contribu\u0163iei evreilor din Rom\u00e2nia la dezvoltarea \u0163\u00e3rii.<\/p>\n<p>Cu ocazia \u00eemplinirii a 130 de ani de la inaugurarea Marelui Templu din R\u00e3d\u00e3u\u0163i, <strong>Romfilatelia<\/strong> introduce \u00een circula\u0163ie o emisiune de m\u00e3rci po\u015ftale dedicat\u00e3 acestui eveniment.<\/p>\n<p>Timbrele emisiunii ilustreaz\u00e3 cl\u00e3direa Templului din R\u00e3d\u00e3u\u0163i, al\u00e3turi de \u00eensemne grafice specific evreie\u015fti (Steaua lui David \u015fi Menora).<\/p>\n<p><strong><em>Aducem mul\u0163umiri Federa\u0163iei Comunit\u00e3\u0163ilor Evreie\u015fti din Rom\u00e2nia pentru consultan\u0163a documentar\u00e3 acordat\u00e3 la realizarea acestei emisiuni de m\u00e3rci po\u015ftale.<\/em><\/strong><\/p>\n<p>&nbsp;<\/p>\n<p>Data Aparitie:2013-02-08<\/p>\n<p><a href=\"https:\/\/romfilatelia.ro\/magazin\/wp-content\/uploads\/2013\/02\/130_Radauti_box.jpg\"><img decoding=\"async\" loading=\"lazy\" class=\"wp-image-2002969 size-full aligncenter\" src=\"https:\/\/romfilatelia.ro\/magazin\/wp-content\/uploads\/2013\/02\/130_Radauti_box.jpg\" alt=\"130_Radauti_box\" width=\"750\" height=\"697\" srcset=\"https:\/\/romfilatelia.ro\/magazin\/wp-content\/uploads\/2013\/02\/130_Radauti_box.jpg 750w, https:\/\/romfilatelia.ro\/magazin\/wp-content\/uploads\/2013\/02\/130_Radauti_box-500x465.jpg 500w, https:\/\/romfilatelia.ro\/magazin\/wp-content\/uploads\/2013\/02\/130_Radauti_box-64x59.jpg 64w, https:\/\/romfilatelia.ro\/magazin\/wp-content\/uploads\/2013\/02\/130_Radauti_box-300x279.jpg 300w\" sizes=\"(max-width: 750px) 100vw, 750px\" \/><\/a><\/p>\n","protected":false},"excerpt":{"rendered":"<p>La \u00eenceputul secolului al XIX-lea, \u00een zona R\u00e3d\u00e3u\u0163i, este atestat\u00e3 prezen\u0163a unei comunit\u00e3\u0163i evreie\u015fti care, \u00een anul 1830, a inaugurat activitatea de cult \u00een prima sinagog\u00e3. \u00cen 1880, cu ocazia vizitei \u00cemp\u00e3ratului Franz Joseph I, \u00een ora\u015ful R\u00e3d\u00e3u\u0163i, o delega\u0163ie evreiasc\u00e3 i-a solicitat acestuia sprijinul pentru achizi\u0163ionarea unei parcele de p\u00e3m\u00e2nt destinat\u00e3 construc\u0163iei unei mari&hellip;&nbsp;<a href=\"https:\/\/romfilatelia.ro\/magazin\/produs\/colectii-anuale\/2013\/patrimoniul-cultural-evreiesc-templul-mare-evreiesc-din-radauti-130-de-ani\/\" class=\"\" rel=\"bookmark\">Cite\u0219te mai mult &raquo;<span class=\"screen-reader-text\">Patrimoniul Cultural Evreiesc &#8211; TEMPLUL MARE EVREIESC DIN R\u00c3D\u00c3U\u021aI &#8211; 130 DE ANI<\/span><\/a><\/p>\n","protected":false},"featured_media":2002968,"template":"","meta":{"neve_meta_sidebar":"","neve_meta_container":"","neve_meta_enable_content_width":"","neve_meta_content_width":0,"neve_meta_title_alignment":"","neve_meta_author_avatar":"","neve_post_elements_order":"","neve_meta_disable_header":"","neve_meta_disable_footer":"","neve_meta_disable_title":""},"product_cat":[105,6],"product_tag":[],"_links":{"self":[{"href":"https:\/\/romfilatelia.ro\/magazin\/wp-json\/wp\/v2\/product\/2001344"}],"collection":[{"href":"https:\/\/romfilatelia.ro\/magazin\/wp-json\/wp\/v2\/product"}],"about":[{"href":"https:\/\/romfilatelia.ro\/magazin\/wp-json\/wp\/v2\/types\/product"}],"wp:featuredmedia":[{"embeddable":true,"href":"https:\/\/romfilatelia.ro\/magazin\/wp-json\/wp\/v2\/media\/2002968"}],"wp:attachment":[{"href":"https:\/\/romfilatelia.ro\/magazin\/wp-json\/wp\/v2\/media?parent=2001344"}],"wp:term":[{"taxonomy":"product_cat","embeddable":true,"href":"https:\/\/romfilatelia.ro\/magazin\/wp-json\/wp\/v2\/product_cat?post=2001344"},{"taxonomy":"product_tag","embeddable":true,"href":"https:\/\/romfilatelia.ro\/magazin\/wp-json\/wp\/v2\/product_tag?post=2001344"}],"curies":[{"name":"wp","href":"https:\/\/api.w.org\/{rel}","templated":true}]}}