{"id":2001340,"date":"2012-12-14T10:40:05","date_gmt":"2012-12-14T08:40:05","guid":{"rendered":"http:\/\/romfilatelia.ro\/store\/2012\/12\/14\/creatinatate-ai-heraldica-emisiune-comuna-romania-ordinul-suveran-militar-de-malta\/"},"modified":"2021-02-11T15:06:26","modified_gmt":"2021-02-11T13:06:26","slug":"creatinatate-ai-heraldica-emisiune-comuna-romania-ordinul-suveran-militar-de-malta","status":"publish","type":"product","link":"https:\/\/romfilatelia.ro\/magazin\/produs\/colectii-anuale\/2012\/creatinatate-ai-heraldica-emisiune-comuna-romania-ordinul-suveran-militar-de-malta\/","title":{"rendered":"CRE\u0218TIN\u00c3TATE \u0218I HERALDIC\u00c3 &#8211; Emisiune comun\u00e3 ROM\u00c2NIA \u2013 ORDINUL SUVERAN MILITAR DE MALTA"},"content":{"rendered":"<p><img decoding=\"async\" loading=\"lazy\" class=\"alignleft wp-image-2003136 size-medium\" src=\"https:\/\/romfilatelia.ro\/magazin\/wp-content\/uploads\/2012\/12\/ROM_MALTA_M-300x218.jpg\" alt=\"image description\" width=\"300\" height=\"218\" srcset=\"https:\/\/romfilatelia.ro\/magazin\/wp-content\/uploads\/2012\/12\/ROM_MALTA_M-300x218.jpg 300w, https:\/\/romfilatelia.ro\/magazin\/wp-content\/uploads\/2012\/12\/ROM_MALTA_M-500x363.jpg 500w, https:\/\/romfilatelia.ro\/magazin\/wp-content\/uploads\/2012\/12\/ROM_MALTA_M-64x46.jpg 64w, https:\/\/romfilatelia.ro\/magazin\/wp-content\/uploads\/2012\/12\/ROM_MALTA_M.jpg 600w\" sizes=\"(max-width: 300px) 100vw, 300px\" \/><\/p>\n<p>\u00cen jurul anului 1050, lua fiin\u0163\u00e3, la Ierusalim, un spital pentru pelerinii ce veneau \u00een \u021aaraSf\u00e2nt\u00e3. Acest spital era administrat de <em>Suveranul Ordin Militar \u015fi Ospitalier al Sf\u00e2ntului Ioan de Ierusalim, de Rhodos \u015fi de Malta<\/em> (actualul <em>Ordin Suveran Militar de Malta<\/em>).<\/p>\n<p>Ca ordin religios, <em>Ordinul Suveran al Cavalerilor de Malta<\/em> a fost recunoscut de Papa Pascal al II-lea, \u00een anul 1113.<\/p>\n<p>Ulterior, acest <em>Ordin<\/em> a devenit \u015fi \u201emilitar\u201c pentru a putea ap\u00e3ra bolnavii, pelerinii, precum \u015fi teritoriile cre\u015ftine ale \u021a\u00e3rii Sfinte.<\/p>\n<p>De aproape un mileniu, <em>Ordinul<\/em> s-a aflat, prin ac\u0163iunile sale caritabile, al\u00e3turi de nevoia\u015fi, bolnavi \u015fi refugia\u0163i, folosind mijloace specifice conform vremurilor respective.<\/p>\n<p>Ast\u00e3zi, datorit\u00e3 recunoa\u015fterii meritelor sale, <em>Ordinul<\/em> are dreptul de suveranitate \u015fi \u00eentre\u0163ine rela\u0163ii diplomatice cu peste 90 de state.<\/p>\n<p>Totodat\u00e3, <em>Ordinul<\/em> poate constitui organiza\u0163ii independente pentru a putea pune \u00een practic\u00e3 \u00eendatoririle institu\u0163ionale. Astfel, zilnic, \u00een peste 120 de \u0163\u00e3ri, \u00ee\u015fi desf\u00e3\u015foar\u00e3 activitatea organiza\u0163ii care au ca scop ac\u0163iuni caritabile.<\/p>\n<p>Primele rela\u0163ii dintre poporul rom\u00e2n \u015fi <em>Ordinul Maltez<\/em> dateaz\u00e3 \u00eenc\u00e3 din secolul al XIII-lea c\u00e2nd, prin intermediul <em>Diplomei Cavalerilor Ioani\u0163i<\/em>, regele Ungariei, Bela al IV-lea, i-a invitat pe ace\u015ftia s\u00e3 se stabileasc\u00e3 \u00eenBanat.<\/p>\n<p>Totodat\u00e3, istoricii consider\u00e3 c\u00e3 primul a\u015fez\u00e3m\u00e2nt spitalicesc de pe teritoriul actual al Rom\u00e2niei a fost fondat de ace\u015ftia laOradea, cu mult \u00eenaintea celui de laSibiu, a c\u00e3rui atestare documentar\u00e3 dateaz\u00e3 de la anul 1292.<\/p>\n<p>\u00cen urm\u00e3 cu 80 de ani, \u00een 1932, <em>Ordinul Maltez<\/em> active \u00een Rom\u00e2nia pe baza unor \u00een\u0163elegeri bilaterale, iar \u00een 1933, primul reprezentant diplomatic al <em>Ordinului<\/em>, contele Michel de Pierredon, \u00ee\u015fi prezenta scrisorile de acreditare la Bucure\u015fti.<\/p>\n<p>Rela\u0163iile au \u00eencetat \u00een 1948, iar \u00een 1962 a luat fiin\u0163\u00e3 \u201eAsocia\u0163ia Rom\u00e2n\u00e3 a membrilor Ordinului Suveran Militar de Malta\u201d care va func\u0163iona \u00een exil p\u00e2n\u00e3 \u00een anul 1991, an \u00een care sunt reluate rela\u0163iile bilaterale, de aceast\u00e3 dat\u00e3 ridicate la nivel de ambasad\u00e3.<\/p>\n<p>Cu ocazia \u00eemplinirii a opt decenii de rela\u0163ii diplomatice dintre Rom\u00e2nia \u015fi Ordinul Suveran Militar de Malta, <strong>Romfilatelia<\/strong> introduce \u00een circula\u0163ie emisiunea comun\u00e3 de m\u00e3rci po\u015ftale dedicat\u00e3 acestui eveniment.<\/p>\n<p>Timbrul emisiunii comune ilustreaz\u00e3 ca element heraldic rom\u00e2nesc detaliul unei pece\u0163i din secolul al XV-lea care i-a apar\u0163inut domnitorului Mircea cel B\u00e3tr\u00e2n. Pece\u0163ii i se al\u00e3tur\u00e3 stema Ordinului Suveran de Malta \u2013 crucea maltez\u00e3 care se reg\u00e3se\u015fte ca simbol \u015fi \u00een grafica pece\u0163ii. Ca fundal s-a folosit ilustrarea unei h\u00e3r\u0163i vechi a teritoriului rom\u00e2nesc.<\/p>\n<p>\u00cen perioada domniei sale (1386-1418), Mircea cel B\u00e3tr\u00e2n s-a manifestat ca un important lupt\u00e3tor pentru ap\u00e3rarea cre\u015ftin\u00e3t\u00e3\u0163ii. A fost singurul domnitor rom\u00e2n care nu a fost vasalul nim\u00e3nui \u015fi a avut alian\u0163e \u00een lupta antiotoman\u00e3 cu regele Ungariei, Sigismund de Luxemburg \u015fi cu regale Poloniei, Vladislav Jagello. Totodat\u00e3, domnitorul rom\u00e2n a trimis o delega\u0163ie a \u021a\u00e3rii Rom\u00e2ne\u015fti la Konstanz (Germania de ast\u00e3zi) pentru a participa la Conciliul ecumenic general al lumii cre\u015ftine, desf\u00e3\u015furat \u00eentre 1414 \u015fi 1418.<\/p>\n<p>&nbsp;<\/p>\n<p><strong><em>Aducem mul\u0163umirile noastre Administra\u0163iei Preziden\u0163iale a Rom\u00e2niei \u2013 Cancelaria Ordinelor \u015fi Muzeului \u2013 Na\u0163ional de Art\u00e3 al Rom\u00e2niei pentru sprijinul acordat la realizarea acestei emisiuni de m\u00e3rci po\u015ftale.<\/em><\/strong><\/p>\n<p>Data Aparitie:2012-12-14<\/p>\n<p><a href=\"https:\/\/romfilatelia.ro\/magazin\/wp-content\/uploads\/2012\/12\/ROM_MALTA_box.jpg\"><img decoding=\"async\" loading=\"lazy\" class=\"wp-image-2003137 size-full aligncenter\" src=\"https:\/\/romfilatelia.ro\/magazin\/wp-content\/uploads\/2012\/12\/ROM_MALTA_box.jpg\" alt=\"ROM_MALTA_box\" width=\"750\" height=\"683\" srcset=\"https:\/\/romfilatelia.ro\/magazin\/wp-content\/uploads\/2012\/12\/ROM_MALTA_box.jpg 750w, https:\/\/romfilatelia.ro\/magazin\/wp-content\/uploads\/2012\/12\/ROM_MALTA_box-500x455.jpg 500w, https:\/\/romfilatelia.ro\/magazin\/wp-content\/uploads\/2012\/12\/ROM_MALTA_box-64x58.jpg 64w, https:\/\/romfilatelia.ro\/magazin\/wp-content\/uploads\/2012\/12\/ROM_MALTA_box-300x273.jpg 300w\" sizes=\"(max-width: 750px) 100vw, 750px\" \/><\/a><\/p>\n","protected":false},"excerpt":{"rendered":"<p>\u00cen jurul anului 1050, lua fiin\u0163\u00e3, la Ierusalim, un spital pentru pelerinii ce veneau \u00een \u021aaraSf\u00e2nt\u00e3. Acest spital era administrat de Suveranul Ordin Militar \u015fi Ospitalier al Sf\u00e2ntului Ioan de Ierusalim, de Rhodos \u015fi de Malta (actualul Ordin Suveran Militar de Malta). Ca ordin religios, Ordinul Suveran al Cavalerilor de Malta a fost recunoscut de&hellip;&nbsp;<a href=\"https:\/\/romfilatelia.ro\/magazin\/produs\/colectii-anuale\/2012\/creatinatate-ai-heraldica-emisiune-comuna-romania-ordinul-suveran-militar-de-malta\/\" class=\"\" rel=\"bookmark\">Cite\u0219te mai mult &raquo;<span class=\"screen-reader-text\">CRE\u0218TIN\u00c3TATE \u0218I HERALDIC\u00c3 &#8211; Emisiune comun\u00e3 ROM\u00c2NIA \u2013 ORDINUL SUVERAN MILITAR DE MALTA<\/span><\/a><\/p>\n","protected":false},"featured_media":2003136,"template":"","meta":{"neve_meta_sidebar":"","neve_meta_container":"","neve_meta_enable_content_width":"","neve_meta_content_width":0,"neve_meta_title_alignment":"","neve_meta_author_avatar":"","neve_post_elements_order":"","neve_meta_disable_header":"","neve_meta_disable_footer":"","neve_meta_disable_title":""},"product_cat":[106,6],"product_tag":[],"_links":{"self":[{"href":"https:\/\/romfilatelia.ro\/magazin\/wp-json\/wp\/v2\/product\/2001340"}],"collection":[{"href":"https:\/\/romfilatelia.ro\/magazin\/wp-json\/wp\/v2\/product"}],"about":[{"href":"https:\/\/romfilatelia.ro\/magazin\/wp-json\/wp\/v2\/types\/product"}],"wp:featuredmedia":[{"embeddable":true,"href":"https:\/\/romfilatelia.ro\/magazin\/wp-json\/wp\/v2\/media\/2003136"}],"wp:attachment":[{"href":"https:\/\/romfilatelia.ro\/magazin\/wp-json\/wp\/v2\/media?parent=2001340"}],"wp:term":[{"taxonomy":"product_cat","embeddable":true,"href":"https:\/\/romfilatelia.ro\/magazin\/wp-json\/wp\/v2\/product_cat?post=2001340"},{"taxonomy":"product_tag","embeddable":true,"href":"https:\/\/romfilatelia.ro\/magazin\/wp-json\/wp\/v2\/product_tag?post=2001340"}],"curies":[{"name":"wp","href":"https:\/\/api.w.org\/{rel}","templated":true}]}}