{"id":2001331,"date":"2012-08-11T08:32:23","date_gmt":"2012-08-11T08:32:23","guid":{"rendered":"http:\/\/romfilatelia.ro\/ro\/biserica-manastirii-armeneati-hagigadar-500-de-ani-emisiune-comuna-romania-armenia\/"},"modified":"2016-08-03T12:45:35","modified_gmt":"2016-08-03T12:45:35","slug":"biserica-manastirii-armeneati-hagigadar-500-de-ani-emisiune-comuna-romania-armenia","status":"publish","type":"product","link":"https:\/\/romfilatelia.ro\/magazin\/produs\/colectii-anuale\/2012\/biserica-manastirii-armeneati-hagigadar-500-de-ani-emisiune-comuna-romania-armenia\/","title":{"rendered":"BISERICA M\u00c3N\u00c3STIRII ARMENE\u0218TI HAGIGADAR &#8211; 500 DE ANI  Emisiune comun\u00e3 ROM\u00c2NIA &#8211; ARMENIA"},"content":{"rendered":"<p><a href=\"https:\/\/romfilatelia.ro\/magazin\/wp-content\/uploads\/2012\/08\/Hagigadar_500_M.jpg\"><img decoding=\"async\" loading=\"lazy\" class=\"alignleft wp-image-2003214 size-medium\" src=\"https:\/\/romfilatelia.ro\/magazin\/wp-content\/uploads\/2012\/08\/Hagigadar_500_M-300x300.jpg\" alt=\"Hagigadar_500_M\" width=\"300\" height=\"300\" srcset=\"https:\/\/romfilatelia.ro\/magazin\/wp-content\/uploads\/2012\/08\/Hagigadar_500_M-300x300.jpg 300w, https:\/\/romfilatelia.ro\/magazin\/wp-content\/uploads\/2012\/08\/Hagigadar_500_M-250x250.jpg 250w, https:\/\/romfilatelia.ro\/magazin\/wp-content\/uploads\/2012\/08\/Hagigadar_500_M-100x100.jpg 100w, https:\/\/romfilatelia.ro\/magazin\/wp-content\/uploads\/2012\/08\/Hagigadar_500_M-500x500.jpg 500w, https:\/\/romfilatelia.ro\/magazin\/wp-content\/uploads\/2012\/08\/Hagigadar_500_M-64x64.jpg 64w, https:\/\/romfilatelia.ro\/magazin\/wp-content\/uploads\/2012\/08\/Hagigadar_500_M-150x150.jpg 150w, https:\/\/romfilatelia.ro\/magazin\/wp-content\/uploads\/2012\/08\/Hagigadar_500_M-53x53.jpg 53w, https:\/\/romfilatelia.ro\/magazin\/wp-content\/uploads\/2012\/08\/Hagigadar_500_M-85x85.jpg 85w, https:\/\/romfilatelia.ro\/magazin\/wp-content\/uploads\/2012\/08\/Hagigadar_500_M-570x570.jpg 570w, https:\/\/romfilatelia.ro\/magazin\/wp-content\/uploads\/2012\/08\/Hagigadar_500_M-380x380.jpg 380w, https:\/\/romfilatelia.ro\/magazin\/wp-content\/uploads\/2012\/08\/Hagigadar_500_M-285x285.jpg 285w, https:\/\/romfilatelia.ro\/magazin\/wp-content\/uploads\/2012\/08\/Hagigadar_500_M.jpg 600w\" sizes=\"(max-width: 300px) 100vw, 300px\" \/><\/a> \u00cen urm\u00e3 cu 500 de ani, nu departe de actualul ora\u015f Suceava, pe v\u00e2rful Dealului Bulai, l\u00e2ng\u00e3 un paraclis din lemn, negru, doi fra\u0163i armeni au poposit o noapte, \u00een drumul lor spre Budapesta, unde urmau s\u00e3-\u015fi v\u00e2nd\u00e3 turma de vite.<\/p>\n<p>\u00cen timpul somnului, celor doi fra\u0163i le-a ap\u00e3rut \u00een vis Maica Domnului care le-ar fi spus: \u201eV\u00e3 binecuv\u00e2ntez s\u00e3 v\u00e3 izbuteasc\u00e3 nego\u0163ul \u015fi familiile voastre s\u00e3 tr\u00e3iasc\u00e3 \u00een bun\u00e3stare. \u0218i dac\u00e3 va fi a\u015fa, v\u00e3 cer ca atunci c\u00e2nd v\u00e3 ve\u0163i \u00eentoarce pe locul acesta s\u00e3 ridica\u0163i o m\u00e3n\u00e3stire cu hramul Adormirea Maicii Domnului\u201c.<\/p>\n<p>Afacerile celor doi fra\u0163i au mers bine, \u015fi la \u00eentoarcere s-au oprit din nou pe v\u00e2rful dealului, au mul\u0163umit Maicii Domnului \u015fi au hot\u00e3r\u00e2t s\u00e3 ridice o m\u00e3n\u00e3stire din piatr\u00e3, fortificat\u00e3, pe care au numit-o Hagigadar (\u00een limba armean\u00e3: hagiuik-dorin\u0163\u00e3 \u015fi gadarel-a \u00eemplini).<\/p>\n<p>M\u00e3n\u00e3stirea Hagigadar, aflat\u00e3 \u00een satul Bulai din comuna Moara (jud. Suceava), este atestat\u00e3 \u00eencep\u00e2nd cu anul 1512.<\/p>\n<p>Biserica M\u00e3n\u00e3stirii armene\u015fti Hagigadar a fost construit\u00e3 \u00een timpul domniei lui Bogdan cel Orb, de c\u00e3tre Dr\u00e3gan Donavac,negustor armean de vite, fapt men\u0163ionat \u00eentr-o inscrip\u0163ie d\u00e3ltuit\u00e3 l\u00e2ng\u00e3 u\u015fa de intrare \u00een biseric\u00e3.<\/p>\n<p>Biserica a fost construit\u00e3 \u00een trei etape, prima fiind \u00eentre 1512-1513, c\u00e2nd exista numai un naos \u015fi altarul. A doua etap\u00e3 este \u00eenscris\u00e3 \u00een a doua jum\u00e3tate a secolului al XVII-lea c\u00e2nd s-a construit actualul pronaos \u015fi o turl\u00e3 octogonal\u00e3. \u00cen a treia etap\u00e3, \u00een a doua jum\u00e3tate a secolului al XIX-lea, s-a demolat zidul care separa pronaosul de naos, iar biserica a dob\u00e2ndit actuala configura\u0163ie.<\/p>\n<p>\u00cen perioada c\u00e2t Bucovina de Nord a fost sub ocupa\u0163ie habsburgic\u00e3, Hagigadarul a devenit o m\u00e3n\u00e3stire de maici sub denumirea \u201eMetocul cel armenesc\u201c.<\/p>\n<p>Atunci, ca \u015fi acum, legenda Icoanei Maicii Domnului f\u00e3c\u00e3toare de minuni a f\u00e3cut ca pragul Bisericii Dorin\u0163elor s\u00e3 fie trecut de nenum\u00e3ra\u0163i credincio\u015fi ortodoc\u015fi \u015fi catolici care, \u00eenainte de a \u00eencepe o afacere, o construc\u0163ie ori care sper\u00e3 \u00een vindecarea unei boli, vin s\u00e3 se roage, urc\u00e2nd dealul \u00een genunchi p\u00e2n\u00e3 la m\u00e3n\u00e3stire, pentru a aprinde o lum\u00e2nare la icoan\u00e3.<\/p>\n<p>Hagigadarul nu este cunoscut numai ca locul unde se \u00eemplinesc dorin\u0163ele, ci este \u015fi locul unde, \u00een toamna anului 1943, arhimandritul Vazken Balgian (n\u00e3scut la Bucure\u015fti \u00een 1908), viitor Catolicos de Ecimiadzin \u015fi Patriarh Suprem al tuturor armenilor (1955-1994), a petrecut o perioad\u00e3 canonic\u00e3 de 40 de zile, dup\u00e3 hirotonie.<\/p>\n<p>Trebuie men\u0163ionat c\u00e3 M\u00e3n\u00e3stirea Hagigadar a fost inclus\u00e3 \u00een anul 2004 \u00een Lista Monumentelor Istorice din jude\u0163ul Suceava.<\/p>\n<p>Datorit\u00e3 valorii sale istorice \u015fi estetice \u015fi a faptului c\u00e3 se \u00eemplinesc 500 de ani de existen\u0163\u00e3 a Bisericii M\u00e3n\u00e3stirii Hagigadar, aceasta a fost aleas\u00e3 ca element tematic al emisiunii comune de m\u00e3rci po\u015ftale Rom\u00e2nia-Armenia, pe care Romfilatelia o introduce \u00een circula\u0163ie.<\/p>\n<p>&nbsp;<\/p>\n<p><strong><em>Aducem mul\u0163umirile noastre pentru sprijinul acordat la realizarea acestei emisiuni de m\u00e3rci po\u015ftale Ambasadei Republicii Armenia \u00een Rom\u00e2nia \u015fi Arhiepiscopiei Bisericii Armene din Bucure\u015fti.<\/em><\/strong><\/p>\n<p>Data Aparitie:2012-08-11<\/p>\n<p><a href=\"https:\/\/romfilatelia.ro\/magazin\/wp-content\/uploads\/2012\/08\/Hagigadar_500_box.jpg\"><img decoding=\"async\" loading=\"lazy\" class=\"wp-image-2003215 size-full aligncenter\" src=\"https:\/\/romfilatelia.ro\/magazin\/wp-content\/uploads\/2012\/08\/Hagigadar_500_box.jpg\" alt=\"Hagigadar_500_box\" width=\"750\" height=\"729\" srcset=\"https:\/\/romfilatelia.ro\/magazin\/wp-content\/uploads\/2012\/08\/Hagigadar_500_box.jpg 750w, https:\/\/romfilatelia.ro\/magazin\/wp-content\/uploads\/2012\/08\/Hagigadar_500_box-500x486.jpg 500w, https:\/\/romfilatelia.ro\/magazin\/wp-content\/uploads\/2012\/08\/Hagigadar_500_box-64x62.jpg 64w, https:\/\/romfilatelia.ro\/magazin\/wp-content\/uploads\/2012\/08\/Hagigadar_500_box-300x292.jpg 300w, https:\/\/romfilatelia.ro\/magazin\/wp-content\/uploads\/2012\/08\/Hagigadar_500_box-53x53.jpg 53w\" sizes=\"(max-width: 750px) 100vw, 750px\" \/><\/a><\/p>\n","protected":false},"excerpt":{"rendered":"<p>\u00cen urm\u00e3 cu 500 de ani, nu departe de actualul ora\u015f Suceava, pe v\u00e2rful Dealului Bulai, l\u00e2ng\u00e3 un paraclis din lemn, negru, doi fra\u0163i armeni au poposit o noapte, \u00een drumul lor spre Budapesta, unde urmau s\u00e3-\u015fi v\u00e2nd\u00e3 turma de vite. \u00cen timpul somnului, celor doi fra\u0163i le-a ap\u00e3rut \u00een vis Maica Domnului care le-ar&hellip;&nbsp;<a href=\"https:\/\/romfilatelia.ro\/magazin\/produs\/colectii-anuale\/2012\/biserica-manastirii-armeneati-hagigadar-500-de-ani-emisiune-comuna-romania-armenia\/\" class=\"\" rel=\"bookmark\">Cite\u0219te mai mult &raquo;<span class=\"screen-reader-text\">BISERICA M\u00c3N\u00c3STIRII ARMENE\u0218TI HAGIGADAR &#8211; 500 DE ANI  Emisiune comun\u00e3 ROM\u00c2NIA &#8211; ARMENIA<\/span><\/a><\/p>\n","protected":false},"featured_media":2003214,"template":"","meta":{"neve_meta_sidebar":"","neve_meta_container":"","neve_meta_enable_content_width":"","neve_meta_content_width":0,"neve_meta_title_alignment":"","neve_meta_author_avatar":"","neve_post_elements_order":"","neve_meta_disable_header":"","neve_meta_disable_footer":"","neve_meta_disable_title":""},"product_cat":[106,6],"product_tag":[],"_links":{"self":[{"href":"https:\/\/romfilatelia.ro\/magazin\/wp-json\/wp\/v2\/product\/2001331"}],"collection":[{"href":"https:\/\/romfilatelia.ro\/magazin\/wp-json\/wp\/v2\/product"}],"about":[{"href":"https:\/\/romfilatelia.ro\/magazin\/wp-json\/wp\/v2\/types\/product"}],"wp:featuredmedia":[{"embeddable":true,"href":"https:\/\/romfilatelia.ro\/magazin\/wp-json\/wp\/v2\/media\/2003214"}],"wp:attachment":[{"href":"https:\/\/romfilatelia.ro\/magazin\/wp-json\/wp\/v2\/media?parent=2001331"}],"wp:term":[{"taxonomy":"product_cat","embeddable":true,"href":"https:\/\/romfilatelia.ro\/magazin\/wp-json\/wp\/v2\/product_cat?post=2001331"},{"taxonomy":"product_tag","embeddable":true,"href":"https:\/\/romfilatelia.ro\/magazin\/wp-json\/wp\/v2\/product_tag?post=2001331"}],"curies":[{"name":"wp","href":"https:\/\/api.w.org\/{rel}","templated":true}]}}