{"id":2001326,"date":"2012-06-15T08:25:18","date_gmt":"2012-06-15T08:25:18","guid":{"rendered":"http:\/\/romfilatelia.ro\/store\/2012\/06\/15\/peati\/"},"modified":"2016-08-03T11:53:13","modified_gmt":"2016-08-03T11:53:13","slug":"peati","status":"publish","type":"product","link":"https:\/\/romfilatelia.ro\/magazin\/produs\/colectii-anuale\/2012\/peati\/","title":{"rendered":"PE\u0218TI"},"content":{"rendered":"<p><a href=\"https:\/\/romfilatelia.ro\/magazin\/wp-content\/uploads\/2012\/06\/pesti_M.jpg\"><img decoding=\"async\" loading=\"lazy\" class=\"alignleft wp-image-2003258 size-medium\" src=\"https:\/\/romfilatelia.ro\/magazin\/wp-content\/uploads\/2012\/06\/pesti_M-300x300.jpg\" alt=\"bl 4t\" width=\"300\" height=\"300\" srcset=\"https:\/\/romfilatelia.ro\/magazin\/wp-content\/uploads\/2012\/06\/pesti_M-300x300.jpg 300w, https:\/\/romfilatelia.ro\/magazin\/wp-content\/uploads\/2012\/06\/pesti_M-250x250.jpg 250w, https:\/\/romfilatelia.ro\/magazin\/wp-content\/uploads\/2012\/06\/pesti_M-100x100.jpg 100w, https:\/\/romfilatelia.ro\/magazin\/wp-content\/uploads\/2012\/06\/pesti_M-500x500.jpg 500w, https:\/\/romfilatelia.ro\/magazin\/wp-content\/uploads\/2012\/06\/pesti_M-64x64.jpg 64w, https:\/\/romfilatelia.ro\/magazin\/wp-content\/uploads\/2012\/06\/pesti_M-150x150.jpg 150w, https:\/\/romfilatelia.ro\/magazin\/wp-content\/uploads\/2012\/06\/pesti_M-53x53.jpg 53w, https:\/\/romfilatelia.ro\/magazin\/wp-content\/uploads\/2012\/06\/pesti_M-85x85.jpg 85w, https:\/\/romfilatelia.ro\/magazin\/wp-content\/uploads\/2012\/06\/pesti_M-570x570.jpg 570w, https:\/\/romfilatelia.ro\/magazin\/wp-content\/uploads\/2012\/06\/pesti_M-380x380.jpg 380w, https:\/\/romfilatelia.ro\/magazin\/wp-content\/uploads\/2012\/06\/pesti_M-285x285.jpg 285w, https:\/\/romfilatelia.ro\/magazin\/wp-content\/uploads\/2012\/06\/pesti_M.jpg 600w\" sizes=\"(max-width: 300px) 100vw, 300px\" \/><\/a><\/p>\n<p>Mediul acvatic este un subiect care st\u00e2rne\u015fte \u015fi stimuleaz\u00e3 permanent curiozitatea \u015fi imagina\u0163ia, indiferent dac\u00e3 avem \u00een vedere o abordare \u015ftiin\u0163ific\u00e3, sportiv\u00e3 sau ca element natural original \u015fi decorativ. Este un mediu complex \u015fi relativ greu accesibil, \u00eenso\u0163it \u00eentotdeauna de o aur\u00e3 de mister \u015fi \u00eendemn spre aventur\u00e3, pun\u00e2nd deseori la \u00eencercare ambi\u0163ia oamenilor.<\/p>\n<p>Exist\u00e3 mul\u0163i iubitori ai lumii acvatice, fie ei oameni de \u015ftiin\u0163\u00e3, scufund\u00e3tori, pescari, marinari sau simpli aventurieri, fiecare dintre ei \u00eencerc\u00e2nd prin modul s\u00e3u de ac\u0163iune s\u00e3 \u00ee\u015fi apropie aceast\u00e3 lume s\u00e3lbatic\u00e3 \u015fi surprinz\u00e3toare, dar care s-a dovedit totodat\u00e3 darnic\u00e3 \u015fi deosebit de frumoas\u00e3.<\/p>\n<p><strong>Romfilatelia<\/strong> abordeaz\u00e3 constant aceast\u00e3 tematic\u00e3, anul acesta introduc\u00e2nd \u00een circula\u0163ie emisiunea de m\u00e3rci po\u015ftale <strong><em>\u201ePe\u015fti\u201c<\/em><\/strong>, dezv\u00e3luind astfel o mic\u00e3 parte a acestui univers mirific.<\/p>\n<p><strong>Pe\u015ftele molly <em>(Poecilia sphenops)<\/em><\/strong>, ilustrat pe timbrul cu valoarea nominal\u00e3 de <strong>1,40 lei,<\/strong> provine din zona Americii Centrale, din apele pu\u0163in s\u00e3rate ale lacurilor, lagunelor \u015fi zonelor de coast\u00e3. Corpul s\u00e3u este turtit lateral, lung, cu un bot ascu\u0163it \u015fi coada \u00een form\u00e3 de evantai. Indivizii acestei specii au culori diferite \u015fi foarte variate, de la negru p\u00e2n\u00e3 la portocaliu sau albastru.<\/p>\n<p>Este un pe\u015fte rezistent la boli, relativ u\u015for de reprodus \u015fi de crescut \u00een captivitate, fiind recomandat \u00een special pentru acvariile cresc\u00e3torilor \u00eencep\u00e3tori.<\/p>\n<p><strong>Bibanul-soare <em>(Eupomotis gibbosus)<\/em><\/strong>, cunoscut \u015fi sub numele de <em>Sorel<\/em> sau <em>Regina b\u00e3l\u0163ii<\/em> este ilustrat pe timbrul cu valoarea nominal\u00e3 de <strong>3,00 lei<\/strong>. A fost adus \u00een Europa \u00een secolul al XIX-lea din zona Americii de Nord, ast\u00e3zi fiind r\u00e3sp\u00e2ndit \u015fi tr\u00e3ind liber \u00een toate apele dulci ale r\u00e2urilor \u015fi lacurilor din Rom\u00e2nia. Corpul s\u00e3u este oval, plat, frumos colorat \u00een nuan\u0163e de verde, albastru \u015fi brun.<\/p>\n<p>Timbrul cu valoarea nominal\u00e3 de <strong>3,10 lei<\/strong> ilustreaz\u00e3 <strong>Pe\u015ftele paradis <em>(Macropodus opercularis)<\/em><\/strong>, originar din apele dulci ale r\u00e2urilor \u015fi lacurilor din Asia, respectiv din zona Chinei, Coreei \u015fi Taiwanului. Are corpul oval iar \u00eenot\u00e3toarele sunt mari, cu v\u00e2rfurile foarte lungi.<\/p>\n<p>Se distinge \u00een r\u00e2ndul speciilor de pe\u015fti pentru acvarii datorit\u00e3 coloritului foarte frumos \u00een nuan\u0163e de ro\u015fu \u015fi portocaliu cu dungi verticale albastre \u015fi a siluetei alungite, elegante. De asemenea, este un pe\u015fte rezistent la boli \u015fi se adapteaz\u00e3 cu u\u015furin\u0163\u00e3 la condi\u0163iile de via\u0163\u00e3 din acvarii.<\/p>\n<p>Pe timbrul cu valoarea nominal\u00e3 de <strong>14,50 lei<\/strong> este ilustrat pe\u015ftele <strong>Gura de foc <em>(Thorichthys meeki)<\/em><\/strong>, o specie larg r\u00e3sp\u00e2ndit\u00e3 \u00een apele line \u015fi pu\u0163in ad\u00e2nci, \u00een izvoarele, b\u00e3l\u0163ile \u015fi chiar \u00een apele subterane din America Central\u00e3. Are un corp lung, \u00eenalt, turtit pe laterale, cu un cap mare \u015fi ascu\u0163it. Culoarea distinctiv\u00e3 este ro\u015ful deschis din zona pectoral\u00e3 \u015fi sub maxilar, ea determin\u00e2nd \u015fi numele pe care \u00eel poart\u00e3.<\/p>\n<p>Aceast\u00e3 specie este u\u015for de reprodus \u00een captivitate, fiind foarte des reg\u00e3sit\u00e3 \u00een r\u00e2ndul speciilor pentru acvarii dar exemplarele crescute \u00een libertate sunt mult mai intens \u015fi mai variat colorate.<\/p>\n<p>&nbsp;<\/p>\n<p><strong><em>Mul\u0163umim Muzeului Na\u0163ional de Istorie Natural\u00e3 \u201eGrigore Antipa\u201c pentru sprijinul documentar acordat la realizarea acestei emisiuni de m\u00e3rci po\u015ftale.<\/em><\/strong><\/p>\n<p>Data Aparitie:2012-06-15<\/p>\n<p><a href=\"https:\/\/romfilatelia.ro\/magazin\/wp-content\/uploads\/2012\/06\/pesti_box.jpg\"><img decoding=\"async\" loading=\"lazy\" class=\"wp-image-2003260 size-full aligncenter\" src=\"https:\/\/romfilatelia.ro\/magazin\/wp-content\/uploads\/2012\/06\/pesti_box.jpg\" alt=\"pesti_box\" width=\"750\" height=\"640\" srcset=\"https:\/\/romfilatelia.ro\/magazin\/wp-content\/uploads\/2012\/06\/pesti_box.jpg 750w, https:\/\/romfilatelia.ro\/magazin\/wp-content\/uploads\/2012\/06\/pesti_box-500x427.jpg 500w, https:\/\/romfilatelia.ro\/magazin\/wp-content\/uploads\/2012\/06\/pesti_box-64x55.jpg 64w, https:\/\/romfilatelia.ro\/magazin\/wp-content\/uploads\/2012\/06\/pesti_box-300x256.jpg 300w\" sizes=\"(max-width: 750px) 100vw, 750px\" \/><\/a><\/p>\n","protected":false},"excerpt":{"rendered":"<p>Mediul acvatic este un subiect care st\u00e2rne\u015fte \u015fi stimuleaz\u00e3 permanent curiozitatea \u015fi imagina\u0163ia, indiferent dac\u00e3 avem \u00een vedere o abordare \u015ftiin\u0163ific\u00e3, sportiv\u00e3 sau ca element natural original \u015fi decorativ. Este un mediu complex \u015fi relativ greu accesibil, \u00eenso\u0163it \u00eentotdeauna de o aur\u00e3 de mister \u015fi \u00eendemn spre aventur\u00e3, pun\u00e2nd deseori la \u00eencercare ambi\u0163ia oamenilor. Exist\u00e3&hellip;&nbsp;<a href=\"https:\/\/romfilatelia.ro\/magazin\/produs\/colectii-anuale\/2012\/peati\/\" class=\"\" rel=\"bookmark\">Cite\u0219te mai mult &raquo;<span class=\"screen-reader-text\">PE\u0218TI<\/span><\/a><\/p>\n","protected":false},"featured_media":2003258,"template":"","meta":{"neve_meta_sidebar":"","neve_meta_container":"","neve_meta_enable_content_width":"","neve_meta_content_width":0,"neve_meta_title_alignment":"","neve_meta_author_avatar":"","neve_post_elements_order":"","neve_meta_disable_header":"","neve_meta_disable_footer":"","neve_meta_disable_title":""},"product_cat":[106,6],"product_tag":[],"_links":{"self":[{"href":"https:\/\/romfilatelia.ro\/magazin\/wp-json\/wp\/v2\/product\/2001326"}],"collection":[{"href":"https:\/\/romfilatelia.ro\/magazin\/wp-json\/wp\/v2\/product"}],"about":[{"href":"https:\/\/romfilatelia.ro\/magazin\/wp-json\/wp\/v2\/types\/product"}],"wp:featuredmedia":[{"embeddable":true,"href":"https:\/\/romfilatelia.ro\/magazin\/wp-json\/wp\/v2\/media\/2003258"}],"wp:attachment":[{"href":"https:\/\/romfilatelia.ro\/magazin\/wp-json\/wp\/v2\/media?parent=2001326"}],"wp:term":[{"taxonomy":"product_cat","embeddable":true,"href":"https:\/\/romfilatelia.ro\/magazin\/wp-json\/wp\/v2\/product_cat?post=2001326"},{"taxonomy":"product_tag","embeddable":true,"href":"https:\/\/romfilatelia.ro\/magazin\/wp-json\/wp\/v2\/product_tag?post=2001326"}],"curies":[{"name":"wp","href":"https:\/\/api.w.org\/{rel}","templated":true}]}}