{"id":2001325,"date":"2012-06-01T08:25:08","date_gmt":"2012-06-01T08:25:08","guid":{"rendered":"http:\/\/romfilatelia.ro\/store\/2012\/06\/01\/ziua-internationala-a-copilului\/"},"modified":"2016-08-03T11:48:45","modified_gmt":"2016-08-03T11:48:45","slug":"ziua-internationala-a-copilului","status":"publish","type":"product","link":"https:\/\/romfilatelia.ro\/magazin\/produs\/colectii-anuale\/2012\/ziua-internationala-a-copilului\/","title":{"rendered":"ZIUA INTERNA\u021aIONAL\u00c3 A COPILULUI"},"content":{"rendered":"<p><img decoding=\"async\" loading=\"lazy\" class=\"alignleft wp-image-2003265 size-medium\" src=\"https:\/\/romfilatelia.ro\/magazin\/wp-content\/uploads\/2012\/05\/ziua_cop_M-293x300.jpg\" alt=\"image description\" width=\"293\" height=\"300\" srcset=\"https:\/\/romfilatelia.ro\/magazin\/wp-content\/uploads\/2012\/05\/ziua_cop_M-293x300.jpg 293w, https:\/\/romfilatelia.ro\/magazin\/wp-content\/uploads\/2012\/05\/ziua_cop_M-500x512.jpg 500w, https:\/\/romfilatelia.ro\/magazin\/wp-content\/uploads\/2012\/05\/ziua_cop_M-64x66.jpg 64w, https:\/\/romfilatelia.ro\/magazin\/wp-content\/uploads\/2012\/05\/ziua_cop_M-53x53.jpg 53w, https:\/\/romfilatelia.ro\/magazin\/wp-content\/uploads\/2012\/05\/ziua_cop_M.jpg 586w\" sizes=\"(max-width: 293px) 100vw, 293px\" \/><\/p>\n<p>Ziua Copilului a fost men\u0163ionat\u00e3 pentru prima oar\u00e3 la Geneva \u00een cadrul Conferin\u0163ei Mondiale pentru Protejarea \u015fi Bun\u00e3starea Copiilor, \u00een august 1925, la care 54 de reprezentan\u0163i din diferite \u0163\u00e3ri, au adoptat Declara\u0163ia pentru Protec\u0163ia Copilului. Dup\u00e3 aceast\u00e3 conferin\u0163\u00e3, multe guverne au declarat \u201eZiua Copilului\u201c ca zi de s\u00e3rb\u00e3toare.<\/p>\n<p>\u00cen anul 1954 Fondul Interna\u0163ional pentru Urgen\u0163e ale Copiilor al Na\u0163iunilor Unite (UNICEF) a emis o recomandare care prevedea faptul c\u00e3 fiecare stat s\u00e3 dispun\u00e3 de o zi la a\u015fa-numita \u201eZiua Copilului\u201c (Universal Children\u2019s Day).<\/p>\n<p>\u00cen China, SUA, Bulgaria, Germania, Polonia, Ziua Interna\u0163ional\u00e3 a Copilului se aniverseaz\u00e3 pe 1 Iunie, dar \u00een alte \u0163\u00e3ri, cum ar fi de pild\u00e3 Australia \u015fi Argentina, aceast\u00e3 zi se s\u00e3rb\u00e3tore\u015fte \u00een prima duminic\u00e3 a lunii iulie \u015fi respectiv \u00een a doua duminic\u00e3 a lunii august.<\/p>\n<p>\u00cen Rom\u00e2nia, Ziua Interna\u0163ional\u00e3 a Copilului se s\u00e3rb\u00e3tore\u015fte \u00een data de 1 Iunie, prilej cu care, anul acesta, <strong>Romfilatelia<\/strong> introduce \u00een circula\u0163ie emisiunea de m\u00e3rci po\u015ftale dedicat\u00e3 acestui eveniment.<\/p>\n<p>&nbsp;<\/p>\n<p><em>\u2026din g\u00e2ndurile unui copil inocent\u2026<\/em><\/p>\n<p><em>\u00a0<\/em><\/p>\n<p><em>Dac\u00e3 ar fi din nou 1 Iunie pentru mine, m-a\u015f bucura de via\u0163\u00e3, de z\u00e2mbetul copiilor din jurul meu, de r\u00e2setele \u015fi joaca lor din parc. Mi-e dor de g\u00e3letu\u015fele umplute cu nisip pentru a construi castele ori bizare forme de animale. M-a\u015f da din nou \u00een leag\u00e3ne \u015fi tobogane care alt\u00e3dat\u00e3 nici nu existau.<\/em><\/p>\n<p><em>A\u015f vrea ca din nou s\u00e3-mi \u0163in bunicii de m\u00e2n\u00e3 \u015fi s\u00e3 le ascult pove\u0163ele. M-a\u015f duce la gr\u00e3dini\u0163\u00e3 s\u00e3-mi fac prieteni \u015fi s\u00e3 ne juc\u00e3m cu be\u0163i\u015foare colorate, s\u00e3 fac castele din cuburi de lemn.<\/em><\/p>\n<p><em>Mi-ar pl\u00e3cea iar ca educatoarea s\u00e3 ne \u00eenve\u0163e s\u00e3 recit\u00e3m poezii, s\u00e3 c\u00e2nt\u00e3m sau s\u00e3 num\u00e3r\u00e3m.<\/em><\/p>\n<p><em>Mi-e dor s\u00e3 fac din nou boac\u00e3nele copil\u00e3riei, s\u00e3 zburd cu mingea, s\u00e3 m\u00e3 joc \u201eleap\u015fa\u201c ori \u201ede-a v-a\u0163i ascunselea\u201c.<\/em><\/p>\n<p><em>A\u015f vrea s\u00e3 fiu copilul cu mintea de acum. S\u00e3 schimb lumea, s\u00e3 o fac mai bun\u00e3 \u015fi s\u00e3 \u015ftie c\u00e3 z\u00e2mbetul nostru va fi de-a pururea cel mai curat din lume.<\/em><\/p>\n<p><em>Dac\u00e3 ar fi din nou 1 Iunie pentru mine, a\u015f vrea s\u00e3-i facem pe cei mari s\u00e3 renun\u0163e la r\u00e3utate, la dorin\u0163a de a aduce durere \u00een lume \u015fi de a ne d\u00e3rui o p\u00e3rticic\u00e3 din bun\u00e3starea lor, pentru a nu uita c\u00e3 noi suntem viitorul!<\/em><\/p>\n<p><em>Copilul t\u00e3u, copiii no\u015ftri, vor fi copiii care ne vor mul\u0163umi c\u00e3 i-am c\u00e3l\u00e3uzit prin via\u0163\u00e3 \u015fi le-am dat \u015fansa s\u00e3 devin\u00e3 la r\u00e2ndul lor p\u00e3rin\u0163i. <\/em><\/p>\n<p><em>\u0218i toate aceste g\u00e2nduri mi-au venit deoarece o clip\u00e3 am crezut c\u00e3 sunt copilul unui alt 1 Iunie&#8230;<\/em><\/p>\n<p><em>Dar 1 Iunie mai \u00eenseamn\u00e3 ceva, ceva ce nu trebuie uitat \u015fi anume c\u00e3 aceast\u00e3 zi ne poate reda speran\u0163a pentru un viitor mai bun, iar c\u00e3 z\u00e2mbetul unui copil poate schimba lumea!<\/em><\/p>\n<p>&nbsp;<\/p>\n<p>Ilustra\u0163ia timbrului este un memento al universului magic al copiilor, univers, care cu ocazia Zilei Interna\u0163ionale a Copilului se armonizeaz\u00e3 cu universul filatelic al timbrelor promov\u00e2nd valori precum miracolul na\u015fterii, dragostea, puritatea, inocen\u0163a \u015fi fericirea tuturor copiilor.<\/p>\n<p>Data Aparitie:2012-06-01<\/p>\n<p><a href=\"https:\/\/romfilatelia.ro\/magazin\/wp-content\/uploads\/2012\/05\/ziua_cop_box.jpg\"><img decoding=\"async\" loading=\"lazy\" class=\"wp-image-2003266 size-full aligncenter\" src=\"https:\/\/romfilatelia.ro\/magazin\/wp-content\/uploads\/2012\/05\/ziua_cop_box.jpg\" alt=\"ziua_cop_box\" width=\"750\" height=\"558\" srcset=\"https:\/\/romfilatelia.ro\/magazin\/wp-content\/uploads\/2012\/05\/ziua_cop_box.jpg 750w, https:\/\/romfilatelia.ro\/magazin\/wp-content\/uploads\/2012\/05\/ziua_cop_box-500x372.jpg 500w, https:\/\/romfilatelia.ro\/magazin\/wp-content\/uploads\/2012\/05\/ziua_cop_box-64x48.jpg 64w, https:\/\/romfilatelia.ro\/magazin\/wp-content\/uploads\/2012\/05\/ziua_cop_box-300x223.jpg 300w\" sizes=\"(max-width: 750px) 100vw, 750px\" \/><\/a><\/p>\n","protected":false},"excerpt":{"rendered":"<p>Ziua Copilului a fost men\u0163ionat\u00e3 pentru prima oar\u00e3 la Geneva \u00een cadrul Conferin\u0163ei Mondiale pentru Protejarea \u015fi Bun\u00e3starea Copiilor, \u00een august 1925, la care 54 de reprezentan\u0163i din diferite \u0163\u00e3ri, au adoptat Declara\u0163ia pentru Protec\u0163ia Copilului. Dup\u00e3 aceast\u00e3 conferin\u0163\u00e3, multe guverne au declarat \u201eZiua Copilului\u201c ca zi de s\u00e3rb\u00e3toare. \u00cen anul 1954 Fondul Interna\u0163ional pentru&hellip;&nbsp;<a href=\"https:\/\/romfilatelia.ro\/magazin\/produs\/colectii-anuale\/2012\/ziua-internationala-a-copilului\/\" class=\"\" rel=\"bookmark\">Cite\u0219te mai mult &raquo;<span class=\"screen-reader-text\">ZIUA INTERNA\u021aIONAL\u00c3 A COPILULUI<\/span><\/a><\/p>\n","protected":false},"featured_media":2003265,"template":"","meta":{"neve_meta_sidebar":"","neve_meta_container":"","neve_meta_enable_content_width":"","neve_meta_content_width":0,"neve_meta_title_alignment":"","neve_meta_author_avatar":"","neve_post_elements_order":"","neve_meta_disable_header":"","neve_meta_disable_footer":"","neve_meta_disable_title":""},"product_cat":[106,6],"product_tag":[],"_links":{"self":[{"href":"https:\/\/romfilatelia.ro\/magazin\/wp-json\/wp\/v2\/product\/2001325"}],"collection":[{"href":"https:\/\/romfilatelia.ro\/magazin\/wp-json\/wp\/v2\/product"}],"about":[{"href":"https:\/\/romfilatelia.ro\/magazin\/wp-json\/wp\/v2\/types\/product"}],"wp:featuredmedia":[{"embeddable":true,"href":"https:\/\/romfilatelia.ro\/magazin\/wp-json\/wp\/v2\/media\/2003265"}],"wp:attachment":[{"href":"https:\/\/romfilatelia.ro\/magazin\/wp-json\/wp\/v2\/media?parent=2001325"}],"wp:term":[{"taxonomy":"product_cat","embeddable":true,"href":"https:\/\/romfilatelia.ro\/magazin\/wp-json\/wp\/v2\/product_cat?post=2001325"},{"taxonomy":"product_tag","embeddable":true,"href":"https:\/\/romfilatelia.ro\/magazin\/wp-json\/wp\/v2\/product_tag?post=2001325"}],"curies":[{"name":"wp","href":"https:\/\/api.w.org\/{rel}","templated":true}]}}