{"id":2001319,"date":"2012-03-16T08:19:25","date_gmt":"2012-03-16T08:19:25","guid":{"rendered":"http:\/\/romfilatelia.ro\/store\/2012\/03\/16\/sfintele-paati-2012\/"},"modified":"2016-08-03T11:14:10","modified_gmt":"2016-08-03T11:14:10","slug":"sfintele-paati-2012","status":"publish","type":"product","link":"https:\/\/romfilatelia.ro\/magazin\/produs\/colectii-anuale\/2012\/sfintele-paati-2012\/","title":{"rendered":"SFINTELE PA\u0218TI 2012"},"content":{"rendered":"<p><a href=\"https:\/\/romfilatelia.ro\/magazin\/wp-content\/uploads\/2012\/03\/Paste_2012_M.jpg\"><img decoding=\"async\" loading=\"lazy\" class=\"size-medium wp-image-2003334 alignleft\" src=\"https:\/\/romfilatelia.ro\/magazin\/wp-content\/uploads\/2012\/03\/Paste_2012_M-222x300.jpg\" alt=\"Paste_2012_M\" width=\"222\" height=\"300\" srcset=\"https:\/\/romfilatelia.ro\/magazin\/wp-content\/uploads\/2012\/03\/Paste_2012_M-222x300.jpg 222w, https:\/\/romfilatelia.ro\/magazin\/wp-content\/uploads\/2012\/03\/Paste_2012_M-64x86.jpg 64w, https:\/\/romfilatelia.ro\/magazin\/wp-content\/uploads\/2012\/03\/Paste_2012_M-296x400.jpg 296w, https:\/\/romfilatelia.ro\/magazin\/wp-content\/uploads\/2012\/03\/Paste_2012_M.jpg 444w\" sizes=\"(max-width: 222px) 100vw, 222px\" \/><\/a> Cu ocazia S\u00e3rb\u00e3torilor Pascale, <strong>Romfilatelia<\/strong> introduce \u00een circula\u0163ie emisiunea de m\u00e3rci po\u015ftale <strong><em>SFINTELE PA\u0218TI 2012<\/em><\/strong>.<\/p>\n<p>\u00cenvierea Domnului, acest miracol ce \u00eenso\u0163e\u015fte de dou\u00e3 milenii tr\u00e3irea cre\u015ftin\u00e3, ne determin\u00e3 mereu s\u00e3 fim mai buni pentru a primi \u00een suflet, a\u015fa cum se cuvine, Lumina \u00cenvierii lui Hristos.<\/p>\n<p>Marca po\u015ftal\u00e3 a emisiunii filatelice reproduce o icoan\u00e3 realizat\u00e3 \u00een anul 1876, av\u00e2nd ca subiect \u00cenvierea lui Hristos, aflat\u00e3 \u00een patrimoniul Bisericii Sf\u00e2ntul Pantelimon din Bucure\u015fti.<\/p>\n<p>\u00cen urm\u00e3 cu 260 de ani, \u00een testamentul domnitorului Grigore Ghica, este men\u0163ionat\u00e3 pentru prima oar\u00e3, vechea biseric\u00e3 din lemn ce se afla pe locul actualei biserici Sf\u00e2ntul Pantelimon.<\/p>\n<p>\u00cen anul 1790, pe amplasamentul vechii biserici a fost zidit un nou l\u00e3ca\u015f de c\u00e3tre Ioan de la Silvestru, cel care a pictat icoana Maicii Domnului \u015fi a lui Iisus Hristos. Ctitorul l\u00e3ca\u015fului de cult a mai pictat \u015fi forma bisericii pe o cutie de lemn care con\u0163ine 11 iconi\u0163e praznicale.<\/p>\n<p>Avariat\u00e3 grav la cutremurul din 1838, dup\u00e3 aproape trei decenii, se ia hot\u00e3r\u00e2rea de a se construi biserica \u00een forma ei de ast\u00e3zi.<\/p>\n<p>\u00cen 1872 este pus\u00e3 piatra de temelie a actualei biserici, construit\u00e3 dup\u00e3 planurile arhitectului Nae Cucu \u015fi pictat\u00e3 de G. Stoenescu, un elev al lui Gh. Tattarescu.<\/p>\n<p>\u00cen 1876, biserica a fost finalizat\u00e3 \u00een forma actual\u00e3 de cruce, cu dou\u00e3 turle de lemn, cea din fa\u0163\u00e3 ad\u00e3postind clopotni\u0163a.<\/p>\n<p>At\u00e2t cutremurul din 1940 c\u00e2t \u015fi cel din 1977 au produs \u00eensemnate avarii bisericii, fiind necesar\u00e3 consolidarea ei. Aceast\u00e3 lucrare este finalizat\u00e3 \u00een 1979, men\u0163in\u00e2ndu-se aspectul ini\u0163ial, at\u00e2t \u00een exterior c\u00e2t \u015fi \u00een interior.<\/p>\n<p>Din anul 2008, biserica ad\u00e3poste\u015fte moa\u015ftele Sf\u00e2ntului Mare Mucenic \u015fi T\u00e3m\u00e3duitor Pantelimon, patronul medicilor \u015fi ocrotitorul bolnavilor. Un relicvariu de mare valoare, din patrimoniul bisericii p\u00e3streaz\u00e3 ve\u015fm\u00e2ntul Sfintei Cuvioase Parascheva.<\/p>\n<p>Pe 9 ianuarie 2012, una din turlele bisericii a fost cuprins\u00e3 de un incendiu devastator \u015fi se consider\u00e3 deja o minune faptul c\u00e3 at\u00e2t catapeteasma, aflat\u00e3 sub turl\u00e3, c\u00e2t \u015fi crucea de lemn de pe aceasta, care a c\u00e3zut \u015fi a fost scoas\u00e3 din resturile turlei pr\u00e3bu\u015fite \u00een biseric\u00e3, nu au fost deteriorate de fl\u00e3c\u00e3ri \u015fi de apa folosit\u00e3 la stingerea incendiului.<\/p>\n<p>\u00cen numai o s\u00e3pt\u00e3m\u00e2n\u00e3, biserica a fost ref\u00e3cut\u00e3, astfel c\u00e3 pe 15 ianuarie 2012 biserica a fost resfin\u0163it\u00e3 de Preafericitul P\u00e3rinte Daniel, Patriarhul Bisericii Ortodoxe Rom\u00e2ne care, \u00eempreun\u00e3 cu un sobor de preo\u0163i,a oficiat serviciul religios.<\/p>\n<p><strong><em>\u00a0\u00a0\u00a0\u00a0\u00a0\u00a0\u00a0\u00a0\u00a0 Aducem mul\u0163umirile noastre Preafericitului P\u00e3rinte Daniel, Patriarhul Bisericii Ortodoxe Rom\u00e2ne, Arhiepiscopiei Bucure\u015ftilor \u015fi Parohiei Sf\u00e2ntul Pantelimon &#8211; Foi\u015forul de Foc pentru sprijinul oferit la realizarea acestei emisiuni de m\u00e3rci po\u015ftale.<\/em><\/strong><\/p>\n<p>Data Aparitie:2012-03-16<\/p>\n<p><a href=\"https:\/\/romfilatelia.ro\/magazin\/wp-content\/uploads\/2012\/03\/Paste_2012_box.jpg\"><img decoding=\"async\" loading=\"lazy\" class=\"wp-image-2003335 size-full aligncenter\" src=\"https:\/\/romfilatelia.ro\/magazin\/wp-content\/uploads\/2012\/03\/Paste_2012_box.jpg\" alt=\"Paste_2012_box\" width=\"667\" height=\"750\" srcset=\"https:\/\/romfilatelia.ro\/magazin\/wp-content\/uploads\/2012\/03\/Paste_2012_box.jpg 667w, https:\/\/romfilatelia.ro\/magazin\/wp-content\/uploads\/2012\/03\/Paste_2012_box-500x562.jpg 500w, https:\/\/romfilatelia.ro\/magazin\/wp-content\/uploads\/2012\/03\/Paste_2012_box-64x72.jpg 64w, https:\/\/romfilatelia.ro\/magazin\/wp-content\/uploads\/2012\/03\/Paste_2012_box-267x300.jpg 267w\" sizes=\"(max-width: 667px) 100vw, 667px\" \/><\/a><\/p>\n","protected":false},"excerpt":{"rendered":"<p>Cu ocazia S\u00e3rb\u00e3torilor Pascale, Romfilatelia introduce \u00een circula\u0163ie emisiunea de m\u00e3rci po\u015ftale SFINTELE PA\u0218TI 2012. \u00cenvierea Domnului, acest miracol ce \u00eenso\u0163e\u015fte de dou\u00e3 milenii tr\u00e3irea cre\u015ftin\u00e3, ne determin\u00e3 mereu s\u00e3 fim mai buni pentru a primi \u00een suflet, a\u015fa cum se cuvine, Lumina \u00cenvierii lui Hristos. Marca po\u015ftal\u00e3 a emisiunii filatelice reproduce o icoan\u00e3 realizat\u00e3&hellip;&nbsp;<a href=\"https:\/\/romfilatelia.ro\/magazin\/produs\/colectii-anuale\/2012\/sfintele-paati-2012\/\" class=\"\" rel=\"bookmark\">Cite\u0219te mai mult &raquo;<span class=\"screen-reader-text\">SFINTELE PA\u0218TI 2012<\/span><\/a><\/p>\n","protected":false},"featured_media":2003334,"template":"","meta":{"neve_meta_sidebar":"","neve_meta_container":"","neve_meta_enable_content_width":"","neve_meta_content_width":0,"neve_meta_title_alignment":"","neve_meta_author_avatar":"","neve_post_elements_order":"","neve_meta_disable_header":"","neve_meta_disable_footer":"","neve_meta_disable_title":""},"product_cat":[106,6],"product_tag":[],"_links":{"self":[{"href":"https:\/\/romfilatelia.ro\/magazin\/wp-json\/wp\/v2\/product\/2001319"}],"collection":[{"href":"https:\/\/romfilatelia.ro\/magazin\/wp-json\/wp\/v2\/product"}],"about":[{"href":"https:\/\/romfilatelia.ro\/magazin\/wp-json\/wp\/v2\/types\/product"}],"wp:featuredmedia":[{"embeddable":true,"href":"https:\/\/romfilatelia.ro\/magazin\/wp-json\/wp\/v2\/media\/2003334"}],"wp:attachment":[{"href":"https:\/\/romfilatelia.ro\/magazin\/wp-json\/wp\/v2\/media?parent=2001319"}],"wp:term":[{"taxonomy":"product_cat","embeddable":true,"href":"https:\/\/romfilatelia.ro\/magazin\/wp-json\/wp\/v2\/product_cat?post=2001319"},{"taxonomy":"product_tag","embeddable":true,"href":"https:\/\/romfilatelia.ro\/magazin\/wp-json\/wp\/v2\/product_tag?post=2001319"}],"curies":[{"name":"wp","href":"https:\/\/api.w.org\/{rel}","templated":true}]}}