{"id":2001317,"date":"2012-02-10T08:17:23","date_gmt":"2012-02-10T08:17:23","guid":{"rendered":"http:\/\/romfilatelia.ro\/store\/2012\/02\/10\/portretele-bancnotelor\/"},"modified":"2016-08-03T10:37:42","modified_gmt":"2016-08-03T10:37:42","slug":"portretele-bancnotelor","status":"publish","type":"product","link":"https:\/\/romfilatelia.ro\/magazin\/produs\/colectii-anuale\/2012\/portretele-bancnotelor\/","title":{"rendered":"PORTRETELE BANCNOTELOR"},"content":{"rendered":"<p><a href=\"https:\/\/romfilatelia.ro\/magazin\/wp-content\/uploads\/2012\/02\/bancnot_M.jpg\"><img decoding=\"async\" loading=\"lazy\" class=\"size-medium wp-image-2003352 alignleft\" src=\"https:\/\/romfilatelia.ro\/magazin\/wp-content\/uploads\/2012\/02\/bancnot_M-298x300.jpg\" alt=\"bancnot_M\" width=\"298\" height=\"300\" srcset=\"https:\/\/romfilatelia.ro\/magazin\/wp-content\/uploads\/2012\/02\/bancnot_M-298x300.jpg 298w, https:\/\/romfilatelia.ro\/magazin\/wp-content\/uploads\/2012\/02\/bancnot_M-100x100.jpg 100w, https:\/\/romfilatelia.ro\/magazin\/wp-content\/uploads\/2012\/02\/bancnot_M-500x503.jpg 500w, https:\/\/romfilatelia.ro\/magazin\/wp-content\/uploads\/2012\/02\/bancnot_M-64x64.jpg 64w, https:\/\/romfilatelia.ro\/magazin\/wp-content\/uploads\/2012\/02\/bancnot_M-150x150.jpg 150w, https:\/\/romfilatelia.ro\/magazin\/wp-content\/uploads\/2012\/02\/bancnot_M-53x53.jpg 53w, https:\/\/romfilatelia.ro\/magazin\/wp-content\/uploads\/2012\/02\/bancnot_M-85x85.jpg 85w, https:\/\/romfilatelia.ro\/magazin\/wp-content\/uploads\/2012\/02\/bancnot_M.jpg 596w\" sizes=\"(max-width: 298px) 100vw, 298px\" \/><\/a><\/p>\n<p>Bancnota este un cunoscut mijloc de plat\u00e3 din h\u00e2rtie tip\u00e3rit\u00e3, emis\u00e3 de o banc\u00e3. \u00cencep\u00e2nd cu secolul al XIX-lea, bancnotele au fost tip\u00e3rite pe h\u00e2rtie fin\u00e3 multistrat, rezistent\u00e3 la m\u00e2nuire, purt\u00e3toarea unei imagini filigranate ca mijloc de protec\u0163ie \u00eempotriva falsific\u00e3rii.<\/p>\n<p>Dup\u00e3 anul 1980, multe \u0163\u00e3ri au adoptat bancnotele din polimeri (polipropilen\u00e3). \u00cen anul 2008 doar cinci \u0163\u00e3ri aveau \u00een circula\u0163ie astfel de bancnote: Australia, Noua Zeeland\u00e3, Brunei, Rom\u00e2nia \u015fi Vietnam.<\/p>\n<p>Prima bancnot\u00e3 din polimeri emis\u00e3 de Rom\u00e2nia (Banca Na\u0163ional\u00e3) a fost cea de 2.000 lei din 1999, lansat\u00e3 cu ocazia eclipsei totale de soare din 11 august, \u0163ara noastr\u00e3 fiind prima din Europa care a pus \u00een circula\u0163ie o astfel de bancnot\u00e3.<\/p>\n<p>Ast\u00e3zi, toate bancnotele rom\u00e2ne\u015fti aflate \u00een circula\u0163ie sunt realizate din polimeri, iar pe fiecare bancnot\u00e3 este reprodus portretul unui reprezentant de seam\u00e3 al culturii na\u0163ionale.<\/p>\n<p>Pentru o mai bun\u00e3 cunoa\u015ftere \u015fi promovare a culturii \u015fi personalit\u00e3\u0163ilor rom\u00e2ne\u015fti, <strong>Romfilatelia<\/strong> introduce \u00een circula\u0163ie o emisiune de m\u00e3rci po\u015ftale av\u00e2nd ca tem\u00e3 <strong><em>\u201ePortretele bancnotelor\u201c<\/em><\/strong>.<\/p>\n<p>Pe timbrul cu valoarea nominal\u00e3 de <strong>0,80 lei<\/strong> este reprodus portretul lui <strong>Nicolae Iorga<\/strong> (1871-1940), un reputat istoric, critic literar, dramaturg, poet, enciclopedist, memorialist, ministru, profesor \u015fi academician rom\u00e2n (<strong>bancnota de 1 leu<\/strong>).<\/p>\n<p>Pe timbrul cu valoarea nominal\u00e3 de <strong>1,40 lei<\/strong> este reprodus portretul lui <strong>George Enescu<\/strong> (1881-1955), compozitor de renume mondial, violonist, pianist \u015fi dirijor, considerat cel mai important muzician rom\u00e2n (<strong>bancnota de 5 lei<\/strong>).<\/p>\n<p>Pe timbrul cu valoarea nominal\u00e3 de <strong>2,10 lei<\/strong> este reprodus portretul lui <strong>Nicolae Grigorescu<\/strong> (1838-1907), fondatorul picturii rom\u00e2ne moderne, care, \u00een 1899, a primit titlul de membru al Academiei Rom\u00e2ne (<strong>bancnota de 10 lei<\/strong>).<\/p>\n<p>Pe timbrul cu valoarea nominal\u00e3 de <strong>2,40 lei<\/strong> este reprodus portretul lui <strong>Aurel Vlaicu<\/strong> (1882-1913), pionierul avia\u0163iei rom\u00e2ne \u015fi mondiale, constructor de aparate de zbor \u015fi pilot (<strong>bancnota de 50 lei<\/strong>).<\/p>\n<p>Pe timbrul cu valoarea nominal\u00e3 de <strong>3,00 lei<\/strong> este reprodus portretul lui <strong>Ion Luca Caragiale<\/strong> (1852-1912). Descendent al unei familii de actori, este recunoscut a fi cel mai mare dramaturg rom\u00e2n. Opera sa r\u00e3m\u00e2ne celebr\u00e3 prin comediile sale, de actualitate \u015fi \u00een prezent (<strong>bancnota de 100 lei<\/strong>).<\/p>\n<p>Pe timbrul cu valorea nominal\u00e3 de <strong>3,10 lei<\/strong> este reprodus portretul lui <strong>Lucian Blaga<\/strong> (1895-1961), filozof, poet, dramaturg, traduc\u00e3tor, jurnalist, profesor universitar \u015fi diplomat rom\u00e2n (<strong>bancnota de 200 lei<\/strong>).<\/p>\n<p>Pe timbrul cu valoarea nominal\u00e3 de <strong>6,00 lei<\/strong> este reprodus portretul lui <strong>Mihai Eminescu<\/strong> (1850-1889), unanim recunoscut ca fiind cel mai mare poet al rom\u00e2nilor (<strong>bancnota de 500 lei<\/strong>)<\/p>\n<p>&nbsp;<\/p>\n<p><strong><em>\u00a0\u00a0\u00a0\u00a0\u00a0 \u00a0\u00a0\u00a0\u00a0Aducem mul\u0163umiri B\u00e3ncii Na\u0163ionale a Rom\u00e2niei pentru sprijinul acordat la realizarea acestei emisiuni de m\u00e3rci po\u015ftale.<\/em><\/strong><\/p>\n<p>Data Aparitie:2012-02-10<\/p>\n<p><a href=\"https:\/\/romfilatelia.ro\/magazin\/wp-content\/uploads\/2012\/02\/bancnot_box.jpg\"><img decoding=\"async\" loading=\"lazy\" class=\"wp-image-2003351 size-full aligncenter\" src=\"https:\/\/romfilatelia.ro\/magazin\/wp-content\/uploads\/2012\/02\/bancnot_box.jpg\" alt=\"bancnot_box\" width=\"688\" height=\"750\" srcset=\"https:\/\/romfilatelia.ro\/magazin\/wp-content\/uploads\/2012\/02\/bancnot_box.jpg 688w, https:\/\/romfilatelia.ro\/magazin\/wp-content\/uploads\/2012\/02\/bancnot_box-500x545.jpg 500w, https:\/\/romfilatelia.ro\/magazin\/wp-content\/uploads\/2012\/02\/bancnot_box-64x70.jpg 64w, https:\/\/romfilatelia.ro\/magazin\/wp-content\/uploads\/2012\/02\/bancnot_box-275x300.jpg 275w\" sizes=\"(max-width: 688px) 100vw, 688px\" \/><\/a><\/p>\n","protected":false},"excerpt":{"rendered":"<p>Bancnota este un cunoscut mijloc de plat\u00e3 din h\u00e2rtie tip\u00e3rit\u00e3, emis\u00e3 de o banc\u00e3. \u00cencep\u00e2nd cu secolul al XIX-lea, bancnotele au fost tip\u00e3rite pe h\u00e2rtie fin\u00e3 multistrat, rezistent\u00e3 la m\u00e2nuire, purt\u00e3toarea unei imagini filigranate ca mijloc de protec\u0163ie \u00eempotriva falsific\u00e3rii. Dup\u00e3 anul 1980, multe \u0163\u00e3ri au adoptat bancnotele din polimeri (polipropilen\u00e3). \u00cen anul 2008 doar&hellip;&nbsp;<a href=\"https:\/\/romfilatelia.ro\/magazin\/produs\/colectii-anuale\/2012\/portretele-bancnotelor\/\" class=\"\" rel=\"bookmark\">Cite\u0219te mai mult &raquo;<span class=\"screen-reader-text\">PORTRETELE BANCNOTELOR<\/span><\/a><\/p>\n","protected":false},"featured_media":2003352,"template":"","meta":{"neve_meta_sidebar":"","neve_meta_container":"","neve_meta_enable_content_width":"","neve_meta_content_width":0,"neve_meta_title_alignment":"","neve_meta_author_avatar":"","neve_post_elements_order":"","neve_meta_disable_header":"","neve_meta_disable_footer":"","neve_meta_disable_title":""},"product_cat":[106,6],"product_tag":[],"_links":{"self":[{"href":"https:\/\/romfilatelia.ro\/magazin\/wp-json\/wp\/v2\/product\/2001317"}],"collection":[{"href":"https:\/\/romfilatelia.ro\/magazin\/wp-json\/wp\/v2\/product"}],"about":[{"href":"https:\/\/romfilatelia.ro\/magazin\/wp-json\/wp\/v2\/types\/product"}],"wp:featuredmedia":[{"embeddable":true,"href":"https:\/\/romfilatelia.ro\/magazin\/wp-json\/wp\/v2\/media\/2003352"}],"wp:attachment":[{"href":"https:\/\/romfilatelia.ro\/magazin\/wp-json\/wp\/v2\/media?parent=2001317"}],"wp:term":[{"taxonomy":"product_cat","embeddable":true,"href":"https:\/\/romfilatelia.ro\/magazin\/wp-json\/wp\/v2\/product_cat?post=2001317"},{"taxonomy":"product_tag","embeddable":true,"href":"https:\/\/romfilatelia.ro\/magazin\/wp-json\/wp\/v2\/product_tag?post=2001317"}],"curies":[{"name":"wp","href":"https:\/\/api.w.org\/{rel}","templated":true}]}}