{"id":2001314,"date":"2012-01-19T08:13:20","date_gmt":"2012-01-19T08:13:20","guid":{"rendered":"http:\/\/romfilatelia.ro\/store\/2012\/01\/19\/flora-romaniei-ii-florile-faunei\/"},"modified":"2016-08-03T10:03:42","modified_gmt":"2016-08-03T10:03:42","slug":"flora-romaniei-ii-florile-faunei","status":"publish","type":"product","link":"https:\/\/romfilatelia.ro\/magazin\/produs\/colectii-anuale\/2012\/flora-romaniei-ii-florile-faunei\/","title":{"rendered":"FLORA ROM\u00c2NIEI (II) &#8211; \u201eFlorile faunei\u201c"},"content":{"rendered":"<p><a href=\"https:\/\/romfilatelia.ro\/magazin\/wp-content\/uploads\/2012\/01\/flora_2_M-Copy.jpg\"><img decoding=\"async\" loading=\"lazy\" class=\"size-medium wp-image-2003379 alignleft\" src=\"https:\/\/romfilatelia.ro\/magazin\/wp-content\/uploads\/2012\/01\/flora_2_M-Copy-300x238.jpg\" alt=\"flora_2_M - Copy\" width=\"300\" height=\"238\" srcset=\"https:\/\/romfilatelia.ro\/magazin\/wp-content\/uploads\/2012\/01\/flora_2_M-Copy-300x238.jpg 300w, https:\/\/romfilatelia.ro\/magazin\/wp-content\/uploads\/2012\/01\/flora_2_M-Copy-500x397.jpg 500w, https:\/\/romfilatelia.ro\/magazin\/wp-content\/uploads\/2012\/01\/flora_2_M-Copy-64x51.jpg 64w, https:\/\/romfilatelia.ro\/magazin\/wp-content\/uploads\/2012\/01\/flora_2_M-Copy.jpg 600w\" sizes=\"(max-width: 300px) 100vw, 300px\" \/><\/a> <strong><em>.<\/em><\/strong><\/p>\n<p>Emisiunea de m\u00e3rci po\u015ftale <strong><em>\u201eFlora Rom\u00e2niei II\u201c<\/em><\/strong> completeaz\u00e3 proiectul dezvoltat de <strong>Romfilatelia<\/strong> pe o tematic\u00e3 ilustrativ\u00e3 inedit\u00e3. Originalitatea acestui proiect const\u00e3 \u00een asocierea imaginii florii cu cea a viet\u00e3\u0163ii dup\u00e3 a c\u00e3rei asem\u00e3nare planta \u015fi-a primit denumirea popular\u00e3.<\/p>\n<p>Pe timbrul cu valoarea nominal\u00e3 de <strong>50 bani<\/strong> este ilustrat <strong>Ochiul \u015farpelui<\/strong> (<em>Eritrichium nanum<\/em> (L.) Schrad. ex Gaudin \u2013 familia Boraginaceae). Este o plant\u00e3 erbacee cufrunze mici de p\u00e2n\u00e3 la 4,5 mm l\u00e3\u0163ime, acoperite cu peri albi m\u00e3t\u00e3so\u015fi. Are florile albastre, mai rar albe \u015fi pl\u00e3cut mirositoare.<\/p>\n<p>Pe timbrul cu valoarea nominal\u00e3 de <strong>60 bani<\/strong> este ilustrat <strong>Mo\u0163ul curcanului<\/strong> (<em>Amaranthus caudatus<\/em> L. \u2013 familia Amaranthaceae), plant\u00e3 anual\u00e3 care poate ajunge la o \u00een\u00e3l\u0163ime de 2 m. Planta are perioada de \u00eenflorire \u00eentre lunile iulie \u015fi octombrie. La \u00eenceput inflorescen\u0163ele sunt lungi \u015fi sub\u0163iri, dar pe m\u00e3sur\u00e3 ce trece vara, ele devin groase \u015fi au culoarea ro\u015fie. Specia este de origine sud-american\u00e3, fiind cultivat\u00e3 \u00een Rom\u00e2nia \u00een scop ornamental.<\/p>\n<p>Pe timbrul cu valoarea nominal\u00e3 de <strong>1,60 lei<\/strong> este ilustrat\u00e3 <strong>Limba mielului<\/strong> (<em>Borago officinalis<\/em> L. \u2013 familia Boraginaceae), o plant\u00e3 anual\u00e3, cu o tulpin\u00e3 \u00eenalt\u00e3, groas\u00e3, ramificat\u00e3 \u015fi acoperit\u00e3 cu peri\u015fori. Poate ajunge la o \u00een\u00e3l\u0163ime de 30-60 cm. Arefrunze cu margini \u00eentregi sau pu\u0163in denticulate. Corola este stelat\u00e3, la \u00eenceput de culoare ro\u015fie, apoi devine albastr\u00e3. Limba mielului este o plant\u00e3 melifer\u00e3, de origine mediteranean\u00e3, cultivat\u00e3 \u015fi s\u00e3lb\u00e3ticit\u00e3 \u00een Rom\u00e2nia. Planta este utilizat\u00e3 \u00een medicina uman\u00e3 \u015fi veterinar\u00e3.<\/p>\n<p>Pe timbrul cu valoarea nominal\u00e3 de <strong>2,00 lei<\/strong> este ilustrat\u00e3 <strong>Coada racului<\/strong> (<em>Potentilla anserina<\/em> L. \u2013 familia Rosaceae), o plant\u00e3 erbacee, av\u00e2nd o \u00een\u00e3l\u0163ime de 15-50 cm. Are florile de culoare galben\u00e3. O \u00eent\u00e2lnim de la zona de c\u00e2mpie \u015fi p\u00e2n\u00e3 la \u00een\u00e3l\u0163imi de 1.300-1.500 m, \u00een paji\u015fti umede adesea ruderalizate, dar \u015fi pe malurile lacurilor \u015fi r\u00e2urilor. \u00cenflore\u015fte din luna mai \u015fi p\u00e2n\u00e3 \u00een august. Planta este utilizat\u00e3 \u00een medicina uman\u00e3 \u015fi veterinar\u00e3.<\/p>\n<p>&nbsp;<\/p>\n<p><strong><em>\u00a0\u00a0\u00a0\u00a0\u00a0\u00a0\u00a0\u00a0\u00a0 Aducem mul\u0163umiri Institutului de Biologie al Academiei Rom\u00e2ne (domnului dr. Sorin \u0218tef\u00e3nu\u0163, \u015fef al Departamentului de Ecologie, Taxonomie \u015fi Conservarea Naturii) pentru consultan\u0163a documentar\u00e3 acordat\u00e3 la realizarea acestei emisiuni de m\u00e3rci po\u015ftale.<\/em><\/strong><\/p>\n<p>Data Aparitie:2012-01-19<\/p>\n<p><a href=\"https:\/\/romfilatelia.ro\/magazin\/wp-content\/uploads\/2012\/01\/flora_2_box.jpg\"><img decoding=\"async\" loading=\"lazy\" class=\"wp-image-2003380 size-full aligncenter\" src=\"https:\/\/romfilatelia.ro\/magazin\/wp-content\/uploads\/2012\/01\/flora_2_box.jpg\" alt=\"flora_2_box\" width=\"750\" height=\"724\" srcset=\"https:\/\/romfilatelia.ro\/magazin\/wp-content\/uploads\/2012\/01\/flora_2_box.jpg 750w, https:\/\/romfilatelia.ro\/magazin\/wp-content\/uploads\/2012\/01\/flora_2_box-500x483.jpg 500w, https:\/\/romfilatelia.ro\/magazin\/wp-content\/uploads\/2012\/01\/flora_2_box-64x62.jpg 64w, https:\/\/romfilatelia.ro\/magazin\/wp-content\/uploads\/2012\/01\/flora_2_box-300x290.jpg 300w\" sizes=\"(max-width: 750px) 100vw, 750px\" \/><\/a><\/p>\n","protected":false},"excerpt":{"rendered":"<p>. Emisiunea de m\u00e3rci po\u015ftale \u201eFlora Rom\u00e2niei II\u201c completeaz\u00e3 proiectul dezvoltat de Romfilatelia pe o tematic\u00e3 ilustrativ\u00e3 inedit\u00e3. Originalitatea acestui proiect const\u00e3 \u00een asocierea imaginii florii cu cea a viet\u00e3\u0163ii dup\u00e3 a c\u00e3rei asem\u00e3nare planta \u015fi-a primit denumirea popular\u00e3. Pe timbrul cu valoarea nominal\u00e3 de 50 bani este ilustrat Ochiul \u015farpelui (Eritrichium nanum (L.) Schrad.&hellip;&nbsp;<a href=\"https:\/\/romfilatelia.ro\/magazin\/produs\/colectii-anuale\/2012\/flora-romaniei-ii-florile-faunei\/\" class=\"\" rel=\"bookmark\">Cite\u0219te mai mult &raquo;<span class=\"screen-reader-text\">FLORA ROM\u00c2NIEI (II) &#8211; \u201eFlorile faunei\u201c<\/span><\/a><\/p>\n","protected":false},"featured_media":2003379,"template":"","meta":{"neve_meta_sidebar":"","neve_meta_container":"","neve_meta_enable_content_width":"","neve_meta_content_width":0,"neve_meta_title_alignment":"","neve_meta_author_avatar":"","neve_post_elements_order":"","neve_meta_disable_header":"","neve_meta_disable_footer":"","neve_meta_disable_title":""},"product_cat":[106,6],"product_tag":[],"_links":{"self":[{"href":"https:\/\/romfilatelia.ro\/magazin\/wp-json\/wp\/v2\/product\/2001314"}],"collection":[{"href":"https:\/\/romfilatelia.ro\/magazin\/wp-json\/wp\/v2\/product"}],"about":[{"href":"https:\/\/romfilatelia.ro\/magazin\/wp-json\/wp\/v2\/types\/product"}],"wp:featuredmedia":[{"embeddable":true,"href":"https:\/\/romfilatelia.ro\/magazin\/wp-json\/wp\/v2\/media\/2003379"}],"wp:attachment":[{"href":"https:\/\/romfilatelia.ro\/magazin\/wp-json\/wp\/v2\/media?parent=2001314"}],"wp:term":[{"taxonomy":"product_cat","embeddable":true,"href":"https:\/\/romfilatelia.ro\/magazin\/wp-json\/wp\/v2\/product_cat?post=2001314"},{"taxonomy":"product_tag","embeddable":true,"href":"https:\/\/romfilatelia.ro\/magazin\/wp-json\/wp\/v2\/product_tag?post=2001314"}],"curies":[{"name":"wp","href":"https:\/\/api.w.org\/{rel}","templated":true}]}}