{"id":2001313,"date":"2012-01-17T08:13:19","date_gmt":"2012-01-17T08:13:19","guid":{"rendered":"http:\/\/romfilatelia.ro\/store\/2012\/01\/17\/flora-romaniei-i-florile-faunei\/"},"modified":"2016-08-03T09:54:12","modified_gmt":"2016-08-03T09:54:12","slug":"flora-romaniei-i-florile-faunei","status":"publish","type":"product","link":"https:\/\/romfilatelia.ro\/magazin\/produs\/colectii-anuale\/2012\/flora-romaniei-i-florile-faunei\/","title":{"rendered":"FLORA ROM\u00c2NIEI (I) &#8211; \u201eFlorile faunei\u201c"},"content":{"rendered":"<p><a href=\"https:\/\/romfilatelia.ro\/magazin\/wp-content\/uploads\/2012\/01\/flora_1_M.jpg\"><img decoding=\"async\" loading=\"lazy\" class=\"size-medium wp-image-2003374 alignleft\" src=\"https:\/\/romfilatelia.ro\/magazin\/wp-content\/uploads\/2012\/01\/flora_1_M-300x160.jpg\" alt=\"flora_1_M\" width=\"300\" height=\"160\" srcset=\"https:\/\/romfilatelia.ro\/magazin\/wp-content\/uploads\/2012\/01\/flora_1_M-300x160.jpg 300w, https:\/\/romfilatelia.ro\/magazin\/wp-content\/uploads\/2012\/01\/flora_1_M-500x266.jpg 500w, https:\/\/romfilatelia.ro\/magazin\/wp-content\/uploads\/2012\/01\/flora_1_M-64x34.jpg 64w, https:\/\/romfilatelia.ro\/magazin\/wp-content\/uploads\/2012\/01\/flora_1_M.jpg 600w\" sizes=\"(max-width: 300px) 100vw, 300px\" \/><\/a> Flora, tem\u00e3 \u00eendr\u00e3git\u00e3 de pasiona\u0163ii filateliei, este abordat\u00e3 de <strong>Romfilatelia<\/strong> \u00een emisiunea de m\u00e3rci po\u015ftale, <strong><em>Flora Rom\u00e2niei (I)<\/em><\/strong>, pe care o introduce \u00een circula\u0163ie, \u00eentr-o nou\u00e3 manier\u00e3 ilustrativ\u00e3, al\u00e3tur\u00e2nd imaginii florii \u015fi denumirea vie\u0163uitoarelor de la care vine numele popular al acesteia.<\/p>\n<p>Pe timbrul cu valoarea nominal\u00e3 de <strong>1,00 lei<\/strong> este ilustrat\u00e3 <strong>Mierea ursului<\/strong> (<em>Pulmonaria officinalis<\/em> L. \u2013 familia Boraginaceae). Este o plant\u00e3 peren\u00e3, r\u00e3sp\u00e2ndit\u00e3 \u00een p\u00e3durile de foioase, f\u00e2ne\u0163e \u015fi margini de p\u00e3duri din\u0163ara noastr\u00e3. Tulpina este \u00eenalt\u00e3 de 10 &#8211; 30 cm, frunzele tulpinale mijlocii sunt alungit &#8211; ovate p\u00e2n\u00e3 la eliptice. La \u00eenceput, florile sunt de culoare ro\u015fie, trec\u00e2nd apoi spre violet-albastru. Planta \u00eenflore\u015fte din luna martie p\u00e2n\u00e3 \u00een luna mai.<\/p>\n<p>Pe timbrul cu valoarea nominal\u00e3 de <strong>1,20 lei<\/strong> este ilustrat <strong>Piciorul coco\u015fului<\/strong> (<em>Ranunculus repens<\/em> L. \u2013 familia Ranunculaceae), o plant\u00e3 peren\u00e3, foarte comun\u00e3 \u00een zonele umede din paji\u015ftile montane, \u00een zone ml\u00e3\u015ftinoase sau pe malurile apelor. R\u00e3d\u00e3cina este ramificat\u00e3 \u015fi groas\u00e3, sem\u00e3n\u00e2nd cu gheara de coco\u015f. Planta are o tulpin\u00e3 \u00eenalt\u00e3 de 30 &#8211; 60 cm, \u00eenflore\u015fte din mai \u015fi p\u00e2n\u00e3 \u00een august, iar florile sunt galbene. Ea este cunoscut\u00e3 \u015fi sub denumirea de <em>\u201eFloare de leac\u201c<\/em>, fiind folosit\u00e3 \u00een medicina uman\u00e3 \u015fi veterinar\u00e3.<\/p>\n<p>Pe timbrul cu valoarea nominal\u00e3 de <strong>3,30 lei<\/strong>, este ilustrat\u00e3 <strong>Gura leului<\/strong> (<em>Antirrhinum majus<\/em> L. \u2013 familia Scrophulariaceae), o plant\u00e3 cu flori de diferite culori (alb, roz, galben, portocaliu, ro\u015fu sau vi\u015finiu). Numele acestei plante perene vine de la asem\u00e3narea florii cu o gur\u00e3 de leu care, prin ap\u00e3sare lateral\u00e3, se deschide exact ca o gur\u00e3. Ea provine din zona mediteranean\u00e3 \u015fi \u00eenflore\u015fte din iunie p\u00e2n\u00e3 \u00een august. Specia este cultivat\u00e3 \u00een Rom\u00e2nia.<\/p>\n<p>Pe timbrul cu valoarea nominal\u00e3 de <strong>3,60 lei<\/strong> este ilustrat <strong>M\u00e3cri\u015ful iepurelui<\/strong> (<em>Oxalis acetosella<\/em> L. \u2013 familia Oxalidaceae). Planta acoper\u00e3 solul din p\u00e3durile de foioase \u015fi conifere cu un covor de frunze verde deschis, pres\u00e3rat cu flori albe. Aceast\u00e3 plant\u00e3 are calit\u00e3\u0163i curative \u015fi este \u00eentrebuin\u0163at\u00e3 \u00een farmaceutic\u00e3 (stimulent al digestiei \u015fi efect vitaminizant).<\/p>\n<p>Pe timbrul cu valoarea nominal\u00e3 de <strong>4,70 lei<\/strong> este ilustrat <strong>Ochiul boului<\/strong> (<em>Callistephus chinensis<\/em> (L.) Nees \u2013 familia Asteraceae). Numele plantei provine de la cuvintele grece\u015fti <em>\u201ekal\u00f3s\u201c<\/em> (frumos) \u015fi <em>\u201est\u00e9phos\u201c<\/em> (cunun\u00e3). Este originar\u00e3 din India de Est, China \u015fi Japonia, foarte popular\u00e3 \u00een Rom\u00e2nia, fiind cultivat\u00e3 \u00een scop ornamental.<\/p>\n<p>Pe timbrul cu valoarea nominal\u00e3 de <strong>7,60 lei<\/strong> este ilustrat\u00e3 <strong>Rochi\u0163a r\u00e2ndunicii<\/strong> (<em>Convolvulus arvensis<\/em> L. \u2013 familia Convolvulaceae), o plant\u00e3 cosmopolit\u00e3. Fie c\u00e3 e c\u00e3\u0163\u00e3r\u00e3toare sau t\u00e2r\u00e2toare, lungimea ei poate ajunge la doi metri. Frunzele au pe\u0163iol, iar lamina este cordat\u00e3 sau hastat\u00e3. Florile, sub form\u00e3 de trompet\u00e3, au diametrul de 1 &#8211; 2,5 cm \u015fi culoarea alb\u00e3 sau roz pal.<\/p>\n<p>&nbsp;<\/p>\n<p><strong><em>\u00a0\u00a0\u00a0\u00a0\u00a0\u00a0\u00a0\u00a0\u00a0 Aducem mul\u0163umiri Institutului de Biologie al Academiei Rom\u00e2ne (domnului dr. Sorin \u0218tef\u00e3nu\u0163, \u015fef al Departamentului de Ecologie, Taxonomie \u015fi Conservarea Naturii) pentru consultan\u0163a documentar\u00e3 acordat\u00e3 la realizarea acestei emisiuni de m\u00e3rci po\u015ftale.<\/em><\/strong><\/p>\n<p>Data Aparitie:2012-01-17<\/p>\n<p><a href=\"https:\/\/romfilatelia.ro\/magazin\/wp-content\/uploads\/2012\/01\/flora_1_box.jpg\"><img decoding=\"async\" loading=\"lazy\" class=\"wp-image-2003375 size-full aligncenter\" src=\"https:\/\/romfilatelia.ro\/magazin\/wp-content\/uploads\/2012\/01\/flora_1_box.jpg\" alt=\"flora_1_box\" width=\"750\" height=\"653\" srcset=\"https:\/\/romfilatelia.ro\/magazin\/wp-content\/uploads\/2012\/01\/flora_1_box.jpg 750w, https:\/\/romfilatelia.ro\/magazin\/wp-content\/uploads\/2012\/01\/flora_1_box-500x435.jpg 500w, https:\/\/romfilatelia.ro\/magazin\/wp-content\/uploads\/2012\/01\/flora_1_box-64x56.jpg 64w, https:\/\/romfilatelia.ro\/magazin\/wp-content\/uploads\/2012\/01\/flora_1_box-300x261.jpg 300w\" sizes=\"(max-width: 750px) 100vw, 750px\" \/><\/a><\/p>\n","protected":false},"excerpt":{"rendered":"<p>Flora, tem\u00e3 \u00eendr\u00e3git\u00e3 de pasiona\u0163ii filateliei, este abordat\u00e3 de Romfilatelia \u00een emisiunea de m\u00e3rci po\u015ftale, Flora Rom\u00e2niei (I), pe care o introduce \u00een circula\u0163ie, \u00eentr-o nou\u00e3 manier\u00e3 ilustrativ\u00e3, al\u00e3tur\u00e2nd imaginii florii \u015fi denumirea vie\u0163uitoarelor de la care vine numele popular al acesteia. Pe timbrul cu valoarea nominal\u00e3 de 1,00 lei este ilustrat\u00e3 Mierea ursului (Pulmonaria&hellip;&nbsp;<a href=\"https:\/\/romfilatelia.ro\/magazin\/produs\/colectii-anuale\/2012\/flora-romaniei-i-florile-faunei\/\" class=\"\" rel=\"bookmark\">Cite\u0219te mai mult &raquo;<span class=\"screen-reader-text\">FLORA ROM\u00c2NIEI (I) &#8211; \u201eFlorile faunei\u201c<\/span><\/a><\/p>\n","protected":false},"featured_media":2003374,"template":"","meta":{"neve_meta_sidebar":"","neve_meta_container":"","neve_meta_enable_content_width":"","neve_meta_content_width":0,"neve_meta_title_alignment":"","neve_meta_author_avatar":"","neve_post_elements_order":"","neve_meta_disable_header":"","neve_meta_disable_footer":"","neve_meta_disable_title":""},"product_cat":[106,6],"product_tag":[],"_links":{"self":[{"href":"https:\/\/romfilatelia.ro\/magazin\/wp-json\/wp\/v2\/product\/2001313"}],"collection":[{"href":"https:\/\/romfilatelia.ro\/magazin\/wp-json\/wp\/v2\/product"}],"about":[{"href":"https:\/\/romfilatelia.ro\/magazin\/wp-json\/wp\/v2\/types\/product"}],"wp:featuredmedia":[{"embeddable":true,"href":"https:\/\/romfilatelia.ro\/magazin\/wp-json\/wp\/v2\/media\/2003374"}],"wp:attachment":[{"href":"https:\/\/romfilatelia.ro\/magazin\/wp-json\/wp\/v2\/media?parent=2001313"}],"wp:term":[{"taxonomy":"product_cat","embeddable":true,"href":"https:\/\/romfilatelia.ro\/magazin\/wp-json\/wp\/v2\/product_cat?post=2001313"},{"taxonomy":"product_tag","embeddable":true,"href":"https:\/\/romfilatelia.ro\/magazin\/wp-json\/wp\/v2\/product_tag?post=2001313"}],"curies":[{"name":"wp","href":"https:\/\/api.w.org\/{rel}","templated":true}]}}