{"id":2001312,"date":"2011-12-21T08:11:19","date_gmt":"2011-12-21T08:11:19","guid":{"rendered":"http:\/\/romfilatelia.ro\/store\/2011\/12\/21\/palatul-cotroceni-istorie-si-heraldica\/"},"modified":"2016-08-05T11:56:04","modified_gmt":"2016-08-05T11:56:04","slug":"palatul-cotroceni-istorie-si-heraldica","status":"publish","type":"product","link":"https:\/\/romfilatelia.ro\/magazin\/produs\/colectii-anuale\/2011\/palatul-cotroceni-istorie-si-heraldica\/","title":{"rendered":"PALATUL COTROCENI, Istorie \u015fi heraldic\u00e3"},"content":{"rendered":"<p><em><a href=\"https:\/\/romfilatelia.ro\/magazin\/wp-content\/uploads\/2011\/12\/cotroceni_M.jpg\"><img decoding=\"async\" loading=\"lazy\" class=\"alignleft wp-image-2003143 size-medium\" src=\"https:\/\/romfilatelia.ro\/magazin\/wp-content\/uploads\/2011\/12\/cotroceni_M-300x300.jpg\" alt=\"cotroceni_M\" width=\"300\" height=\"300\" srcset=\"https:\/\/romfilatelia.ro\/magazin\/wp-content\/uploads\/2011\/12\/cotroceni_M-300x300.jpg 300w, https:\/\/romfilatelia.ro\/magazin\/wp-content\/uploads\/2011\/12\/cotroceni_M-250x250.jpg 250w, https:\/\/romfilatelia.ro\/magazin\/wp-content\/uploads\/2011\/12\/cotroceni_M-100x100.jpg 100w, https:\/\/romfilatelia.ro\/magazin\/wp-content\/uploads\/2011\/12\/cotroceni_M-500x500.jpg 500w, https:\/\/romfilatelia.ro\/magazin\/wp-content\/uploads\/2011\/12\/cotroceni_M-64x64.jpg 64w, https:\/\/romfilatelia.ro\/magazin\/wp-content\/uploads\/2011\/12\/cotroceni_M-150x150.jpg 150w, https:\/\/romfilatelia.ro\/magazin\/wp-content\/uploads\/2011\/12\/cotroceni_M-53x53.jpg 53w, https:\/\/romfilatelia.ro\/magazin\/wp-content\/uploads\/2011\/12\/cotroceni_M-85x85.jpg 85w, https:\/\/romfilatelia.ro\/magazin\/wp-content\/uploads\/2011\/12\/cotroceni_M-570x570.jpg 570w, https:\/\/romfilatelia.ro\/magazin\/wp-content\/uploads\/2011\/12\/cotroceni_M-380x380.jpg 380w, https:\/\/romfilatelia.ro\/magazin\/wp-content\/uploads\/2011\/12\/cotroceni_M-285x285.jpg 285w, https:\/\/romfilatelia.ro\/magazin\/wp-content\/uploads\/2011\/12\/cotroceni_M.jpg 600w\" sizes=\"(max-width: 300px) 100vw, 300px\" \/><\/a> \u201eDac\u00e3 o fi vreodat\u00e3 s\u00e3 m\u00e3 goneasc\u00e3 din aceast\u00e3 \u0163ar\u00e3 care-mi este at\u00e2t de drag\u00e3, vreau s\u00e3 r\u00e3m\u00e2n\u00e3 c\u00e2te ceva frumos de pe urma mea.\u201c(Regina Maria) <\/em><\/p>\n<p><em>\u00a0<\/em><\/p>\n<p>Peste trei secole au trecut p\u00e2n\u00e3 c\u00e2nd Palatul Cotroceni \u015fi-a c\u00e3p\u00e3tat \u00eenf\u00e3\u0163i\u015farea actual\u00e3&#8230; Trei sute de ani de istorie zbuciumat\u00e3, timp \u00een care \u00eentre zidurile sale s-au perindat domnitorii \u021a\u00e3rii Rom\u00e2ne\u015fti, domnitorul Principatelor Unite, principi \u015fi regi ai Rom\u00e2niei.<\/p>\n<p>Istoria locului \u00eencepe \u00een anul 1679, c\u00e2nd domnitorul \u021a\u00e3rii Rom\u00e2ne\u015fti, \u0218erban Cantacuzino \u00eencepe s\u00e3 construiasc\u00e3 pe mo\u015fia Cotroceni, un ansamblu monahal \u015fi case domne\u015fti cu \u015faisprezece camere.<\/p>\n<p>\u00cen anul 1780, domnitorul Alexandru Ipsilanti adaug\u00e3 un foi\u015for \u00eenalt de 20 metri, iar \u00een anul 1852, domnitorul Barbu Dimitrie \u0218tirbei hot\u00e3r\u00e3\u015ftere facerea caselor domne\u015fti.<\/p>\n<p>Dup\u00e3 Unirea Principatelor Rom\u00e2ne, Alexandru Ioan Cuza cere s\u00e3 se dea o nou\u00e3 \u00eenf\u00e3\u0163i\u015fare \u00eentregului ansamblu construit pentru a putea fi folosit ca palat domnesc.<\/p>\n<p>Timp de peste dou\u00e3 decenii, aici va fi re\u015fedin\u0163a de var\u00e3 a lui Carol I, iar mai apoi, permanent\u00e3 a Principilor mo\u015ftenitori Ferdinand \u015fi Maria.<\/p>\n<p>\u00cen 1893 se hot\u00e3re\u015fte demolarea re\u015fedin\u0163ei \u015fi a foi\u015forului pentru a l\u00e3sa loc noului palat princiar, a c\u00e3rui construc\u0163ie \u2013 dup\u00e3 planurile arhitectului Paul Gottereau &#8211; va dura p\u00e2n\u00e3 \u00een 1895.<\/p>\n<p>Dup\u00e3 anul 1900, Palatul va fi mereu modificat \u015fi reamenajat dup\u00e3 gustul prin\u0163esei, viitoare Regin\u00e3 Maria, iubitoare a Art Nouveau-lui, stil ce va fi cerut arhitectului Karel Lieman \u015fi tradi\u0163iilor noii sale patrii. Stilul br\u00e2ncovenesc va \u00eembog\u00e3\u0163i zestrea decorativ\u00e3 a palatului datorit\u00e3 arhitectului Grigore Cerchez.<\/p>\n<p>Din 1949, Palatul Cotroceni va deveni Palatul Pionierilor, p\u00e2n\u00e3 \u00een anul 1976.<\/p>\n<p>Dup\u00e3 cutremurul din 1977, timp de zece ani, Palatul, va intra \u00een ample lucr\u00e3ri de restaurare, acestea fiind coordonate de arhitectul Niculae Vl\u00e3descu. Odat\u00e3 cu aceste lucr\u00e3ri, \u00eencepe \u015fi construirea aripii noi a Palatului Cotroceni.<\/p>\n<p>La construc\u0163ia corpului nou al Palatului au fost preluate elementele arhitecturale ale celorlalte corpuri vechi, apel\u00e2ndu-se \u00eens\u00e3, predominant,la mo\u015ftenirea provinciilor tradi\u0163ionale rom\u00e2ne\u015fti.<\/p>\n<p>\u00cen anul 1984 a fost demolat\u00e3 biserica ridicat\u00e3 de \u0218erban Cantacuzino, ast\u00e3zi ea fiind ref\u00e3cut\u00e3 \u00een \u00eentregime.<\/p>\n<p>Din 1989, Palatul Cotroceni g\u00e3zduie\u015fte Administra\u0163ia Preziden\u0163ial\u00e3 a Rom\u00e2niei.<\/p>\n<p>Din anul 1991, aripa veche a Palatului ad\u00e3poste\u015fte Muzeul Na\u0163ional Cotroceni, muzeu care, \u00een 1994, a primit premiul <em>European Museum of the Year Award &#8211; Special Commendation<\/em>.<\/p>\n<p>Continu\u00e2nd inten\u0163ia sa de a promova institu\u0163ii de cultur\u00e3 \u015fi art\u00e3 precum \u015fi valori ale patimoniului na\u0163ional, <strong>Romfilatelia<\/strong> introduce \u00een circula\u0163ie emisiunea de m\u00e3rci po\u015ftale <strong><em>\u201ePalatul Cotroceni, Istorie \u015fi heraldic\u00e3\u201c<\/em><\/strong>.<\/p>\n<p>Cele \u015fase timbre ale emisiunii de m\u00e3rci po\u015ftale ilustreaz\u00e3 vitralii din Sala Unirii a Palatului Cotroceni.<\/p>\n<p>Pe timbrele cu valorile nominale de 50 bani, 80 bani \u015fi 2,40 lei sunt reprezentate Stemele Munteniei, Moldovei \u015fi Transilvaniei.<\/p>\n<p>Pe timbrul cu valoarea nominal\u00e3 de 60 bani este ilustrat \u00eentemeietorul Munteniei, Basarab I, care a domnit \u00eentre anii 1310-1352.<\/p>\n<p>Pe timbrul cu valoarea nominal\u00e3 de 1,00 lei este ilustrat \u00eentemeietorul Moldovei, Bogdan I, care a domnit \u00eentre anii 1359-1365.<\/p>\n<p>Pe timbrul cu valoarea nominal\u00e3 de 3,10 lei este ilustrat Mihai Viteazul, domnitorul rom\u00e2n care a realizat prima Unire a \u021a\u00e3rilor Rom\u00e2ne, \u00een anul 1600.<\/p>\n<p>Pe timbrul coli\u0163ei este ilustrat\u00e3 o imagine de ansamblu a Palatului Cotroceni.<\/p>\n<p>&nbsp;<\/p>\n<p><strong><em>\u00a0\u00a0\u00a0\u00a0\u00a0\u00a0\u00a0\u00a0\u00a0 Aducem mul\u0163umiri domnului dr. arh. Niculae Vl\u00e3descu (coordonatorul lucr\u00e3rilor de restaurare ale Palatului Cotroceni) pentru consultan\u0163a documentar\u00e3 acordat\u00e3 la realizarea acestei emisiuni de m\u00e3rci po\u015ftale.<\/em><\/strong><\/p>\n<p>&nbsp;<\/p>\n<p>Data Aparitie:2011-12-21<\/p>\n<p><em><a href=\"https:\/\/romfilatelia.ro\/magazin\/wp-content\/uploads\/2011\/12\/cotroceni_box.jpg\"><img decoding=\"async\" loading=\"lazy\" class=\"wp-image-2003144 size-full aligncenter\" src=\"https:\/\/romfilatelia.ro\/magazin\/wp-content\/uploads\/2011\/12\/cotroceni_box.jpg\" alt=\"cotroceni_box\" width=\"750\" height=\"636\" srcset=\"https:\/\/romfilatelia.ro\/magazin\/wp-content\/uploads\/2011\/12\/cotroceni_box.jpg 750w, https:\/\/romfilatelia.ro\/magazin\/wp-content\/uploads\/2011\/12\/cotroceni_box-500x424.jpg 500w, https:\/\/romfilatelia.ro\/magazin\/wp-content\/uploads\/2011\/12\/cotroceni_box-64x54.jpg 64w, https:\/\/romfilatelia.ro\/magazin\/wp-content\/uploads\/2011\/12\/cotroceni_box-300x254.jpg 300w\" sizes=\"(max-width: 750px) 100vw, 750px\" \/><\/a><\/em><\/p>\n","protected":false},"excerpt":{"rendered":"<p>\u201eDac\u00e3 o fi vreodat\u00e3 s\u00e3 m\u00e3 goneasc\u00e3 din aceast\u00e3 \u0163ar\u00e3 care-mi este at\u00e2t de drag\u00e3, vreau s\u00e3 r\u00e3m\u00e2n\u00e3 c\u00e2te ceva frumos de pe urma mea.\u201c(Regina Maria) \u00a0 Peste trei secole au trecut p\u00e2n\u00e3 c\u00e2nd Palatul Cotroceni \u015fi-a c\u00e3p\u00e3tat \u00eenf\u00e3\u0163i\u015farea actual\u00e3&#8230; Trei sute de ani de istorie zbuciumat\u00e3, timp \u00een care \u00eentre zidurile sale s-au perindat&hellip;&nbsp;<a href=\"https:\/\/romfilatelia.ro\/magazin\/produs\/colectii-anuale\/2011\/palatul-cotroceni-istorie-si-heraldica\/\" class=\"\" rel=\"bookmark\">Cite\u0219te mai mult &raquo;<span class=\"screen-reader-text\">PALATUL COTROCENI, Istorie \u015fi heraldic\u00e3<\/span><\/a><\/p>\n","protected":false},"featured_media":2003143,"template":"","meta":{"neve_meta_sidebar":"","neve_meta_container":"","neve_meta_enable_content_width":"","neve_meta_content_width":0,"neve_meta_title_alignment":"","neve_meta_author_avatar":"","neve_post_elements_order":"","neve_meta_disable_header":"","neve_meta_disable_footer":"","neve_meta_disable_title":""},"product_cat":[107,6],"product_tag":[],"_links":{"self":[{"href":"https:\/\/romfilatelia.ro\/magazin\/wp-json\/wp\/v2\/product\/2001312"}],"collection":[{"href":"https:\/\/romfilatelia.ro\/magazin\/wp-json\/wp\/v2\/product"}],"about":[{"href":"https:\/\/romfilatelia.ro\/magazin\/wp-json\/wp\/v2\/types\/product"}],"wp:featuredmedia":[{"embeddable":true,"href":"https:\/\/romfilatelia.ro\/magazin\/wp-json\/wp\/v2\/media\/2003143"}],"wp:attachment":[{"href":"https:\/\/romfilatelia.ro\/magazin\/wp-json\/wp\/v2\/media?parent=2001312"}],"wp:term":[{"taxonomy":"product_cat","embeddable":true,"href":"https:\/\/romfilatelia.ro\/magazin\/wp-json\/wp\/v2\/product_cat?post=2001312"},{"taxonomy":"product_tag","embeddable":true,"href":"https:\/\/romfilatelia.ro\/magazin\/wp-json\/wp\/v2\/product_tag?post=2001312"}],"curies":[{"name":"wp","href":"https:\/\/api.w.org\/{rel}","templated":true}]}}