{"id":2001310,"date":"2011-11-24T08:07:19","date_gmt":"2011-11-24T08:07:19","guid":{"rendered":"http:\/\/romfilatelia.ro\/store\/2011\/11\/24\/emisiune-comuna-romania-hong-kong-china-arta-populara-tradithionala\/"},"modified":"2016-08-05T11:43:48","modified_gmt":"2016-08-05T11:43:48","slug":"emisiune-comuna-romania-hong-kong-china-arta-populara-tradithionala","status":"publish","type":"product","link":"https:\/\/romfilatelia.ro\/magazin\/produs\/colectii-anuale\/2011\/emisiune-comuna-romania-hong-kong-china-arta-populara-tradithionala\/","title":{"rendered":"Emisiune comun\u00e3 Rom\u00e2nia \u2013 Hong Kong, China: Art\u00e3 popular\u00e3 tradi\u021bional\u00e3"},"content":{"rendered":"<p><a href=\"https:\/\/romfilatelia.ro\/magazin\/wp-content\/uploads\/2011\/11\/ROM_HK_M.jpg\"><img decoding=\"async\" loading=\"lazy\" class=\"alignleft wp-image-2003156 size-medium\" src=\"https:\/\/romfilatelia.ro\/magazin\/wp-content\/uploads\/2011\/11\/ROM_HK_M-300x191.jpg\" alt=\"ROM_HK_M\" width=\"300\" height=\"191\" srcset=\"https:\/\/romfilatelia.ro\/magazin\/wp-content\/uploads\/2011\/11\/ROM_HK_M-300x191.jpg 300w, https:\/\/romfilatelia.ro\/magazin\/wp-content\/uploads\/2011\/11\/ROM_HK_M-500x318.jpg 500w, https:\/\/romfilatelia.ro\/magazin\/wp-content\/uploads\/2011\/11\/ROM_HK_M-64x41.jpg 64w, https:\/\/romfilatelia.ro\/magazin\/wp-content\/uploads\/2011\/11\/ROM_HK_M.jpg 600w\" sizes=\"(max-width: 300px) 100vw, 300px\" \/><\/a> Asum\u00e2ndu-\u015fi rolul de promotor al valorilor culturale na\u0163ionale \u015fi interna\u0163ionale, al tradi\u0163iilor, <strong>Romfilatelia<\/strong> introduce \u00een circula\u0163ie emisiunea comun\u00e3 de m\u00e3rci po\u015ftale <strong><em>Rom\u00e2nia \u2013 Hong Kong, China: Art\u00e3 popular\u00e3 tradi\u0163ional\u00e3<\/em><\/strong><em> (Ou\u00e3 \u00eencondeiate \u015fi figurine din orez)<\/em>.<\/p>\n<p><strong><em>Ou\u00e3 \u00eencondeiate <\/em><\/strong><\/p>\n<p>P\u00e3strat din vechime \u00een tradi\u0163ia rom\u00e2neasc\u00e3 \u2013 \u00eencondeiatul ou\u00e3lor reprezint\u00e3 o m\u00e3rturie a continu\u00e3rii datinilor \u015fi obiceiurilor \u00eent\u00e2lnite pe meleagurile rom\u00e2ne\u015fti \u015fi dedicate Sfintelor Pa\u015fti.<\/p>\n<p>Simbolurile vizibile pe suprafa\u0163a ou\u00e3lor \u00eencondeiate (soare,lun\u00e3, cruce etc.), imaginile care reproduc elemente din natur\u00e3 (plante, animale), motive ale artei populare folosite la \u0163es\u00e3turi \u015fi covoare (frunza, spicul, soarele) sunt \u00eengrijit alese \u015fi armonizate pentru a face din oul obi\u015fnuit un obiect de art\u00e3.<\/p>\n<p>Ou\u00e3le se \u00eencondeiaz\u00e3 folosindu-se fie procedeul cu cear\u00e3 colorat\u00e3, fie cu vopsele. \u00centr-o alt\u00e3 variant\u00e3, suprafa\u0163a ou\u00e3lor poate fi ornat\u00e3 cu m\u00e3rgele colorate (lipite cu adeziv).<\/p>\n<p>Oul alb, golit de con\u0163inut, se acoper\u00e3 cu cear\u00e3 pe zonele care \u00een final vor fi albe. Se scufund\u00e3 \u00een vopseaua aleas\u00e3 (culoarea cea mai deschis\u00e3), se scoate \u015fi dup\u00e3 uscare se aplic\u00e3 din nou cear\u00e3 pe zonele care nu trebuie s\u00e3 primeasc\u00e3 vopseaua urm\u00e3toare. Procedeul se repet\u00e3, \u00eencheindu-se cu scufundarea \u00een cea mai intens\u00e3 culoare.<\/p>\n<p>Conform unei legende, ou\u00e3le ro\u015fii simbolizeaz\u00e3 s\u00e2ngele jertfei supreme a M\u00e2ntuitorului. Ou\u00e3le, frumos ornate sau \u00eencondeiate, exprim\u00e3 bucuria \u00cenvierii lui Hristos, optimismul \u015fi speran\u0163a re\u00eenvierii naturii \u00een prim\u00e3vara Sfintelor Pa\u015fti.<\/p>\n<p><strong><em>Figurine din f\u00e3in\u00e3 de orez <\/em><\/strong><\/p>\n<p>Figurinele din f\u00e3in\u00e3 de orez apar\u0163in unui me\u015fte\u015fug chinezesc str\u00e3vechi foarte apreciat, exist\u00e2nd \u00eenc\u00e3 din perioada dinastiei Tang (sec. VI-X d. Ch.). \u00cen timpul acestei dinastii, cultura Chinei devine \u00eenfloritoare, \u00een aceast\u00e3 perioad\u00e3 ap\u00e3r\u00e2nd cei mai mari poe\u0163i ai \u0163\u00e3rii \u015fi nenum\u00e3rate \u015fcoli de pictur\u00e3. Totodat\u00e3, arta tradi\u0163ional\u00e3 chinez\u00e3 se dezvolt\u00e3 rapid \u00een toate zonele.<\/p>\n<p>Cu pricepere deosebit\u00e3 \u015fi \u00eendem\u00e2nare, din coca din f\u00e3in\u00e3 de orez, me\u015fte\u015fugarii chinezi re\u00eenvie imaginea eroilor legendari ori a dragonilor, color\u00e2ndu-i \u00een nuan\u0163e care s\u00e3-i transforme \u00een personaje asem\u00e3n\u00e3toare celor vii.<\/p>\n<p>Un pieptene, o foarfec\u00e3 mic\u00e3, c\u00e2teva a\u015fchii de bambus \u015fi un ac din os sunt instrumentele folosite de obicei la crearea acestor figurine. Arta me\u015fte\u015fugului adun\u00e3 la un loc fr\u00e3m\u00e2ntatul manual, t\u00e3ierea \u015fi asamblarea fiec\u00e3rei buc\u00e3\u0163i de coc\u00e3.<\/p>\n<p>Unul dintre cele mai \u00eent\u00e2lnite simboluri care se reg\u00e3se\u015fte \u00een multitudinea de figurine, este capul de leu, el fiind considerat ca aduc\u00e3tor de noroc \u015fi bun\u00e3stare.<\/p>\n<p>Timbrele emisiunii de m\u00e3rci po\u015ftale ilustreaz\u00e3 simplu \u015fi instructiv arta celor dou\u00e3 me\u015fte\u015fuguri.<\/p>\n<p>&nbsp;<\/p>\n<p><strong><em>Aducem mul\u0163umirile noastre Muzeului Na\u0163ional al \u021a\u00e3ranului Rom\u00e2n pentru sprijinul documentar \u015fi ilustrativ oferit la realizarea acestei emisiuni de m\u00e3rci po\u015ftale.<\/em><\/strong><\/p>\n<p>&nbsp;<\/p>\n<p>Data Aparitie:2011-11-24<\/p>\n<p><a href=\"https:\/\/romfilatelia.ro\/magazin\/wp-content\/uploads\/2011\/11\/ROM_HK_box.jpg\"><img decoding=\"async\" loading=\"lazy\" class=\"wp-image-2003157 size-full aligncenter\" src=\"https:\/\/romfilatelia.ro\/magazin\/wp-content\/uploads\/2011\/11\/ROM_HK_box.jpg\" alt=\"ROM_HK_box\" width=\"704\" height=\"750\" srcset=\"https:\/\/romfilatelia.ro\/magazin\/wp-content\/uploads\/2011\/11\/ROM_HK_box.jpg 704w, https:\/\/romfilatelia.ro\/magazin\/wp-content\/uploads\/2011\/11\/ROM_HK_box-500x533.jpg 500w, https:\/\/romfilatelia.ro\/magazin\/wp-content\/uploads\/2011\/11\/ROM_HK_box-64x68.jpg 64w, https:\/\/romfilatelia.ro\/magazin\/wp-content\/uploads\/2011\/11\/ROM_HK_box-282x300.jpg 282w\" sizes=\"(max-width: 704px) 100vw, 704px\" \/><\/a><\/p>\n","protected":false},"excerpt":{"rendered":"<p>Asum\u00e2ndu-\u015fi rolul de promotor al valorilor culturale na\u0163ionale \u015fi interna\u0163ionale, al tradi\u0163iilor, Romfilatelia introduce \u00een circula\u0163ie emisiunea comun\u00e3 de m\u00e3rci po\u015ftale Rom\u00e2nia \u2013 Hong Kong, China: Art\u00e3 popular\u00e3 tradi\u0163ional\u00e3 (Ou\u00e3 \u00eencondeiate \u015fi figurine din orez). Ou\u00e3 \u00eencondeiate P\u00e3strat din vechime \u00een tradi\u0163ia rom\u00e2neasc\u00e3 \u2013 \u00eencondeiatul ou\u00e3lor reprezint\u00e3 o m\u00e3rturie a continu\u00e3rii datinilor \u015fi obiceiurilor \u00eent\u00e2lnite&hellip;&nbsp;<a href=\"https:\/\/romfilatelia.ro\/magazin\/produs\/colectii-anuale\/2011\/emisiune-comuna-romania-hong-kong-china-arta-populara-tradithionala\/\" class=\"\" rel=\"bookmark\">Cite\u0219te mai mult &raquo;<span class=\"screen-reader-text\">Emisiune comun\u00e3 Rom\u00e2nia \u2013 Hong Kong, China: Art\u00e3 popular\u00e3 tradi\u021bional\u00e3<\/span><\/a><\/p>\n","protected":false},"featured_media":2003156,"template":"","meta":{"neve_meta_sidebar":"","neve_meta_container":"","neve_meta_enable_content_width":"","neve_meta_content_width":0,"neve_meta_title_alignment":"","neve_meta_author_avatar":"","neve_post_elements_order":"","neve_meta_disable_header":"","neve_meta_disable_footer":"","neve_meta_disable_title":""},"product_cat":[107,6],"product_tag":[],"_links":{"self":[{"href":"https:\/\/romfilatelia.ro\/magazin\/wp-json\/wp\/v2\/product\/2001310"}],"collection":[{"href":"https:\/\/romfilatelia.ro\/magazin\/wp-json\/wp\/v2\/product"}],"about":[{"href":"https:\/\/romfilatelia.ro\/magazin\/wp-json\/wp\/v2\/types\/product"}],"wp:featuredmedia":[{"embeddable":true,"href":"https:\/\/romfilatelia.ro\/magazin\/wp-json\/wp\/v2\/media\/2003156"}],"wp:attachment":[{"href":"https:\/\/romfilatelia.ro\/magazin\/wp-json\/wp\/v2\/media?parent=2001310"}],"wp:term":[{"taxonomy":"product_cat","embeddable":true,"href":"https:\/\/romfilatelia.ro\/magazin\/wp-json\/wp\/v2\/product_cat?post=2001310"},{"taxonomy":"product_tag","embeddable":true,"href":"https:\/\/romfilatelia.ro\/magazin\/wp-json\/wp\/v2\/product_tag?post=2001310"}],"curies":[{"name":"wp","href":"https:\/\/api.w.org\/{rel}","templated":true}]}}