{"id":2001309,"date":"2011-11-18T08:05:27","date_gmt":"2011-11-18T08:05:27","guid":{"rendered":"http:\/\/romfilatelia.ro\/store\/2011\/11\/18\/craciun-2011\/"},"modified":"2016-08-05T11:40:32","modified_gmt":"2016-08-05T11:40:32","slug":"craciun-2011","status":"publish","type":"product","link":"https:\/\/romfilatelia.ro\/magazin\/produs\/colectii-anuale\/2011\/craciun-2011\/","title":{"rendered":"CR\u00c3CIUN 2011"},"content":{"rendered":"<p><a href=\"https:\/\/romfilatelia.ro\/magazin\/wp-content\/uploads\/2011\/11\/craciun_M.jpg\"><img decoding=\"async\" loading=\"lazy\" class=\"alignleft wp-image-2003167 size-thumbnail\" src=\"https:\/\/romfilatelia.ro\/magazin\/wp-content\/uploads\/2011\/11\/craciun_M-150x150.jpg\" alt=\"craciun_M\" width=\"150\" height=\"150\" srcset=\"https:\/\/romfilatelia.ro\/magazin\/wp-content\/uploads\/2011\/11\/craciun_M-150x150.jpg 150w, https:\/\/romfilatelia.ro\/magazin\/wp-content\/uploads\/2011\/11\/craciun_M-250x250.jpg 250w, https:\/\/romfilatelia.ro\/magazin\/wp-content\/uploads\/2011\/11\/craciun_M-100x100.jpg 100w, https:\/\/romfilatelia.ro\/magazin\/wp-content\/uploads\/2011\/11\/craciun_M-53x53.jpg 53w, https:\/\/romfilatelia.ro\/magazin\/wp-content\/uploads\/2011\/11\/craciun_M-85x85.jpg 85w, https:\/\/romfilatelia.ro\/magazin\/wp-content\/uploads\/2011\/11\/craciun_M-380x380.jpg 380w, https:\/\/romfilatelia.ro\/magazin\/wp-content\/uploads\/2011\/11\/craciun_M-285x285.jpg 285w\" sizes=\"(max-width: 150px) 100vw, 150px\" \/><\/a><\/p>\n<p><em>\u201eNu v\u00e3 teme\u0163i. C\u00e3, iat\u00e3, v\u00e3 binevestesc vou\u00e3 bucurie mare, care va fi pentru tot poporul; c\u00e3 \u00een cetatea lui David vi S-a n\u00e3scut azi M\u00e2ntuitor, Care este Hristos Domnul.\u201c (Luca 2, 10-11)<\/em><\/p>\n<p>Cr\u00e3ciunul este s\u00e3rb\u00e3toarea care aduce binecuv\u00e2ntare, lumin\u00e3 \u015fi c\u00e3ldur\u00e3 pentru fiecare familie. Aduna\u0163i \u00een jurul bradului, d\u00e3ruim bun\u00e3tate, smerenie \u015fi bucurie.<\/p>\n<p>\u0218i a\u015ftept\u00e3m colindele&#8230; \u015fi steaua, simbol ce ne aminte\u015fte de Magii care au c\u00e3l\u00e3torit, cu daruri, spre locul unde se g\u00e3sea Pruncul Iisus \u015fi Mama Sa dar \u015fi de steaua prezent\u00e3 \u00een Icoana Na\u015fterii Domnului.<\/p>\n<p>&nbsp;<\/p>\n<p>\u201eSteaua spre R\u00e3s\u00e3rit str\u00e3luce\u015fte,<\/p>\n<p>Steaua-mp\u00e3ratului se ive\u015fte.<\/p>\n<p>Steaua cu raze mari lumineaz\u00e3,<\/p>\n<p>Sf\u00e2nta Na\u015ftere adevereaz\u00e3<\/p>\n<p>&#8230;&#8230;&#8230;&#8230;&#8230;&#8230;&#8230;&#8230;&#8230;&#8230;&#8230;&#8230;&#8230;&#8230;&#8230;&#8230;..<\/p>\n<p>Magii, steaua, pe cer, cum z\u00e3rir\u00e3,<\/p>\n<p>C\u00e2te\u015ftrei, spre ea c\u00e3l\u00e3torir\u00e3.<\/p>\n<p>De la stea, precum se \u00eenv\u00e3\u0163ar\u00e3,<\/p>\n<p>Lui Hristos, cu daruri, se-nchinar\u00e3.\u201c<\/p>\n<p><em>(colindul Steaua spre R\u00e3s\u00e3rit str\u00e3luce\u015fte)<\/em><\/p>\n<p>&nbsp;<\/p>\n<p>Ca \u00een fiecare an, de Cr\u00e3ciun, <strong>Romfilatelia<\/strong> introduce \u00een circula\u0163ie o emisiune de m\u00e3rci po\u015ftale dedicat\u00e3 acestei S\u00e3rb\u00e3tori a Na\u015fterii Domnului.<\/p>\n<p>Marca po\u015ftal\u00e3 a emisiunii <strong><em>Cr\u00e3ciun 2011<\/em><\/strong> ilustreaz\u00e3 imaginea icoanei <em>\u201eNa\u015fterea Domnului Iisus Hristos\u201c<\/em> din patrimoniul Arhiepiscopiei Tomisului (Biserica de lemn \u201e\u00cen\u00e3l\u0163area Domnului\u201c din Satu Nou, Oltina &#8211; jude\u0163ul Constan\u0163a), icoan\u00e3 pictat\u00e3 cu tempera \u015fi foi\u0163\u00e3 de aur, care dateaz\u00e3 de la sf\u00e2r\u015fitul sec. al XIX-lea.<\/p>\n<p>Biserica de lemn din Satu Nou a fost construit\u00e3 \u00een anul 1863 \u015fi pentru valoarea ei istoric\u00e3 \u015fi arhitectonic\u00e3 a fost \u00eenscris\u00e3 pe lista monumentelor istorice din Rom\u00e2nia \u00een anul 2004.<\/p>\n<p>Echipa Romfilatelia v\u00e3 colind\u00e3 din suflet, pe voi, prietenii timbrelor \u015fi v\u00e3 ureaz\u00e3 <strong><em>S\u00e3rb\u00e3tori fericite!<\/em><\/strong><\/p>\n<p>&nbsp;<\/p>\n<p><strong><em>\u00a0\u00a0\u00a0\u00a0\u00a0\u00a0\u00a0\u00a0\u00a0 Aducem mul\u0163umiri Arhiepiscopiei Tomisului \u015fi Arhiepiscopiei Arge\u015fului \u015fi Muscelului pentru imaginile puse la dispozi\u0163ie la realizarea acestei emisiuni de m\u00e3rci po\u015ftale.<\/em><\/strong><\/p>\n<p>&nbsp;<\/p>\n<p>Data Aparitie:2011-11-18<\/p>\n<p><a href=\"https:\/\/romfilatelia.ro\/magazin\/wp-content\/uploads\/2011\/11\/craciun_box.jpg\"><img decoding=\"async\" loading=\"lazy\" class=\"wp-image-2003166 size-full aligncenter\" src=\"https:\/\/romfilatelia.ro\/magazin\/wp-content\/uploads\/2011\/11\/craciun_box.jpg\" alt=\"craciun_box\" width=\"688\" height=\"750\" srcset=\"https:\/\/romfilatelia.ro\/magazin\/wp-content\/uploads\/2011\/11\/craciun_box.jpg 688w, https:\/\/romfilatelia.ro\/magazin\/wp-content\/uploads\/2011\/11\/craciun_box-500x545.jpg 500w, https:\/\/romfilatelia.ro\/magazin\/wp-content\/uploads\/2011\/11\/craciun_box-64x70.jpg 64w, https:\/\/romfilatelia.ro\/magazin\/wp-content\/uploads\/2011\/11\/craciun_box-275x300.jpg 275w\" sizes=\"(max-width: 688px) 100vw, 688px\" \/><\/a><\/p>\n","protected":false},"excerpt":{"rendered":"<p>\u201eNu v\u00e3 teme\u0163i. C\u00e3, iat\u00e3, v\u00e3 binevestesc vou\u00e3 bucurie mare, care va fi pentru tot poporul; c\u00e3 \u00een cetatea lui David vi S-a n\u00e3scut azi M\u00e2ntuitor, Care este Hristos Domnul.\u201c (Luca 2, 10-11) Cr\u00e3ciunul este s\u00e3rb\u00e3toarea care aduce binecuv\u00e2ntare, lumin\u00e3 \u015fi c\u00e3ldur\u00e3 pentru fiecare familie. Aduna\u0163i \u00een jurul bradului, d\u00e3ruim bun\u00e3tate, smerenie \u015fi bucurie. \u0218i&hellip;&nbsp;<a href=\"https:\/\/romfilatelia.ro\/magazin\/produs\/colectii-anuale\/2011\/craciun-2011\/\" class=\"\" rel=\"bookmark\">Cite\u0219te mai mult &raquo;<span class=\"screen-reader-text\">CR\u00c3CIUN 2011<\/span><\/a><\/p>\n","protected":false},"featured_media":2003167,"template":"","meta":{"neve_meta_sidebar":"","neve_meta_container":"","neve_meta_enable_content_width":"","neve_meta_content_width":0,"neve_meta_title_alignment":"","neve_meta_author_avatar":"","neve_post_elements_order":"","neve_meta_disable_header":"","neve_meta_disable_footer":"","neve_meta_disable_title":""},"product_cat":[107,6],"product_tag":[],"_links":{"self":[{"href":"https:\/\/romfilatelia.ro\/magazin\/wp-json\/wp\/v2\/product\/2001309"}],"collection":[{"href":"https:\/\/romfilatelia.ro\/magazin\/wp-json\/wp\/v2\/product"}],"about":[{"href":"https:\/\/romfilatelia.ro\/magazin\/wp-json\/wp\/v2\/types\/product"}],"wp:featuredmedia":[{"embeddable":true,"href":"https:\/\/romfilatelia.ro\/magazin\/wp-json\/wp\/v2\/media\/2003167"}],"wp:attachment":[{"href":"https:\/\/romfilatelia.ro\/magazin\/wp-json\/wp\/v2\/media?parent=2001309"}],"wp:term":[{"taxonomy":"product_cat","embeddable":true,"href":"https:\/\/romfilatelia.ro\/magazin\/wp-json\/wp\/v2\/product_cat?post=2001309"},{"taxonomy":"product_tag","embeddable":true,"href":"https:\/\/romfilatelia.ro\/magazin\/wp-json\/wp\/v2\/product_tag?post=2001309"}],"curies":[{"name":"wp","href":"https:\/\/api.w.org\/{rel}","templated":true}]}}