{"id":2001308,"date":"2011-10-25T10:05:06","date_gmt":"2011-10-25T08:05:06","guid":{"rendered":"http:\/\/romfilatelia.ro\/store\/2011\/10\/25\/ziua-europeana-a-justitiei-civile\/"},"modified":"2021-02-12T16:45:10","modified_gmt":"2021-02-12T14:45:10","slug":"ziua-europeana-a-justitiei-civile","status":"publish","type":"product","link":"https:\/\/romfilatelia.ro\/magazin\/produs\/colectii-anuale\/2011\/ziua-europeana-a-justitiei-civile\/","title":{"rendered":"ZIUA EUROPEAN\u00c3 A JUSTI\u021aIEI CIVILE"},"content":{"rendered":"<p><a href=\"https:\/\/romfilatelia.ro\/magazin\/wp-content\/uploads\/2011\/10\/just_civ_M.jpg\"><img decoding=\"async\" loading=\"lazy\" class=\"alignleft wp-image-2003172 size-medium\" src=\"https:\/\/romfilatelia.ro\/magazin\/wp-content\/uploads\/2011\/10\/just_civ_M-300x235.jpg\" alt=\"just_civ_M\" width=\"300\" height=\"235\" srcset=\"https:\/\/romfilatelia.ro\/magazin\/wp-content\/uploads\/2011\/10\/just_civ_M-300x235.jpg 300w, https:\/\/romfilatelia.ro\/magazin\/wp-content\/uploads\/2011\/10\/just_civ_M-500x392.jpg 500w, https:\/\/romfilatelia.ro\/magazin\/wp-content\/uploads\/2011\/10\/just_civ_M-64x50.jpg 64w, https:\/\/romfilatelia.ro\/magazin\/wp-content\/uploads\/2011\/10\/just_civ_M.jpg 600w\" sizes=\"(max-width: 300px) 100vw, 300px\" \/><\/a><\/p>\n<p>\u00cen anul 2003, la ini\u0163iativa comun\u00e3 a Comisiei Europene \u015fi a Consiliului Europei a fost celebrat\u00e3, pentru prima oar\u00e3, <em>Ziua European\u00e3 a<\/em> <em>Justi\u0163iei Civile.<\/em><\/p>\n<p>S\u00e3rb\u00e3torirea acestei zile are drept scop apropierea justi\u0163iei civile de cet\u00e3\u0163eni, precum \u015fi extinderea sferei de \u00een\u0163elegere a actului de justi\u0163ie.<\/p>\n<p>Pe 25 octombrie, \u00een statele participante, sunt organizate conferin\u0163e pe teme juridice, \u00eent\u00e2lniri ale profesioni\u015ftilor din domeniul juridic cu justi\u0163iabilii, zile ale por\u0163ilor deschise la instan\u0163ele judec\u00e3tore\u015fti, precum \u015fi evenimente speciale de promovare \u015fi informare.<\/p>\n<p>Celebrarea acestei zile reprezint\u00e3 un bun prilej de a veni \u00een sprijinul cet\u00e3\u0163enilor, \u00een efortul lor de a \u00een\u0163elege mai bine domeniul justi\u0163iei civile \u00een ansamblul s\u00e3u, precum \u015fi mecanismele de func\u0163ionare ale sistemelor juridice specifice fiec\u00e3rui stat \u00een parte.<\/p>\n<p>Pentru sistemul judiciar rom\u00e2n, precum \u015fi pentru societatea rom\u00e2neasc\u00e3, semnifica\u0163ia acestei zile este \u015fi mai puternic\u00e3, deoarece \u00een luna octombrie a anului 2011, a intrat \u00een vigoare Noul Cod Civil, esen\u0163\u00e3 a sistemului juridic \u015fi totodat\u00e3, deschiz\u00e3tor de institu\u0163ii juridice ce vor crea noi paradigme.<\/p>\n<p>Realizarea unei emisiuni de m\u00e3rci po\u015ftale dedicate <em>Zilei Europene a Justi\u0163iei Civile <\/em>pe care <strong>Romfilatelia<\/strong> o introduce \u00een circula\u0163ie cu ocazia celebr\u00e3rii, \u00een data de 25 octombrie 2011, a celei de-a IX-a edi\u0163ii a acesteia, vine s\u00e3 sus\u0163in\u00e3 \u00eensemn\u00e3tatea acestei zile pentru justi\u0163ia european\u00e3 \u015fi pentru cet\u00e3\u0163enii s\u00e3i.<\/p>\n<p>Totodat\u00e3, ca o avanpremier\u00e3 a acestei emisiuni de m\u00e3rci po\u015ftale, Romfilatelia, \u00een colaborare cu Ministerul Justi\u0163iei a introdus \u00een circula\u0163ie, la sf\u00e2r\u015fitul lunii septembrie, plicul de coresponden\u0163\u00e3 \u201e1 octombrie 2011 \u2013 Intrarea \u00een vigoare a Noului Cod Civil\u201c cu scopul de a marca importan\u0163a deosebit\u00e3 a acestui eveniment nu doar pentru \u00eentregul sistem de justi\u0163ie, dar mai ales pentru cet\u00e3\u0163enii acestei \u0163\u00e3ri. Ac\u0163iunea se \u00eenscrie \u00een eforturile de popularizare a Noului Cod Civil.<\/p>\n<p>Pentru a ilustra importan\u0163a renun\u0163\u00e3rii la vechiul Cod Civil \u015fi adoptarea celui nou, la tip\u00e3rirea acestui plic de coresponden\u0163\u00e3 au fost folosite, \u00eentr-o grafic\u00e3 deosebit\u00e3, imagini ce reproduc:<\/p>\n<p>&#8211; <em>Prima pagin\u00e3 <\/em>din <em>\u201eCodicele Civile\u201c <\/em>publicat \u00een Monitorul Jurnalul Oficial al Principatelor Unite Rom\u00e2ne \u00een data de 4\/16 decembrie 1864;<\/p>\n<p>&#8211; <em>Primele trei articole <\/em>din <em>Noul Cod Civil <\/em>\u2013 \u00eentr-un format diferit fa\u0163\u00e3 de cel tip\u00e3rit \u00een Monitorul Oficial al Rom\u00e2niei;<\/p>\n<p>&#8211; <em>Timbrul tip\u00e3rit <\/em>reprezent\u00e2nd <em>sigla Ministerului Justi\u0163iei, <\/em>imagine ce ilustreaz\u00e3 rolul acestuia de reglementare a cadrului normativ \u015fi institu\u0163ional al sistemului judiciar \u015fi al \u00eenf\u00e3ptuirii justi\u0163iei ca serviciu public.<\/p>\n<p>Marca po\u015ftal\u00e3 a emisiunii reune\u015fte \u00een compozi\u0163ia ei grafic\u00e3 imaginile simbol ale Justi\u0163iei: o carte a legilor aplicate pentru judecarea cauzelor, pe filele c\u00e3reia se suprapun balan\u0163a c\u00e2nt\u00e3ririi faptelor \u015fi \u00eemp\u00e3r\u0163irii drept\u00e3\u0163ii, \u0163inut\u00e3 de Zei\u0163a Justi\u0163iei \u015fi instrumentul care love\u015fte pupitrul judec\u00e3torului c\u00e2nd se pronun\u0163\u00e3 sentin\u0163a definitiv\u00e3.<\/p>\n<p>Aforismul latin ales de Ministerul Justi\u0163iei din Rom\u00e2nia <em>\u201eJustitia Est Fundamentum Regnorum\u201c <\/em>se traduce astfel: <em>\u201eDreptatea st\u00e3 la baza conducerii unui stat\u201c.<\/em><\/p>\n<p><em>\u00a0<\/em><\/p>\n<p><strong><em>Aducem mul\u0163umirile noastre Ministerului Justi\u0163iei pentru sprijinul acordat la realizarea acestei emisiuni de m\u00e3rci po\u015ftale.<\/em><\/strong><\/p>\n<p>Data Aparitie:2011-10-25<\/p>\n<p><a href=\"https:\/\/romfilatelia.ro\/magazin\/wp-content\/uploads\/2011\/10\/just_civ_box.jpg\"><img decoding=\"async\" loading=\"lazy\" class=\"wp-image-2003173 size-full aligncenter\" src=\"https:\/\/romfilatelia.ro\/magazin\/wp-content\/uploads\/2011\/10\/just_civ_box.jpg\" alt=\"just_civ_box\" width=\"750\" height=\"556\" srcset=\"https:\/\/romfilatelia.ro\/magazin\/wp-content\/uploads\/2011\/10\/just_civ_box.jpg 750w, https:\/\/romfilatelia.ro\/magazin\/wp-content\/uploads\/2011\/10\/just_civ_box-500x371.jpg 500w, https:\/\/romfilatelia.ro\/magazin\/wp-content\/uploads\/2011\/10\/just_civ_box-64x47.jpg 64w, https:\/\/romfilatelia.ro\/magazin\/wp-content\/uploads\/2011\/10\/just_civ_box-300x222.jpg 300w\" sizes=\"(max-width: 750px) 100vw, 750px\" \/><\/a><\/p>\n","protected":false},"excerpt":{"rendered":"<p>\u00cen anul 2003, la ini\u0163iativa comun\u00e3 a Comisiei Europene \u015fi a Consiliului Europei a fost celebrat\u00e3, pentru prima oar\u00e3, Ziua European\u00e3 a Justi\u0163iei Civile. S\u00e3rb\u00e3torirea acestei zile are drept scop apropierea justi\u0163iei civile de cet\u00e3\u0163eni, precum \u015fi extinderea sferei de \u00een\u0163elegere a actului de justi\u0163ie. Pe 25 octombrie, \u00een statele participante, sunt organizate conferin\u0163e pe&hellip;&nbsp;<a href=\"https:\/\/romfilatelia.ro\/magazin\/produs\/colectii-anuale\/2011\/ziua-europeana-a-justitiei-civile\/\" class=\"\" rel=\"bookmark\">Cite\u0219te mai mult &raquo;<span class=\"screen-reader-text\">ZIUA EUROPEAN\u00c3 A JUSTI\u021aIEI CIVILE<\/span><\/a><\/p>\n","protected":false},"featured_media":2003172,"template":"","meta":{"neve_meta_sidebar":"","neve_meta_container":"","neve_meta_enable_content_width":"","neve_meta_content_width":0,"neve_meta_title_alignment":"","neve_meta_author_avatar":"","neve_post_elements_order":"","neve_meta_disable_header":"","neve_meta_disable_footer":"","neve_meta_disable_title":""},"product_cat":[107,6],"product_tag":[],"_links":{"self":[{"href":"https:\/\/romfilatelia.ro\/magazin\/wp-json\/wp\/v2\/product\/2001308"}],"collection":[{"href":"https:\/\/romfilatelia.ro\/magazin\/wp-json\/wp\/v2\/product"}],"about":[{"href":"https:\/\/romfilatelia.ro\/magazin\/wp-json\/wp\/v2\/types\/product"}],"wp:featuredmedia":[{"embeddable":true,"href":"https:\/\/romfilatelia.ro\/magazin\/wp-json\/wp\/v2\/media\/2003172"}],"wp:attachment":[{"href":"https:\/\/romfilatelia.ro\/magazin\/wp-json\/wp\/v2\/media?parent=2001308"}],"wp:term":[{"taxonomy":"product_cat","embeddable":true,"href":"https:\/\/romfilatelia.ro\/magazin\/wp-json\/wp\/v2\/product_cat?post=2001308"},{"taxonomy":"product_tag","embeddable":true,"href":"https:\/\/romfilatelia.ro\/magazin\/wp-json\/wp\/v2\/product_tag?post=2001308"}],"curies":[{"name":"wp","href":"https:\/\/api.w.org\/{rel}","templated":true}]}}