{"id":2001306,"date":"2011-10-11T08:01:28","date_gmt":"2011-10-11T08:01:28","guid":{"rendered":"http:\/\/romfilatelia.ro\/store\/2011\/10\/11\/emisiune-comuna-romania-republica-moldova-20-de-ani-de-relatii-diplomatice\/"},"modified":"2016-08-05T11:16:25","modified_gmt":"2016-08-05T11:16:25","slug":"emisiune-comuna-romania-republica-moldova-20-de-ani-de-relatii-diplomatice","status":"publish","type":"product","link":"https:\/\/romfilatelia.ro\/magazin\/produs\/colectii-anuale\/2011\/emisiune-comuna-romania-republica-moldova-20-de-ani-de-relatii-diplomatice\/","title":{"rendered":"Emisiune comun\u00e3 ROM\u00c2NIA \u2013 REPUBLICA MOLDOVA: 20 DE ANI DE RELA\u021aII DIPLOMATICE"},"content":{"rendered":"<p><a href=\"https:\/\/romfilatelia.ro\/magazin\/wp-content\/uploads\/2011\/10\/rom_md_M.jpg\"><img decoding=\"async\" loading=\"lazy\" class=\"alignleft wp-image-2003189 size-medium\" src=\"https:\/\/romfilatelia.ro\/magazin\/wp-content\/uploads\/2011\/10\/rom_md_M-300x204.jpg\" alt=\"rom_md_M\" width=\"300\" height=\"204\" srcset=\"https:\/\/romfilatelia.ro\/magazin\/wp-content\/uploads\/2011\/10\/rom_md_M-300x204.jpg 300w, https:\/\/romfilatelia.ro\/magazin\/wp-content\/uploads\/2011\/10\/rom_md_M-500x339.jpg 500w, https:\/\/romfilatelia.ro\/magazin\/wp-content\/uploads\/2011\/10\/rom_md_M-64x43.jpg 64w, https:\/\/romfilatelia.ro\/magazin\/wp-content\/uploads\/2011\/10\/rom_md_M.jpg 600w\" sizes=\"(max-width: 300px) 100vw, 300px\" \/><\/a><\/p>\n<p>La 27 august 1991, Parlamentul Republicii Moldova, \u00eentrunit \u00een \u015fedin\u0163\u00e3 extraordinar\u00e3, a adoptat Declara\u0163ia prin care s-a proclamat independen\u0163a \u0163\u00e3rii, iar la 29 august 1991 au fost stabilite rela\u0163iile diplomatice \u00eentre Rom\u00e2nia \u015fi Republica Moldova, la nivel de ambasad\u00e3.<\/p>\n<p>Pentru a marca \u00eemplinirea a dou\u00e3 decenii de la acest eveniment, <strong>Romfilatelia <\/strong>introduce \u00een circula\u0163ie emisiunea comun\u00e3 de m\u00e3rci po\u015ftale <strong><em>Rom\u00e2nia \u2013 Republica Moldova:<\/em><\/strong> <strong><em>20 de ani de rela\u0163ii diplomatice.<\/em><\/strong><\/p>\n<p>Marca po\u015ftal\u00e3 cu valoarea nominal\u00e3 de 3,10 lei reproduce imaginea unui monument reprezentativ al capitalei Rom\u00e2niei, <strong><em>Arcul de Triumf<\/em><\/strong>.<\/p>\n<p>Ridicat pentru a comemora jertfa osta\u015filor rom\u00e2ni c\u00e3zu\u0163i pe c\u00e2mpurile de lupt\u00e3 ale Primului R\u00e3zboi Mondial \u015fi pentru a cinsti memoria celor care au \u00eenf\u00e3ptuit Marea Unire de la 1 Decembrie 1918, Arcul de Triumf a fost realizat \u00een anul 1922, dup\u00e3 un proiect cu caracter de provizorat, menit s\u00e3 asigure un timp foarte scurt de execu\u0163ie, cu costuri reduse.<\/p>\n<p>\u00cen anul 1930 se hot\u00e3r\u00e3\u015fte refacerea lui dup\u00e3 un proiect elaborat de cunoscutul arhitect Petre Antonescu, care a mobilizat pentru execu\u0163ie o echip\u00e3 \u00een care reg\u00e3sim pe Constantin Baraschi, Alexandru C\u00e3linescu, Ion Jalea, Mac Constantinescu, Dimitrie Paciurea \u015fi Costin Petrescu.<\/p>\n<p>Av\u00e2nd ca model un monument similar dinParis, ridicat de Napoleon I \u00een anul 1806, arhitectul Petre Antonescu termin\u00e3 Arcul de Triumf \u00een anul 1935. Reliefurile executate \u00een stil roman apar\u0163in sculptorilor Corneliu Medrea, Frederic Storck, Dimitrie Paciurea, Oscar Sp\u00e4the \u015fi Constantin Baraschi.<\/p>\n<p>Construit pe o suprafa\u0163\u00e3 de 25 x 11,5 m, cu o \u00een\u00e3l\u0163ime de 27 m, Arcul de Triumf este placat cu granit de Deva \u015fi marmur\u00e3 de Ru\u015fchi\u0163a.<\/p>\n<p>Pe fa\u0163ada sudic\u00e3 a monumentului sunt amplasate dou\u00e3 medalioane cu chipurile Regelui Ferdinand \u015fi Reginei Maria. Dou\u00e3 basoreliefuri reprezent\u00e2ndVictoria, completeaz\u00e3 armonios suprafa\u0163a dreptunghiului vizibil deasupra arcadei.<\/p>\n<p>Fa\u0163ada nordic\u00e3 expune privirii dou\u00e3 medalioane pe al c\u00e3ror relief se disting chipurile unui r\u00e3zboinic cu o sabie \u015fi respective al unui t\u00e2n\u00e3r purt\u00e2nd o cruce. Personajele reunesc simbolurile B\u00e3rb\u00e3\u0163iei \u015fi Credin\u0163ei.<\/p>\n<p>Emblem\u00e3 a Bucure\u015ftilor, Arcul de Triumf se \u00eenscrie \u00eentr-o list\u00e3 a monumentelor ridicate pentru a marca jertfa \u015fi vitejia osta\u015filor rom\u00e2ni \u00een luptele Primului R\u00e3zboi Mondial, list\u00e3 \u00een care mai reg\u00e3sim Morm\u00e2ntul Eroului Necunoscut, Mausoleul de la M\u00e3r\u00e3\u015fe\u015fti, Crucea Eroilor Neamului de pe v\u00e2rful Caraiman, Catedrala \u00cencoron\u00e3rii de la Alba-Iulia.<\/p>\n<p>Marca po\u015ftal\u00e3 cu valoarea nominal\u00e3 de 1,00 lei ilustreaz\u00e3 <strong><em>Por\u0163ile Sfinte <\/em><\/strong>din Chi\u015fin\u00e3u. Acestea grupeaz\u00e3 pe o ax\u00e3 de simetrie Catedrala Na\u015fterii Domnului, Clopotni\u0163a, Pia\u0163a Marii Adun\u00e3ri Na\u0163ionale \u015fi cl\u00e3direa Guvernului Republicii Moldova. Arcul de Triumf, care face parte din ansamblul zonei, a fost contruit \u00een perioada 1840-1841 pentru a marca o victorie a armatelor ruse\u015fti \u00eentr-o b\u00e3t\u00e3lie cu armatele Imperiului Otoman. Proiectul monumentului a fost elaborat de Luca Zauskevici, arhitectul \u015fef al Chi\u015fin\u00e3ului.<\/p>\n<p>&nbsp;<\/p>\n<p>Data Aparitie:2011-10-11<\/p>\n<p><a href=\"https:\/\/romfilatelia.ro\/magazin\/wp-content\/uploads\/2011\/10\/rom_md_box.jpg\"><img decoding=\"async\" loading=\"lazy\" class=\"wp-image-2003188 size-full aligncenter\" src=\"https:\/\/romfilatelia.ro\/magazin\/wp-content\/uploads\/2011\/10\/rom_md_box.jpg\" alt=\"rom_md_box\" width=\"700\" height=\"630\" srcset=\"https:\/\/romfilatelia.ro\/magazin\/wp-content\/uploads\/2011\/10\/rom_md_box.jpg 700w, https:\/\/romfilatelia.ro\/magazin\/wp-content\/uploads\/2011\/10\/rom_md_box-500x450.jpg 500w, https:\/\/romfilatelia.ro\/magazin\/wp-content\/uploads\/2011\/10\/rom_md_box-64x58.jpg 64w, https:\/\/romfilatelia.ro\/magazin\/wp-content\/uploads\/2011\/10\/rom_md_box-300x270.jpg 300w\" sizes=\"(max-width: 700px) 100vw, 700px\" \/><\/a><\/p>\n","protected":false},"excerpt":{"rendered":"<p>La 27 august 1991, Parlamentul Republicii Moldova, \u00eentrunit \u00een \u015fedin\u0163\u00e3 extraordinar\u00e3, a adoptat Declara\u0163ia prin care s-a proclamat independen\u0163a \u0163\u00e3rii, iar la 29 august 1991 au fost stabilite rela\u0163iile diplomatice \u00eentre Rom\u00e2nia \u015fi Republica Moldova, la nivel de ambasad\u00e3. Pentru a marca \u00eemplinirea a dou\u00e3 decenii de la acest eveniment, Romfilatelia introduce \u00een circula\u0163ie emisiunea&hellip;&nbsp;<a href=\"https:\/\/romfilatelia.ro\/magazin\/produs\/colectii-anuale\/2011\/emisiune-comuna-romania-republica-moldova-20-de-ani-de-relatii-diplomatice\/\" class=\"\" rel=\"bookmark\">Cite\u0219te mai mult &raquo;<span class=\"screen-reader-text\">Emisiune comun\u00e3 ROM\u00c2NIA \u2013 REPUBLICA MOLDOVA: 20 DE ANI DE RELA\u021aII DIPLOMATICE<\/span><\/a><\/p>\n","protected":false},"featured_media":2003189,"template":"","meta":{"neve_meta_sidebar":"","neve_meta_container":"","neve_meta_enable_content_width":"","neve_meta_content_width":0,"neve_meta_title_alignment":"","neve_meta_author_avatar":"","neve_post_elements_order":"","neve_meta_disable_header":"","neve_meta_disable_footer":"","neve_meta_disable_title":""},"product_cat":[107,6],"product_tag":[],"_links":{"self":[{"href":"https:\/\/romfilatelia.ro\/magazin\/wp-json\/wp\/v2\/product\/2001306"}],"collection":[{"href":"https:\/\/romfilatelia.ro\/magazin\/wp-json\/wp\/v2\/product"}],"about":[{"href":"https:\/\/romfilatelia.ro\/magazin\/wp-json\/wp\/v2\/types\/product"}],"wp:featuredmedia":[{"embeddable":true,"href":"https:\/\/romfilatelia.ro\/magazin\/wp-json\/wp\/v2\/media\/2003189"}],"wp:attachment":[{"href":"https:\/\/romfilatelia.ro\/magazin\/wp-json\/wp\/v2\/media?parent=2001306"}],"wp:term":[{"taxonomy":"product_cat","embeddable":true,"href":"https:\/\/romfilatelia.ro\/magazin\/wp-json\/wp\/v2\/product_cat?post=2001306"},{"taxonomy":"product_tag","embeddable":true,"href":"https:\/\/romfilatelia.ro\/magazin\/wp-json\/wp\/v2\/product_tag?post=2001306"}],"curies":[{"name":"wp","href":"https:\/\/api.w.org\/{rel}","templated":true}]}}