{"id":2001303,"date":"2011-09-06T07:56:11","date_gmt":"2011-09-06T07:56:11","guid":{"rendered":"http:\/\/romfilatelia.ro\/store\/2011\/09\/06\/noul-bucureati-arena-nationala\/"},"modified":"2016-08-05T10:30:25","modified_gmt":"2016-08-05T10:30:25","slug":"noul-bucureati-arena-nationala","status":"publish","type":"product","link":"https:\/\/romfilatelia.ro\/magazin\/produs\/colectii-anuale\/2011\/noul-bucureati-arena-nationala\/","title":{"rendered":"NOUL BUCURE\u0218TI &#8211; ARENA NA\u021aIONAL\u00c3"},"content":{"rendered":"<p><a href=\"https:\/\/romfilatelia.ro\/magazin\/wp-content\/uploads\/2011\/09\/Arena_Nat_M.jpg\"><img decoding=\"async\" loading=\"lazy\" class=\"alignleft wp-image-2003210 size-thumbnail\" src=\"https:\/\/romfilatelia.ro\/magazin\/wp-content\/uploads\/2011\/09\/Arena_Nat_M-150x150.jpg\" alt=\"Arena_Nat_M\" width=\"150\" height=\"150\" srcset=\"https:\/\/romfilatelia.ro\/magazin\/wp-content\/uploads\/2011\/09\/Arena_Nat_M-150x150.jpg 150w, https:\/\/romfilatelia.ro\/magazin\/wp-content\/uploads\/2011\/09\/Arena_Nat_M-250x250.jpg 250w, https:\/\/romfilatelia.ro\/magazin\/wp-content\/uploads\/2011\/09\/Arena_Nat_M-100x100.jpg 100w, https:\/\/romfilatelia.ro\/magazin\/wp-content\/uploads\/2011\/09\/Arena_Nat_M-53x53.jpg 53w, https:\/\/romfilatelia.ro\/magazin\/wp-content\/uploads\/2011\/09\/Arena_Nat_M-85x85.jpg 85w, https:\/\/romfilatelia.ro\/magazin\/wp-content\/uploads\/2011\/09\/Arena_Nat_M-380x380.jpg 380w, https:\/\/romfilatelia.ro\/magazin\/wp-content\/uploads\/2011\/09\/Arena_Nat_M-285x285.jpg 285w\" sizes=\"(max-width: 150px) 100vw, 150px\" \/><\/a> \u00cen luna septembrie a anului 2011 se inaugureaz\u00e3 cel mai mare stadion al Bucure\u015ftiului, dar \u015fi al Rom\u00e2niei, prilej cu care <strong>Romfilatelia<\/strong> introduce \u00een circula\u0163ie o emisiune de m\u00e3rci po\u015ftale dedicat\u00e3 acestui eveniment.<\/p>\n<p>Fostul Complex Sportiv \u201e23 August\u201c \u2013 aflat p\u00e2n\u00e3 \u00een 2007 pe locul pe care se g\u00e3se\u015fte noua Aren\u00e3 Na\u0163ional\u00e3 \u2013 a fost construit \u00een mai pu\u0163in de un an, cu ocazia desf\u00e3\u015fur\u00e3rii la Bucure\u015fti, \u00een 1953, a <em>Festivalului Mondial al Tineretului \u015fi Studen\u0163ilor<\/em>.<\/p>\n<p>Stadionul, cu o capacitate de 80.000 de locuri, a fost realizat prin \u201emunc\u00e3 voluntar\u00e3\u201c \u015fi datorit\u00e3 timpului de construc\u0163ie prea scurt, nu a avut funda\u0163ii. El se sprijinea direct pe p\u00e3m\u00e2nt, dar cu toate acestea a g\u00e3zduit evenimente importante printre care \u015fi <em>Universiada<\/em> din anul 1981. Tot pe acest stadion au avut loc \u015fi meciuriale Na\u0163ionalei de Fotbal a Rom\u00e2niei, dar \u015fi manifest\u00e3ri grandioase dedicate conduc\u00e3torului \u0163\u00e3rii din acea vreme.<\/p>\n<p>\u00cen 1990, stadionul a primit numele de \u201eLia Manoliu\u201c \u015fi p\u00e2n\u00e3 la demolarea sa, \u00een anul 2007, aici au avut loc nenum\u00e3rate concerte ale unor intrepre\u0163i \u015fi forma\u0163ii renumite din lume.<\/p>\n<p>Acum, \u00een 2011, dup\u00e3 patru ani de munc\u00e3 asidu\u00e3, capitala Rom\u00e2niei se poate m\u00e2ndri cu un stadion la standardele UEFA, care va fi inaugurat cu prilejul meciului de fotbal Rom\u00e2nia &#8211; Fran\u0163a, din cadrul Preliminariilor EURO 2012 (6 septembrie 2011).<\/p>\n<p>Cu o suprafa\u0163\u00e3 desf\u00e3\u015furat\u00e3 de aproape 110.000 mp \u015fi o capacitate de 55.000 de locuri, dou\u00e3 gradene (superioar\u00e3 \u015fi inferioar\u00e3), 40 de loje VIP cu baruri \u015fi restaurante, Arena Na\u0163ional\u00e3 dispune de un modern acoperi\u015f retractabil din membran\u00e3 pe structur\u00e3 din cabluri de o\u0163el. Membrana translucid\u00e3 (9.700 mp) permite iluminarea \u00een mod natural a stadionului pe timpde zi \u015fi se deschide sau \u00eenchide \u00een doar 15 minute. Cablurile metalice care sus\u0163in acoperi\u015ful au 700 de tone. La nivelul acoperi\u015fului se g\u00e3sesc patru ecrane video cu o suprafa\u0163\u00e3 de 30 mp fiecare.<\/p>\n<p>Noul stadion va g\u00e3zdui evenimente sportive de mare anvergur\u00e3 \u015fi concerte muzicale ale unor celebre forma\u0163ii \u015fi arti\u015fti, at\u00e2t rom\u00e2ni, c\u00e2t \u015fi str\u00e3ini.<\/p>\n<p>\u00cen anul 2012, pe Arena Na\u0163ional\u00e3 se va juca finala UEFA Europa League.<\/p>\n<p>Prin construc\u0163ia sa, Arena Na\u0163ional\u00e3 devine nu numai cel mai mare \u015fi modern stadion din Rom\u00e2nia, dar \u015fi una din construc\u0163iile de referin\u0163\u00e3 ale Capitalei Rom\u00e2niei.<\/p>\n<p><strong><em>Aducem mul\u0163umiri Prim\u00e3riei Municipiului Bucure\u015fti pentru consultan\u0163a documentar\u00e3 acordat\u00e3 la realizarea acestei emisiuni de m\u00e3rci po\u015ftale. Suportul fotografic al emisiunii a fost asigurat de Lauren\u0163iu B\u00e3l\u00e3ceanu.<\/em><\/strong><\/p>\n<p>&nbsp;<\/p>\n<p>Data Aparitie:2011-09-06<\/p>\n<p><a href=\"https:\/\/romfilatelia.ro\/magazin\/wp-content\/uploads\/2011\/09\/Arena_Nat_box.jpg\"><img decoding=\"async\" loading=\"lazy\" class=\"wp-image-2003211 size-full aligncenter\" src=\"https:\/\/romfilatelia.ro\/magazin\/wp-content\/uploads\/2011\/09\/Arena_Nat_box.jpg\" alt=\"Arena_Nat_box\" width=\"750\" height=\"647\" srcset=\"https:\/\/romfilatelia.ro\/magazin\/wp-content\/uploads\/2011\/09\/Arena_Nat_box.jpg 750w, https:\/\/romfilatelia.ro\/magazin\/wp-content\/uploads\/2011\/09\/Arena_Nat_box-500x431.jpg 500w, https:\/\/romfilatelia.ro\/magazin\/wp-content\/uploads\/2011\/09\/Arena_Nat_box-64x55.jpg 64w, https:\/\/romfilatelia.ro\/magazin\/wp-content\/uploads\/2011\/09\/Arena_Nat_box-300x259.jpg 300w\" sizes=\"(max-width: 750px) 100vw, 750px\" \/><\/a><\/p>\n","protected":false},"excerpt":{"rendered":"<p>\u00cen luna septembrie a anului 2011 se inaugureaz\u00e3 cel mai mare stadion al Bucure\u015ftiului, dar \u015fi al Rom\u00e2niei, prilej cu care Romfilatelia introduce \u00een circula\u0163ie o emisiune de m\u00e3rci po\u015ftale dedicat\u00e3 acestui eveniment. Fostul Complex Sportiv \u201e23 August\u201c \u2013 aflat p\u00e2n\u00e3 \u00een 2007 pe locul pe care se g\u00e3se\u015fte noua Aren\u00e3 Na\u0163ional\u00e3 \u2013 a fost&hellip;&nbsp;<a href=\"https:\/\/romfilatelia.ro\/magazin\/produs\/colectii-anuale\/2011\/noul-bucureati-arena-nationala\/\" class=\"\" rel=\"bookmark\">Cite\u0219te mai mult &raquo;<span class=\"screen-reader-text\">NOUL BUCURE\u0218TI &#8211; ARENA NA\u021aIONAL\u00c3<\/span><\/a><\/p>\n","protected":false},"featured_media":2003210,"template":"","meta":{"neve_meta_sidebar":"","neve_meta_container":"","neve_meta_enable_content_width":"","neve_meta_content_width":0,"neve_meta_title_alignment":"","neve_meta_author_avatar":"","neve_post_elements_order":"","neve_meta_disable_header":"","neve_meta_disable_footer":"","neve_meta_disable_title":""},"product_cat":[107,6],"product_tag":[],"_links":{"self":[{"href":"https:\/\/romfilatelia.ro\/magazin\/wp-json\/wp\/v2\/product\/2001303"}],"collection":[{"href":"https:\/\/romfilatelia.ro\/magazin\/wp-json\/wp\/v2\/product"}],"about":[{"href":"https:\/\/romfilatelia.ro\/magazin\/wp-json\/wp\/v2\/types\/product"}],"wp:featuredmedia":[{"embeddable":true,"href":"https:\/\/romfilatelia.ro\/magazin\/wp-json\/wp\/v2\/media\/2003210"}],"wp:attachment":[{"href":"https:\/\/romfilatelia.ro\/magazin\/wp-json\/wp\/v2\/media?parent=2001303"}],"wp:term":[{"taxonomy":"product_cat","embeddable":true,"href":"https:\/\/romfilatelia.ro\/magazin\/wp-json\/wp\/v2\/product_cat?post=2001303"},{"taxonomy":"product_tag","embeddable":true,"href":"https:\/\/romfilatelia.ro\/magazin\/wp-json\/wp\/v2\/product_tag?post=2001303"}],"curies":[{"name":"wp","href":"https:\/\/api.w.org\/{rel}","templated":true}]}}