{"id":2001298,"date":"2011-07-15T16:59:51","date_gmt":"2011-07-15T16:59:51","guid":{"rendered":"http:\/\/romfilatelia.ro\/store\/2011\/07\/15\/ziua-marcii-poatale-romaneati-150-de-ani-de-la-infiintarea-asociatiunii-ai-a-bibliotecii-astra-sibiu\/"},"modified":"2016-08-04T15:45:51","modified_gmt":"2016-08-04T15:45:51","slug":"ziua-marcii-poatale-romaneati-150-de-ani-de-la-infiintarea-asociatiunii-ai-a-bibliotecii-astra-sibiu","status":"publish","type":"product","link":"https:\/\/romfilatelia.ro\/magazin\/produs\/colectii-anuale\/2011\/ziua-marcii-poatale-romaneati-150-de-ani-de-la-infiintarea-asociatiunii-ai-a-bibliotecii-astra-sibiu\/","title":{"rendered":"ZIUA M\u00c3RCII PO\u0218TALE ROM\u00c2NE\u0218TI &#8211; 150 DE ANI DE LA \u00ceNFIIN\u021aAREA  ASOCIA\u021aIUNII \u0218I A BIBLIOTECII ASTRA SIBIU"},"content":{"rendered":"<p><a href=\"https:\/\/romfilatelia.ro\/magazin\/wp-content\/uploads\/2011\/07\/ZMPR_150_ASTRA_M.jpg\"><img decoding=\"async\" loading=\"lazy\" class=\"alignleft wp-image-2003242 size-medium\" src=\"https:\/\/romfilatelia.ro\/magazin\/wp-content\/uploads\/2011\/07\/ZMPR_150_ASTRA_M-300x149.jpg\" alt=\"bl2intreg\" width=\"300\" height=\"149\" srcset=\"https:\/\/romfilatelia.ro\/magazin\/wp-content\/uploads\/2011\/07\/ZMPR_150_ASTRA_M-300x149.jpg 300w, https:\/\/romfilatelia.ro\/magazin\/wp-content\/uploads\/2011\/07\/ZMPR_150_ASTRA_M-500x248.jpg 500w, https:\/\/romfilatelia.ro\/magazin\/wp-content\/uploads\/2011\/07\/ZMPR_150_ASTRA_M-64x32.jpg 64w, https:\/\/romfilatelia.ro\/magazin\/wp-content\/uploads\/2011\/07\/ZMPR_150_ASTRA_M-570x285.jpg 570w, https:\/\/romfilatelia.ro\/magazin\/wp-content\/uploads\/2011\/07\/ZMPR_150_ASTRA_M.jpg 600w\" sizes=\"(max-width: 300px) 100vw, 300px\" \/><\/a> \u00centr-o atmosfer\u00e3 european\u00e3 propice revigor\u00e3rii con\u015ftiin\u0163ei na\u0163ionale \u015fi milit\u00e2nd pentru ridicarea rom\u00e2nilor prin cultur\u00e3, la Sibiu, \u00een luna noiembrie a anului 1861, \u00een baza deciziei Adun\u00e3rii Constituante, s-a \u00eenfiin\u0163at Asocia\u0163iunea Transilvan\u00e3 pentru Literatura Rom\u00e2n\u00e3 \u015fi Cultura Poporului Rom\u00e2n (ASTRA). \u00centr-o atmosfer\u00e3 european\u00e3 propice revigor\u00e3rii con\u015ftiin\u0163ei na\u0163ionale \u015fi milit\u00e2nd pentru ridicarea rom\u00e2nilor prin cultur\u00e3, la Sibiu, \u00een luna noiembrie a anului 1861, \u00een baza deciziei Adun\u00e3rii Constituante, s-a \u00eenfiin\u0163at Asocia\u0163iunea Transilvan\u00e3 pentru Literatura Rom\u00e2n\u00e3 \u015fi Cultura Poporului Rom\u00e2n (ASTRA).<br \/>\nSocietate de tip academic, ASTRA a luptat \u00eenc\u00e3 de la \u00eenfiin\u0163are \u00eempotriva dezna\u0163ionaliz\u00e3rii \u015fi pentru drepturile rom\u00e2nilor din Transilvania.<br \/>\nCel mai important mijloc pentru \u00eendeplinirea rolului asumat era p\u00e3strarea poten\u0163ialului creator al poporului rom\u00e2n prin cunoa\u015fterea \u015fi popularizarea mo\u015ftenirii cultural-na\u0163ionale.<br \/>\n\u201eA\u015fadar inteligen\u0163a poporului rom\u00e2n ajunse a lucra pe c\u00e2mpul cel frumos \u015fi d\u00e3t\u00e3tor de via\u0163\u00e3 al literaturii \u015fi \u015ftiin\u0163elor, precum \u015fi a c\u00e3uta ne\u00eencetat mijloace, nu fantastice, ci reale \u015fi oneste spre a lumina, cultiva, \u00eenavu\u0163i \u015fi ferici pe popor.\u201c (George Bari\u0163iu)<br \/>\n\u021aelul principal al Asocia\u0163iunii era p\u00e3strarea unit\u00e3\u0163ii culturale a rom\u00e2nilor, obiectiv de importan\u0163\u00e3 major\u00e3, care s\u00e3 contribuie decisiv la unificarea statal\u00e3.<br \/>\nPrimul pre\u015fedinte al Asocia\u0163iunii a fost ales Andrei \u0218aguna, cel care va deveni ulterior Mitropolit al Ardealului (1864) \u015fi membru de onoare al Academiei Rom\u00e2ne (1871).<br \/>\nUn alt moment important din istoria Asocia\u0163iunii \u00eel constituie publicarea \u00een trei volume, \u00eentre 1898-1904, a primei enciclopedii rom\u00e2ne\u015fti, \u201eEnciclopedia Rom\u00e2n\u00e3\u201c. Opera, de o importan\u0163\u00e3 cov\u00e2r\u015fitore pentru cultura na\u0163ional\u00e3, a fost coordonat\u00e3 de publicistul Cornel Diaconovici.<br \/>\nDup\u00e3 Marea Unire din 1918, ac\u0163iunile culturale ale Asocia\u0163iunii ASTRA vor continua, \u00eendeplinind frumoasele idealuri pentru care a fost \u00eenfiin\u0163at\u00e3.<br \/>\n\u00cen 1950 institu\u0163ia a fost abuziv desfiin\u0163at\u00e3, iar la 40 de ani dup\u00e3 acest moment ea va fi oficial reactivat\u00e3.<br \/>\n\u201eRog pe Dumnezeu s\u00e3 vegheze asupra activit\u00e3\u0163ii ASTREI, s\u00e3 ne inspire pe to\u0163i \u00een lucrul cel bun \u015fi s\u00e3 apere Transilvania, limba, cultura, credin\u0163a, pe tot \u00eentinsul mo\u015fiei rom\u00e2ne\u015fti.\u201c ( \u00ce.P.S Antonie Pl\u00e3m\u00e3deal\u00e3, 1991)<br \/>\nOdat\u00e3 cu \u00eenfiin\u0163area ASTREI, a luat fiin\u0163\u00e3 \u015fi Biblioteca Asocia\u0163iunii, care a avut la \u00eenceput 195 de volume.<br \/>\nPrimul bibliotecar al acesteia, Visarion Roman, a publicat, \u00eencep\u00e2nd cu anul 1863, \u00een coloanele ziarului Telegraful Rom\u00e2n, listele de cre\u015ftere a colec\u0163iilor. Pe l\u00e2ng\u00e3 colec\u0163iile complete ale unor periodice, trebuie remarcat faptul c\u00e3, \u00eentre 1865 \u015fi 1890, Academia de \u0218tiin\u0163e de la Viena a contribuit statornic la \u00eentregirea colec\u0163iilor bibliotecii.<br \/>\nUn mare num\u00e3r de c\u00e3rturari rom\u00e2ni au f\u00e3cut dona\u0163ii, put\u00e2nd enumera aici pe Timotei Cipariu, George Bari\u0163iu, Andrei Mure\u015fanu, August Treboniu Laurian, Alexandru Papiu Ilarian, Vasile Alexandrescu Urechia, Bogdan Petriceicu Ha\u015fdeu, Titu Maiorescu, Mihail Kog\u00e3lniceanu, Emil Cioran.<br \/>\nCea mai veche carte aflat\u00e3 \u00een fondul bibliotecii este Sexti Libri Decretalium (1511), de Papa Bonifaciu al VIII-lea, iar cea mai veche carte rom\u00e2neasc\u00e3 este Sbornicul Slavonesc, tip\u00e3rit\u00e3 de Coresi \u00een anul 1580.<br \/>\nFondul bibliotecii num\u00e3r\u00e3 ast\u00e3zi peste 700.000 de documente, c\u00e3r\u0163i, periodice, CD-uri, DVD-uri, manuscrise, coresponden\u0163\u00e3, documente iconografice \u00een limbile german\u00e3, francez\u00e3, englez\u00e3, rus\u00e3, maghiar\u00e3, greac\u00e3, esperanto, chinez\u00e3, japonez\u00e3, italian\u00e3, ebraic\u00e3.<br \/>\nNumeroase funda\u0163ii \u015fi donatori particulari, biblioteci \u015fi societ\u00e3\u0163i culturale din Austria, Germania, Fran\u0163a, Olanda, Belgia, Danemarca, Ungaria, SUA, Elve\u0163ia, Spania au oferit diverse documente de profil istoric, tehnic, medical, literar ori geografic.<br \/>\nAst\u00e3zi, Biblioteca ASTRA Sibiu se num\u00e3r\u00e3 printre primele institu\u0163ii de acest fel din Rom\u00e2nia, ea r\u00e3m\u00e2n\u00e2nd nu numai un l\u00e3ca\u015f de cultur\u00e3, dar \u015fi de educa\u0163ie pentru genera\u0163iile urm\u00e3toare.<\/p>\n<p>Cele 2 timbre ale emisiunii de m\u00e3rci postale aniversare, pe care Romfilatelia o introduce \u00een circula\u0163ie, ilustreaz\u00e3 secven\u0163e din istoria ASTRA Sibiu.<br \/>\nPe timbrul cu valoarea nominal\u00e3 de 3,00 lei este ilustrat Mitropolitul Andrei \u0218aguna, primul pre\u015fedinte al Asocia\u0163iunii ASTRA, iar pe timbrul cu valoarea nominal\u00e3 de 9,10 lei este ilustrat\u00e3 cl\u00e3direa Bibliotecii ASTRA, corpul A.<br \/>\nDesignul ambelor timbre este \u00eentregit de un logo aniversar stilizat.<\/p>\n<p>Aducem mul\u0163umiri Asocia\u0163iunii \u015fi Bibliotecii ASTRA Sibiu pentru consultan\u0163a documentar\u00e3 acordat\u00e3 la realizarea acestei emisiuni de m\u00e3rci po\u015ftale.<\/p>\n<p>Data Aparitie:2011-07-15<\/p>\n<p><a href=\"https:\/\/romfilatelia.ro\/magazin\/wp-content\/uploads\/2011\/07\/ZMPR_150_ASTRA_box.jpg\"><img decoding=\"async\" loading=\"lazy\" class=\"wp-image-2003243 size-full aligncenter\" src=\"https:\/\/romfilatelia.ro\/magazin\/wp-content\/uploads\/2011\/07\/ZMPR_150_ASTRA_box.jpg\" alt=\"ZMPR_150_ASTRA_box\" width=\"750\" height=\"596\" srcset=\"https:\/\/romfilatelia.ro\/magazin\/wp-content\/uploads\/2011\/07\/ZMPR_150_ASTRA_box.jpg 750w, https:\/\/romfilatelia.ro\/magazin\/wp-content\/uploads\/2011\/07\/ZMPR_150_ASTRA_box-500x397.jpg 500w, https:\/\/romfilatelia.ro\/magazin\/wp-content\/uploads\/2011\/07\/ZMPR_150_ASTRA_box-64x51.jpg 64w, https:\/\/romfilatelia.ro\/magazin\/wp-content\/uploads\/2011\/07\/ZMPR_150_ASTRA_box-300x238.jpg 300w\" sizes=\"(max-width: 750px) 100vw, 750px\" \/><\/a><\/p>\n","protected":false},"excerpt":{"rendered":"<p>\u00centr-o atmosfer\u00e3 european\u00e3 propice revigor\u00e3rii con\u015ftiin\u0163ei na\u0163ionale \u015fi milit\u00e2nd pentru ridicarea rom\u00e2nilor prin cultur\u00e3, la Sibiu, \u00een luna noiembrie a anului 1861, \u00een baza deciziei Adun\u00e3rii Constituante, s-a \u00eenfiin\u0163at Asocia\u0163iunea Transilvan\u00e3 pentru Literatura Rom\u00e2n\u00e3 \u015fi Cultura Poporului Rom\u00e2n (ASTRA). \u00centr-o atmosfer\u00e3 european\u00e3 propice revigor\u00e3rii con\u015ftiin\u0163ei na\u0163ionale \u015fi milit\u00e2nd pentru ridicarea rom\u00e2nilor prin cultur\u00e3, la Sibiu,&hellip;&nbsp;<a href=\"https:\/\/romfilatelia.ro\/magazin\/produs\/colectii-anuale\/2011\/ziua-marcii-poatale-romaneati-150-de-ani-de-la-infiintarea-asociatiunii-ai-a-bibliotecii-astra-sibiu\/\" class=\"\" rel=\"bookmark\">Cite\u0219te mai mult &raquo;<span class=\"screen-reader-text\">ZIUA M\u00c3RCII PO\u0218TALE ROM\u00c2NE\u0218TI &#8211; 150 DE ANI DE LA \u00ceNFIIN\u021aAREA  ASOCIA\u021aIUNII \u0218I A BIBLIOTECII ASTRA SIBIU<\/span><\/a><\/p>\n","protected":false},"featured_media":2003242,"template":"","meta":{"neve_meta_sidebar":"","neve_meta_container":"","neve_meta_enable_content_width":"","neve_meta_content_width":0,"neve_meta_title_alignment":"","neve_meta_author_avatar":"","neve_post_elements_order":"","neve_meta_disable_header":"","neve_meta_disable_footer":"","neve_meta_disable_title":""},"product_cat":[107,6],"product_tag":[],"_links":{"self":[{"href":"https:\/\/romfilatelia.ro\/magazin\/wp-json\/wp\/v2\/product\/2001298"}],"collection":[{"href":"https:\/\/romfilatelia.ro\/magazin\/wp-json\/wp\/v2\/product"}],"about":[{"href":"https:\/\/romfilatelia.ro\/magazin\/wp-json\/wp\/v2\/types\/product"}],"wp:featuredmedia":[{"embeddable":true,"href":"https:\/\/romfilatelia.ro\/magazin\/wp-json\/wp\/v2\/media\/2003242"}],"wp:attachment":[{"href":"https:\/\/romfilatelia.ro\/magazin\/wp-json\/wp\/v2\/media?parent=2001298"}],"wp:term":[{"taxonomy":"product_cat","embeddable":true,"href":"https:\/\/romfilatelia.ro\/magazin\/wp-json\/wp\/v2\/product_cat?post=2001298"},{"taxonomy":"product_tag","embeddable":true,"href":"https:\/\/romfilatelia.ro\/magazin\/wp-json\/wp\/v2\/product_tag?post=2001298"}],"curies":[{"name":"wp","href":"https:\/\/api.w.org\/{rel}","templated":true}]}}