{"id":2001296,"date":"2011-06-30T16:58:21","date_gmt":"2011-06-30T16:58:21","guid":{"rendered":"http:\/\/romfilatelia.ro\/store\/2011\/06\/30\/flori-de-piersic-flora-ii\/"},"modified":"2016-08-04T14:36:00","modified_gmt":"2016-08-04T14:36:00","slug":"flori-de-piersic-flora-ii","status":"publish","type":"product","link":"https:\/\/romfilatelia.ro\/magazin\/produs\/colectii-anuale\/2011\/flori-de-piersic-flora-ii\/","title":{"rendered":"FLORI DE PIERSIC (Flor\u00e3 II)"},"content":{"rendered":"<p><a href=\"https:\/\/romfilatelia.ro\/magazin\/wp-content\/uploads\/2011\/06\/Piersic_fl2_M.jpg\"><img decoding=\"async\" loading=\"lazy\" class=\"alignleft wp-image-2003262 size-thumbnail\" src=\"https:\/\/romfilatelia.ro\/magazin\/wp-content\/uploads\/2011\/06\/Piersic_fl2_M-150x150.jpg\" alt=\"mod2\" width=\"150\" height=\"150\" srcset=\"https:\/\/romfilatelia.ro\/magazin\/wp-content\/uploads\/2011\/06\/Piersic_fl2_M-150x150.jpg 150w, https:\/\/romfilatelia.ro\/magazin\/wp-content\/uploads\/2011\/06\/Piersic_fl2_M-250x250.jpg 250w, https:\/\/romfilatelia.ro\/magazin\/wp-content\/uploads\/2011\/06\/Piersic_fl2_M-100x100.jpg 100w, https:\/\/romfilatelia.ro\/magazin\/wp-content\/uploads\/2011\/06\/Piersic_fl2_M-53x53.jpg 53w, https:\/\/romfilatelia.ro\/magazin\/wp-content\/uploads\/2011\/06\/Piersic_fl2_M-85x85.jpg 85w, https:\/\/romfilatelia.ro\/magazin\/wp-content\/uploads\/2011\/06\/Piersic_fl2_M-380x380.jpg 380w, https:\/\/romfilatelia.ro\/magazin\/wp-content\/uploads\/2011\/06\/Piersic_fl2_M-285x285.jpg 285w\" sizes=\"(max-width: 150px) 100vw, 150px\" \/><\/a> Pentru colec\u0163ionarii de m\u00e3rci po\u015ftale pasiona\u0163i de tematica Flor\u00e3, Romfilatelia introduce \u00een circula\u0163ie o nou\u00e3 emisiune intitulat\u00e3 Flori de piersic.<br \/>\nM\u00e3rcile po\u015ftale ale emisiunii vor fi prezente la a 27-a Edi\u0163ie a Expozi\u0163iei Mondiale de Timbre din Asia (China), unde Romfilatelia a fost invitat\u00e3 s\u00e3 participe al\u00e3turi de \u0163\u00e3ri din Asia \u015fi din zona nonasiatic\u00e3,\u00een scopul promov\u00e3rii proiectului filatelic interna\u0163ional dedicat tematicii amintite.<br \/>\nPiersicul (Prunus persica) este un pom fructifer, din familia Rosaceae, care poate atinge 8 metri \u00een\u00e3l\u0163ime, are crengi relativ drepte, cu pu\u0163ine ramifica\u0163ii. Florile sale au un diametru cuprins \u00eentre 2,5 &#8211; 3,5 cm; au forma unei cupole, iar culoarea este trandafirie p\u00e2n\u00e3 la alb. Fructele sunt acoperite cu peri, au o form\u00e3 sferic\u00e3, iar nuan\u0163ele de culoare variaz\u00e3 de la verde deschis la galben \u015fi ro\u015fiatic.<br \/>\nPiersicul este originar din China, el fiind men\u0163ionat, ca fruct preferat al \u00eemp\u00e3ra\u0163ilor chinezi, \u00een unele manuscrise din secolul al X-lea \u00ee. Hr. Se mai cultiva \u00een Persia \u015fi China.<br \/>\nCel care a adus piersicul \u00een Europa a fost Alexandru Macedon, supranumit \u015fi Alexandru cel Mare (356 &#8211; 323 \u00ee. Hr.), dup\u00e3 campania de cucerire a Persiei (anul 331 \u00ee. Hr.), iar mult mai t\u00e2rziu exploratorii spanioli l-au adus \u00een America.<br \/>\n\u00cen secolul al XVII-lea, la curtea regilor Fran\u0163ei \u015fi Angliei, piersica era considerat\u00e3 o delicates\u00e3. \u00cen str\u00e3vechea \u015ftiin\u0163\u00e3 chinezeasc\u00e3 Feng Shui, care studiaz\u00e3 mediul \u00eenconjur\u00e3tor \u015fi modul \u00een care acesta ne influen\u0163eaz\u00e3 s\u00e3n\u00e3tatea, prosperitatea \u015fi armonia, florii de piersic i se acord\u00e3 un rol deosebit. Ea este privit\u00e3 ca un simbol tradi\u0163ional pentru s\u00e3n\u00e3tate, longevitate \u015fi nemurire.<br \/>\nColec\u0163ionarii pasiona\u0163i vor al\u00e3tura m\u00e3rcile po\u015ftale ale acestei emisiuni celor emise \u00een luna martie 2011, cu tematica \u201eBujori\u201c. Pentru colec\u0163ionarii de m\u00e3rci po\u015ftale pasiona\u0163i de tematica Flor\u00e3, Romfilatelia introduce \u00een circula\u0163ie o nou\u00e3 emisiune intitulat\u00e3 Flori de piersic.<br \/>\nM\u00e3rcile po\u015ftale ale emisiunii vor fi prezente la a 27-a Edi\u0163ie a Expozi\u0163iei Mondiale de Timbre din Asia (China), unde Romfilatelia a fost invitat\u00e3 s\u00e3 participe al\u00e3turi de \u0163\u00e3ri din Asia \u015fi din zona nonasiatic\u00e3,\u00een scopul promov\u00e3rii proiectului filatelic interna\u0163ional dedicat tematicii amintite.<br \/>\nPiersicul (Prunus persica) este un pom fructifer, din familia Rosaceae, care poate atinge 8 metri \u00een\u00e3l\u0163ime, are crengi relativ drepte, cu pu\u0163ine ramifica\u0163ii. Florile sale au un diametru cuprins \u00eentre 2,5 &#8211; 3,5 cm; au forma unei cupole, iar culoarea este trandafirie p\u00e2n\u00e3 la alb. Fructele sunt acoperite cu peri, au o form\u00e3 sferic\u00e3, iar nuan\u0163ele de culoare variaz\u00e3 de la verde deschis la galben \u015fi ro\u015fiatic.<br \/>\nPiersicul este originar din China, el fiind men\u0163ionat, ca fruct preferat al \u00eemp\u00e3ra\u0163ilor chinezi, \u00een unele manuscrise din secolul al X-lea \u00ee. Hr. Se mai cultiva \u00een Persia \u015fi China.<br \/>\nCel care a adus piersicul \u00een Europa a fost Alexandru Macedon, supranumit \u015fi Alexandru cel Mare (356 &#8211; 323 \u00ee. Hr.), dup\u00e3 campania de cucerire a Persiei (anul 331 \u00ee. Hr.), iar mult mai t\u00e2rziu exploratorii spanioli l-au adus \u00een America.<br \/>\n\u00cen secolul al XVII-lea, la curtea regilor Fran\u0163ei \u015fi Angliei, piersica era considerat\u00e3 o delicates\u00e3. \u00cen str\u00e3vechea \u015ftiin\u0163\u00e3 chinezeasc\u00e3 Feng Shui, care studiaz\u00e3 mediul \u00eenconjur\u00e3tor \u015fi modul \u00een care acesta ne influen\u0163eaz\u00e3 s\u00e3n\u00e3tatea, prosperitatea \u015fi armonia, florii de piersic i se acord\u00e3 un rol deosebit. Ea este privit\u00e3 ca un simbol tradi\u0163ional pentru s\u00e3n\u00e3tate, longevitate \u015fi nemurire.<br \/>\nColec\u0163ionarii pasiona\u0163i vor al\u00e3tura m\u00e3rcile po\u015ftale ale acestei emisiuni celor emise \u00een luna martie 2011, cu tematica \u201eBujori\u201c.<\/p>\n<p>Data Aparitie:2011-06-30<\/p>\n<p><a href=\"https:\/\/romfilatelia.ro\/magazin\/wp-content\/uploads\/2011\/06\/Piersic_fl2_box.jpg\"><img decoding=\"async\" loading=\"lazy\" class=\"wp-image-2003263 size-full aligncenter\" src=\"https:\/\/romfilatelia.ro\/magazin\/wp-content\/uploads\/2011\/06\/Piersic_fl2_box.jpg\" alt=\"Piersic_fl2_box\" width=\"750\" height=\"725\" srcset=\"https:\/\/romfilatelia.ro\/magazin\/wp-content\/uploads\/2011\/06\/Piersic_fl2_box.jpg 750w, https:\/\/romfilatelia.ro\/magazin\/wp-content\/uploads\/2011\/06\/Piersic_fl2_box-500x483.jpg 500w, https:\/\/romfilatelia.ro\/magazin\/wp-content\/uploads\/2011\/06\/Piersic_fl2_box-64x62.jpg 64w, https:\/\/romfilatelia.ro\/magazin\/wp-content\/uploads\/2011\/06\/Piersic_fl2_box-300x290.jpg 300w\" sizes=\"(max-width: 750px) 100vw, 750px\" \/><\/a><\/p>\n","protected":false},"excerpt":{"rendered":"<p>Pentru colec\u0163ionarii de m\u00e3rci po\u015ftale pasiona\u0163i de tematica Flor\u00e3, Romfilatelia introduce \u00een circula\u0163ie o nou\u00e3 emisiune intitulat\u00e3 Flori de piersic. M\u00e3rcile po\u015ftale ale emisiunii vor fi prezente la a 27-a Edi\u0163ie a Expozi\u0163iei Mondiale de Timbre din Asia (China), unde Romfilatelia a fost invitat\u00e3 s\u00e3 participe al\u00e3turi de \u0163\u00e3ri din Asia \u015fi din zona nonasiatic\u00e3,\u00een&hellip;&nbsp;<a href=\"https:\/\/romfilatelia.ro\/magazin\/produs\/colectii-anuale\/2011\/flori-de-piersic-flora-ii\/\" class=\"\" rel=\"bookmark\">Cite\u0219te mai mult &raquo;<span class=\"screen-reader-text\">FLORI DE PIERSIC (Flor\u00e3 II)<\/span><\/a><\/p>\n","protected":false},"featured_media":2003262,"template":"","meta":{"neve_meta_sidebar":"","neve_meta_container":"","neve_meta_enable_content_width":"","neve_meta_content_width":0,"neve_meta_title_alignment":"","neve_meta_author_avatar":"","neve_post_elements_order":"","neve_meta_disable_header":"","neve_meta_disable_footer":"","neve_meta_disable_title":""},"product_cat":[107,6],"product_tag":[],"_links":{"self":[{"href":"https:\/\/romfilatelia.ro\/magazin\/wp-json\/wp\/v2\/product\/2001296"}],"collection":[{"href":"https:\/\/romfilatelia.ro\/magazin\/wp-json\/wp\/v2\/product"}],"about":[{"href":"https:\/\/romfilatelia.ro\/magazin\/wp-json\/wp\/v2\/types\/product"}],"wp:featuredmedia":[{"embeddable":true,"href":"https:\/\/romfilatelia.ro\/magazin\/wp-json\/wp\/v2\/media\/2003262"}],"wp:attachment":[{"href":"https:\/\/romfilatelia.ro\/magazin\/wp-json\/wp\/v2\/media?parent=2001296"}],"wp:term":[{"taxonomy":"product_cat","embeddable":true,"href":"https:\/\/romfilatelia.ro\/magazin\/wp-json\/wp\/v2\/product_cat?post=2001296"},{"taxonomy":"product_tag","embeddable":true,"href":"https:\/\/romfilatelia.ro\/magazin\/wp-json\/wp\/v2\/product_tag?post=2001296"}],"curies":[{"name":"wp","href":"https:\/\/api.w.org\/{rel}","templated":true}]}}