{"id":2001293,"date":"2011-06-01T16:55:53","date_gmt":"2011-06-01T16:55:53","guid":{"rendered":"http:\/\/romfilatelia.ro\/store\/2011\/06\/01\/circ\/"},"modified":"2016-08-04T14:17:10","modified_gmt":"2016-08-04T14:17:10","slug":"circ","status":"publish","type":"product","link":"https:\/\/romfilatelia.ro\/magazin\/produs\/colectii-anuale\/2011\/circ\/","title":{"rendered":"CIRC"},"content":{"rendered":"<p><a href=\"https:\/\/romfilatelia.ro\/magazin\/wp-content\/uploads\/2011\/05\/circ_M.jpg\"><img decoding=\"async\" loading=\"lazy\" class=\"alignleft wp-image-2003283 size-medium\" src=\"https:\/\/romfilatelia.ro\/magazin\/wp-content\/uploads\/2011\/05\/circ_M-300x220.jpg\" alt=\"circ_M\" width=\"300\" height=\"220\" srcset=\"https:\/\/romfilatelia.ro\/magazin\/wp-content\/uploads\/2011\/05\/circ_M-300x220.jpg 300w, https:\/\/romfilatelia.ro\/magazin\/wp-content\/uploads\/2011\/05\/circ_M-500x367.jpg 500w, https:\/\/romfilatelia.ro\/magazin\/wp-content\/uploads\/2011\/05\/circ_M-64x47.jpg 64w, https:\/\/romfilatelia.ro\/magazin\/wp-content\/uploads\/2011\/05\/circ_M.jpg 600w\" sizes=\"(max-width: 300px) 100vw, 300px\" \/><\/a>\u00cen perioada de glorie a Imperiului Roman, circul a reprezentat una dintre cele mai accesibile \u015fi \u00eendr\u00e3gite forme de divertisment. Modul de existen\u0163\u00e3 \u015fi organizarea activit\u00e3\u0163ilor reunite sub denumirea de circ poart\u00e3 amprenta definitorie a temperamentului diferitelor popoare \u015fi continente.<br \/>\n\u00cen Roma Antic\u00e3, \u201ecircus\u201c, \u00eensemn\u00e2nd cerc sau inel, definea spa\u0163iile cu aceast\u00e3 form\u00e3 \u00een care se desf\u00e3\u015furau manifest\u00e3ri specifice acelor vremuri: solda\u0163i care se \u00eentreceau \u00een a-\u015fi demonstra calit\u00e3\u0163ile de mari lupt\u00e3tori, dresaj de animale etc.<br \/>\nDup\u00e3 c\u00e3derea Imperiului Roman, circul a fost prezent mai departe, \u00een Europa, datorit\u00e3 grupurilor organizate de actori, care erau prezen\u0163i cu spectacolele lor, mai ales la b\u00e2lciurile din ora\u015fe. \u00cen Saxonia Evului Mediu, oamenii vedeau \u00een ace\u015fti nomazi \u015fi o important\u00e3 surs\u00e3 care putea oferi informa\u0163ii despre ce se \u00eent\u00e2mpla \u00een lume, deoarece arti\u015ftii de strad\u00e3 c\u00e2ntau, spuneau pove\u015fti \u015fi, de cele mai multe ori, aduceau \u015ftiri din celelalte ora\u015fe. Dup\u00e3 invazia normanzilor, \u00een lumea circarilor saxoni a ap\u00e3rut jonglerul care, pentru \u00eenceput, a sc\u00e3zut din popularitatea menestrelilor. Ulterior, actorii de circ au \u00eenv\u00e3\u0163at s\u00e3 combine stilurile de reprezenta\u0163ii \u015fi s\u00e3 \u00ee\u015fi \u00eemp\u00e3rt\u00e3\u015feasc\u00e3 trucurile de \u00eendem\u00e2nare.<br \/>\nIstoria circului rom\u00e2nesc \u00eencepe cu anul 1874 la Bucure\u015fti, c\u00e2nd ia fiin\u0163\u00e3 primul circ autohton Circul Sidoli, pe locul actualei Ber\u00e3rii Gambrinus \u00eenfiin\u0163at\u00e3 de I.L. Caragiale.<br \/>\nArta circului rom\u00e2nesc, \u00een continu\u00e3 transformare \u015fi modernizare \u00eencep\u00e2nd cu anul 1954 cunoa\u015fte o nou\u00e3 \u015fi vizibil\u00e3 transformare. Prin achizi\u0163ionarea Circului Krateyl de c\u00e3tre stat, s-au pus bazele Circului de Stat, iar cl\u00e3direa acestuia din Bucure\u015fti, construit\u00e3 \u00een 1961, era una din cele mai mari din Europa la acea vreme, g\u00e3zduind spectacole de mare anvergur\u00e3.<br \/>\nPerioada dintre 1960 \u015fi 1970 a fost benefic\u00e3 dezvolt\u00e3rii artei acrobatice, a jongleriei \u015fi implicit a spectacolului de circ. Arti\u015ftii jongleri rom\u00e2ni s-au remarcat pe scenele multor \u0163\u00e3ri manifest\u00e2ndu-se ca talenta\u0163i acroba\u0163i, echilibri\u015fti, iluzioni\u015fti, foarte aprecia\u0163i de spectatori.<br \/>\nM\u00e3rcile po\u015ftale ale emisiunii Circ, pe care Romfilatelia o introduce \u00een circula\u0163ie, reproduc imagini care ilustreaz\u00e3 atmosfera specific\u00e3 unor spectacole de circ, menite s\u00e3 \u00eentre\u0163in\u00e3 o atmosfer\u00e3 de voie bun\u00e3 \u015fi divertisment.<\/p>\n<p>Data Aparitie:2011-06-01<\/p>\n<p><a href=\"https:\/\/romfilatelia.ro\/magazin\/wp-content\/uploads\/2011\/05\/circ_box.jpg\"><img decoding=\"async\" loading=\"lazy\" class=\"wp-image-2003284 size-full aligncenter\" src=\"https:\/\/romfilatelia.ro\/magazin\/wp-content\/uploads\/2011\/05\/circ_box.jpg\" alt=\"circ_box\" width=\"750\" height=\"658\" srcset=\"https:\/\/romfilatelia.ro\/magazin\/wp-content\/uploads\/2011\/05\/circ_box.jpg 750w, https:\/\/romfilatelia.ro\/magazin\/wp-content\/uploads\/2011\/05\/circ_box-500x439.jpg 500w, https:\/\/romfilatelia.ro\/magazin\/wp-content\/uploads\/2011\/05\/circ_box-64x56.jpg 64w, https:\/\/romfilatelia.ro\/magazin\/wp-content\/uploads\/2011\/05\/circ_box-300x263.jpg 300w\" sizes=\"(max-width: 750px) 100vw, 750px\" \/><\/a><\/p>\n","protected":false},"excerpt":{"rendered":"<p>\u00cen perioada de glorie a Imperiului Roman, circul a reprezentat una dintre cele mai accesibile \u015fi \u00eendr\u00e3gite forme de divertisment. Modul de existen\u0163\u00e3 \u015fi organizarea activit\u00e3\u0163ilor reunite sub denumirea de circ poart\u00e3 amprenta definitorie a temperamentului diferitelor popoare \u015fi continente. \u00cen Roma Antic\u00e3, \u201ecircus\u201c, \u00eensemn\u00e2nd cerc sau inel, definea spa\u0163iile cu aceast\u00e3 form\u00e3 \u00een care&hellip;&nbsp;<a href=\"https:\/\/romfilatelia.ro\/magazin\/produs\/colectii-anuale\/2011\/circ\/\" class=\"\" rel=\"bookmark\">Cite\u0219te mai mult &raquo;<span class=\"screen-reader-text\">CIRC<\/span><\/a><\/p>\n","protected":false},"featured_media":2003283,"template":"","meta":{"neve_meta_sidebar":"","neve_meta_container":"","neve_meta_enable_content_width":"","neve_meta_content_width":0,"neve_meta_title_alignment":"","neve_meta_author_avatar":"","neve_post_elements_order":"","neve_meta_disable_header":"","neve_meta_disable_footer":"","neve_meta_disable_title":""},"product_cat":[107,6],"product_tag":[],"_links":{"self":[{"href":"https:\/\/romfilatelia.ro\/magazin\/wp-json\/wp\/v2\/product\/2001293"}],"collection":[{"href":"https:\/\/romfilatelia.ro\/magazin\/wp-json\/wp\/v2\/product"}],"about":[{"href":"https:\/\/romfilatelia.ro\/magazin\/wp-json\/wp\/v2\/types\/product"}],"wp:featuredmedia":[{"embeddable":true,"href":"https:\/\/romfilatelia.ro\/magazin\/wp-json\/wp\/v2\/media\/2003283"}],"wp:attachment":[{"href":"https:\/\/romfilatelia.ro\/magazin\/wp-json\/wp\/v2\/media?parent=2001293"}],"wp:term":[{"taxonomy":"product_cat","embeddable":true,"href":"https:\/\/romfilatelia.ro\/magazin\/wp-json\/wp\/v2\/product_cat?post=2001293"},{"taxonomy":"product_tag","embeddable":true,"href":"https:\/\/romfilatelia.ro\/magazin\/wp-json\/wp\/v2\/product_tag?post=2001293"}],"curies":[{"name":"wp","href":"https:\/\/api.w.org\/{rel}","templated":true}]}}