{"id":2001292,"date":"2011-05-09T16:55:34","date_gmt":"2011-05-09T16:55:34","guid":{"rendered":"http:\/\/romfilatelia.ro\/store\/2011\/05\/09\/cosmos-2011\/"},"modified":"2016-08-04T14:00:24","modified_gmt":"2016-08-04T14:00:24","slug":"cosmos-2011","status":"publish","type":"product","link":"https:\/\/romfilatelia.ro\/magazin\/produs\/colectii-anuale\/2011\/cosmos-2011\/","title":{"rendered":"COSMOS 2011"},"content":{"rendered":"<p><a href=\"https:\/\/romfilatelia.ro\/magazin\/wp-content\/uploads\/2011\/05\/Cosmos_2011_M.jpg\"><img decoding=\"async\" loading=\"lazy\" class=\"alignleft wp-image-2003290 size-medium\" src=\"https:\/\/romfilatelia.ro\/magazin\/wp-content\/uploads\/2011\/05\/Cosmos_2011_M-267x300.jpg\" alt=\"Print\" width=\"267\" height=\"300\" srcset=\"https:\/\/romfilatelia.ro\/magazin\/wp-content\/uploads\/2011\/05\/Cosmos_2011_M-267x300.jpg 267w, https:\/\/romfilatelia.ro\/magazin\/wp-content\/uploads\/2011\/05\/Cosmos_2011_M-500x563.jpg 500w, https:\/\/romfilatelia.ro\/magazin\/wp-content\/uploads\/2011\/05\/Cosmos_2011_M-64x72.jpg 64w, https:\/\/romfilatelia.ro\/magazin\/wp-content\/uploads\/2011\/05\/Cosmos_2011_M.jpg 533w\" sizes=\"(max-width: 267px) 100vw, 267px\" \/><\/a> Cu ocazia \u00eemplinirii a 50 de ani de la zborul primului om \u00een Cosmos (Iuri Gagarin), a 30 de ani de la zborul primului rom\u00e2n \u00een Cosmos (Dumitru Dorin Prunariu) \u015fi a 50 de ani de la prima sesiunea COPUOS (Comitetul ONU pentru Utilizarea Pa\u015fnic\u00e3 a Spa\u0163iului Extra-atmosferic), Romfilatelia introduce \u00een circula\u0163ie emisiunea de m\u00e3rci po\u015ftale intitulat\u00e3 COSMOS 2011.<br \/>\nPe timbrul cu valoarea nominal\u00e3 de 3,00 lei este reprodus\u00e3 imaginea lui Dumitru Dorin Prunariu, primul cosmonaut rom\u00e2n.<br \/>\nDumitru Dorin Prunariu a fost primul rom\u00e2n care a participat la un zbor spa\u0163ial (misiunea Soiuz 40), \u00een cadrul programului Intercosmos, la bordul sta\u0163iei Saliut 6 (14-22 mai 1981).<br \/>\nAl\u00e3turi de cosmonautul rus Leonid Ivanovici Popov, Dumitru Dorin Prunariu a realizat mai multe experimente \u015ftiin\u0163ifice, \u00eentre acestea \u00eenscriindu-se \u015fi un important studiu al c\u00e2mpului magnetic terestru.<br \/>\nPe timbrul cu valoarea nominal\u00e3 de 4,70 lei este reprodus\u00e3 imaginea cosmonautului rus Iuri Gagarin (1934-1968).<br \/>\n\u00cen anul 1961, \u00een a 12-a zi a lunii aprilie, cosmonautul Iuri Gagarin, la bordul capsulei Vostok 1, a fost primul om care a efectuat un zbor orbital \u00een spa\u0163iul extra-atmosferic.<br \/>\n\u00cen urm\u00e3 cu 50 de ani, Comitetul ONU pentru Utilizarea Pa\u015fnic\u00e3 a Spa\u0163iului Extra-atmosferic (COPUOS) a avut prima sa Sesiune.<br \/>\nTimbrul coli\u0163ei emisiunii cu valoarea nominal\u00e3 de 8,70 lei, reproduce imaginea globului p\u00e3m\u00e2ntesc v\u00e3zut\u00e3 din spa\u0163iul cosmic, la care se adaug\u00e3 textul explicativ al evenimentului aniversar: 50 de ani \u2013 Prima Sesiune COPUOS.<br \/>\nComitetul a fost creat de c\u00e3tre Adunarea General\u00e3 a ONU \u00een anul 1959 av\u00e2nd drept scop armonizarea cooper\u00e3rii interna\u0163ionale \u00een domeniul utiliz\u00e3rii pa\u015fnice a spa\u0163iului extra-atmosferic.<br \/>\nRom\u00e2nia este membru fondator al acestui Comitet, \u00eenscris\u00e3 \u00een COPUOS din anul 1959.<br \/>\nDrept recunoa\u015ftere a activit\u00e3\u0163ii \u015fi implic\u00e3rii Rom\u00e2niei \u00een acest domeniu, \u00een perioada iunie 2010 &#8211; iunie 2012, \u0163ara noastr\u00e3 de\u0163ine pre\u015fedin\u0163ia COPUOS, pre\u015fedinte fiind ales cosmonautul rom\u00e2n Dumitru Dorin Prunariu.<br \/>\n\u00cen perioada 9-12 mai 2011, Academia Interna\u0163ional\u00e3 de Astronautic\u00e3 organizeaz\u00e3 la Bucure\u015fti al doilea Congres ce are ca tem\u00e3 protejarea planetei \u00eempotriva impacturilor asteroizilor \u015fi cometelor, Congresul de Ap\u00e3rare Planetar\u00e3 IAA 2011 &#8211; De la Amenin\u0163are la Ac\u0163iune.<\/p>\n<p>Pentru consultan\u0163a documentar\u00e3 \u015fi imaginile oferite la realizarea acestei emisiuni de m\u00e3rci po\u015ftale, aducem mul\u0163umiri Agen\u0163iei Spa\u0163iale Rom\u00e2ne, primului cosmonaut rom\u00e2n dl. Dumitru Dorin Prunariu, Organiza\u0163iei Na\u0163iunilor Unite, Misiunii Permanente a Rom\u00e2niei pe l\u00e2ng\u00e3 Na\u0163iunile Unite, Ambasadei Federa\u0163iei Ruse la Bucure\u015fti, Autorit\u00e3\u0163ii Emitente de Timbre Po\u015ftale din Federa\u0163ia Rus\u00e3 \u2013 MARKA, c\u00e2t \u015fi familiei cosmonautului rus Iuri Gagarin.<br \/>\nData Aparitie:2011-05-09<\/p>\n<p><a href=\"https:\/\/romfilatelia.ro\/magazin\/wp-content\/uploads\/2011\/05\/Cosmos_2011_box.jpg\"><img decoding=\"async\" loading=\"lazy\" class=\"wp-image-2003291 size-full aligncenter\" src=\"https:\/\/romfilatelia.ro\/magazin\/wp-content\/uploads\/2011\/05\/Cosmos_2011_box.jpg\" alt=\"Cosmos_2011_box\" width=\"741\" height=\"750\" srcset=\"https:\/\/romfilatelia.ro\/magazin\/wp-content\/uploads\/2011\/05\/Cosmos_2011_box.jpg 741w, https:\/\/romfilatelia.ro\/magazin\/wp-content\/uploads\/2011\/05\/Cosmos_2011_box-100x100.jpg 100w, https:\/\/romfilatelia.ro\/magazin\/wp-content\/uploads\/2011\/05\/Cosmos_2011_box-500x506.jpg 500w, https:\/\/romfilatelia.ro\/magazin\/wp-content\/uploads\/2011\/05\/Cosmos_2011_box-64x65.jpg 64w, https:\/\/romfilatelia.ro\/magazin\/wp-content\/uploads\/2011\/05\/Cosmos_2011_box-296x300.jpg 296w, https:\/\/romfilatelia.ro\/magazin\/wp-content\/uploads\/2011\/05\/Cosmos_2011_box-53x53.jpg 53w, https:\/\/romfilatelia.ro\/magazin\/wp-content\/uploads\/2011\/05\/Cosmos_2011_box-85x85.jpg 85w\" sizes=\"(max-width: 741px) 100vw, 741px\" \/><\/a><\/p>\n","protected":false},"excerpt":{"rendered":"<p>Cu ocazia \u00eemplinirii a 50 de ani de la zborul primului om \u00een Cosmos (Iuri Gagarin), a 30 de ani de la zborul primului rom\u00e2n \u00een Cosmos (Dumitru Dorin Prunariu) \u015fi a 50 de ani de la prima sesiunea COPUOS (Comitetul ONU pentru Utilizarea Pa\u015fnic\u00e3 a Spa\u0163iului Extra-atmosferic), Romfilatelia introduce \u00een circula\u0163ie emisiunea de m\u00e3rci&hellip;&nbsp;<a href=\"https:\/\/romfilatelia.ro\/magazin\/produs\/colectii-anuale\/2011\/cosmos-2011\/\" class=\"\" rel=\"bookmark\">Cite\u0219te mai mult &raquo;<span class=\"screen-reader-text\">COSMOS 2011<\/span><\/a><\/p>\n","protected":false},"featured_media":2003290,"template":"","meta":{"neve_meta_sidebar":"","neve_meta_container":"","neve_meta_enable_content_width":"","neve_meta_content_width":0,"neve_meta_title_alignment":"","neve_meta_author_avatar":"","neve_post_elements_order":"","neve_meta_disable_header":"","neve_meta_disable_footer":"","neve_meta_disable_title":""},"product_cat":[107,6],"product_tag":[],"_links":{"self":[{"href":"https:\/\/romfilatelia.ro\/magazin\/wp-json\/wp\/v2\/product\/2001292"}],"collection":[{"href":"https:\/\/romfilatelia.ro\/magazin\/wp-json\/wp\/v2\/product"}],"about":[{"href":"https:\/\/romfilatelia.ro\/magazin\/wp-json\/wp\/v2\/types\/product"}],"wp:featuredmedia":[{"embeddable":true,"href":"https:\/\/romfilatelia.ro\/magazin\/wp-json\/wp\/v2\/media\/2003290"}],"wp:attachment":[{"href":"https:\/\/romfilatelia.ro\/magazin\/wp-json\/wp\/v2\/media?parent=2001292"}],"wp:term":[{"taxonomy":"product_cat","embeddable":true,"href":"https:\/\/romfilatelia.ro\/magazin\/wp-json\/wp\/v2\/product_cat?post=2001292"},{"taxonomy":"product_tag","embeddable":true,"href":"https:\/\/romfilatelia.ro\/magazin\/wp-json\/wp\/v2\/product_tag?post=2001292"}],"curies":[{"name":"wp","href":"https:\/\/api.w.org\/{rel}","templated":true}]}}