{"id":2001290,"date":"2011-04-27T16:53:52","date_gmt":"2011-04-27T16:53:52","guid":{"rendered":"http:\/\/romfilatelia.ro\/store\/2011\/04\/27\/europa-2011-paduri\/"},"modified":"2016-08-04T13:48:48","modified_gmt":"2016-08-04T13:48:48","slug":"europa-2011-paduri","status":"publish","type":"product","link":"https:\/\/romfilatelia.ro\/magazin\/produs\/colectii-anuale\/2011\/europa-2011-paduri\/","title":{"rendered":"Europa 2011 &#8211; P\u00c3DURI"},"content":{"rendered":"<p><a href=\"https:\/\/romfilatelia.ro\/magazin\/wp-content\/uploads\/2011\/04\/europa_2011_paduri_M.jpg\"><img decoding=\"async\" loading=\"lazy\" class=\"alignleft wp-image-2003301 size-medium\" src=\"https:\/\/romfilatelia.ro\/magazin\/wp-content\/uploads\/2011\/04\/europa_2011_paduri_M-250x300.jpg\" alt=\"europa_2011_paduri_M\" width=\"250\" height=\"300\" srcset=\"https:\/\/romfilatelia.ro\/magazin\/wp-content\/uploads\/2011\/04\/europa_2011_paduri_M-250x300.jpg 250w, https:\/\/romfilatelia.ro\/magazin\/wp-content\/uploads\/2011\/04\/europa_2011_paduri_M-64x77.jpg 64w, https:\/\/romfilatelia.ro\/magazin\/wp-content\/uploads\/2011\/04\/europa_2011_paduri_M-333x400.jpg 333w, https:\/\/romfilatelia.ro\/magazin\/wp-content\/uploads\/2011\/04\/europa_2011_paduri_M.jpg 499w\" sizes=\"(max-width: 250px) 100vw, 250px\" \/><\/a> Ca \u00een fiecare an, Romfilatelia introduce \u00een circula\u0163ie emisiunea de m\u00e3rci po\u015ftale EUROPA, tematica stabilit\u00e3 anul acesta de PostEurop fiind P\u00e3duri.<br \/>\nSubiectul emisiunii se \u00eenscrie benefic \u00een lista tematicii evenimentelor desf\u00e3\u015furate \u00een cadrul manifest\u00e3rilor dedicate Anului Interna\u0163ional al P\u00e3durilor 2011, declarat de Adunarea General\u00e3 a ONU.<br \/>\nP\u00e3durile, ecosistem care armonizeaz\u00e3 un mediu vegetal complet, \u00eent\u00e2lnit ca o mare diversitate de specii de arbori \u015fi plante, cu vie\u0163uirea a numeroase specii apar\u0163in\u00e2nd a ceea ce denumim generic \u201efaun\u00e3\u201c, reprezint\u00e3 \u00een acela\u015fi timp un factor de prim rang \u00een ceea ce prive\u015fte clima.<br \/>\nAdev\u00e3rat \u201epl\u00e3m\u00e2n\u201c al Terrei, p\u00e3durile asigur\u00e3 circuitul carbonului \u00een natur\u00e3, re\u0163in\u00e2nd, \u00een cadrul procesului de fotosintez\u00e3, bioxidul de carbon \u015fi eliber\u00e2nd unul din elementele vitale, oxigenul.<br \/>\nFenomenul \u00eenc\u00e3lzirii globale, urmare a modific\u00e3rii nivelului radia\u0163iei solare, datorat\u00e3 \u00een principal polu\u00e3rii masive cu bioxid de carbon &#8211; care produce \u201eefectul de ser\u00e3\u201c- este periculos amplificat de modificarea covorului vegetal \u015fi de defri\u015farea necontrolat\u00e3.<br \/>\n\u0218tiin\u0163ific, previziunile pentru o cre\u015ftere cu 2\u00b0C a temperaturii medii indic\u00e3, al\u00e3turi de fenomene meteorologice grave, o cre\u015ftere a nivelului m\u00e3rilor \u015fi oceanelor cu 18 p\u00e2n\u00e3 la circa 60 cm.<br \/>\nModific\u00e3rile climatice ar putea afecta \u00een mod deosebit resursele de ap\u00e3, agricultura, ecosistemele terestre \u015fi acvatice, zonele costiere, la care trebuie s\u00e3 mai ad\u00e3ug\u00e3m influen\u0163ele negative asupra vie\u0163ii \u015fi s\u00e3n\u00e3t\u00e3\u0163ii oamenilor.<br \/>\n\u00cen consecin\u0163\u00e3, oprirea defri\u015f\u00e3rilor pe plan mondial, p\u00e2n\u00e3 \u00een anul 2020, s-ar \u00eenscrie ca una dintre cele mai eficiente m\u00e3suri pentru limitarea \u015fi diminuarea \u201eefectului de ser\u00e3\u201c.<br \/>\nRom\u00e2nia, \u00een prezent o \u0163ar\u00e3 relativ s\u00e3rac\u00e3 \u00een p\u00e3duri, are un procent de \u00eemp\u00e3durire de aproximativ 27%, dup\u00e3 ce \u00een urm\u00e3 cu dou\u00e3 secole avea \u00een jur de 60%. Pentru compara\u0163ie, trebuie s\u00e3 amintim c\u00e3 procentul de \u00eemp\u00e3durire este pentru Slovenia de 63%, Austria 47%, Bosnia 43%, Slovacia 41%, iar media Uniunii Europene este de 42%.<br \/>\n\u00cencerc\u00e2nd s\u00e3 pun\u00e3 cap\u00e3t desp\u00e3duririlor necontrolate, Ministerul Mediului \u015fi P\u00e3durilor din Rom\u00e2nia, al\u00e3turi de Romsilva, desf\u00e3\u015foar\u00e3 Programul Na\u0163ional \u201eLuna Plant\u00e3rilor de Arbori\u201c, program menit s\u00e3 revigoreze \u015fi s\u00e3 regenereze p\u00e3durile rom\u00e2ne\u015fti.<br \/>\n\u00cen cadrul aceluia\u015fi Program, se urm\u00e3re\u015fte \u015fi \u00eemp\u00e3durirea a mii de hectare din zonele de c\u00e2mpie, unde pe multe terenuri nu mai au loc lucr\u00e3ri agricole sau \u00een zonele \u00een care se produc frecvent alunec\u00e3ri de teren.<\/p>\n<p>Aducem mul\u0163umiri Ministerului Mediului \u015fi P\u00e3durilor precum \u015fi Regiei Na\u0163ionale a P\u00e3durilor &#8211; Romsilva pentru consultan\u0163a documentar\u00e3 \u015fi imaginile oferite pentru realizarea acestei emisiuni de m\u00e3rci po\u015ftale.<br \/>\nData Aparitie:2011-04-27<\/p>\n<p><a href=\"https:\/\/romfilatelia.ro\/magazin\/wp-content\/uploads\/2011\/04\/europa_2011_paduri_box.jpg\"><img decoding=\"async\" loading=\"lazy\" class=\"wp-image-2003302 size-full aligncenter\" src=\"https:\/\/romfilatelia.ro\/magazin\/wp-content\/uploads\/2011\/04\/europa_2011_paduri_box.jpg\" alt=\"europa_2011_paduri_box\" width=\"750\" height=\"646\" srcset=\"https:\/\/romfilatelia.ro\/magazin\/wp-content\/uploads\/2011\/04\/europa_2011_paduri_box.jpg 750w, https:\/\/romfilatelia.ro\/magazin\/wp-content\/uploads\/2011\/04\/europa_2011_paduri_box-500x431.jpg 500w, https:\/\/romfilatelia.ro\/magazin\/wp-content\/uploads\/2011\/04\/europa_2011_paduri_box-64x55.jpg 64w, https:\/\/romfilatelia.ro\/magazin\/wp-content\/uploads\/2011\/04\/europa_2011_paduri_box-300x258.jpg 300w\" sizes=\"(max-width: 750px) 100vw, 750px\" \/><\/a><\/p>\n","protected":false},"excerpt":{"rendered":"<p>Ca \u00een fiecare an, Romfilatelia introduce \u00een circula\u0163ie emisiunea de m\u00e3rci po\u015ftale EUROPA, tematica stabilit\u00e3 anul acesta de PostEurop fiind P\u00e3duri. Subiectul emisiunii se \u00eenscrie benefic \u00een lista tematicii evenimentelor desf\u00e3\u015furate \u00een cadrul manifest\u00e3rilor dedicate Anului Interna\u0163ional al P\u00e3durilor 2011, declarat de Adunarea General\u00e3 a ONU. P\u00e3durile, ecosistem care armonizeaz\u00e3 un mediu vegetal complet, \u00eent\u00e2lnit&hellip;&nbsp;<a href=\"https:\/\/romfilatelia.ro\/magazin\/produs\/colectii-anuale\/2011\/europa-2011-paduri\/\" class=\"\" rel=\"bookmark\">Cite\u0219te mai mult &raquo;<span class=\"screen-reader-text\">Europa 2011 &#8211; P\u00c3DURI<\/span><\/a><\/p>\n","protected":false},"featured_media":2003301,"template":"","meta":{"neve_meta_sidebar":"","neve_meta_container":"","neve_meta_enable_content_width":"","neve_meta_content_width":0,"neve_meta_title_alignment":"","neve_meta_author_avatar":"","neve_post_elements_order":"","neve_meta_disable_header":"","neve_meta_disable_footer":"","neve_meta_disable_title":""},"product_cat":[107,6],"product_tag":[],"_links":{"self":[{"href":"https:\/\/romfilatelia.ro\/magazin\/wp-json\/wp\/v2\/product\/2001290"}],"collection":[{"href":"https:\/\/romfilatelia.ro\/magazin\/wp-json\/wp\/v2\/product"}],"about":[{"href":"https:\/\/romfilatelia.ro\/magazin\/wp-json\/wp\/v2\/types\/product"}],"wp:featuredmedia":[{"embeddable":true,"href":"https:\/\/romfilatelia.ro\/magazin\/wp-json\/wp\/v2\/media\/2003301"}],"wp:attachment":[{"href":"https:\/\/romfilatelia.ro\/magazin\/wp-json\/wp\/v2\/media?parent=2001290"}],"wp:term":[{"taxonomy":"product_cat","embeddable":true,"href":"https:\/\/romfilatelia.ro\/magazin\/wp-json\/wp\/v2\/product_cat?post=2001290"},{"taxonomy":"product_tag","embeddable":true,"href":"https:\/\/romfilatelia.ro\/magazin\/wp-json\/wp\/v2\/product_tag?post=2001290"}],"curies":[{"name":"wp","href":"https:\/\/api.w.org\/{rel}","templated":true}]}}