{"id":2001289,"date":"2011-04-26T16:53:11","date_gmt":"2011-04-26T16:53:11","guid":{"rendered":"http:\/\/romfilatelia.ro\/store\/2011\/04\/26\/palatul-parlamentului\/"},"modified":"2016-08-04T13:43:14","modified_gmt":"2016-08-04T13:43:14","slug":"palatul-parlamentului","status":"publish","type":"product","link":"https:\/\/romfilatelia.ro\/magazin\/produs\/colectii-anuale\/2011\/palatul-parlamentului\/","title":{"rendered":"PALATUL PARLAMENTULUI"},"content":{"rendered":"<p><a href=\"https:\/\/romfilatelia.ro\/magazin\/wp-content\/uploads\/2011\/04\/pal_parlam_M.jpg\"><img decoding=\"async\" loading=\"lazy\" class=\"alignleft wp-image-2003308 size-medium\" src=\"https:\/\/romfilatelia.ro\/magazin\/wp-content\/uploads\/2011\/04\/pal_parlam_M-217x300.jpg\" alt=\"Print\" width=\"217\" height=\"300\" srcset=\"https:\/\/romfilatelia.ro\/magazin\/wp-content\/uploads\/2011\/04\/pal_parlam_M-217x300.jpg 217w, https:\/\/romfilatelia.ro\/magazin\/wp-content\/uploads\/2011\/04\/pal_parlam_M-64x88.jpg 64w, https:\/\/romfilatelia.ro\/magazin\/wp-content\/uploads\/2011\/04\/pal_parlam_M-289x400.jpg 289w, https:\/\/romfilatelia.ro\/magazin\/wp-content\/uploads\/2011\/04\/pal_parlam_M.jpg 434w\" sizes=\"(max-width: 217px) 100vw, 217px\" \/><\/a> Palatul Parlamentului din Bucure\u015fti se \u00eenscrie \u00een Cartea Recordurilor ca fiind a doua cl\u00e3dire din lume ca m\u00e3rime.<br \/>\nRemarc\u00e2ndu-se ca apar\u0163in\u00e2nd unui nou brand al Capitalei Rom\u00e2niei, imaginile giganticei construc\u0163ii \u015fi ale unora din \u00eenc\u00e3perile sale se reg\u00e3sesc \u00eentr-o emisiune de m\u00e3rci po\u015ftale pe care Romfilatelia o introduce \u00een circula\u0163ie, \u00een premier\u00e3, sub titlul Palatul Parlamentului.<br \/>\nCl\u00e3direa Parlamentului, \u00eenscris\u00e3 \u00eentr-o suprafa\u0163\u00e3 cu laturile de 270 m pe 245 m, are 86 m \u00een\u00e3l\u0163ime \u015fi 92 m de funda\u0163ii \u015fi subterane amenajate, fiind socotit\u00e3 cea mai scump\u00e3 cl\u00e3dire administrativ\u00e3, dar \u015fi cea mai grea din lume.<br \/>\nLucr\u00e3rile la una din cele mai impun\u00e3toare cl\u00e3diri din lume au \u00eenceput \u00een 1983, dar ceremonia punerii pietrei de temelie a avut loc \u00een luna iunie a anului 1984. La construc\u0163ie au participat peste 20.000 de muncitori \u015fi speciali\u015fti.<br \/>\nLocul ales pentru amplasamentul giganticei construc\u0163ii a fost Dealul Arsenalului, configura\u0163ie natural\u00e3 cu o \u00een\u00e3l\u0163ime ini\u0163ial\u00e3 de 18 m. Partea m\u00e3rginit\u00e3 de Bulevardul Libert\u00e3\u0163ii a fost \u00een\u00e3l\u0163at\u00e3 de constructori.<br \/>\nLucr\u00e3rile, \u00eentrerupte temporar dup\u00e3 decembrie 1989, au fost reluate, edificiul fiind nominalizat ini\u0163ial sub denumirea de Casa Republicii, mai apoi devenind un simbol al democra\u0163iei sub denumirea de Palatul Parlamentului, sediu pentru Camera Deputa\u0163ilor \u015fi Senatul Rom\u00e2niei.<br \/>\nO hot\u00e3r\u00e2re a Parlamentului din mai 1994, a avut drept consecin\u0163\u00e3 \u00eenfiin\u0163area Centrului Interna\u0163ional de Conferin\u0163e, care a g\u00e3zduit prima mare manifestare: lucr\u00e3rile Forumului Crans Montana.<br \/>\nCel mai mare edificiu din Europa, Palatul Parlamentului are o suprafa\u0163\u00e3 desf\u00e3\u015furat\u00e3 de 365.000 mp \u015fi aproximativ 1.000 de \u00eenc\u00e3peri din care 440 sunt birouri, 30 s\u00e3li \u015fi saloane, patru restaurante, trei biblioteci, o sal\u00e3 de concerte \u015fi dou\u00e3 parc\u00e3ri subterane.<br \/>\nDenumirile s\u00e3lilor \u015fi saloanelor Palatului Parlamentului evoc\u00e3 at\u00e2t evenimente importante din istoria Rom\u00e2niei, c\u00e2t \u015fi personalit\u00e3\u0163i rom\u00e2ne\u015fti de talie interna\u0163ional\u00e3.<br \/>\nTrebuie remarcat faptul c\u00e3 absolut toate materialele folosite la construc\u0163ia Palatului, inclusiv esen\u0163ele de lemn, candelabrele, covoarele \u015fi pielea, au provenien\u0163\u00e3 rom\u00e2neasc\u00e3.<br \/>\nCele mai impozante s\u00e3li ale Palatului Parlamentului sunt Sala Drepturilor Omului, Sala Nicolae B\u00e3lcescu, Sala Nicolae Iorga, Sala A. I. Cuza, Sala Ion C. Br\u00e3tianu, Sala Tache Ionescu, Sala Unirii, Sala C. A. Rosetti, Sala Nicolae Titulescu.<br \/>\nAst\u00e3zi, la mai bine de un sfert de veac de c\u00e2nd a \u00eenceput construc\u0163ia sa, Palatul Parlamentului a devenit nu numai o emblem\u00e3 a Bucure\u015ftiului, dar \u015fi un punct de reper pe harta simbolurilor capitalelor statelor lumii.<br \/>\nData Aparitie:2011-04-26<\/p>\n<p><a href=\"https:\/\/romfilatelia.ro\/magazin\/wp-content\/uploads\/2011\/04\/pal_parlam_box.jpg\"><img decoding=\"async\" loading=\"lazy\" class=\"wp-image-2003309 size-full aligncenter\" src=\"https:\/\/romfilatelia.ro\/magazin\/wp-content\/uploads\/2011\/04\/pal_parlam_box.jpg\" alt=\"pal_parlam_box\" width=\"750\" height=\"596\" srcset=\"https:\/\/romfilatelia.ro\/magazin\/wp-content\/uploads\/2011\/04\/pal_parlam_box.jpg 750w, https:\/\/romfilatelia.ro\/magazin\/wp-content\/uploads\/2011\/04\/pal_parlam_box-500x397.jpg 500w, https:\/\/romfilatelia.ro\/magazin\/wp-content\/uploads\/2011\/04\/pal_parlam_box-64x51.jpg 64w, https:\/\/romfilatelia.ro\/magazin\/wp-content\/uploads\/2011\/04\/pal_parlam_box-300x238.jpg 300w\" sizes=\"(max-width: 750px) 100vw, 750px\" \/><\/a><\/p>\n","protected":false},"excerpt":{"rendered":"<p>Palatul Parlamentului din Bucure\u015fti se \u00eenscrie \u00een Cartea Recordurilor ca fiind a doua cl\u00e3dire din lume ca m\u00e3rime. Remarc\u00e2ndu-se ca apar\u0163in\u00e2nd unui nou brand al Capitalei Rom\u00e2niei, imaginile giganticei construc\u0163ii \u015fi ale unora din \u00eenc\u00e3perile sale se reg\u00e3sesc \u00eentr-o emisiune de m\u00e3rci po\u015ftale pe care Romfilatelia o introduce \u00een circula\u0163ie, \u00een premier\u00e3, sub titlul Palatul&hellip;&nbsp;<a href=\"https:\/\/romfilatelia.ro\/magazin\/produs\/colectii-anuale\/2011\/palatul-parlamentului\/\" class=\"\" rel=\"bookmark\">Cite\u0219te mai mult &raquo;<span class=\"screen-reader-text\">PALATUL PARLAMENTULUI<\/span><\/a><\/p>\n","protected":false},"featured_media":2003308,"template":"","meta":{"neve_meta_sidebar":"","neve_meta_container":"","neve_meta_enable_content_width":"","neve_meta_content_width":0,"neve_meta_title_alignment":"","neve_meta_author_avatar":"","neve_post_elements_order":"","neve_meta_disable_header":"","neve_meta_disable_footer":"","neve_meta_disable_title":""},"product_cat":[107,6],"product_tag":[],"_links":{"self":[{"href":"https:\/\/romfilatelia.ro\/magazin\/wp-json\/wp\/v2\/product\/2001289"}],"collection":[{"href":"https:\/\/romfilatelia.ro\/magazin\/wp-json\/wp\/v2\/product"}],"about":[{"href":"https:\/\/romfilatelia.ro\/magazin\/wp-json\/wp\/v2\/types\/product"}],"wp:featuredmedia":[{"embeddable":true,"href":"https:\/\/romfilatelia.ro\/magazin\/wp-json\/wp\/v2\/media\/2003308"}],"wp:attachment":[{"href":"https:\/\/romfilatelia.ro\/magazin\/wp-json\/wp\/v2\/media?parent=2001289"}],"wp:term":[{"taxonomy":"product_cat","embeddable":true,"href":"https:\/\/romfilatelia.ro\/magazin\/wp-json\/wp\/v2\/product_cat?post=2001289"},{"taxonomy":"product_tag","embeddable":true,"href":"https:\/\/romfilatelia.ro\/magazin\/wp-json\/wp\/v2\/product_tag?post=2001289"}],"curies":[{"name":"wp","href":"https:\/\/api.w.org\/{rel}","templated":true}]}}