{"id":2001288,"date":"2011-04-12T16:51:36","date_gmt":"2011-04-12T16:51:36","guid":{"rendered":"http:\/\/romfilatelia.ro\/store\/2011\/04\/12\/fluturi\/"},"modified":"2016-08-04T13:21:08","modified_gmt":"2016-08-04T13:21:08","slug":"fluturi","status":"publish","type":"product","link":"https:\/\/romfilatelia.ro\/magazin\/produs\/colectii-anuale\/2011\/fluturi\/","title":{"rendered":"FLUTURI"},"content":{"rendered":"<p><a href=\"https:\/\/romfilatelia.ro\/magazin\/wp-content\/uploads\/2011\/04\/fluturi_M.jpg\"><img decoding=\"async\" loading=\"lazy\" class=\"alignleft wp-image-2003312 size-medium\" src=\"https:\/\/romfilatelia.ro\/magazin\/wp-content\/uploads\/2011\/04\/fluturi_M-252x300.jpg\" alt=\"fluturi_M\" width=\"252\" height=\"300\" \/><\/a> Fluturii, care constituie Ordinul Lepidopterelor, sunt insectele cu aripi membranoase acoperite cu solzi microscopici (lipid = solz; pteron = arip\u00e3), viu colora\u0163i. De la stadiul de larv\u00e3 sau omid\u00e3 se transform\u00e3 \u00een nimf\u00e3 sau crisalid\u00e3, iar apoi \u00een fluture. Durata lor de via\u0163\u00e3 difer\u00e3 de la o specie la alta, tr\u00e3iesc fie o lun\u00e3 sau dou\u00e3, c\u00e2teva ore sau chiar un an. Dup\u00e3 timpul c\u00e2nd se hr\u00e3nesc sunt diurni \u015fi nocturni \u015fi difer\u00e3 at\u00e2t prin modul lor de via\u0163\u00e3 c\u00e2t \u015fi prin aspectul lor.<br \/>\nEmisiunea de m\u00e3rci po\u015ftale Fluturi, pe care Romfilatelia o introduce \u00een circula\u0163ie, prezint\u00e3 speciile: Mahaonul, Coada r\u00e2ndunicii, Fluturele montan Apollo, Fluturele ochi de p\u00e3un, Fluturele cap de cobr\u00e3, Fluturele morpho albastru \u015fi Fluturele transparent.<br \/>\nFluturele montan Apollo (Parnassius apollo) este ilustrat pe timbrul cu valoarea nominal\u00e3 de 0,50 lei. Este un fluture foarte frumos cu anvergura aripilor de 70-95 mm. Tr\u00e3ie\u015fte \u00een mun\u0163ii \u00eenal\u0163i p\u00e2n\u00e3 la altitudinea de 6000 m.<br \/>\nMahaonul, Coada r\u00e2ndunicii \u015fi Fluturele montan Apollo fac parte din Familia Papilionidae.<br \/>\nFluturele transparent (Greta oto) este ilustrat pe timbrul cu valoarea nominal\u00e3 de 0,60 lei. Denumirea a fost dat\u00e3 \u00een onoarea marii actri\u0163e americane de origine suedez\u00e3 &#8211; Greta Garbo, de c\u00e3tre primii entomologi care l-au descris.<br \/>\nFluturele are aripile transparente, micile vene de pe aripi f\u00e3c\u00e2ndu-l s\u00e3 apar\u00e3 precum sticla colorat\u00e3. Aria sa de r\u00e3sp\u00e2ndire cuprinde Mexicul \u015fi celelalte state ale Americii Centrale.<br \/>\nFluturele morpho albastru (Morpho nestira) este ilustrat pe timbrul cu valoarea nominal\u00e3 de 2,40 lei. Este un fluture de dimensiuni considerabile, deschiderea aripilor sale fiind de aproximativ de 180 mm.<br \/>\nAdul\u0163ii se hr\u00e3nesc ziua, cu sucul plantelor \u015fi fructelor, \u00een timp ce larvele se hr\u00e3nesc cu plante \u015fi doar pe timpul nop\u0163ii. \u00cel \u00eent\u00e2lnim mai ales \u00een America Central\u00e3 \u015fi de Sud.<br \/>\nMahaonul (Papilio machaon) este ilustrat pe timbrul cu valoarea nominal\u00e3 de 3,00 lei. Anvergura aripilor este de 70-90 mm. \u00cel \u00eent\u00e2lnim pe o arie larg\u00e3 de r\u00e3sp\u00e2ndire care porne\u015fte din vestul Europei p\u00e2n\u00e3 \u00een Japonia.<br \/>\nFluturele cap de cobr\u00e3 (Attacus atlas) este ilustrat pe timbrul cu valoarea nominal\u00e3 de 4,50 lei. Este considerat ca fiind cel mai mare fluture din Familia Saturnidae, av\u00e2nd anvergura aripilor de 270-280 mm. Este \u00eent\u00e2lnit \u00een Asia de Sud \u015fi insulele Indoneziei.<br \/>\nFluturele ochi de p\u00e3un (Inachis io) este ilustrat pe timbrul cu valoarea nominal\u00e3 de 5,00 lei \u015fi face parte din Familia Nymphalidae. Este un fluture mare, de zi, cu desen \u201eochi de p\u00e3un\u201c pe ambele aripi. Speciali\u015ftii \u00eel consider\u00e3 ca fiind cel mai frumos fluture din \u0163ara noastr\u00e3.<br \/>\nCoada r\u00e2ndunicii (Iphiclides podalirius) este ilustrat pe timbrul coli\u0163ei cu valoarea nominal\u00e3 de 8,10 lei. Are anvergura aripilor de 70-90 mm. Larvele acestui fluture tr\u00e3iesc pe pomi fructiferi.<\/p>\n<p>Aducem mul\u0163umiri Muzeului Na\u0163ional de Istorie Natural\u00e3 \u201eGrigore Antipa\u201d pentru consultan\u0163a documentar\u00e3 acordat\u00e3 la realizarea acestei emisiuni de m\u00e3rci po\u015ftale.<\/p>\n<p>Data Aparitie:2011-04-12<\/p>\n<p><a href=\"https:\/\/romfilatelia.ro\/magazin\/wp-content\/uploads\/2011\/04\/fluturi_box.jpg\"><img decoding=\"async\" loading=\"lazy\" class=\"wp-image-2003313 size-full aligncenter\" src=\"https:\/\/romfilatelia.ro\/magazin\/wp-content\/uploads\/2011\/04\/fluturi_box.jpg\" alt=\"fluturi_box\" width=\"750\" height=\"658\" srcset=\"https:\/\/romfilatelia.ro\/magazin\/wp-content\/uploads\/2011\/04\/fluturi_box.jpg 750w, https:\/\/romfilatelia.ro\/magazin\/wp-content\/uploads\/2011\/04\/fluturi_box-500x439.jpg 500w, https:\/\/romfilatelia.ro\/magazin\/wp-content\/uploads\/2011\/04\/fluturi_box-64x56.jpg 64w, https:\/\/romfilatelia.ro\/magazin\/wp-content\/uploads\/2011\/04\/fluturi_box-300x263.jpg 300w\" sizes=\"(max-width: 750px) 100vw, 750px\" \/><\/a><\/p>\n","protected":false},"excerpt":{"rendered":"<p>Fluturii, care constituie Ordinul Lepidopterelor, sunt insectele cu aripi membranoase acoperite cu solzi microscopici (lipid = solz; pteron = arip\u00e3), viu colora\u0163i. De la stadiul de larv\u00e3 sau omid\u00e3 se transform\u00e3 \u00een nimf\u00e3 sau crisalid\u00e3, iar apoi \u00een fluture. Durata lor de via\u0163\u00e3 difer\u00e3 de la o specie la alta, tr\u00e3iesc fie o lun\u00e3 sau&hellip;&nbsp;<a href=\"https:\/\/romfilatelia.ro\/magazin\/produs\/colectii-anuale\/2011\/fluturi\/\" class=\"\" rel=\"bookmark\">Cite\u0219te mai mult &raquo;<span class=\"screen-reader-text\">FLUTURI<\/span><\/a><\/p>\n","protected":false},"featured_media":2003312,"template":"","meta":{"neve_meta_sidebar":"","neve_meta_container":"","neve_meta_enable_content_width":"","neve_meta_content_width":0,"neve_meta_title_alignment":"","neve_meta_author_avatar":"","neve_post_elements_order":"","neve_meta_disable_header":"","neve_meta_disable_footer":"","neve_meta_disable_title":""},"product_cat":[107,6],"product_tag":[],"_links":{"self":[{"href":"https:\/\/romfilatelia.ro\/magazin\/wp-json\/wp\/v2\/product\/2001288"}],"collection":[{"href":"https:\/\/romfilatelia.ro\/magazin\/wp-json\/wp\/v2\/product"}],"about":[{"href":"https:\/\/romfilatelia.ro\/magazin\/wp-json\/wp\/v2\/types\/product"}],"wp:featuredmedia":[{"embeddable":true,"href":"https:\/\/romfilatelia.ro\/magazin\/wp-json\/wp\/v2\/media\/2003312"}],"wp:attachment":[{"href":"https:\/\/romfilatelia.ro\/magazin\/wp-json\/wp\/v2\/media?parent=2001288"}],"wp:term":[{"taxonomy":"product_cat","embeddable":true,"href":"https:\/\/romfilatelia.ro\/magazin\/wp-json\/wp\/v2\/product_cat?post=2001288"},{"taxonomy":"product_tag","embeddable":true,"href":"https:\/\/romfilatelia.ro\/magazin\/wp-json\/wp\/v2\/product_tag?post=2001288"}],"curies":[{"name":"wp","href":"https:\/\/api.w.org\/{rel}","templated":true}]}}