{"id":2001285,"date":"2011-03-14T16:50:18","date_gmt":"2011-03-14T16:50:18","guid":{"rendered":"http:\/\/romfilatelia.ro\/store\/2011\/03\/14\/ziua-mondiala-a-sindromului-down\/"},"modified":"2016-08-04T13:05:57","modified_gmt":"2016-08-04T13:05:57","slug":"ziua-mondiala-a-sindromului-down","status":"publish","type":"product","link":"https:\/\/romfilatelia.ro\/magazin\/produs\/colectii-anuale\/2011\/ziua-mondiala-a-sindromului-down\/","title":{"rendered":"ZIUA MONDIAL\u00c3 A SINDROMULUI DOWN"},"content":{"rendered":"<p><a href=\"https:\/\/romfilatelia.ro\/magazin\/wp-content\/uploads\/2011\/03\/Sind_Down_M.jpg\"><img decoding=\"async\" loading=\"lazy\" class=\"size-medium wp-image-2003338 alignleft\" src=\"https:\/\/romfilatelia.ro\/magazin\/wp-content\/uploads\/2011\/03\/Sind_Down_M-300x265.jpg\" alt=\"Sind_Down_M\" width=\"300\" height=\"265\" srcset=\"https:\/\/romfilatelia.ro\/magazin\/wp-content\/uploads\/2011\/03\/Sind_Down_M-300x265.jpg 300w, https:\/\/romfilatelia.ro\/magazin\/wp-content\/uploads\/2011\/03\/Sind_Down_M-500x442.jpg 500w, https:\/\/romfilatelia.ro\/magazin\/wp-content\/uploads\/2011\/03\/Sind_Down_M-64x57.jpg 64w, https:\/\/romfilatelia.ro\/magazin\/wp-content\/uploads\/2011\/03\/Sind_Down_M.jpg 600w\" sizes=\"(max-width: 300px) 100vw, 300px\" \/><\/a> \u00cen dorin\u0163a de a promova respectul \u015fi grija pentru persoanele cu Sindrom Down, Romfilatelia introduce \u00een circula\u0163ie emisiunea de m\u00e3rci po\u015ftale Ziua Mondial\u00e3 a Sindromului Down.<br \/>\nAcest proiect reprezint\u00e3 o premier\u00e3 filatelic\u00e3, fiind pentru prima oar\u00e3 c\u00e2nd aceast\u00e3 tematic\u00e3 face subiectul unei emisiuni de m\u00e3rci po\u015ftale.<br \/>\nSindromul Down este o boal\u00e3 genetic\u00e3 cromozomial\u00e3 ce afecteaz\u00e3 aproximativ unul din o mie de copii. Se presupune c\u00e3 au existat dintotdeauna persoane cu acest sindrom.<br \/>\nCel care a descris sindromul pentru prima oar\u00e3, \u00een anul 1866, a fost medicul britanic John Langdon Down.<br \/>\n\u00cen 1959, pediatrul \u015fi geneticianul francez J\u00e9r\u00f4me Lejeune a descoperit c\u00e3 Sindromul Down era cauzat de prezen\u0163a unui cromozom 21 suplimentar, rezult\u00e2nd astfel un num\u00e3r de 47 de cromozomi, fa\u0163\u00e3 de 46, c\u00e2t are un om \u00een mod normal. Astfel, perechea de cromozomi 21 con\u0163ine unul \u00een plus. Din aceast\u00e3 cauz\u00e3, Sindromul este cunoscut \u015fi sub denumirea de trisomia 21 sau mongolism.<br \/>\nGradul de dizabilitate difer\u00e3 de la o persoan\u00e3 la alta \u015fi este greu de apreciat, \u00een momentul na\u015fterii, cum va evolua manifestarea acestei boli \u00een viitor.<br \/>\nPersoanele cu Sindrom Down au tr\u00e3s\u00e3turi fizice \u015fi caracteristici distincte \u015fi, de\u015fi Sindromul Down este permanent, majoritatea celor afecta\u0163i, beneficiind de o \u00eengrijire adecvat\u00e3, pot duce o via\u0163\u00e3 normal\u00e3 \u015fi activ\u00e3.<br \/>\nAsocia\u0163ia Syndrome Down a organizat la Singapore pe 21 martie 2006, primele ac\u0163iuni care au atras aten\u0163ia asupra importan\u0163ei \u00een\u0163elegerii corecte a acestui sindrom. Simultan, evenimente similare au fost organizate la Geneva. 21 martie a fost, ulterior, declarat\u00e3 oficial Ziua Mondial\u00e3 a Sindromului Down.<br \/>\nDin anul 2008, Ziua Mondial\u00e3 a Sindromului Down este recunoscut\u00e3 \u015fi de Organiza\u0163ia Mondial\u00e3 a S\u00e3n\u00e3t\u00e3\u0163ii, institu\u0163ie specializat\u00e3 a Organiza\u0163iei Na\u0163iunilor Unite \u00een domeniul s\u00e3n\u00e3t\u00e3\u0163ii.<br \/>\nDin 2006, \u00een fiecare an, \u00een tot mai multe \u0163\u00e3ri de pe toate continentele, au loc pe 21 martie, ac\u0163iuni menite s\u00e3 con\u015ftientizeze publicul cu privire la Sindromul Down \u015fi s\u00e3 determine \u00een\u0163elegerea problemelor legate de acesta.<br \/>\nTotodat\u00e3, prin aceste evenimente se \u00eencearc\u00e3 o mobilizare a celorlal\u0163i \u00een a recunoa\u015fte demnitatea \u015fi drepturile, inclusiv cel la bun\u00e3stare, ale persoanelor cu Sindrom Down.<\/p>\n<p>Aducem mul\u0163umiri Ministerului S\u00e3n\u00e3t\u00e3\u0163ii, Institutului Na\u0163ional de S\u00e3n\u00e3tate Public\u00e3 \u015fi Down Syndrome International (DSI) pentru consultan\u0163a documentar\u00e3 acordat\u00e3 la realizarea acestei emisiuni de m\u00e3rci po\u015ftale.<\/p>\n<p>Data Aparitie:2011-03-14<\/p>\n<p><a href=\"https:\/\/romfilatelia.ro\/magazin\/wp-content\/uploads\/2011\/03\/Sind_Down_box.jpg\"><img decoding=\"async\" loading=\"lazy\" class=\"wp-image-2003339 size-full aligncenter\" src=\"https:\/\/romfilatelia.ro\/magazin\/wp-content\/uploads\/2011\/03\/Sind_Down_box.jpg\" alt=\"Sind_Down_box\" width=\"750\" height=\"654\" srcset=\"https:\/\/romfilatelia.ro\/magazin\/wp-content\/uploads\/2011\/03\/Sind_Down_box.jpg 750w, https:\/\/romfilatelia.ro\/magazin\/wp-content\/uploads\/2011\/03\/Sind_Down_box-500x436.jpg 500w, https:\/\/romfilatelia.ro\/magazin\/wp-content\/uploads\/2011\/03\/Sind_Down_box-64x56.jpg 64w, https:\/\/romfilatelia.ro\/magazin\/wp-content\/uploads\/2011\/03\/Sind_Down_box-300x262.jpg 300w\" sizes=\"(max-width: 750px) 100vw, 750px\" \/><\/a><\/p>\n","protected":false},"excerpt":{"rendered":"<p>\u00cen dorin\u0163a de a promova respectul \u015fi grija pentru persoanele cu Sindrom Down, Romfilatelia introduce \u00een circula\u0163ie emisiunea de m\u00e3rci po\u015ftale Ziua Mondial\u00e3 a Sindromului Down. Acest proiect reprezint\u00e3 o premier\u00e3 filatelic\u00e3, fiind pentru prima oar\u00e3 c\u00e2nd aceast\u00e3 tematic\u00e3 face subiectul unei emisiuni de m\u00e3rci po\u015ftale. Sindromul Down este o boal\u00e3 genetic\u00e3 cromozomial\u00e3 ce afecteaz\u00e3&hellip;&nbsp;<a href=\"https:\/\/romfilatelia.ro\/magazin\/produs\/colectii-anuale\/2011\/ziua-mondiala-a-sindromului-down\/\" class=\"\" rel=\"bookmark\">Cite\u0219te mai mult &raquo;<span class=\"screen-reader-text\">ZIUA MONDIAL\u00c3 A SINDROMULUI DOWN<\/span><\/a><\/p>\n","protected":false},"featured_media":2003338,"template":"","meta":{"neve_meta_sidebar":"","neve_meta_container":"","neve_meta_enable_content_width":"","neve_meta_content_width":0,"neve_meta_title_alignment":"","neve_meta_author_avatar":"","neve_post_elements_order":"","neve_meta_disable_header":"","neve_meta_disable_footer":"","neve_meta_disable_title":""},"product_cat":[107,6],"product_tag":[],"_links":{"self":[{"href":"https:\/\/romfilatelia.ro\/magazin\/wp-json\/wp\/v2\/product\/2001285"}],"collection":[{"href":"https:\/\/romfilatelia.ro\/magazin\/wp-json\/wp\/v2\/product"}],"about":[{"href":"https:\/\/romfilatelia.ro\/magazin\/wp-json\/wp\/v2\/types\/product"}],"wp:featuredmedia":[{"embeddable":true,"href":"https:\/\/romfilatelia.ro\/magazin\/wp-json\/wp\/v2\/media\/2003338"}],"wp:attachment":[{"href":"https:\/\/romfilatelia.ro\/magazin\/wp-json\/wp\/v2\/media?parent=2001285"}],"wp:term":[{"taxonomy":"product_cat","embeddable":true,"href":"https:\/\/romfilatelia.ro\/magazin\/wp-json\/wp\/v2\/product_cat?post=2001285"},{"taxonomy":"product_tag","embeddable":true,"href":"https:\/\/romfilatelia.ro\/magazin\/wp-json\/wp\/v2\/product_tag?post=2001285"}],"curies":[{"name":"wp","href":"https:\/\/api.w.org\/{rel}","templated":true}]}}