{"id":2001272,"date":"2010-09-05T16:31:00","date_gmt":"2010-09-05T16:31:00","guid":{"rendered":"http:\/\/romfilatelia.ro\/store\/2010\/09\/05\/banca-nationala-a-romaniei-130-de-ani-de-la-infiintare\/"},"modified":"2016-08-05T12:24:41","modified_gmt":"2016-08-05T12:24:41","slug":"banca-nationala-a-romaniei-130-de-ani-de-la-infiintare","status":"publish","type":"product","link":"https:\/\/romfilatelia.ro\/magazin\/produs\/colectii-anuale\/2010\/banca-nationala-a-romaniei-130-de-ani-de-la-infiintare\/","title":{"rendered":"BANCA NA\u021aIONAL\u00c3 A ROM\u00c2NIEI &#8211; 130 DE ANI DE LA \u00ceNFIIN\u021aARE"},"content":{"rendered":"<p><a href=\"https:\/\/romfilatelia.ro\/magazin\/wp-content\/uploads\/2010\/09\/BNR_130_M.jpg\"><img decoding=\"async\" loading=\"lazy\" class=\"size-medium wp-image-2003441 alignleft\" src=\"https:\/\/romfilatelia.ro\/magazin\/wp-content\/uploads\/2010\/09\/BNR_130_M-300x295.jpg\" alt=\"BNR_130_M\" width=\"300\" height=\"295\" \/><\/a> Aniversarea B\u00e3ncii Na\u0163ionale a Rom\u00e2niei din acest an, ofer\u00e3 Romfilateliei prilejul de a introduce \u00een circula\u0163ie o emisiune de m\u00e3rci po\u015ftale dedicat\u00e3 evenimentului.<br \/>\nBanca Na\u0163ional\u00e3 a Rom\u00e2niei a fost \u00eenfiin\u0163at\u00e3 \u00een anul 1880, prin Legea pentru \u00eenfiin\u0163area unei b\u00e3nci de scompt \u015fi circula\u0163iune, care a fost dezb\u00e3tut\u00e3 \u015fi votat\u00e3 \u00een Parlament (martie-aprilie), promulgat\u00e3 de c\u00e3tre principele Carol I (11\/23 aprilie) \u015fi apoi publicat\u00e3 \u00een \u201eMonitorul Oficial\u201c (17\/29 aprilie 1880).<br \/>\n\u00cen luna mai 1880, au fost publicate Statutele BNR, prin care erau reglementate cu stricte\u0163e opera\u0163iunile B\u00e3ncii Na\u0163ionale: emiterea de bilete, scontarea efectelor comerciale \u015fi a bonurilor de tezaur, comercializarea metalelor pre\u0163ioase, primirea de sume \u00een cont curent \u015fi titluri \u00een depozit. Conducerea institu\u0163iei a fost \u00eencredin\u0163at\u00e3 unui guvernator, ajutat de Consiliul de administra\u0163ie \u015fi Consiliul general. Ion I. C\u00e2mpineanu a fost cel care a de\u0163inut, pentru prima dat\u00e3, func\u0163ia de guvernator.<br \/>\n\u00cen toamna anului 1880, au fost puse \u00een circula\u0163ie primele bancnote ale BNR. Acestea erau de fapt vechile bilete ipotecare, emise \u00een anul 1877, c\u00e3rora le-a fost aplicat un supratipar cu \u00eensemnele B\u00e3ncii Na\u0163ionale \u015fi semn\u00e3turile guvernatorului, cenzorului delegat \u015fi casierului general. \u00cen anul urm\u00e3tor, au ap\u00e3rut primele bancnote imprimate \u00een propriile ateliere, av\u00e2nd valorile de 20, 100 \u015fi 1000 Lei.<br \/>\nP\u00e2n\u00e3 la izbucnirea Primului R\u00e3zboi Mondial, Banca Na\u0163ional\u00e3 a sprijinit permanent economia rom\u00e2neasc\u00e3 aflat\u00e3 la \u00eenceputul dezvolt\u00e3rii sale, pun\u00e2ndu-i la dispozi\u0163ie capitalul necesar pentru desf\u00e3\u015furarea activit\u00e3\u0163ilor specifice celor mai importante domenii.<br \/>\n\u00cen perioada 1916-1918, \u00een contextul situa\u0163iei dificile cauzat\u00e3 de pierderea propriului tezaur, Banca Na\u0163ional\u00e3 a ajutat din plin statul, \u00een vederea sus\u0163inerii efortului de r\u00e3zboi.<br \/>\nDup\u00e3 Marea Unire (1918), BNR \u015fi-a extins re\u0163eaua de sucursale \u015fi agen\u0163ii la nivelul \u00eentregului teritoriu na\u0163ional, capitalul autohton reu\u015find astfel s\u00e3 p\u00e3trund\u00e3 \u00een toate ramurile economiei. Chiar \u015fi \u00een condi\u0163iile Marii Crize Economice din anii 1929-1933, Banca Na\u0163ional\u00e3 \u015fi-a men\u0163inut pozi\u0163ia stabil\u00e3 reu\u015find astfel s\u00e3 sprijine \u00een permanen\u0163\u00e3 at\u00e2t statul, c\u00e2t \u015fi sectorul economic \u00een ansamblul s\u00e3u.<br \/>\nPreluarea puterii politice de c\u00e3tre comuni\u015fti la sf\u00e2r\u015fitul celui de-al Doilea R\u00e3zboi Mondial a condus la etatizarea B\u00e3ncii Na\u0163ionale, care \u015fi-a pierdut independen\u0163a \u015fi a devenit instrumentul prin care se realiza politica monetar\u00e3 \u015fi de credit a guvernului.<br \/>\n\u00cencep\u00e2nd cu anul 1990, Banca Na\u0163ional\u00e3 a Rom\u00e2niei \u015fi-a reluat treptat atribu\u0163iile sale fire\u015fti de banc\u00e3 central\u00e3 independent\u00e3. Procesul, deloc u\u015for \u0163in\u00e2nd cont de realit\u00e3\u0163ile sociale \u015fi economice din anii \u00b490, s-a manifestat cu o dinamic\u00e3 vizibil\u00e3 \u015fi sus\u0163inut\u00e3, astfel c\u00e3 ast\u00e3zi, la \u00eemplinirea a 130 de ani de la \u00eenfiin\u0163area sa, Banca Na\u0163ional\u00e3 a Rom\u00e2niei este o institu\u0163ie solid\u00e3, credibil\u00e3, conectat\u00e3 pe deplin at\u00e2t cu spa\u0163iul economic, social \u015fi cultural autohton, c\u00e2t \u015fi cu cel european.<br \/>\nCele dou\u00e3 m\u00e3rci po\u015ftale ale emisiunii ilustreaz\u00e3 imaginile recto-verso ale bancnotei de 100 de Lei.<\/p>\n<p>Aducem mul\u0163umirile noastre conducerii B\u00e3ncii Na\u0163ionale a Rom\u00e2niei pentru sprijinul acordat la realizarea acestei emisiuni de m\u00e3rci po\u015ftale.<\/p>\n<p>Data Aparitie:2010-09-05<\/p>\n<p><a href=\"https:\/\/romfilatelia.ro\/magazin\/wp-content\/uploads\/2010\/09\/BNR_130_box.jpg\"><img decoding=\"async\" loading=\"lazy\" class=\"wp-image-2003442 size-full aligncenter\" src=\"https:\/\/romfilatelia.ro\/magazin\/wp-content\/uploads\/2010\/09\/BNR_130_box.jpg\" alt=\"BNR_130_box\" width=\"750\" height=\"687\" srcset=\"https:\/\/romfilatelia.ro\/magazin\/wp-content\/uploads\/2010\/09\/BNR_130_box.jpg 750w, https:\/\/romfilatelia.ro\/magazin\/wp-content\/uploads\/2010\/09\/BNR_130_box-500x458.jpg 500w, https:\/\/romfilatelia.ro\/magazin\/wp-content\/uploads\/2010\/09\/BNR_130_box-64x59.jpg 64w, https:\/\/romfilatelia.ro\/magazin\/wp-content\/uploads\/2010\/09\/BNR_130_box-300x275.jpg 300w\" sizes=\"(max-width: 750px) 100vw, 750px\" \/><\/a><\/p>\n","protected":false},"excerpt":{"rendered":"<p>Aniversarea B\u00e3ncii Na\u0163ionale a Rom\u00e2niei din acest an, ofer\u00e3 Romfilateliei prilejul de a introduce \u00een circula\u0163ie o emisiune de m\u00e3rci po\u015ftale dedicat\u00e3 evenimentului. Banca Na\u0163ional\u00e3 a Rom\u00e2niei a fost \u00eenfiin\u0163at\u00e3 \u00een anul 1880, prin Legea pentru \u00eenfiin\u0163area unei b\u00e3nci de scompt \u015fi circula\u0163iune, care a fost dezb\u00e3tut\u00e3 \u015fi votat\u00e3 \u00een Parlament (martie-aprilie), promulgat\u00e3 de c\u00e3tre&hellip;&nbsp;<a href=\"https:\/\/romfilatelia.ro\/magazin\/produs\/colectii-anuale\/2010\/banca-nationala-a-romaniei-130-de-ani-de-la-infiintare\/\" class=\"\" rel=\"bookmark\">Cite\u0219te mai mult &raquo;<span class=\"screen-reader-text\">BANCA NA\u021aIONAL\u00c3 A ROM\u00c2NIEI &#8211; 130 DE ANI DE LA \u00ceNFIIN\u021aARE<\/span><\/a><\/p>\n","protected":false},"featured_media":2003441,"template":"","meta":{"neve_meta_sidebar":"","neve_meta_container":"","neve_meta_enable_content_width":"","neve_meta_content_width":0,"neve_meta_title_alignment":"","neve_meta_author_avatar":"","neve_post_elements_order":"","neve_meta_disable_header":"","neve_meta_disable_footer":"","neve_meta_disable_title":""},"product_cat":[108,6],"product_tag":[],"_links":{"self":[{"href":"https:\/\/romfilatelia.ro\/magazin\/wp-json\/wp\/v2\/product\/2001272"}],"collection":[{"href":"https:\/\/romfilatelia.ro\/magazin\/wp-json\/wp\/v2\/product"}],"about":[{"href":"https:\/\/romfilatelia.ro\/magazin\/wp-json\/wp\/v2\/types\/product"}],"wp:featuredmedia":[{"embeddable":true,"href":"https:\/\/romfilatelia.ro\/magazin\/wp-json\/wp\/v2\/media\/2003441"}],"wp:attachment":[{"href":"https:\/\/romfilatelia.ro\/magazin\/wp-json\/wp\/v2\/media?parent=2001272"}],"wp:term":[{"taxonomy":"product_cat","embeddable":true,"href":"https:\/\/romfilatelia.ro\/magazin\/wp-json\/wp\/v2\/product_cat?post=2001272"},{"taxonomy":"product_tag","embeddable":true,"href":"https:\/\/romfilatelia.ro\/magazin\/wp-json\/wp\/v2\/product_tag?post=2001272"}],"curies":[{"name":"wp","href":"https:\/\/api.w.org\/{rel}","templated":true}]}}