{"id":2001271,"date":"2010-08-14T16:30:21","date_gmt":"2010-08-14T16:30:21","guid":{"rendered":"http:\/\/romfilatelia.ro\/store\/2010\/08\/14\/emisiune-comuna-romania-argentina-lacuri-montane\/"},"modified":"2016-08-05T12:18:51","modified_gmt":"2016-08-05T12:18:51","slug":"emisiune-comuna-romania-argentina-lacuri-montane","status":"publish","type":"product","link":"https:\/\/romfilatelia.ro\/magazin\/produs\/colectii-anuale\/2010\/emisiune-comuna-romania-argentina-lacuri-montane\/","title":{"rendered":"Emisiune comun\u00e3 ROM\u00c2NIA &#8211; ARGENTINA \/ LACURI MONTANE"},"content":{"rendered":"<p><a href=\"https:\/\/romfilatelia.ro\/magazin\/wp-content\/uploads\/2010\/08\/rom_arg_lacuri_M.jpg\"><img decoding=\"async\" loading=\"lazy\" class=\"size-medium wp-image-2003454 alignleft\" src=\"https:\/\/romfilatelia.ro\/magazin\/wp-content\/uploads\/2010\/08\/rom_arg_lacuri_M-300x177.jpg\" alt=\"rom_arg_lacuri_M\" width=\"300\" height=\"177\" \/><\/a> \u00cen luna decembrie a anului 1930 s-au stabilit rela\u0163ii diplomatice \u00eentre Rom\u00e2nia \u015fi Argentina la nivel de lega\u0163ie. Rela\u0163iile dintre cele dou\u00e3 \u0163\u00e3ri au \u00eens\u00e3 o vechime mai mare, ele \u00eencep\u00e2nd cu anul 1880 \u015fi continu\u00e2nd cu deschiderea unui consulat onorific al Rom\u00e2niei la Buenos Aires \u00een anul 1900.<br \/>\n\u00cen acest an, cu ocazia \u00eemplinirii a 80 de ani de rela\u0163ii diplomatice, Romfilatelia introduce \u00een circula\u0163ie emisiunea comun\u00e3 de m\u00e3rci po\u015ftale Rom\u00e2nia &#8211; Argentina cu tema Lacuri montane.<br \/>\nPe l\u00e2ng\u00e3 tematica comun\u00e3 a emisiunii de timbre, un element inedit ce define\u015fte apropierea dintre cele dou\u00e3 na\u0163iuni \u00eel constituie personalitatea lui Iuliu Popper, explorator \u015fi cartograf rom\u00e2n. Acesta a organizat expedi\u0163ii \u00een Argentina, \u00een Tierra del Fuego (\u021aara de Foc), \u00een partea de sud a Patagoniei \u015fi Isla Grande (Insula Mare).<br \/>\nAproape zece ani el a explorat \u021aara de Foc, numeroase locuri descoperite primind denumiri rom\u00e2ne\u015fti: Rio Ureche, Rio Rosetti, Muntele Lahovary, Culmile Carmen Sylva, Cordiliera Carlos I de Rom\u00e2nia, Lacul Bro\u015fteni. Totodat\u00e3 Popper a inventat \u201eSecer\u00e3toarea de aur\u201c sau \u201ema\u015fina de sp\u00e3lat aur\u201c, inven\u0163ie brevetat\u00e3 \u00een multe \u0163\u00e3ri. A b\u00e3tut moned\u00e3 proprie (de 1 gr. \u015fi 5 gr. aur), a \u00eenfiin\u0163at oficii po\u015ftale, a realizat un timbru cu valoarea de 10 centavos cu un \u201eP\u201c mare de la Popper &#8211; o raritate \u00een lumea filatelic\u00e3 &#8211; toate acestea pe teritoriul Argentinei.<br \/>\nIuliu Popper, regele \u021a\u00e3rii de Foc, a fost supranumit de c\u00e3tre argentinieni \u201eConchistadorul rom\u00e2n al Patagoniei\u201c.<br \/>\nPentru ilustrarea emisiunii comune din 2010, cele dou\u00e3 \u0163\u00e3ri au ales Lacul B\u00e2lea din Rom\u00e2nia \u015fi Lacul Nahuel Huapi din Argentina.<br \/>\nLacul B\u00e2lea este situat \u00een Masivul F\u00e3g\u00e3ra\u015f din Carpa\u0163ii Meridionali. Se afl\u00e3 la altitudinea de 2.034 de m, la ad\u00e3postul unui prag glaciar. Este lung de 353 m \u015fi lat de 217 m.<br \/>\nLacul are ad\u00e2ncimea maxim\u00e3 de 11 m, iar temperatura lui este foarte sc\u00e3zut\u00e3.<br \/>\nLacul B\u00e2lea se afl\u00e3 pe traseul Transf\u00e3g\u00e3r\u00e3\u015fanului, cea mai lung\u00e3 \u015fosea alpin\u00e3 din Rom\u00e2nia, situat\u00e3 la peste 2.000 de m altitudine.<br \/>\nLacul Nahuel Huapi este situat la o altitudine de 750 metri \u015fi are o suprafa\u0163\u00e3 de 557 km2. Lungimea \u0163\u00e3rmului s\u00e3u este de peste 350 km, iar ad\u00e2ncimea maxim\u00e3 este de 480 de metri.<br \/>\nLacul face parte din Parcul Na\u0163ional Nahuel Huapi, situat la poalele Mun\u0163ilor Anzi. El este cel mai vechi Parc Na\u0163ional din Argentina, fiind \u00eenfiin\u0163at \u00een anul 1934. Se \u00eentinde pe aproximativ 7.050 km2 \u015fi ajunge p\u00e2n\u00e3 la grani\u0163a cu statul Chile.<br \/>\nCele dou\u00e3 m\u00e3rci po\u015ftale au valorile nominale 2,10 Lei (Lacul Nahuel Huapi &#8211; Argentina), respectiv 3,10 Lei (Lacul B\u00e2lea &#8211; Rom\u00e2nia).<br \/>\nRomfilatelia mul\u0163ume\u015fte domnului fotograf Victor Borta\u015f pentru imaginile puse la dispozi\u0163ie \u00een scopul realiz\u00e3rii acestei emisiuni.<\/p>\n<p>Data Aparitie:2010-08-14<\/p>\n<p><a href=\"https:\/\/romfilatelia.ro\/magazin\/wp-content\/uploads\/2010\/08\/rom_arg_lacuri_box.jpg\"><img decoding=\"async\" loading=\"lazy\" class=\"wp-image-2003453 size-full aligncenter\" src=\"https:\/\/romfilatelia.ro\/magazin\/wp-content\/uploads\/2010\/08\/rom_arg_lacuri_box.jpg\" alt=\"rom_arg_lacuri_box\" width=\"750\" height=\"706\" srcset=\"https:\/\/romfilatelia.ro\/magazin\/wp-content\/uploads\/2010\/08\/rom_arg_lacuri_box.jpg 750w, https:\/\/romfilatelia.ro\/magazin\/wp-content\/uploads\/2010\/08\/rom_arg_lacuri_box-500x471.jpg 500w, https:\/\/romfilatelia.ro\/magazin\/wp-content\/uploads\/2010\/08\/rom_arg_lacuri_box-64x60.jpg 64w, https:\/\/romfilatelia.ro\/magazin\/wp-content\/uploads\/2010\/08\/rom_arg_lacuri_box-300x282.jpg 300w\" sizes=\"(max-width: 750px) 100vw, 750px\" \/><\/a><\/p>\n","protected":false},"excerpt":{"rendered":"<p>\u00cen luna decembrie a anului 1930 s-au stabilit rela\u0163ii diplomatice \u00eentre Rom\u00e2nia \u015fi Argentina la nivel de lega\u0163ie. Rela\u0163iile dintre cele dou\u00e3 \u0163\u00e3ri au \u00eens\u00e3 o vechime mai mare, ele \u00eencep\u00e2nd cu anul 1880 \u015fi continu\u00e2nd cu deschiderea unui consulat onorific al Rom\u00e2niei la Buenos Aires \u00een anul 1900. \u00cen acest an, cu ocazia \u00eemplinirii&hellip;&nbsp;<a href=\"https:\/\/romfilatelia.ro\/magazin\/produs\/colectii-anuale\/2010\/emisiune-comuna-romania-argentina-lacuri-montane\/\" class=\"\" rel=\"bookmark\">Cite\u0219te mai mult &raquo;<span class=\"screen-reader-text\">Emisiune comun\u00e3 ROM\u00c2NIA &#8211; ARGENTINA \/ LACURI MONTANE<\/span><\/a><\/p>\n","protected":false},"featured_media":2003454,"template":"","meta":{"neve_meta_sidebar":"","neve_meta_container":"","neve_meta_enable_content_width":"","neve_meta_content_width":0,"neve_meta_title_alignment":"","neve_meta_author_avatar":"","neve_post_elements_order":"","neve_meta_disable_header":"","neve_meta_disable_footer":"","neve_meta_disable_title":""},"product_cat":[108,6],"product_tag":[],"_links":{"self":[{"href":"https:\/\/romfilatelia.ro\/magazin\/wp-json\/wp\/v2\/product\/2001271"}],"collection":[{"href":"https:\/\/romfilatelia.ro\/magazin\/wp-json\/wp\/v2\/product"}],"about":[{"href":"https:\/\/romfilatelia.ro\/magazin\/wp-json\/wp\/v2\/types\/product"}],"wp:featuredmedia":[{"embeddable":true,"href":"https:\/\/romfilatelia.ro\/magazin\/wp-json\/wp\/v2\/media\/2003454"}],"wp:attachment":[{"href":"https:\/\/romfilatelia.ro\/magazin\/wp-json\/wp\/v2\/media?parent=2001271"}],"wp:term":[{"taxonomy":"product_cat","embeddable":true,"href":"https:\/\/romfilatelia.ro\/magazin\/wp-json\/wp\/v2\/product_cat?post=2001271"},{"taxonomy":"product_tag","embeddable":true,"href":"https:\/\/romfilatelia.ro\/magazin\/wp-json\/wp\/v2\/product_tag?post=2001271"}],"curies":[{"name":"wp","href":"https:\/\/api.w.org\/{rel}","templated":true}]}}