{"id":2001270,"date":"2010-08-12T16:30:09","date_gmt":"2010-08-12T16:30:09","guid":{"rendered":"http:\/\/romfilatelia.ro\/store\/2010\/08\/12\/jocurile-olimpice-pentru-tineret-singapore-2010\/"},"modified":"2016-08-05T12:15:10","modified_gmt":"2016-08-05T12:15:10","slug":"jocurile-olimpice-pentru-tineret-singapore-2010","status":"publish","type":"product","link":"https:\/\/romfilatelia.ro\/magazin\/produs\/colectii-anuale\/2010\/jocurile-olimpice-pentru-tineret-singapore-2010\/","title":{"rendered":"JOCURILE OLIMPICE PENTRU TINERET &#8211; SINGAPORE 2010"},"content":{"rendered":"<p><a href=\"https:\/\/romfilatelia.ro\/magazin\/wp-content\/uploads\/2010\/08\/singapore_M.jpg\"><img decoding=\"async\" loading=\"lazy\" class=\"size-medium wp-image-2003461 alignleft\" src=\"https:\/\/romfilatelia.ro\/magazin\/wp-content\/uploads\/2010\/08\/singapore_M-300x220.jpg\" alt=\"singapore_M\" width=\"300\" height=\"220\" \/><\/a><br \/>\nCu ocazia desf\u00e3\u015fur\u00e3rii primei edi\u0163ii a Jocurilor Olimpice pentru Tineret de la Singapore, Romfilatelia introduce \u00een circula\u0163ie o emisiune de m\u00e3rci po\u015ftale dedicat\u00e3 evenimentului, prilej de satisfac\u0163ie nu numai pentru filateli\u015fti, dar \u015fi pentru iubitorii sportului.<br \/>\n\u00cen iulie 2007, \u00een cadrul celei de-a 119-a sesiuni a Comitetului Interna\u0163ional Olimpic desf\u00e3\u015furat\u00e3 \u00een Guatemala, pre\u015fedintele CIO, Jacques Rogge, a prezentat proiectul Jocurilor Olimpice pentru Tineret, rezervate tinerilor cu v\u00e2rste cuprinse \u00eentre 14 \u015fi 18 ani.<br \/>\nCompeti\u0163ia va avea edi\u0163ie de var\u00e3 \u015fi edi\u0163ie de iarn\u00e3, prima desf\u00e3\u015fur\u00e2ndu-se pe o perioad\u00e3 de 12 zile, iar cea de a doua pe o perioad\u00e3 de 10 zile \u015fi vor alterna la fiecare doi ani, \u00eentocmai ca Jocurile Olimpice clasice.<br \/>\nS-a stabilit ca, \u00een 2010, edi\u0163ia de var\u00e3 s\u00e3 se desf\u00e3\u015foare \u00een ora\u015ful capital\u00e3 Singapore, iar \u00een 2014, la Nanjing (R.P. Chinez\u00e3). Prima edi\u0163ie de iarn\u00e3 a acestor jocuri va avea loc \u00een 2012, la Innsbruck (Austria).<br \/>\nRom\u00e2nia va participa la aceste Jocuri \u00een cadrul urm\u00e3toarelor discipline: tenis de mas\u00e3, judo, canotaj, atletism, gimnastic\u00e3, \u00eenot, tir cu arcul, baschet, box, badminton, ciclism, scrim\u00e3, fotbal, handbal, pentatlon modern, taekwondo, triatlon, volei, haltere, lupte \u015fi s\u00e3rituri \u00een ap\u00e3.<br \/>\nSe estimeaz\u00e3 c\u00e3 la Jocurile Olimpice pentru Tineret, ce se vor desf\u00e3\u015fura \u00eentre 14 \u015fi 26 august, vor participa aproximativ 5000 de sportivi din peste 200 de \u0163\u00e3ri care vor concura la 26 de probe sportive.<br \/>\nCeremoniile de deschidere \u015fi de \u00eenchidere ale Jocurilor Olimpice pentru Tineret vor avea loc pe Platforma din Marina Bay, din Singapore, aceasta fiind cea mai mare scen\u00e3 plutitoare din lume.<br \/>\nConstruit\u00e3 \u00een \u00eentregime din o\u0163el, platforma plutitoare din Marina Bay are 120 metri \u00een lungime, 83 metri \u00een l\u00e3\u0163ime, fiind cu 5% mai mare dec\u00e2t terenul de fotbal al Stadionului Na\u0163ional. Poate suporta o greutate de p\u00e2n\u00e3 la 1.070 tone, echivalentul \u00een kilograme a 9.000 de oameni, 200 tone de recuzit\u00e3 scenic\u00e3 \u015fi 3 vehicule militare c\u00e2nt\u00e3rind 30 tone fiecare.<br \/>\nGaleria stadionului are o capacitate de 30.000 de spectatori. Stadionul este parte integrant\u00e3 din Marina Bay Street Circuit Turns 17 and 18, care a g\u00e3zduit \u015fi Marele Premiu de Formula 1 din Singapore.<br \/>\n\u00centrecerile sportive vor promova valorile durabile, acelea\u015fi ca cele ale Jocurilor Olimpice tradi\u0163ionale: perfec\u0163iunea, prietenia \u015fi respectul. \u00cen cadrul lor vor concura tinerii sportivi ai lumii, \u00een spiritul acestor valori, cu speran\u0163ele lor de a deveni viitori laurea\u0163i olimpici \u015fi cet\u00e3\u0163eni de vaz\u00e3 ai comunit\u00e3\u0163ii mondiale.<br \/>\nG\u00e2ndurile noastre vor \u00eenso\u0163i tinerele speran\u0163e ale Rom\u00e2niei pentru care nutrim sincere dorin\u0163e de reu\u015fit\u00e3 \u015fi c\u00e2t mai multe victorii, care s\u00e3 onoreze drapelul rom\u00e2nesc.<\/p>\n<p>Pentru sprijinul acordat la realizarea acestei emisiuni de m\u00e3rci po\u015ftale, aducem mul\u0163umirile noastre Comitetului Olimpic Sportiv Rom\u00e2n (COSR) \u015fi Comitetului Interna\u0163ional Olimpic (CIO).<\/p>\n<p>Data Aparitie:2010-08-12<\/p>\n<p><a href=\"https:\/\/romfilatelia.ro\/magazin\/wp-content\/uploads\/2010\/08\/singapore_box.jpg\"><img decoding=\"async\" loading=\"lazy\" class=\"wp-image-2003462 size-full aligncenter\" src=\"https:\/\/romfilatelia.ro\/magazin\/wp-content\/uploads\/2010\/08\/singapore_box.jpg\" alt=\"singapore_box\" width=\"600\" height=\"330\" srcset=\"https:\/\/romfilatelia.ro\/magazin\/wp-content\/uploads\/2010\/08\/singapore_box.jpg 600w, https:\/\/romfilatelia.ro\/magazin\/wp-content\/uploads\/2010\/08\/singapore_box-500x275.jpg 500w, https:\/\/romfilatelia.ro\/magazin\/wp-content\/uploads\/2010\/08\/singapore_box-64x35.jpg 64w, https:\/\/romfilatelia.ro\/magazin\/wp-content\/uploads\/2010\/08\/singapore_box-300x165.jpg 300w\" sizes=\"(max-width: 600px) 100vw, 600px\" \/><\/a><\/p>\n","protected":false},"excerpt":{"rendered":"<p>Cu ocazia desf\u00e3\u015fur\u00e3rii primei edi\u0163ii a Jocurilor Olimpice pentru Tineret de la Singapore, Romfilatelia introduce \u00een circula\u0163ie o emisiune de m\u00e3rci po\u015ftale dedicat\u00e3 evenimentului, prilej de satisfac\u0163ie nu numai pentru filateli\u015fti, dar \u015fi pentru iubitorii sportului. \u00cen iulie 2007, \u00een cadrul celei de-a 119-a sesiuni a Comitetului Interna\u0163ional Olimpic desf\u00e3\u015furat\u00e3 \u00een Guatemala, pre\u015fedintele CIO, Jacques&hellip;&nbsp;<a href=\"https:\/\/romfilatelia.ro\/magazin\/produs\/colectii-anuale\/2010\/jocurile-olimpice-pentru-tineret-singapore-2010\/\" class=\"\" rel=\"bookmark\">Cite\u0219te mai mult &raquo;<span class=\"screen-reader-text\">JOCURILE OLIMPICE PENTRU TINERET &#8211; SINGAPORE 2010<\/span><\/a><\/p>\n","protected":false},"featured_media":2003461,"template":"","meta":{"neve_meta_sidebar":"","neve_meta_container":"","neve_meta_enable_content_width":"","neve_meta_content_width":0,"neve_meta_title_alignment":"","neve_meta_author_avatar":"","neve_post_elements_order":"","neve_meta_disable_header":"","neve_meta_disable_footer":"","neve_meta_disable_title":""},"product_cat":[108,6],"product_tag":[],"_links":{"self":[{"href":"https:\/\/romfilatelia.ro\/magazin\/wp-json\/wp\/v2\/product\/2001270"}],"collection":[{"href":"https:\/\/romfilatelia.ro\/magazin\/wp-json\/wp\/v2\/product"}],"about":[{"href":"https:\/\/romfilatelia.ro\/magazin\/wp-json\/wp\/v2\/types\/product"}],"wp:featuredmedia":[{"embeddable":true,"href":"https:\/\/romfilatelia.ro\/magazin\/wp-json\/wp\/v2\/media\/2003461"}],"wp:attachment":[{"href":"https:\/\/romfilatelia.ro\/magazin\/wp-json\/wp\/v2\/media?parent=2001270"}],"wp:term":[{"taxonomy":"product_cat","embeddable":true,"href":"https:\/\/romfilatelia.ro\/magazin\/wp-json\/wp\/v2\/product_cat?post=2001270"},{"taxonomy":"product_tag","embeddable":true,"href":"https:\/\/romfilatelia.ro\/magazin\/wp-json\/wp\/v2\/product_tag?post=2001270"}],"curies":[{"name":"wp","href":"https:\/\/api.w.org\/{rel}","templated":true}]}}