{"id":2001266,"date":"2010-06-30T16:02:47","date_gmt":"2010-06-30T16:02:47","guid":{"rendered":"http:\/\/romfilatelia.ro\/store\/2010\/06\/30\/emisiune-comuna-romania-portugalia-ceramica-cahle-ai-azulejos\/"},"modified":"2016-08-05T11:45:46","modified_gmt":"2016-08-05T11:45:46","slug":"emisiune-comuna-romania-portugalia-ceramica-cahle-ai-azulejos","status":"publish","type":"product","link":"https:\/\/romfilatelia.ro\/magazin\/produs\/colectii-anuale\/2010\/emisiune-comuna-romania-portugalia-ceramica-cahle-ai-azulejos\/","title":{"rendered":"Emisiune comun\u00e3 Rom\u00e2nia-Portugalia   &#8211;   CERAMIC\u00c3 \u2013 CAHLE \u0218I AZULEJOS"},"content":{"rendered":"<p><a href=\"https:\/\/romfilatelia.ro\/magazin\/wp-content\/uploads\/2010\/06\/cahle_M.jpg\"><img decoding=\"async\" loading=\"lazy\" class=\"size-medium wp-image-2003905 alignleft\" src=\"https:\/\/romfilatelia.ro\/magazin\/wp-content\/uploads\/2010\/06\/cahle_M-300x294.jpg\" alt=\"cahle_M\" width=\"300\" height=\"294\" \/><\/a>\u00cen anul 1880, Portugalia a recunoscut independen\u0163a de stat a Rom\u00e2niei. Cu ocazia \u00eemplinirii a 130 de ani de la acest eveniment, Romfilatelia introduce \u00een circula\u0163ie emisiunea comun\u00e3 de m\u00e3rci po\u015ftale \u201eCeramic\u00e3 \u2013 Cahle \u015fi Azulejos\u201c.<br \/>\nMagie a focului \u015fi vraj\u00e3 a p\u00e3m\u00e2ntului udat de apa vie\u0163ii, modelarea lutului a devenit pentru om primul pas spre art\u00e3 \u015fi m\u00e3iestrie.<br \/>\nAp\u00e3rut\u00e3 pe la 7800 \u00ee.Hr. \u00een Orientul Mijlociu, ceramica a fost decorat\u00e3 dup\u00e3 aproape dou\u00e3 mii de ani, prin incizii, prin lustruire cu piatra sau prin presare; mai t\u00e2rziu, \u00een jurul anului 1200 \u00ee.Hr. s-au folosit \u015fi culorile.<br \/>\nRemarcabila dezvoltare a ceramicii este atestat\u00e3 \u00een Orientul Mijlociu, \u00een \u00eentregul bazin al Mediteranei, cu extindere spre lumea roman\u00e3 \u015fi Bizan\u0163.<br \/>\nAt\u00e2t obiectele destinate nevoilor casnice c\u00e2t \u015fi cele folosite pentru decorul caselor \u015fi al palatelor vor cunoa\u015fte o continu\u00e3 diversificare p\u00e2n\u00e3 \u00een perioada Rena\u015fterii.<br \/>\nPalate domne\u015fti \u015fi biserici vor fi decorate, pe pere\u0163i, cu c\u00e3r\u00e3mizi colorate \u015fi sm\u00e3l\u0163uite. Totodat\u00e3 apar \u015fi pl\u00e3ci &#8211; cahle &#8211; destinate confec\u0163ion\u00e3rii sobelor, ceea ce va duce la dezvoltarea manufacturilor \u00een care olarii realizau aceste piese din lut.<br \/>\nCahla, plac\u00e3 de p\u00e3m\u00e2nt, ars\u00e3 \u00een cuptor \u201ela ro\u015fu\u201c, micasat\u00e3 sau sm\u00e3l\u0163uit\u00e3, are form\u00e3 p\u00e3trat\u00e3 sau dreptunghiular\u00e3 \u015fi a fost \u00eentrebuin\u0163at\u00e3 la construirea sistemelor de \u00eenc\u00e3lzit \u015fi preparat hrana.<br \/>\nDescoperirile arheologice dat\u00e2nd din secolele XIV \u015fi XV au eviden\u0163iat preferin\u0163ele elitelor pentru decorarea \u00eenc\u00e3perilor cu sobe construite din cahle.<br \/>\nOrnamentele folosite pe cahle sunt geometrice, zoomorfe, fitomorfe, antropomorfe, heraldice, religioase.<br \/>\nImaginea reprodus\u00e3 pe timbrul cu valoarea de 3,10 Lei reprezint\u00e3 o cahl\u00e3 din Bistri\u0163a-N\u00e3s\u00e3ud, de origine s\u00e3seasc\u00e3 dat\u00e2nd din a doua jum\u00e3tate a sec. XIX, f\u00e3c\u00e2nd parte din colec\u0163ia Muzeului Na\u0163ional al \u021a\u00e3ranului Rom\u00e2n din Bucure\u015fti. Este modelat\u00e3 prin presarea lutului \u00een tipar, ars\u00e3 \u00een cuptor, sm\u00e3l\u0163uit\u00e3 \u015fi pictat\u00e3 cu cornul.<br \/>\nPiesa este de form\u00e3 dreptunghiular\u00e3 \u015fi este ornamentat\u00e3 cu motive florale stilizate: margarete, lalele, garoafe, a\u015fezate \u00een c\u00e2mpul central \u015fi \u00een col\u0163urile acestuia.<br \/>\nAzulejos sunt pl\u00e3ci de ceramic\u00e3, decorate \u015fi vitrificate, folosite \u00een acoperirea unor suprafe\u0163e mari, fie \u00een interiorul cl\u00e3dirilor, fie pe fa\u0163adele lor. Azulejo este un cuv\u00e2nt ce deriv\u00e3 din cel arab al-zulayi (\u00eensemn\u00e2nd \u201epiatr\u00e3 \u015flefuit\u00e3\u201c).<br \/>\nLa \u00eenceputul secolului al XVI-lea, apare la Sevilla, pentru prima oar\u00e3, utilizarea pl\u00e3cu\u0163elor de ceramic\u00e3 la acoperirea unui perete monumental.<br \/>\nTehnica folosit\u00e3 \u00een prelucrarea ceramicii a evoluat constant, de la modelele maure, geometrice sau dantelate, la teme cu plante \u015fi animale.<br \/>\nAzulejos constituie unul dintre elementele reprezentative din cultura portughez\u00e3, dezv\u00e3luind simbioza dintre aceast\u00e3 cultur\u00e3, cele europene \u015fi arabe.<br \/>\nTotodat\u00e3 folosirea azulejos demonstreaz\u00e3 un sens practic prin utilizarea lor ca material termo \u015fi hidroizolant, dar \u00een acela\u015fi timp \u015fi un mijloc estetic.<br \/>\nFolosite de-a lungul a peste cinci secole \u015fi av\u00e2nd un rol determinant \u00een arhitectur\u00e3, pl\u00e3cile ceramice (azulejos) constituie pentru Portugalia nu numai o stare de spirit, dar \u015fi o emblem\u00e3.<br \/>\nImaginea reprodus\u00e3 pe timbrul cu valoarea nominal\u00e3 de 2,10 Lei ilustreaz\u00e3 un azulejo, ce dateaz\u00e3 din secolul al XVIII, Lisabona \u015fi face parte din colec\u0163ia Muzeului Na\u0163ional de Azulejo, din Lisabona.<\/p>\n<p>Data Aparitie:2010-06-30<\/p>\n<p><a href=\"https:\/\/romfilatelia.ro\/magazin\/wp-content\/uploads\/2010\/06\/cahle_box.jpg\"><img decoding=\"async\" loading=\"lazy\" class=\"aligncenter wp-image-2003906 size-full\" src=\"https:\/\/romfilatelia.ro\/magazin\/wp-content\/uploads\/2010\/06\/cahle_box.jpg\" alt=\"cahle_box\" width=\"900\" height=\"780\" srcset=\"https:\/\/romfilatelia.ro\/magazin\/wp-content\/uploads\/2010\/06\/cahle_box.jpg 900w, https:\/\/romfilatelia.ro\/magazin\/wp-content\/uploads\/2010\/06\/cahle_box-500x433.jpg 500w, https:\/\/romfilatelia.ro\/magazin\/wp-content\/uploads\/2010\/06\/cahle_box-64x55.jpg 64w, https:\/\/romfilatelia.ro\/magazin\/wp-content\/uploads\/2010\/06\/cahle_box-300x260.jpg 300w, https:\/\/romfilatelia.ro\/magazin\/wp-content\/uploads\/2010\/06\/cahle_box-768x666.jpg 768w\" sizes=\"(max-width: 900px) 100vw, 900px\" \/><\/a><\/p>\n","protected":false},"excerpt":{"rendered":"<p>\u00cen anul 1880, Portugalia a recunoscut independen\u0163a de stat a Rom\u00e2niei. Cu ocazia \u00eemplinirii a 130 de ani de la acest eveniment, Romfilatelia introduce \u00een circula\u0163ie emisiunea comun\u00e3 de m\u00e3rci po\u015ftale \u201eCeramic\u00e3 \u2013 Cahle \u015fi Azulejos\u201c. Magie a focului \u015fi vraj\u00e3 a p\u00e3m\u00e2ntului udat de apa vie\u0163ii, modelarea lutului a devenit pentru om primul pas&hellip;&nbsp;<a href=\"https:\/\/romfilatelia.ro\/magazin\/produs\/colectii-anuale\/2010\/emisiune-comuna-romania-portugalia-ceramica-cahle-ai-azulejos\/\" class=\"\" rel=\"bookmark\">Cite\u0219te mai mult &raquo;<span class=\"screen-reader-text\">Emisiune comun\u00e3 Rom\u00e2nia-Portugalia   &#8211;   CERAMIC\u00c3 \u2013 CAHLE \u0218I AZULEJOS<\/span><\/a><\/p>\n","protected":false},"featured_media":2003905,"template":"","meta":{"neve_meta_sidebar":"","neve_meta_container":"","neve_meta_enable_content_width":"","neve_meta_content_width":0,"neve_meta_title_alignment":"","neve_meta_author_avatar":"","neve_post_elements_order":"","neve_meta_disable_header":"","neve_meta_disable_footer":"","neve_meta_disable_title":""},"product_cat":[108,6],"product_tag":[],"_links":{"self":[{"href":"https:\/\/romfilatelia.ro\/magazin\/wp-json\/wp\/v2\/product\/2001266"}],"collection":[{"href":"https:\/\/romfilatelia.ro\/magazin\/wp-json\/wp\/v2\/product"}],"about":[{"href":"https:\/\/romfilatelia.ro\/magazin\/wp-json\/wp\/v2\/types\/product"}],"wp:featuredmedia":[{"embeddable":true,"href":"https:\/\/romfilatelia.ro\/magazin\/wp-json\/wp\/v2\/media\/2003905"}],"wp:attachment":[{"href":"https:\/\/romfilatelia.ro\/magazin\/wp-json\/wp\/v2\/media?parent=2001266"}],"wp:term":[{"taxonomy":"product_cat","embeddable":true,"href":"https:\/\/romfilatelia.ro\/magazin\/wp-json\/wp\/v2\/product_cat?post=2001266"},{"taxonomy":"product_tag","embeddable":true,"href":"https:\/\/romfilatelia.ro\/magazin\/wp-json\/wp\/v2\/product_tag?post=2001266"}],"curies":[{"name":"wp","href":"https:\/\/api.w.org\/{rel}","templated":true}]}}