{"id":2001260,"date":"2010-05-06T15:56:47","date_gmt":"2010-05-06T15:56:47","guid":{"rendered":"http:\/\/romfilatelia.ro\/store\/2010\/05\/06\/europa-2010-carti-pentru-copii\/"},"modified":"2016-08-05T11:00:14","modified_gmt":"2016-08-05T11:00:14","slug":"europa-2010-carti-pentru-copii","status":"publish","type":"product","link":"https:\/\/romfilatelia.ro\/magazin\/produs\/colectii-anuale\/2010\/europa-2010-carti-pentru-copii\/","title":{"rendered":"Europa 2010 &#8211; C\u00c3R\u021aI PENTRU COPII"},"content":{"rendered":"<p><a href=\"https:\/\/romfilatelia.ro\/magazin\/wp-content\/uploads\/2010\/05\/europa2010_M.jpg\"><img decoding=\"async\" loading=\"lazy\" class=\"size-medium wp-image-2003929 alignleft\" src=\"https:\/\/romfilatelia.ro\/magazin\/wp-content\/uploads\/2010\/05\/europa2010_M-300x261.jpg\" alt=\"Print\" width=\"300\" height=\"261\" \/><\/a> Stabilit\u00e3 de c\u00e3tre PostEurop \u00een fiecare an, tema pentru timbrele Europa \u00een anul 2010 se intituleaz\u00e3 \u201eC\u00e3r\u0163i pentru copii\u201c. Cu acest prilej Romfilatelia introduce \u00een circula\u0163ie prezenta emisiune de m\u00e3rci po\u015ftale. Stabilit\u00e3 de c\u00e3tre PostEurop \u00een fiecare an, tema pentru timbrele Europa \u00een anul 2010 se intituleaz\u00e3 \u201eC\u00e3r\u0163i pentru copii\u201c. Cu acest prilej Romfilatelia introduce \u00een circula\u0163ie prezenta emisiune de m\u00e3rci po\u015ftale.<br \/>\n\u00centotdeauna, \u00eenc\u00e3 de la cea mai fraged\u00e3 v\u00e2rst\u00e3, \u00een dorin\u0163a lor de cunoa\u015ftere a tot ce-i \u00eenconjoar\u00e3, copiii au fost fascina\u0163i de c\u00e3r\u0163ile colorate \u015fi cu multe poze.<br \/>\nCresc\u00e2nd, au descifrat primele litere ale alfabetului \u015fi astfel au \u00eenceput s\u00e3 citeasc\u00e3 primele cuvinte scrise. Apoi pove\u015fti, iar mai t\u00e2rziu c\u00e3r\u0163i \u00eentregi cu pove\u015fti, basme ori povestiri&#8230;<br \/>\n\u0218i oare c\u00e3rui copil din Rom\u00e2nia nu i-au pl\u00e3cut basmele \u015fi pove\u015ftile rom\u00e2ne\u015fti Pungu\u0163a cu doi bani, Fata mo\u015fului \u015fi fata babei, Tinere\u0163e f\u00e3r\u00e3 b\u00e3tr\u00e2ne\u0163e \u015fi via\u0163\u00e3 f\u00e3r\u00e3 de moarte, Pr\u00e2slea cel voinic \u015fi merele de aur, Balaurul cu \u015fapte capete, Fata de \u00eemp\u00e3rat \u015fi pescarul, P\u00e3cal\u00e3 \u015fi T\u00e2ndal\u00e3, Capra cu trei iezi \u015fi c\u00e2te \u015fi mai c\u00e2te&#8230;?<br \/>\nC\u00e3r\u0163ile pentru copii sunt un prim pas spre lumea fantastic\u00e3 din care nu ar putea s\u00e3 lipseasc\u00e3 povestirile fra\u0163ilor Grimm cu ale lor Alb\u00e3 ca Z\u00e3pada \u015fi cei 7 pitici, Cenu\u015f\u00e3reasa, Hansel \u015fi Gretel, Croitora\u015ful cel Viteaz ori Scufi\u0163a Ro\u015fie.<br \/>\nDar care copil nu a intrat \u00een lumea pove\u015ftilor lui Hans Christian Andersen c\u00e2nd a citit Dege\u0163ica, Mica Siren\u00e3, Lebedele, Sold\u00e3\u0163elul de plumb, Cr\u00e3iasa Z\u00e3pezilor, R\u00e3\u0163u\u015fca cea ur\u00e2t\u00e3? Sau care nu a spus o minciun\u00e3 nevinovat\u00e3 \u015fi era s\u00e3-i creasc\u00e3 nasul ca al lui Pinocchio?<br \/>\nDe-a lungul multor genera\u0163ii, copiii din toat\u00e3 lumea au fost vr\u00e3ji\u0163i de fantastica lume a lui Jules Verne, dar \u015fi de peripe\u0163iile Baronului M\u00fcnchhausen.<br \/>\nC\u00e2\u0163i dintre noi, \u00een copil\u00e3rie, nu am fost fermeca\u0163i de Legendele Olimpului sau nu ne-am plimbat, m\u00e3car cu g\u00e2ndul, pe Mississippi, \u00eempreun\u00e3 cu Tom Sawyer \u015fi Huckleberry Finn sau ne-am ascuns \u00een preerie cu Winnetou?<br \/>\nCu to\u0163ii, pentru o clip\u00e3, am fost uria\u015fi dar \u015fi pitici \u00een C\u00e3l\u00e3toriile lui Guliver sau am r\u00e3mas pe o insul\u00e3 pustie \u00eempreun\u00e3 cu Robinson Crusoe.<br \/>\nC\u00e3r\u0163ile pentru copii sunt o prim\u00e3 fereastr\u00e3 deschis\u00e3 spre lume. O lume a cunoa\u015fterii, un univers ce a fascinat \u015fi fascineaz\u00e3 copiii, preg\u00e3tindu-i pentru via\u0163\u00e3, mereu o poart\u00e3 \u00eentre basm \u015fi realitate.<br \/>\nPe timbrul cu valoarea nominal\u00e3 de 4,30 Lei este ilustrat\u00e3, alegoric, povestea Scufi\u0163a Ro\u015fie, iar pe timbrul cu valoarea nominal\u00e3 de 7,60 Lei este ilustrat un Zmeu \u00een postura de prieten al copiilor. Stabilit\u00e3 de c\u00e3tre PostEurop \u00een fiecare an, tema pentru timbrele Europa \u00een anul 2010 se intituleaz\u00e3 \u201eC\u00e3r\u0163i pentru copii\u201c. Cu acest prilej Romfilatelia introduce \u00een circula\u0163ie prezenta emisiune de m\u00e3rci po\u015ftale.<br \/>\n\u00centotdeauna, \u00eenc\u00e3 de la cea mai fraged\u00e3 v\u00e2rst\u00e3, \u00een dorin\u0163a lor de cunoa\u015ftere a tot ce-i \u00eenconjoar\u00e3, copiii au fost fascina\u0163i de c\u00e3r\u0163ile colorate \u015fi cu multe poze.<br \/>\nCresc\u00e2nd, au descifrat primele litere ale alfabetului \u015fi astfel au \u00eenceput s\u00e3 citeasc\u00e3 primele cuvinte scrise. Apoi pove\u015fti, iar mai t\u00e2rziu c\u00e3r\u0163i \u00eentregi cu pove\u015fti, basme ori povestiri&#8230;<br \/>\n\u0218i oare c\u00e3rui copil din Rom\u00e2nia nu i-au pl\u00e3cut basmele \u015fi pove\u015ftile rom\u00e2ne\u015fti Pungu\u0163a cu doi bani, Fata mo\u015fului \u015fi fata babei, Tinere\u0163e f\u00e3r\u00e3 b\u00e3tr\u00e2ne\u0163e \u015fi via\u0163\u00e3 f\u00e3r\u00e3 de moarte, Pr\u00e2slea cel voinic \u015fi merele de aur, Balaurul cu \u015fapte capete, Fata de \u00eemp\u00e3rat \u015fi pescarul, P\u00e3cal\u00e3 \u015fi T\u00e2ndal\u00e3, Capra cu trei iezi \u015fi c\u00e2te \u015fi mai c\u00e2te&#8230;?<br \/>\nC\u00e3r\u0163ile pentru copii sunt un prim pas spre lumea fantastic\u00e3 din care nu ar putea s\u00e3 lipseasc\u00e3 povestirile fra\u0163ilor Grimm cu ale lor Alb\u00e3 ca Z\u00e3pada \u015fi cei 7 pitici, Cenu\u015f\u00e3reasa, Hansel \u015fi Gretel, Croitora\u015ful cel Viteaz ori Scufi\u0163a Ro\u015fie.<br \/>\nDar care copil nu a intrat \u00een lumea pove\u015ftilor lui Hans Christian Andersen c\u00e2nd a citit Dege\u0163ica, Mica Siren\u00e3, Lebedele, Sold\u00e3\u0163elul de plumb, Cr\u00e3iasa Z\u00e3pezilor, R\u00e3\u0163u\u015fca cea ur\u00e2t\u00e3? Sau care nu a spus o minciun\u00e3 nevinovat\u00e3 \u015fi era s\u00e3-i creasc\u00e3 nasul ca al lui Pinocchio?<br \/>\nDe-a lungul multor genera\u0163ii, copiii din toat\u00e3 lumea au fost vr\u00e3ji\u0163i de fantastica lume a lui Jules Verne, dar \u015fi de peripe\u0163iile Baronului M\u00fcnchhausen.<br \/>\nC\u00e2\u0163i dintre noi, \u00een copil\u00e3rie, nu am fost fermeca\u0163i de Legendele Olimpului sau nu ne-am plimbat, m\u00e3car cu g\u00e2ndul, pe Mississippi, \u00eempreun\u00e3 cu Tom Sawyer \u015fi Huckleberry Finn sau ne-am ascuns \u00een preerie cu Winnetou?<br \/>\nCu to\u0163ii, pentru o clip\u00e3, am fost uria\u015fi dar \u015fi pitici \u00een C\u00e3l\u00e3toriile lui Guliver sau am r\u00e3mas pe o insul\u00e3 pustie \u00eempreun\u00e3 cu Robinson Crusoe.<br \/>\nC\u00e3r\u0163ile pentru copii sunt o prim\u00e3 fereastr\u00e3 deschis\u00e3 spre lume. O lume a cunoa\u015fterii, un univers ce a fascinat \u015fi fascineaz\u00e3 copiii, preg\u00e3tindu-i pentru via\u0163\u00e3, mereu o poart\u00e3 \u00eentre basm \u015fi realitate.<br \/>\nPe timbrul cu valoarea nominal\u00e3 de 4,30 Lei este ilustrat\u00e3, alegoric, povestea Scufi\u0163a Ro\u015fie, iar pe timbrul cu valoarea nominal\u00e3 de 7,60 Lei este ilustrat un Zmeu \u00een postura de prieten al copiilor.<\/p>\n<p>Data Aparitie:2010-05-06<\/p>\n<p><a href=\"https:\/\/romfilatelia.ro\/magazin\/wp-content\/uploads\/2010\/05\/europa2010_box.jpg\"><img decoding=\"async\" loading=\"lazy\" class=\"aligncenter wp-image-2003930 size-full\" src=\"https:\/\/romfilatelia.ro\/magazin\/wp-content\/uploads\/2010\/05\/europa2010_box.jpg\" alt=\"europa2010_box\" width=\"600\" height=\"592\" srcset=\"https:\/\/romfilatelia.ro\/magazin\/wp-content\/uploads\/2010\/05\/europa2010_box.jpg 600w, https:\/\/romfilatelia.ro\/magazin\/wp-content\/uploads\/2010\/05\/europa2010_box-100x100.jpg 100w, https:\/\/romfilatelia.ro\/magazin\/wp-content\/uploads\/2010\/05\/europa2010_box-500x493.jpg 500w, https:\/\/romfilatelia.ro\/magazin\/wp-content\/uploads\/2010\/05\/europa2010_box-64x63.jpg 64w, https:\/\/romfilatelia.ro\/magazin\/wp-content\/uploads\/2010\/05\/europa2010_box-300x296.jpg 300w, https:\/\/romfilatelia.ro\/magazin\/wp-content\/uploads\/2010\/05\/europa2010_box-53x53.jpg 53w, https:\/\/romfilatelia.ro\/magazin\/wp-content\/uploads\/2010\/05\/europa2010_box-85x85.jpg 85w\" sizes=\"(max-width: 600px) 100vw, 600px\" \/><\/a><\/p>\n","protected":false},"excerpt":{"rendered":"<p>Stabilit\u00e3 de c\u00e3tre PostEurop \u00een fiecare an, tema pentru timbrele Europa \u00een anul 2010 se intituleaz\u00e3 \u201eC\u00e3r\u0163i pentru copii\u201c. Cu acest prilej Romfilatelia introduce \u00een circula\u0163ie prezenta emisiune de m\u00e3rci po\u015ftale. Stabilit\u00e3 de c\u00e3tre PostEurop \u00een fiecare an, tema pentru timbrele Europa \u00een anul 2010 se intituleaz\u00e3 \u201eC\u00e3r\u0163i pentru copii\u201c. Cu acest prilej Romfilatelia introduce&hellip;&nbsp;<a href=\"https:\/\/romfilatelia.ro\/magazin\/produs\/colectii-anuale\/2010\/europa-2010-carti-pentru-copii\/\" class=\"\" rel=\"bookmark\">Cite\u0219te mai mult &raquo;<span class=\"screen-reader-text\">Europa 2010 &#8211; C\u00c3R\u021aI PENTRU COPII<\/span><\/a><\/p>\n","protected":false},"featured_media":2003929,"template":"","meta":{"neve_meta_sidebar":"","neve_meta_container":"","neve_meta_enable_content_width":"","neve_meta_content_width":0,"neve_meta_title_alignment":"","neve_meta_author_avatar":"","neve_post_elements_order":"","neve_meta_disable_header":"","neve_meta_disable_footer":"","neve_meta_disable_title":""},"product_cat":[108,6],"product_tag":[],"_links":{"self":[{"href":"https:\/\/romfilatelia.ro\/magazin\/wp-json\/wp\/v2\/product\/2001260"}],"collection":[{"href":"https:\/\/romfilatelia.ro\/magazin\/wp-json\/wp\/v2\/product"}],"about":[{"href":"https:\/\/romfilatelia.ro\/magazin\/wp-json\/wp\/v2\/types\/product"}],"wp:featuredmedia":[{"embeddable":true,"href":"https:\/\/romfilatelia.ro\/magazin\/wp-json\/wp\/v2\/media\/2003929"}],"wp:attachment":[{"href":"https:\/\/romfilatelia.ro\/magazin\/wp-json\/wp\/v2\/media?parent=2001260"}],"wp:term":[{"taxonomy":"product_cat","embeddable":true,"href":"https:\/\/romfilatelia.ro\/magazin\/wp-json\/wp\/v2\/product_cat?post=2001260"},{"taxonomy":"product_tag","embeddable":true,"href":"https:\/\/romfilatelia.ro\/magazin\/wp-json\/wp\/v2\/product_tag?post=2001260"}],"curies":[{"name":"wp","href":"https:\/\/api.w.org\/{rel}","templated":true}]}}