{"id":2001258,"date":"2010-04-07T15:42:18","date_gmt":"2010-04-07T15:42:18","guid":{"rendered":"http:\/\/romfilatelia.ro\/store\/2010\/04\/07\/jandarmeria-romana-160-de-ani\/"},"modified":"2016-08-05T10:50:08","modified_gmt":"2016-08-05T10:50:08","slug":"jandarmeria-romana-160-de-ani","status":"publish","type":"product","link":"https:\/\/romfilatelia.ro\/magazin\/produs\/colectii-anuale\/2010\/jandarmeria-romana-160-de-ani\/","title":{"rendered":"JANDARMERIA ROM\u00c2N\u00c3 &#8211; 160 de ani"},"content":{"rendered":"<p><a href=\"https:\/\/romfilatelia.ro\/magazin\/wp-content\/uploads\/2010\/04\/JAND_160_M.jpg\"><img decoding=\"async\" loading=\"lazy\" class=\"size-medium wp-image-2003937 alignleft\" src=\"https:\/\/romfilatelia.ro\/magazin\/wp-content\/uploads\/2010\/04\/JAND_160_M-300x260.jpg\" alt=\"JAND_160_M\" width=\"300\" height=\"260\" srcset=\"https:\/\/romfilatelia.ro\/magazin\/wp-content\/uploads\/2010\/04\/JAND_160_M-300x260.jpg 300w, https:\/\/romfilatelia.ro\/magazin\/wp-content\/uploads\/2010\/04\/JAND_160_M-500x433.jpg 500w, https:\/\/romfilatelia.ro\/magazin\/wp-content\/uploads\/2010\/04\/JAND_160_M-64x55.jpg 64w, https:\/\/romfilatelia.ro\/magazin\/wp-content\/uploads\/2010\/04\/JAND_160_M.jpg 600w\" sizes=\"(max-width: 300px) 100vw, 300px\" \/><\/a>\u00a0 \u00cen urm\u00e3 cu 160 de ani, Grigore Alexandru Ghica, domn al Moldovei, a promulgat \u201eLegiuirea pentru reformarea corpului slujitorilor \u00een jandarmi\u201c, actul de na\u015ftere al Jandarmeriei Rom\u00e2ne.<br \/>\nCu ocazia acestei anivers\u00e3ri, Romfilatelia introduce \u00een circula\u0163ie emisiunea de m\u00e3rci po\u015ftale \u201eJandarmeria Rom\u00e2n\u00e3 &#8211; 160 de ani\u201c.<br \/>\nAl\u00e3turi de Legea lui Grigore Alexandru Ghica, \u00een 1893 \u015fi 1929 sunt adoptate \u015fi legile (de inspira\u0163ie francez\u00e3) privind jandarmeria rural\u00e3.<br \/>\nPe timpul R\u00e3zboiului de Independen\u0163\u00e3 din 1877, a celui Balcanic din 1913, precum \u015fi \u00een cele dou\u00e3 conflagra\u0163ii mondiale, Jandarmeria a avut un comportament remarcabil, at\u00e2t ca for\u0163\u00e3 combatant\u00e3, c\u00e2t \u015fi ca for\u0163\u00e3 de ordine public\u00e3.<br \/>\n\u00cen anul 1949, odat\u00e3 cu organizarea acesteia dup\u00e3 un model str\u00e3in celui latin, Jandarmeria \u00ee\u015fi va pierde o parte din atribu\u0163ii. Dup\u00e3 schimbarea mai multor denumiri, anul 1989 g\u00e3se\u015fte institu\u0163ia militar\u00e3 sub titulatura de trupe de securitate.<br \/>\nAst\u00e3zi, Jandarmeria este reorganizat\u00e3, dotat\u00e3 \u015fi preg\u00e3tit\u00e3 dup\u00e3 modelul Armelor europene similare, fiind capabil\u00e3 s\u00e3 \u00ee\u015fi asume responsabilit\u00e3\u0163ile ce revin Rom\u00e2niei \u00een calitate de membru al Uniunii Europene.<br \/>\nLa nivel central, Jandarmeria Rom\u00e2n\u00e3 este coordonat\u00e3 de Inspectoratul General al Jandarmeriei, la nivelul fiec\u00e3rui jude\u0163 exist\u00e3 Inspectorate de Jandarmi Jude\u0163ene, \u00een Capital\u00e3 ac\u0163ioneaz\u00e3 Direc\u0163ia General\u00e3 de Jandarmi a Municipiului Bucure\u015fti, iar Grup\u00e3rile Mobile au zon\u00e3 de responsabilitate \u00een 3-8 jude\u0163e.<br \/>\nUnitate de elit\u00e3 a Jandarmeriei, Brigada Special\u00e3 de Interven\u0163ie \u201eVlad \u021aepe\u015f\u201d, alc\u00e3tuit\u00e3 exclusiv din profesioni\u015fti \u00ee\u015fi \u00eendepline\u015fte atribu\u0163iile pe linie de restabilire a ordinii publice \u015fi de interven\u0163ie antiterorist\u00e3 pe \u00eentreg teritoriul \u0163\u00e3rii.Subordonate Inspectoratului General sunt \u015fi unit\u00e3\u0163ile speciale de jandarmi, centrele de perfec\u0163ionare \u015fi unit\u00e3\u0163ile de \u00eenv\u00e3\u0163\u00e3m\u00e2nt care sunt destinate preg\u00e3tirii, perfec\u0163ion\u00e3rii \u015fi specializ\u00e3rii personalului Jandarmeriei Rom\u00e2ne. Dovad\u00e3 a faptului c\u00e3 jandarmii rom\u00e2ni sunt aprecia\u0163i ca profesioni\u015fti, este participarea din anul 2002 sub egida ONU \u015fi din anul 2008 sub egida UE, la misiuni de men\u0163inere a p\u00e3cii \u00een Kosovo \u015fi la misiunea de monitorizare din Georgia.<br \/>\n\u00cencep\u00e2nd din anul 2002, Jandarmeria Rom\u00e2n\u00e3 este membru cu drepturi depline \u00een Asocia\u0163ia Poli\u0163iilor \u015fi Jandarmeriilor Europene \u015fi Mediteraneene cu Statut Militar, iar \u00een prezent sunt \u00een derulare procedurile interne de aderare la For\u0163a de Jandarmerie European\u00e3 &#8211; instrument al Uniunii Europene pentru gestionarea crizelor civile.<br \/>\nLa \u00eenceput de secol \u015fi mileniu, Jandarmeria Rom\u00e2n\u00e3, corp de elit\u00e3 modern, se prezint\u00e3 ca o for\u0163\u00e3 de ordine public\u00e3 sigur\u00e3, credibil\u00e3, stabil\u00e3, absolut echidistant\u00e3 politic \u015fi preg\u00e3tit\u00e3 \u00een orice moment s\u00e3 \u00eendeplineasc\u00e3 \u00een condi\u0163ii irepro\u015fabile misiunile \u00eencredin\u0163ate.<\/p>\n<p>Aducem mul\u0163umirile noastre conducerii Jandarmeriei Rom\u00e2ne pentru documentarea de specialitate oferit\u00e3 la realizarea acestei emisiuni de m\u00e3rci po\u015ftale.<\/p>\n<p>Data Aparitie:2010-04-07<\/p>\n<p><a href=\"https:\/\/romfilatelia.ro\/magazin\/wp-content\/uploads\/2010\/04\/JAND_160_box.jpg\"><img decoding=\"async\" loading=\"lazy\" class=\"aligncenter wp-image-2003938 size-full\" src=\"https:\/\/romfilatelia.ro\/magazin\/wp-content\/uploads\/2010\/04\/JAND_160_box.jpg\" alt=\"JAND_160_box\" width=\"600\" height=\"446\" srcset=\"https:\/\/romfilatelia.ro\/magazin\/wp-content\/uploads\/2010\/04\/JAND_160_box.jpg 600w, https:\/\/romfilatelia.ro\/magazin\/wp-content\/uploads\/2010\/04\/JAND_160_box-500x372.jpg 500w, https:\/\/romfilatelia.ro\/magazin\/wp-content\/uploads\/2010\/04\/JAND_160_box-64x48.jpg 64w, https:\/\/romfilatelia.ro\/magazin\/wp-content\/uploads\/2010\/04\/JAND_160_box-300x223.jpg 300w\" sizes=\"(max-width: 600px) 100vw, 600px\" \/><\/a><\/p>\n","protected":false},"excerpt":{"rendered":"<p>\u00a0 \u00cen urm\u00e3 cu 160 de ani, Grigore Alexandru Ghica, domn al Moldovei, a promulgat \u201eLegiuirea pentru reformarea corpului slujitorilor \u00een jandarmi\u201c, actul de na\u015ftere al Jandarmeriei Rom\u00e2ne. Cu ocazia acestei anivers\u00e3ri, Romfilatelia introduce \u00een circula\u0163ie emisiunea de m\u00e3rci po\u015ftale \u201eJandarmeria Rom\u00e2n\u00e3 &#8211; 160 de ani\u201c. Al\u00e3turi de Legea lui Grigore Alexandru Ghica, \u00een 1893&hellip;&nbsp;<a href=\"https:\/\/romfilatelia.ro\/magazin\/produs\/colectii-anuale\/2010\/jandarmeria-romana-160-de-ani\/\" class=\"\" rel=\"bookmark\">Cite\u0219te mai mult &raquo;<span class=\"screen-reader-text\">JANDARMERIA ROM\u00c2N\u00c3 &#8211; 160 de ani<\/span><\/a><\/p>\n","protected":false},"featured_media":2003937,"template":"","meta":{"neve_meta_sidebar":"","neve_meta_container":"","neve_meta_enable_content_width":"","neve_meta_content_width":0,"neve_meta_title_alignment":"","neve_meta_author_avatar":"","neve_post_elements_order":"","neve_meta_disable_header":"","neve_meta_disable_footer":"","neve_meta_disable_title":""},"product_cat":[108,6],"product_tag":[],"_links":{"self":[{"href":"https:\/\/romfilatelia.ro\/magazin\/wp-json\/wp\/v2\/product\/2001258"}],"collection":[{"href":"https:\/\/romfilatelia.ro\/magazin\/wp-json\/wp\/v2\/product"}],"about":[{"href":"https:\/\/romfilatelia.ro\/magazin\/wp-json\/wp\/v2\/types\/product"}],"wp:featuredmedia":[{"embeddable":true,"href":"https:\/\/romfilatelia.ro\/magazin\/wp-json\/wp\/v2\/media\/2003937"}],"wp:attachment":[{"href":"https:\/\/romfilatelia.ro\/magazin\/wp-json\/wp\/v2\/media?parent=2001258"}],"wp:term":[{"taxonomy":"product_cat","embeddable":true,"href":"https:\/\/romfilatelia.ro\/magazin\/wp-json\/wp\/v2\/product_cat?post=2001258"},{"taxonomy":"product_tag","embeddable":true,"href":"https:\/\/romfilatelia.ro\/magazin\/wp-json\/wp\/v2\/product_tag?post=2001258"}],"curies":[{"name":"wp","href":"https:\/\/api.w.org\/{rel}","templated":true}]}}