{"id":2001253,"date":"2010-02-19T15:37:26","date_gmt":"2010-02-19T15:37:26","guid":{"rendered":"http:\/\/romfilatelia.ro\/store\/2010\/02\/19\/tarantule\/"},"modified":"2016-08-05T10:25:22","modified_gmt":"2016-08-05T10:25:22","slug":"tarantule","status":"publish","type":"product","link":"https:\/\/romfilatelia.ro\/magazin\/produs\/colectii-anuale\/2010\/tarantule\/","title":{"rendered":"TARANTULE"},"content":{"rendered":"<p><a href=\"https:\/\/romfilatelia.ro\/magazin\/wp-content\/uploads\/2010\/02\/tarantule_M.jpg\"><img decoding=\"async\" loading=\"lazy\" class=\"size-medium wp-image-2003986 alignleft\" src=\"https:\/\/romfilatelia.ro\/magazin\/wp-content\/uploads\/2010\/02\/tarantule_M-212x300.jpg\" alt=\"tarantule_M\" width=\"212\" height=\"300\" srcset=\"https:\/\/romfilatelia.ro\/magazin\/wp-content\/uploads\/2010\/02\/tarantule_M-212x300.jpg 212w, https:\/\/romfilatelia.ro\/magazin\/wp-content\/uploads\/2010\/02\/tarantule_M-64x91.jpg 64w, https:\/\/romfilatelia.ro\/magazin\/wp-content\/uploads\/2010\/02\/tarantule_M-283x400.jpg 283w, https:\/\/romfilatelia.ro\/magazin\/wp-content\/uploads\/2010\/02\/tarantule_M.jpg 424w\" sizes=\"(max-width: 212px) 100vw, 212px\" \/><\/a> Prim\u00e3vara acestui an vine cu o premier\u00e3 \u00een filatelia rom\u00e2neasc\u00e3 \u015fi anume introducerea \u00een circula\u0163ie de c\u00e3tre Romfilatelia a primei emisiuni de m\u00e3rci po\u015ftale pe care sunt ilustrate Tarantule.<\/p>\n<p>Tarantulele sunt p\u00e3ianjeni p\u00e3ro\u015fi, de dimensiuni considerabile, fiind r\u00e3sp\u00e2ndite \u00eentr-o mare varietate de habitate, de la de\u015fert p\u00e2n\u00e3 la p\u00e3durea tropical\u00e3. \u00cen func\u0163ie de modul lor de via\u0163\u00e3, tarantulele se \u00eempart \u00een dou\u00e3 mari categorii: terestre \u015fi arboricole. \u00cen general se hr\u00e3nesc cu insecte \u015fi alte artropode, dar specimenele de dimensiuni mari pot v\u00e2na chiar \u015fop\u00e2rle, \u015foareci \u015fi chiar p\u00e3s\u00e3ri, motiv pentru care unele se numesc \u015ftiin\u0163ific Avicularia. Masculii tr\u00e3iesc mult mai pu\u0163in dec\u00e2t femelele. \u00cen ultimul timp, tarantulele au \u00eenceput s\u00e3 fie apreciate \u015fi ca animale de companie, manipularea lor necesit\u00e2nd \u00eens\u00e3 foarte mult\u00e3 grji\u00e3.<\/p>\n<p>Brachypelma albopilosum (Tarantula cu p\u00e3rul cre\u0163) este ilustrat\u00e3 pe timbrul cu valoarea nominal\u00e3 de 0,50 lei.<\/p>\n<p>Tarantul\u00e3 terestr\u00e3, cu dimensiuni \u00eentre 12 \u015fi 14 cm, are culoarea maronie, iar abdomenul \u015fi peri\u015forii au culoarea argintie. Tr\u00e3ie\u015fte \u00een regiunile montane din America Central\u00e3. Tarantulele tinere se hr\u00e3nesc cu greieri \u015fi alte insecte mici, pe c\u00e2nd adul\u0163ii se hr\u00e3nesc cu g\u00e2ndaci, \u015fop\u00e2rle mici, pui de \u015foarece sau chiar \u015foareci adul\u0163i.<\/p>\n<p>Haplopelma lividum (Tarantula albastr\u00e3) este ilustrat\u00e3 pe timbrul cu valoarea nominal\u00e3 de 0,80 lei.<\/p>\n<p>Aceast\u00e3 tarantul\u00e3 tr\u00e3ie\u015fte \u00een Thailanda, Laos, Vietnam. Este o specie s\u00e3p\u00e3toare. La prima vedere pare neagr\u00e3, dar pus\u00e3 sub o lumin\u00e3 adecvat\u00e3 arat\u00e3 un colorit albastru. Este o specie foarte vioaie, rapid\u00e3 \u00een mi\u015fc\u00e3ri \u015fi agresiv\u00e3 fa\u0163\u00e3 de pr\u00e3zi. Av\u00e2nd o dimensiune de 10 p\u00e2n\u00e3 la 13 cm, ea \u0163ese p\u00e2nze mari. De regul\u00e3 se hr\u00e3ne\u015fte cu insecte mici, iar c\u00e2nd cre\u015fte se hr\u00e3ne\u015fte cu g\u00e2ndaci \u015fi insecte de talie mare.<\/p>\n<p>Brachypelma smithi (Tarantula mexican\u00e3) esteilustrat\u00e3 pe timbrul cu valorea nominal\u00e3 de 1,20 lei.<\/p>\n<p>A fost descoperit\u00e3 \u00een 1888 de c\u00e3tre renumitul colec\u0163ionar de tarantule H.H. Smith. Este una dintre cele mai longevive specii, femela ating\u00e2nd chiar \u015fi 30 de ani. Este terestr\u00e3, cu o m\u00e3rime de 12-14 cm \u015fi tr\u00e3ie\u015fte \u00een Mexic. Specimenele tinere se hr\u00e3nesc, ca mai toate tarantulele, cu greieri \u015fi insecte mici, iar adul\u0163ii cu \u015fop\u00e2rle mici \u015fi cu \u015foareci.<\/p>\n<p>Grammostola rosea (Tarantula chilian\u00e3) este ilustrat\u00e3 pe timbrul cu valoarea nominal\u00e3 de 9,10 lei.<\/p>\n<p>Este o specie care prezint\u00e3 dou\u00e3 faze de colorit: una maronie cu perii roz, iar cealalt\u00e3 are perii ro\u015fii pe tot corpul. Cu dimensiuni \u00eentre 12-14 cm, o \u00eent\u00e2lnim \u00een Chile, dar \u015fi \u00een Argentina \u015fi Bolivia. Se hr\u00e3ne\u015fte cu insecte mici, iar c\u00e2nd devine adult\u00e3 se hr\u00e3ne\u015fte cu \u015fop\u00e2rle mici \u015fi ocazional cu c\u00e2te un pui de \u015foarece.<\/p>\n<p>Aducem mul\u0163umiri Muzeului de Istorie Natural\u00e3 \u201eGrigore Antipa\u201c pentru consultan\u0163a de specialitate oferit\u00e3 la realizarea acestei emisiuni de m\u00e3rci po\u015ftale.<\/p>\n<p>Data Aparitie:2010-02-19<\/p>\n<p><a href=\"https:\/\/romfilatelia.ro\/magazin\/wp-content\/uploads\/2010\/02\/tarantule_box.jpg\"><img decoding=\"async\" loading=\"lazy\" class=\"aligncenter wp-image-2003987 size-full\" src=\"https:\/\/romfilatelia.ro\/magazin\/wp-content\/uploads\/2010\/02\/tarantule_box.jpg\" alt=\"tarantule_box\" width=\"600\" height=\"545\" srcset=\"https:\/\/romfilatelia.ro\/magazin\/wp-content\/uploads\/2010\/02\/tarantule_box.jpg 600w, https:\/\/romfilatelia.ro\/magazin\/wp-content\/uploads\/2010\/02\/tarantule_box-500x454.jpg 500w, https:\/\/romfilatelia.ro\/magazin\/wp-content\/uploads\/2010\/02\/tarantule_box-64x58.jpg 64w, https:\/\/romfilatelia.ro\/magazin\/wp-content\/uploads\/2010\/02\/tarantule_box-300x273.jpg 300w\" sizes=\"(max-width: 600px) 100vw, 600px\" \/><\/a><\/p>\n","protected":false},"excerpt":{"rendered":"<p>Prim\u00e3vara acestui an vine cu o premier\u00e3 \u00een filatelia rom\u00e2neasc\u00e3 \u015fi anume introducerea \u00een circula\u0163ie de c\u00e3tre Romfilatelia a primei emisiuni de m\u00e3rci po\u015ftale pe care sunt ilustrate Tarantule. Tarantulele sunt p\u00e3ianjeni p\u00e3ro\u015fi, de dimensiuni considerabile, fiind r\u00e3sp\u00e2ndite \u00eentr-o mare varietate de habitate, de la de\u015fert p\u00e2n\u00e3 la p\u00e3durea tropical\u00e3. \u00cen func\u0163ie de modul lor&hellip;&nbsp;<a href=\"https:\/\/romfilatelia.ro\/magazin\/produs\/colectii-anuale\/2010\/tarantule\/\" class=\"\" rel=\"bookmark\">Cite\u0219te mai mult &raquo;<span class=\"screen-reader-text\">TARANTULE<\/span><\/a><\/p>\n","protected":false},"featured_media":2003986,"template":"","meta":{"neve_meta_sidebar":"","neve_meta_container":"","neve_meta_enable_content_width":"","neve_meta_content_width":0,"neve_meta_title_alignment":"","neve_meta_author_avatar":"","neve_post_elements_order":"","neve_meta_disable_header":"","neve_meta_disable_footer":"","neve_meta_disable_title":""},"product_cat":[108,6],"product_tag":[],"_links":{"self":[{"href":"https:\/\/romfilatelia.ro\/magazin\/wp-json\/wp\/v2\/product\/2001253"}],"collection":[{"href":"https:\/\/romfilatelia.ro\/magazin\/wp-json\/wp\/v2\/product"}],"about":[{"href":"https:\/\/romfilatelia.ro\/magazin\/wp-json\/wp\/v2\/types\/product"}],"wp:featuredmedia":[{"embeddable":true,"href":"https:\/\/romfilatelia.ro\/magazin\/wp-json\/wp\/v2\/media\/2003986"}],"wp:attachment":[{"href":"https:\/\/romfilatelia.ro\/magazin\/wp-json\/wp\/v2\/media?parent=2001253"}],"wp:term":[{"taxonomy":"product_cat","embeddable":true,"href":"https:\/\/romfilatelia.ro\/magazin\/wp-json\/wp\/v2\/product_cat?post=2001253"},{"taxonomy":"product_tag","embeddable":true,"href":"https:\/\/romfilatelia.ro\/magazin\/wp-json\/wp\/v2\/product_tag?post=2001253"}],"curies":[{"name":"wp","href":"https:\/\/api.w.org\/{rel}","templated":true}]}}