{"id":2001252,"date":"2010-02-12T15:37:21","date_gmt":"2010-02-12T15:37:21","guid":{"rendered":"http:\/\/romfilatelia.ro\/store\/2010\/02\/12\/jocurile-olimpice-de-iarna-a-xxi-a-edithie-vancouver-2010\/"},"modified":"2016-08-05T10:19:01","modified_gmt":"2016-08-05T10:19:01","slug":"jocurile-olimpice-de-iarna-a-xxi-a-edithie-vancouver-2010","status":"publish","type":"product","link":"https:\/\/romfilatelia.ro\/magazin\/produs\/colectii-anuale\/2010\/jocurile-olimpice-de-iarna-a-xxi-a-edithie-vancouver-2010\/","title":{"rendered":"JOCURILE OLIMPICE DE IARN\u00c3 &#8211; a XXI-a edi\u021bie, VANCOUVER 2010"},"content":{"rendered":"<p><a href=\"https:\/\/romfilatelia.ro\/magazin\/wp-content\/uploads\/2010\/02\/Vancouver2010_M.jpg\"><img decoding=\"async\" loading=\"lazy\" class=\"size-medium wp-image-2003990 alignleft\" src=\"https:\/\/romfilatelia.ro\/magazin\/wp-content\/uploads\/2010\/02\/Vancouver2010_M-272x300.jpg\" alt=\"Vancouver2010_M\" width=\"272\" height=\"300\" srcset=\"https:\/\/romfilatelia.ro\/magazin\/wp-content\/uploads\/2010\/02\/Vancouver2010_M-272x300.jpg 272w, https:\/\/romfilatelia.ro\/magazin\/wp-content\/uploads\/2010\/02\/Vancouver2010_M-500x552.jpg 500w, https:\/\/romfilatelia.ro\/magazin\/wp-content\/uploads\/2010\/02\/Vancouver2010_M-64x71.jpg 64w, https:\/\/romfilatelia.ro\/magazin\/wp-content\/uploads\/2010\/02\/Vancouver2010_M.jpg 543w\" sizes=\"(max-width: 272px) 100vw, 272px\" \/><\/a> \u201eCel mai important lucru nu este s\u00e3 c\u00e2\u015ftigi, ci s\u00e3 participi!\u201d<br \/>\nPierre de Coubertin<\/p>\n<p>Cu ocazia desf\u00e3\u015fur\u00e3rii Jocurilor Olimpice de Iarn\u00e3 de la Vancouver, Romfilatelia introduce \u00een circula\u0163ie emisiunea de m\u00e3rci po\u015ftale Jocurile Olimpice de Iarn\u00e3 &#8211; a XXI-a edi\u0163ie, Vancouver 2010, prilej de satisfac\u0163ie nu numai pentru filateli\u015fti, c\u00e2t \u015fi pentru iubitorii sporturilor albe.<\/p>\n<p>Este pentru a treia oar\u00e3 c\u00e2nd Canada g\u00e3zduie\u015fte o edi\u0163ie a Jocurilor Olimpice. Anterior acestea au fost: Jocurile Olimpice de Var\u00e3-Montreal 1976 \u015fi Jocurile Olimpice de Iarn\u00e3, Calgary 1988.<\/p>\n<p>O alt\u00e3 premier\u00e3 o constituie faptul c\u00e3 ceremonia de deschidere a Jocurilor Olimpice de Iarn\u00e3 va avea loc \u00een sal\u00e3, iar Vancouver este cel mai mare ora\u015f care g\u00e3zduie\u015fte Jocuri Olimpice de Iarn\u00e3. O alt\u00e3 raritate pentru Jocurile de Iarn\u00e3 o reprezint\u00e3 faptul c\u00e3 toate arenele pe care se vor desf\u00e3\u015fura diferite probe ale Jocurilor sunt la nivelul m\u00e3rii.<\/p>\n<p>La \u00eenceputul lunii ianuarie a fost aprins\u00e3 official flac\u00e3ra olimpic\u00e3 pentru Jocurile Olimpice de Iarn\u00e3 Vancouver 2010. \u00cen mod tradi\u0163ional, ceremonia aprinderii tor\u0163ei are loc \u00een Templul Zei\u0163ei Hera din Olympia Antic\u00e3. Flac\u00e3ra a fost aprins\u00e3 cu ajutorul unei oglinzi parabolice care reflect\u00e3 direct razele solare.<\/p>\n<p>Timp de 8 zile flac\u00e3ra olimpic\u00e3 a str\u00e3b\u00e3tut mai multe localit\u00e3\u0163i din Grecia dup\u00e3 care s-a \u00eendreptat c\u00e3tre Atena, unde s-a desf\u00e3\u015furat ceremonia de \u00eenm\u00e2nare a sa c\u00e3tre membrii organizatori din Canada \u015fi apoi a fost transportat\u00e3 peste Atlantic \u00een Canada.<\/p>\n<p>Purtarea tor\u0163ei olimpice simbolizeaz\u00e3, al\u00e3turi de dinamismul \u00eentrecerilor sportive, r\u00e3sp\u00e2ndirea p\u00e3cii \u015fi prieteniei \u00een r\u00e2ndul diferitelor popoare \u015fi na\u0163iuni ale lumii.<\/p>\n<p>Deviza sub care se desf\u00e3\u015foar\u00e3 \u00eentrecerile sportive, \u201eCitius, Altius, Fortius\u201d (Mai repede, Mai sus, Mai puternic), exprim\u00e3 esen\u0163a \u015fi spiritul Jocurilor Olimpice.<\/p>\n<p>Rom\u00e2nia particip\u00e3 la Jocurile Olimpice de la Vancouver cu o delega\u0163ie sportiv\u00e3 compus\u00e3 din mai mult de 30 de membri.<\/p>\n<p>\u00cen seara de 12 februarie, pe Stadionul Olimpic din Vancouver, cu tor\u0163a pornit\u00e3 din Grecia, se va aprinde flac\u00e3ra celei de-a XXI-a edi\u0163ii a Olimpiadei Albe, care va arde p\u00e2n\u00e3 \u00een ziua de 28 februarie, ziua \u00eenchiderii Jocurilor Olimpice de Iarn\u00e3 de la Vancouver din 2010.<\/p>\n<p>\u00cembin\u00e2nd armonios leg\u00e3tura dintre arta grafic\u00e3 \u015fi frumuse\u0163ea sporturilor albe, timbrele se doresc a fi o transcriere artistic\u00e3 a esen\u0163ei \u015fi spiritului Jocurilor Olimpice dar, totodat\u00e3, \u015fi o trimitere, desigur metaforic\u00e3, la \u0163ara organizatoare a Olimpiadei Albe \u2013 Canada.<\/p>\n<p>Timbrele emisiunii filatelice ilustreaz\u00e3 probe ale sporturilor de iarn\u00e3 ca patinaj vitez\u00e3, schi fond, skeleton \u015fi bob.<\/p>\n<p>Data Aparitie:2010-02-12<\/p>\n<p><a href=\"https:\/\/romfilatelia.ro\/magazin\/wp-content\/uploads\/2010\/02\/Vancouver2010_box.jpg\"><img decoding=\"async\" loading=\"lazy\" class=\"aligncenter wp-image-2003991 size-full\" src=\"https:\/\/romfilatelia.ro\/magazin\/wp-content\/uploads\/2010\/02\/Vancouver2010_box.jpg\" alt=\"Vancouver2010_box\" width=\"600\" height=\"390\" srcset=\"https:\/\/romfilatelia.ro\/magazin\/wp-content\/uploads\/2010\/02\/Vancouver2010_box.jpg 600w, https:\/\/romfilatelia.ro\/magazin\/wp-content\/uploads\/2010\/02\/Vancouver2010_box-500x325.jpg 500w, https:\/\/romfilatelia.ro\/magazin\/wp-content\/uploads\/2010\/02\/Vancouver2010_box-64x42.jpg 64w, https:\/\/romfilatelia.ro\/magazin\/wp-content\/uploads\/2010\/02\/Vancouver2010_box-300x195.jpg 300w\" sizes=\"(max-width: 600px) 100vw, 600px\" \/><\/a><\/p>\n","protected":false},"excerpt":{"rendered":"<p>\u201eCel mai important lucru nu este s\u00e3 c\u00e2\u015ftigi, ci s\u00e3 participi!\u201d Pierre de Coubertin Cu ocazia desf\u00e3\u015fur\u00e3rii Jocurilor Olimpice de Iarn\u00e3 de la Vancouver, Romfilatelia introduce \u00een circula\u0163ie emisiunea de m\u00e3rci po\u015ftale Jocurile Olimpice de Iarn\u00e3 &#8211; a XXI-a edi\u0163ie, Vancouver 2010, prilej de satisfac\u0163ie nu numai pentru filateli\u015fti, c\u00e2t \u015fi pentru iubitorii sporturilor albe.&hellip;&nbsp;<a href=\"https:\/\/romfilatelia.ro\/magazin\/produs\/colectii-anuale\/2010\/jocurile-olimpice-de-iarna-a-xxi-a-edithie-vancouver-2010\/\" class=\"\" rel=\"bookmark\">Cite\u0219te mai mult &raquo;<span class=\"screen-reader-text\">JOCURILE OLIMPICE DE IARN\u00c3 &#8211; a XXI-a edi\u021bie, VANCOUVER 2010<\/span><\/a><\/p>\n","protected":false},"featured_media":2003990,"template":"","meta":{"neve_meta_sidebar":"","neve_meta_container":"","neve_meta_enable_content_width":"","neve_meta_content_width":0,"neve_meta_title_alignment":"","neve_meta_author_avatar":"","neve_post_elements_order":"","neve_meta_disable_header":"","neve_meta_disable_footer":"","neve_meta_disable_title":""},"product_cat":[108,6],"product_tag":[],"_links":{"self":[{"href":"https:\/\/romfilatelia.ro\/magazin\/wp-json\/wp\/v2\/product\/2001252"}],"collection":[{"href":"https:\/\/romfilatelia.ro\/magazin\/wp-json\/wp\/v2\/product"}],"about":[{"href":"https:\/\/romfilatelia.ro\/magazin\/wp-json\/wp\/v2\/types\/product"}],"wp:featuredmedia":[{"embeddable":true,"href":"https:\/\/romfilatelia.ro\/magazin\/wp-json\/wp\/v2\/media\/2003990"}],"wp:attachment":[{"href":"https:\/\/romfilatelia.ro\/magazin\/wp-json\/wp\/v2\/media?parent=2001252"}],"wp:term":[{"taxonomy":"product_cat","embeddable":true,"href":"https:\/\/romfilatelia.ro\/magazin\/wp-json\/wp\/v2\/product_cat?post=2001252"},{"taxonomy":"product_tag","embeddable":true,"href":"https:\/\/romfilatelia.ro\/magazin\/wp-json\/wp\/v2\/product_tag?post=2001252"}],"curies":[{"name":"wp","href":"https:\/\/api.w.org\/{rel}","templated":true}]}}