{"id":2001246,"date":"2009-11-12T15:25:15","date_gmt":"2009-11-12T15:25:15","guid":{"rendered":"http:\/\/romfilatelia.ro\/store\/2009\/11\/12\/statul-major-general-al-armatei-romane-150-de-ani\/"},"modified":"2016-08-06T09:11:19","modified_gmt":"2016-08-06T09:11:19","slug":"statul-major-general-al-armatei-romane-150-de-ani","status":"publish","type":"product","link":"https:\/\/romfilatelia.ro\/magazin\/produs\/colectii-anuale\/2009\/statul-major-general-al-armatei-romane-150-de-ani\/","title":{"rendered":"STATUL MAJOR GENERAL AL ARMATEI ROM\u00c2NE &#8211; 150 DE ANI"},"content":{"rendered":"<p><a href=\"https:\/\/romfilatelia.ro\/magazin\/wp-content\/uploads\/2009\/11\/SMG_M.jpg\"><img decoding=\"async\" loading=\"lazy\" class=\"wp-image-2003428 size-medium alignleft\" src=\"https:\/\/romfilatelia.ro\/magazin\/wp-content\/uploads\/2009\/11\/SMG_M-300x276.jpg\" alt=\"SMG_M\" width=\"300\" height=\"276\" srcset=\"https:\/\/romfilatelia.ro\/magazin\/wp-content\/uploads\/2009\/11\/SMG_M-300x276.jpg 300w, https:\/\/romfilatelia.ro\/magazin\/wp-content\/uploads\/2009\/11\/SMG_M-500x460.jpg 500w, https:\/\/romfilatelia.ro\/magazin\/wp-content\/uploads\/2009\/11\/SMG_M-64x59.jpg 64w, https:\/\/romfilatelia.ro\/magazin\/wp-content\/uploads\/2009\/11\/SMG_M.jpg 600w\" sizes=\"(max-width: 300px) 100vw, 300px\" \/><\/a> Cu ocazia \u00eemplinirii unui secol \u015fi jum\u00e3tate de la semnarea, la 12 noiembrie 1859, de c\u00e3tre domnitorul Alexandru Ioan Cuza, a \u00cenaltului Ordin de Zi nr. 83 de \u00eenfiin\u0163are a Statului Major General, Romfilatelia introduce \u00een circula\u0163ie emisiunea de m\u00e3rci po\u015ftale \u201eStatul Major General al Armatei Rom\u00e2ne &#8211; 150 de ani\u201c.<\/p>\n<p>Dup\u00e3 Unirea din 1859, domnitorul a luat hot\u00e3r\u00e2rea de a constitui un Corp de Stat Major General al Armatei Principatelor Unite, dependent \u00een atribu\u0163iile sale de ministerele de r\u00e3zboi din cele dou\u00e3 principate. Primul \u015fef al Statului Major General a fost colonelul Grigore G\u00e3rdescu. \u00cenaltul Decret nr. 410\/1867 a stabilit, ca semn distinctiv pentru ofi\u0163erii din Corpul de Stat Major, \u201efulgerul de aur aplicat pe gulerul tunicii de mic\u00e3 \u015fi mare \u0163inut\u00e3\u201c.<\/p>\n<p>La 6 aprilie 1877, odat\u00e3 cu mobilizarea Armatei Rom\u00e2ne, prin \u00cenaltul Decret nr. 491, a fost \u00eenfiin\u0163at Marele Cartier General, cu atribu\u0163ii \u00een conducerea opera\u0163iilor militare. Ca urmare a experien\u0163ei acumulate \u00een R\u00e3zboiul de Independen\u0163\u00e3, s-a creat, prin Legea din 10 iulie 1878, Consiliul Superior al Armatei, \u00een compunerea c\u00e3ruia se afla \u015fi \u015feful Statului Major al armatei.<\/p>\n<p>De-a lungul celor 150 de ani de existen\u0163\u00e3, Statul Major General a fost structura de conducere care a luat toate deciziile cu impact major asupra organismului militar rom\u00e2nesc \u015fi, implicit, asupra politicii de ap\u00e3rare a \u0163\u00e3rii.<\/p>\n<p>Dup\u00e3 1990, Marele Stat Major (devenit, \u00een 1994, Statul Major General) a contribuit la transformarea Armatei Rom\u00e2niei \u00eentr-o structur\u00e3 modern\u00e3, bine instruit\u00e3, echipat\u00e3 la standardele cerute de NATO, capabil\u00e3 at\u00e2t s\u00e3 asigure securitatea teritorial\u00e3, c\u00e2t \u015fi s\u00e3 execute misiuni \u00een afara grani\u0163elor \u0163\u00e3rii.<\/p>\n<p>Participarea militarilor Armatei Rom\u00e2niei la misiuni interna\u0163ionale de combatere a terorismului, de sprijinire a p\u00e3cii sau umanitare, reprezint\u00e3 o dovad\u00e3 \u00een plus a profesionalismului lor.<\/p>\n<p>Aceste misiuni, de tip coali\u0163ie sau desf\u00e3\u015furate sub egida NATO, UE \u015fi ONU, sunt expresii ale \u00eendeplinirii angajamentelor pe care Rom\u00e2nia \u015fi le-a asumat ca membru al comunit\u00e3\u0163ii interna\u0163ionale.<\/p>\n<p>Ast\u00e3zi, Statul Major General asigur\u00e3, conform Legii nr. 346 din 21 iulie 2006 (art.12), conducerea, organizarea, planificarea \u015fi opera\u0163ionalizarea celor trei categorii de for\u0163e din compunerea Armatei Rom\u00e2niei (For\u0163ele Terestre, For\u0163ele Aeriene \u015fi For\u0163ele Navale), ridicarea gradual\u00e3 a capacit\u00e3\u0163ii de lupt\u00e3 \u015fi mobilizarea armatei, conducerea opera\u0163iilor \u00eentrunite, antrenarea comandamentelor \u015fi trupelor, preg\u00e3tirea de baz\u00e3 \u015fi de specialitate a personalului militar \u00een activitate \u015fi \u00een rezerv\u00e3, managementul carierei individuale a personalului militar, planificarea armamentelor, standardizarea \u00een domeniul militar, implementarea sistemului de comand\u00e3, control, comunica\u0163ii, computere, informa\u0163ii, informatic\u00e3, supraveghere, recunoa\u015ftere, logistic\u00e3 \u015fi infrastructur\u00e3, desf\u00e3\u015furarea rela\u0163iilor militare interna\u0163ionale, asisten\u0163a religioas\u00e3 \u00een Ministerul Ap\u00e3r\u00e3rii Na\u0163ionale, \u00eencheierea de \u00een\u0163elegeri tehnice cu armatele altor state, promovarea valorilor specifice culturii militare \u015fi educa\u0163iei civice.<\/p>\n<p>Principalele s\u00e3rb\u00e3tori militare sunt: Ziua Armatei Rom\u00e2niei &#8211; 25 octombrie, Ziua Statului Major General &#8211; 12 noiembrie, Ziua For\u0163elor Terestre &#8211; 23 aprilie, s\u00e3rb\u00e3toarea ortodox\u00e3 a Sf\u00e2ntului Mare Mucenic Gheorghe, Ziua For\u0163elor Aeriene &#8211; 20 iulie, s\u00e3rb\u00e3toarea ortodox\u00e3 a Sf\u00e2ntului Prooroc Ilie Tesviteanul \u015fi Ziua For\u0163elor Navale &#8211; 15 august, s\u00e3rb\u00e3toarea ortodox\u00e3 a Adormirii Maicii Domnului.<\/p>\n<p>Aducem mul\u0163umiri Serviciului Istoric al Armatei Rom\u00e2ne \u015fi Statului Major General pentru sprijinul documentar acordat la realizarea acestei emisiuni de m\u00e3rci po\u015ftale.<\/p>\n<p>Data Aparitie:2009-11-12<\/p>\n<p><a href=\"https:\/\/romfilatelia.ro\/magazin\/wp-content\/uploads\/2009\/11\/SMG_box_rom.jpg\"><img decoding=\"async\" loading=\"lazy\" class=\"wp-image-2003427 size-full aligncenter\" src=\"https:\/\/romfilatelia.ro\/magazin\/wp-content\/uploads\/2009\/11\/SMG_box_rom.jpg\" alt=\"SMG_box_rom\" width=\"900\" height=\"345\" srcset=\"https:\/\/romfilatelia.ro\/magazin\/wp-content\/uploads\/2009\/11\/SMG_box_rom.jpg 900w, https:\/\/romfilatelia.ro\/magazin\/wp-content\/uploads\/2009\/11\/SMG_box_rom-500x192.jpg 500w, https:\/\/romfilatelia.ro\/magazin\/wp-content\/uploads\/2009\/11\/SMG_box_rom-64x25.jpg 64w, https:\/\/romfilatelia.ro\/magazin\/wp-content\/uploads\/2009\/11\/SMG_box_rom-300x115.jpg 300w, https:\/\/romfilatelia.ro\/magazin\/wp-content\/uploads\/2009\/11\/SMG_box_rom-768x294.jpg 768w\" sizes=\"(max-width: 900px) 100vw, 900px\" \/><\/a><\/p>\n","protected":false},"excerpt":{"rendered":"<p>Cu ocazia \u00eemplinirii unui secol \u015fi jum\u00e3tate de la semnarea, la 12 noiembrie 1859, de c\u00e3tre domnitorul Alexandru Ioan Cuza, a \u00cenaltului Ordin de Zi nr. 83 de \u00eenfiin\u0163are a Statului Major General, Romfilatelia introduce \u00een circula\u0163ie emisiunea de m\u00e3rci po\u015ftale \u201eStatul Major General al Armatei Rom\u00e2ne &#8211; 150 de ani\u201c. Dup\u00e3 Unirea din 1859,&hellip;&nbsp;<a href=\"https:\/\/romfilatelia.ro\/magazin\/produs\/colectii-anuale\/2009\/statul-major-general-al-armatei-romane-150-de-ani\/\" class=\"\" rel=\"bookmark\">Cite\u0219te mai mult &raquo;<span class=\"screen-reader-text\">STATUL MAJOR GENERAL AL ARMATEI ROM\u00c2NE &#8211; 150 DE ANI<\/span><\/a><\/p>\n","protected":false},"featured_media":2003428,"template":"","meta":{"neve_meta_sidebar":"","neve_meta_container":"","neve_meta_enable_content_width":"","neve_meta_content_width":0,"neve_meta_title_alignment":"","neve_meta_author_avatar":"","neve_post_elements_order":"","neve_meta_disable_header":"","neve_meta_disable_footer":"","neve_meta_disable_title":""},"product_cat":[109,6],"product_tag":[],"_links":{"self":[{"href":"https:\/\/romfilatelia.ro\/magazin\/wp-json\/wp\/v2\/product\/2001246"}],"collection":[{"href":"https:\/\/romfilatelia.ro\/magazin\/wp-json\/wp\/v2\/product"}],"about":[{"href":"https:\/\/romfilatelia.ro\/magazin\/wp-json\/wp\/v2\/types\/product"}],"wp:featuredmedia":[{"embeddable":true,"href":"https:\/\/romfilatelia.ro\/magazin\/wp-json\/wp\/v2\/media\/2003428"}],"wp:attachment":[{"href":"https:\/\/romfilatelia.ro\/magazin\/wp-json\/wp\/v2\/media?parent=2001246"}],"wp:term":[{"taxonomy":"product_cat","embeddable":true,"href":"https:\/\/romfilatelia.ro\/magazin\/wp-json\/wp\/v2\/product_cat?post=2001246"},{"taxonomy":"product_tag","embeddable":true,"href":"https:\/\/romfilatelia.ro\/magazin\/wp-json\/wp\/v2\/product_tag?post=2001246"}],"curies":[{"name":"wp","href":"https:\/\/api.w.org\/{rel}","templated":true}]}}