{"id":2001245,"date":"2009-10-14T15:24:09","date_gmt":"2009-10-14T15:24:09","guid":{"rendered":"http:\/\/romfilatelia.ro\/store\/2009\/10\/14\/transgaz-35-de-ani-de-tranzit-international-de-gaze-naturale-in-romania-ai-balcani\/"},"modified":"2016-08-06T09:06:47","modified_gmt":"2016-08-06T09:06:47","slug":"transgaz-35-de-ani-de-tranzit-international-de-gaze-naturale-in-romania-ai-balcani","status":"publish","type":"product","link":"https:\/\/romfilatelia.ro\/magazin\/produs\/colectii-anuale\/2009\/transgaz-35-de-ani-de-tranzit-international-de-gaze-naturale-in-romania-ai-balcani\/","title":{"rendered":"TRANSGAZ &#8211; 35 DE ANI DE TRANZIT INTERNA\u021aIONAL DE GAZE NATURALE \u00ceN ROM\u00c2NIA \u0218I BALCANI"},"content":{"rendered":"<p><a href=\"https:\/\/romfilatelia.ro\/magazin\/wp-content\/uploads\/2009\/10\/transgaz_M.jpg\"><img decoding=\"async\" loading=\"lazy\" class=\"size-medium wp-image-2003433 alignleft\" src=\"https:\/\/romfilatelia.ro\/magazin\/wp-content\/uploads\/2009\/10\/transgaz_M-240x300.jpg\" alt=\"transgaz_M\" width=\"240\" height=\"300\" srcset=\"https:\/\/romfilatelia.ro\/magazin\/wp-content\/uploads\/2009\/10\/transgaz_M-240x300.jpg 240w, https:\/\/romfilatelia.ro\/magazin\/wp-content\/uploads\/2009\/10\/transgaz_M-64x80.jpg 64w, https:\/\/romfilatelia.ro\/magazin\/wp-content\/uploads\/2009\/10\/transgaz_M-319x400.jpg 319w, https:\/\/romfilatelia.ro\/magazin\/wp-content\/uploads\/2009\/10\/transgaz_M.jpg 479w\" sizes=\"(max-width: 240px) 100vw, 240px\" \/><\/a>\u00a0 \u00cen urm\u00e3 cu 35 de ani, prin acordul interguvernamental dintre Rom\u00e2nia \u015fi Ungaria, \u0163ara noastr\u00e3 devenea prima \u0163ar\u00e3 exportatoare de gaze naturale din Europa.<br \/>\n\u00cen acest context, continu\u00e2nd seria proiectelor de promovare a institu\u0163iilor reprezentative \u015fi a programelor de valorificare a bog\u00e3\u0163iilor naturale ale Rom\u00e2niei, Romfilatelia introduce \u00een circula\u0163ie emisiunea de m\u00e3rci po\u015ftale \u201eTRANSGAZ \u2013 35 de ani de tranzit interna\u0163ional de gaze naturale \u00een Rom\u00e2nia \u015fi Balcani\u201c.<br \/>\nIstoria extragerii \u015fi exploat\u00e3rii gazului natural \u00een \u0163ara noastr\u00e3 \u00eencepe \u00een Transilvania, la S\u00e3rm\u00e3\u015fel.<br \/>\nSonda 2 S\u00e3rm\u00e3\u015fel (jude\u0163ul Mure\u015f) este considerat\u00e3 prima sond\u00e3 de gaze naturale de pe teritoriul actual al Rom\u00e2niei; la momentul descoperirii fiind cotat\u00e3 ca a patra sond\u00e3 din lume sub aspectul debitului de gaze produs.<br \/>\nLa scurt timp dup\u00e3 descoperirea gazelor naturale, \u00een urma identific\u00e3rii avantajelor pe care le prezint\u00e3 acest nou combustibil, \u00een 1913, se \u00eenregistreaz\u00e3 prima produc\u0163ie de gaz natural din bazinul Transilvaniei (113.000 mc) la S\u00e3rm\u00e3\u015fel. Aceasta marcheaz\u00e3 anul de \u00eenceput al consumului de gaz natural din Rom\u00e2nia.<br \/>\nGazele erau utilizate \u00een \u015fantier la cazanele de abur. Sonda 2 S\u00e3rm\u00e3\u015fel a fost racordat\u00e3, \u00een anul 1914, la prima conduct\u00e3 de o\u0163el pentru transportul gazului natural din Europa (S\u00e3rm\u00e3\u015fel-Turda), aliment\u00e2nd cu gaze naturale lampadarele stradale din ora\u015ful Turda, constituind o alt\u00e3 premier\u00e3 european\u00e3.<br \/>\nCre\u015fterea consumului de gaze naturale a dus la dep\u00e3\u015firea limitei de utilizare local\u00e3, construindu-se astfel conducte cu lungimi mai mari de 100 de km (Botorca \u2013 Bucure\u015fti &#8211; 295 km), trec\u00e2ndu-se de la utilizarea regional\u00e3 a acestora, la utilizarea lor pe scar\u00e3 na\u0163ional\u00e3. Tronsonul de conduct\u00e3 (\u00eenceput \u00een anul 1974), amplasat \u00een Dobrogea, regiune din sud-estul Rom\u00e2niei \u015fi av\u00e2nd ca punct de intrare localitatea Isaccea, iar ca punct de ie\u015fire localitatea Negru Vod\u00e3, a fost proiectat \u015fi realizat \u00een baza unei Conven\u0163ii \u00eencheiate \u00eentre guvernele Rom\u00e2niei \u015fi Bulgariei \u00een anul 1970.<br \/>\n\u00cen anul 1989 a fost pus\u00e3 \u00een func\u0163iune o nou\u00e3 conduct\u00e3 de tranzit \u00een lungime de cca. 190 km, av\u00e2nd diametrul de 1200 mm, iar \u00een anul 2002, o a treia conduct\u00e3 de tranzit av\u00e2nd caracteristicile tehnice similare cu cele ale conductei men\u0163ionat\u00e3 anterior.<br \/>\nPrin realizarea acestor noi conducte, capacitatea total\u00e3 de tranzit a gazelor naturale pe teritoriul Rom\u00e2niei \u00een direc\u0163ia balcanic\u00e3 a crescut la cca. 28 mld. mc\/an.<br \/>\n\u00cen cei 35 de ani de exploatare (1974-2009) \u00een Rom\u00e2nia, prin cele trei conducte, au fost tranzitate pe direc\u0163ia balcanic\u00e3 cca. 334.000 mld. mc gaze naturale.<br \/>\n\u00cen evolu\u0163ia industriei exploat\u00e3rii \u015fi transportului gazelor naturale din Rom\u00e2nia, 2000 este anul c\u00e2nd ia fiin\u0163\u00e3 S.N.T.G.N. TRANSGAZ S.A. Media\u015f.<br \/>\n\u00cen \u0163ara noastr\u00e3, dezvoltarea tranzitului interna\u0163ional de gaze naturale va fi asigurat\u00e3 prin participarea S.N.T.G.N. TRANSGAZ S.A. la proiectul Nabucco, traseul conductei urm\u00e2nd a traversa urm\u00e3toarele \u0163\u00e3ri: Turcia, Bulgaria, Rom\u00e2nia, Ungaria, Austria. Conform acestui proiect vor fi transportate cca. 31 mld.mc\/an gaze naturale din Orientul Mijlociu \u015fi zona M\u00e3rii Caspice spre Europa Central\u00e3 \u015fi de Vest.<br \/>\nActivitatea de tranzit interna\u0163ional pe teritoriul Rom\u00e2niei ofer\u00e3 societ\u00e3\u0163ii TRANSGAZ posibilitatea dezvolt\u00e3rii unor colabor\u00e3ri fructuoase cu companii gaziere de prestigiu implicate \u00een aceast\u00e3 activitate.<\/p>\n<p>Pentru consultan\u0163a documentar\u00e3 acordat\u00e3 la realizarea acestei emisiuni filatelice aducem mul\u0163umiri S.N.T.G.N. TRANSGAZ S.A.<\/p>\n<p>Data Aparitie:2009-10-14<\/p>\n<p><a href=\"https:\/\/romfilatelia.ro\/magazin\/wp-content\/uploads\/2009\/10\/transgaz_box_rom.jpg\"><img decoding=\"async\" loading=\"lazy\" class=\"wp-image-2003434 size-full aligncenter\" src=\"https:\/\/romfilatelia.ro\/magazin\/wp-content\/uploads\/2009\/10\/transgaz_box_rom.jpg\" alt=\"transgaz_box_rom\" width=\"900\" height=\"493\" srcset=\"https:\/\/romfilatelia.ro\/magazin\/wp-content\/uploads\/2009\/10\/transgaz_box_rom.jpg 900w, https:\/\/romfilatelia.ro\/magazin\/wp-content\/uploads\/2009\/10\/transgaz_box_rom-500x274.jpg 500w, https:\/\/romfilatelia.ro\/magazin\/wp-content\/uploads\/2009\/10\/transgaz_box_rom-64x35.jpg 64w, https:\/\/romfilatelia.ro\/magazin\/wp-content\/uploads\/2009\/10\/transgaz_box_rom-300x164.jpg 300w, https:\/\/romfilatelia.ro\/magazin\/wp-content\/uploads\/2009\/10\/transgaz_box_rom-768x421.jpg 768w\" sizes=\"(max-width: 900px) 100vw, 900px\" \/><\/a><\/p>\n","protected":false},"excerpt":{"rendered":"<p>\u00a0 \u00cen urm\u00e3 cu 35 de ani, prin acordul interguvernamental dintre Rom\u00e2nia \u015fi Ungaria, \u0163ara noastr\u00e3 devenea prima \u0163ar\u00e3 exportatoare de gaze naturale din Europa. \u00cen acest context, continu\u00e2nd seria proiectelor de promovare a institu\u0163iilor reprezentative \u015fi a programelor de valorificare a bog\u00e3\u0163iilor naturale ale Rom\u00e2niei, Romfilatelia introduce \u00een circula\u0163ie emisiunea de m\u00e3rci po\u015ftale \u201eTRANSGAZ&hellip;&nbsp;<a href=\"https:\/\/romfilatelia.ro\/magazin\/produs\/colectii-anuale\/2009\/transgaz-35-de-ani-de-tranzit-international-de-gaze-naturale-in-romania-ai-balcani\/\" class=\"\" rel=\"bookmark\">Cite\u0219te mai mult &raquo;<span class=\"screen-reader-text\">TRANSGAZ &#8211; 35 DE ANI DE TRANZIT INTERNA\u021aIONAL DE GAZE NATURALE \u00ceN ROM\u00c2NIA \u0218I BALCANI<\/span><\/a><\/p>\n","protected":false},"featured_media":2003433,"template":"","meta":{"neve_meta_sidebar":"","neve_meta_container":"","neve_meta_enable_content_width":"","neve_meta_content_width":0,"neve_meta_title_alignment":"","neve_meta_author_avatar":"","neve_post_elements_order":"","neve_meta_disable_header":"","neve_meta_disable_footer":"","neve_meta_disable_title":""},"product_cat":[109,6],"product_tag":[],"_links":{"self":[{"href":"https:\/\/romfilatelia.ro\/magazin\/wp-json\/wp\/v2\/product\/2001245"}],"collection":[{"href":"https:\/\/romfilatelia.ro\/magazin\/wp-json\/wp\/v2\/product"}],"about":[{"href":"https:\/\/romfilatelia.ro\/magazin\/wp-json\/wp\/v2\/types\/product"}],"wp:featuredmedia":[{"embeddable":true,"href":"https:\/\/romfilatelia.ro\/magazin\/wp-json\/wp\/v2\/media\/2003433"}],"wp:attachment":[{"href":"https:\/\/romfilatelia.ro\/magazin\/wp-json\/wp\/v2\/media?parent=2001245"}],"wp:term":[{"taxonomy":"product_cat","embeddable":true,"href":"https:\/\/romfilatelia.ro\/magazin\/wp-json\/wp\/v2\/product_cat?post=2001245"},{"taxonomy":"product_tag","embeddable":true,"href":"https:\/\/romfilatelia.ro\/magazin\/wp-json\/wp\/v2\/product_tag?post=2001245"}],"curies":[{"name":"wp","href":"https:\/\/api.w.org\/{rel}","templated":true}]}}