{"id":2001244,"date":"2009-10-06T15:24:04","date_gmt":"2009-10-06T15:24:04","guid":{"rendered":"http:\/\/romfilatelia.ro\/store\/2009\/10\/06\/ziua-internationala-a-nonviolentei\/"},"modified":"2016-08-06T09:01:43","modified_gmt":"2016-08-06T09:01:43","slug":"ziua-internationala-a-nonviolentei","status":"publish","type":"product","link":"https:\/\/romfilatelia.ro\/magazin\/produs\/colectii-anuale\/2009\/ziua-internationala-a-nonviolentei\/","title":{"rendered":"ZIUA  INTERNA\u021aIONAL\u00c3 A  NONVIOLEN\u021aEI"},"content":{"rendered":"<p><a href=\"https:\/\/romfilatelia.ro\/magazin\/wp-content\/uploads\/2009\/10\/Nonviolenta_M.jpg\"><img decoding=\"async\" loading=\"lazy\" class=\"size-medium wp-image-2003444 alignleft\" src=\"https:\/\/romfilatelia.ro\/magazin\/wp-content\/uploads\/2009\/10\/Nonviolenta_M-300x158.jpg\" alt=\"Nonviolenta_M\" width=\"300\" height=\"158\" srcset=\"https:\/\/romfilatelia.ro\/magazin\/wp-content\/uploads\/2009\/10\/Nonviolenta_M-300x158.jpg 300w, https:\/\/romfilatelia.ro\/magazin\/wp-content\/uploads\/2009\/10\/Nonviolenta_M-500x263.jpg 500w, https:\/\/romfilatelia.ro\/magazin\/wp-content\/uploads\/2009\/10\/Nonviolenta_M-64x34.jpg 64w, https:\/\/romfilatelia.ro\/magazin\/wp-content\/uploads\/2009\/10\/Nonviolenta_M.jpg 600w\" sizes=\"(max-width: 300px) 100vw, 300px\" \/><\/a> Organiza\u0163ia Na\u0163iunilor Unite a adoptat rezolu\u0163ia privind instituirea Zilei Interna\u0163ionale a Nonviolen\u0163ei a c\u00e3rei dat\u00e3 a fost stabilit\u00e3 pentru 2 octombrie a fiec\u00e3rui an.<br \/>\nPentru a marca desf\u00e3\u015furarea manifest\u00e3rilor dedicate acestei zile, Romfilatelia introduce \u00een circula\u0163ie emisiunea filatelic\u00e3 tematic\u00e3 \u201eZiua Interna\u0163ional\u00e3 a Nonviolen\u0163ei\u201c.<br \/>\n\u00cen promovarea unei atitudini ferme care s\u00e3 sus\u0163in\u00e3 nonviolen\u0163a \u00eentre \u0163\u00e3ri \u015fi oameni, \u00eentre confesiunile religioase sau grup\u00e3ri politice, un rol de frunte l-a avut Mahatma Gandhi, ap\u00e3r\u00e3tor de seam\u00e3 al religiei \u015fi na\u0163iunii indiene, lupt\u00e3tor tenace pentru eliminarea la nivel mondial a discrimin\u00e3rii rasiale \u015fi a violen\u0163ei, sub toate formele ei de manifestare.<br \/>\nCu ocazia Zilei Interna\u0163ionale a Nonviolen\u0163ei, pe 2 octombrie, ziua de na\u015ftere a lui Mahatma Gandhi, \u00een programul manifest\u00e3rilor a fost inclus Mar\u015ful Mondial pentru Pace \u015fi Nonviolen\u0163\u00e3.<br \/>\nMar\u015ful Mondial are ca punct de plecare Noua Zeeland\u00e3 \u015fi se va \u00eencheia, pe 2 ianuarie 2010, \u00een Anzii Argentinieni.<br \/>\nVor fi str\u00e3b\u00e3tute trasee ce trec prin teritoriile a peste 90 de \u0163\u00e3ri, participan\u0163ii la mar\u015f fiind prezen\u0163i \u00een peste 100 de ora\u015fe din cele 5 continente. Cei aproximativ 160 000 de km vor fi str\u00e3b\u00e3tu\u0163i pe uscat, pe ap\u00e3 \u015fi pe calea aerului. Vor fi traversate toate tipurile de clim\u00e3 \u015fi anotimpuri, de la iarna siberian\u00e3 la vara torid\u00e3 din zonele tropicale \u015fi de\u015fertice.<br \/>\nScopul acestui Mar\u015f este, pe de o parte, de a denun\u0163a pericolul mondial pe care \u00eel reprezint\u00e3 escaladarea violen\u0163ei \u015fi pentru a face auzit glasul a milioane de oameni care sunt \u00eempotriva r\u00e3zboiului \u015fi a cursei pentru \u00eenarmare, iar pe de alt\u00e3 parte, de a eviden\u0163ia multiplele forme de violen\u0163\u00e3 (economic\u00e3, rasial\u00e3, religioas\u00e3, sexual\u00e3) \u015fi pentru a crea o con\u015ftiin\u0163\u00e3 global\u00e3 care s\u00e3 instaureze o pace adev\u00e3rat\u00e3 \u015fi o repulsie general\u00e3 \u00een fa\u0163a oric\u00e3rei forme de violen\u0163\u00e3.<br \/>\nMar\u015ful va \u00eencheia, de fapt, seria manifest\u00e3rilor care s-au desf\u00e3\u015furat \u00een \u00eentreaga lume \u00een intervalul 2001-2010, declarat Deceniul interna\u0163ional pentru o cultur\u00e3 a p\u00e3cii \u015fi a nonviolen\u0163ei.<\/p>\n<p>Data Aparitie:2009-10-06<\/p>\n<p><a href=\"https:\/\/romfilatelia.ro\/magazin\/wp-content\/uploads\/2009\/10\/Nonviolenta_box_rom.jpg\"><img decoding=\"async\" loading=\"lazy\" class=\"alignleft wp-image-2003445 size-full\" src=\"https:\/\/romfilatelia.ro\/magazin\/wp-content\/uploads\/2009\/10\/Nonviolenta_box_rom.jpg\" alt=\"Nonviolenta_box_rom\" width=\"900\" height=\"600\" srcset=\"https:\/\/romfilatelia.ro\/magazin\/wp-content\/uploads\/2009\/10\/Nonviolenta_box_rom.jpg 900w, https:\/\/romfilatelia.ro\/magazin\/wp-content\/uploads\/2009\/10\/Nonviolenta_box_rom-500x333.jpg 500w, https:\/\/romfilatelia.ro\/magazin\/wp-content\/uploads\/2009\/10\/Nonviolenta_box_rom-64x43.jpg 64w, https:\/\/romfilatelia.ro\/magazin\/wp-content\/uploads\/2009\/10\/Nonviolenta_box_rom-300x200.jpg 300w, https:\/\/romfilatelia.ro\/magazin\/wp-content\/uploads\/2009\/10\/Nonviolenta_box_rom-768x512.jpg 768w, https:\/\/romfilatelia.ro\/magazin\/wp-content\/uploads\/2009\/10\/Nonviolenta_box_rom-570x380.jpg 570w, https:\/\/romfilatelia.ro\/magazin\/wp-content\/uploads\/2009\/10\/Nonviolenta_box_rom-380x254.jpg 380w, https:\/\/romfilatelia.ro\/magazin\/wp-content\/uploads\/2009\/10\/Nonviolenta_box_rom-285x190.jpg 285w\" sizes=\"(max-width: 900px) 100vw, 900px\" \/><\/a><\/p>\n","protected":false},"excerpt":{"rendered":"<p>Organiza\u0163ia Na\u0163iunilor Unite a adoptat rezolu\u0163ia privind instituirea Zilei Interna\u0163ionale a Nonviolen\u0163ei a c\u00e3rei dat\u00e3 a fost stabilit\u00e3 pentru 2 octombrie a fiec\u00e3rui an. Pentru a marca desf\u00e3\u015furarea manifest\u00e3rilor dedicate acestei zile, Romfilatelia introduce \u00een circula\u0163ie emisiunea filatelic\u00e3 tematic\u00e3 \u201eZiua Interna\u0163ional\u00e3 a Nonviolen\u0163ei\u201c. \u00cen promovarea unei atitudini ferme care s\u00e3 sus\u0163in\u00e3 nonviolen\u0163a \u00eentre \u0163\u00e3ri \u015fi&hellip;&nbsp;<a href=\"https:\/\/romfilatelia.ro\/magazin\/produs\/colectii-anuale\/2009\/ziua-internationala-a-nonviolentei\/\" class=\"\" rel=\"bookmark\">Cite\u0219te mai mult &raquo;<span class=\"screen-reader-text\">ZIUA  INTERNA\u021aIONAL\u00c3 A  NONVIOLEN\u021aEI<\/span><\/a><\/p>\n","protected":false},"featured_media":2003444,"template":"","meta":{"neve_meta_sidebar":"","neve_meta_container":"","neve_meta_enable_content_width":"","neve_meta_content_width":0,"neve_meta_title_alignment":"","neve_meta_author_avatar":"","neve_post_elements_order":"","neve_meta_disable_header":"","neve_meta_disable_footer":"","neve_meta_disable_title":""},"product_cat":[109,6],"product_tag":[],"_links":{"self":[{"href":"https:\/\/romfilatelia.ro\/magazin\/wp-json\/wp\/v2\/product\/2001244"}],"collection":[{"href":"https:\/\/romfilatelia.ro\/magazin\/wp-json\/wp\/v2\/product"}],"about":[{"href":"https:\/\/romfilatelia.ro\/magazin\/wp-json\/wp\/v2\/types\/product"}],"wp:featuredmedia":[{"embeddable":true,"href":"https:\/\/romfilatelia.ro\/magazin\/wp-json\/wp\/v2\/media\/2003444"}],"wp:attachment":[{"href":"https:\/\/romfilatelia.ro\/magazin\/wp-json\/wp\/v2\/media?parent=2001244"}],"wp:term":[{"taxonomy":"product_cat","embeddable":true,"href":"https:\/\/romfilatelia.ro\/magazin\/wp-json\/wp\/v2\/product_cat?post=2001244"},{"taxonomy":"product_tag","embeddable":true,"href":"https:\/\/romfilatelia.ro\/magazin\/wp-json\/wp\/v2\/product_tag?post=2001244"}],"curies":[{"name":"wp","href":"https:\/\/api.w.org\/{rel}","templated":true}]}}