{"id":2001241,"date":"2009-08-28T15:20:31","date_gmt":"2009-08-28T15:20:31","guid":{"rendered":"http:\/\/romfilatelia.ro\/store\/2009\/08\/28\/fauna-protejata-din-romania\/"},"modified":"2016-08-06T08:44:59","modified_gmt":"2016-08-06T08:44:59","slug":"fauna-protejata-din-romania","status":"publish","type":"product","link":"https:\/\/romfilatelia.ro\/magazin\/produs\/colectii-anuale\/2009\/fauna-protejata-din-romania\/","title":{"rendered":"FAUN\u00c3 PROTEJAT\u00c3 DIN ROM\u00c2NIA"},"content":{"rendered":"<p><a href=\"https:\/\/romfilatelia.ro\/magazin\/wp-content\/uploads\/2009\/08\/Fauna_prot_M.jpg\"><img decoding=\"async\" loading=\"lazy\" class=\"size-medium wp-image-2003651 alignleft\" src=\"https:\/\/romfilatelia.ro\/magazin\/wp-content\/uploads\/2009\/08\/Fauna_prot_M-199x300.jpg\" alt=\"Fauna_prot_M\" width=\"199\" height=\"300\" srcset=\"https:\/\/romfilatelia.ro\/magazin\/wp-content\/uploads\/2009\/08\/Fauna_prot_M-199x300.jpg 199w, https:\/\/romfilatelia.ro\/magazin\/wp-content\/uploads\/2009\/08\/Fauna_prot_M-64x97.jpg 64w, https:\/\/romfilatelia.ro\/magazin\/wp-content\/uploads\/2009\/08\/Fauna_prot_M-265x400.jpg 265w, https:\/\/romfilatelia.ro\/magazin\/wp-content\/uploads\/2009\/08\/Fauna_prot_M.jpg 397w\" sizes=\"(max-width: 199px) 100vw, 199px\" \/><\/a> Romfilatelia introduce \u00een circula\u0163ie emisiunea de m\u00e3rci po\u015ftale \u201eFaun\u00e3 Protejat\u00e3 din Rom\u00e2nia\u201c.<br \/>\n\u00cenc\u00e3lzirea global\u00e3, interven\u0163ia omului asupra naturii, distrugerea habitatului animalelor datorit\u00e3 progresului omenirii \u015fi a dezvolt\u00e3rii zonelor de construc\u0163ii, precum \u015fi v\u00e2n\u00e3toarea excesiv\u00e3, au f\u00e3cut ca de-a lungul ultimului secol s\u00e3 dispar\u00e3 zeci de specii de animale.<br \/>\nRom\u00e2nia, din punct de vedere biogeografic, are \u00een cuprinsul ei cele trei segmente geografice: c\u00e2mpie, deal \u015fi munte. Datorit\u00e3 pozi\u0163iei sale la jum\u00e3tatea distan\u0163ei dintre Polul Nord \u015fi Ecuator, Rom\u00e2nia este o \u0163ar\u00e3 cu o diversitate biologic\u00e3 ridicat\u00e3, exprimat\u00e3 at\u00e2t la nivel de ecosisteme, c\u00e2t \u015fi la nivel de specii, oferind condi\u0163iile necesare conserv\u00e3rii diversit\u00e3\u0163ii biologice specifice (pedoclimatice \u015fi hidrologice). Astfel, pe teritoriul \u0163\u00e3rii noastre se diferen\u0163iaz\u00e3 circa 52 ecoregiuni cu o varietate de ecosisteme terestre, acvatice, specifice zonelor de coast\u00e3 \u015fi ale litoralului M\u00e3rii Negre, zonelor de step\u00e3, silvostep\u00e3, deal, munte, lacurilor, cursurilor de ap\u00e3 \u015fi luncilor acestora, zonelor secetoase sau a celor umede, inclusiv celor specifice Deltei Dun\u00e3rii.<br \/>\nTematica Faun\u00e3 se afl\u00e3 \u00een topul preferin\u0163elor colec\u0163ionarilor de m\u00e3rci po\u015ftale \u015fi aceast\u00e3 nou\u00e3 emisiune va completa colec\u0163iile lor cu imaginile a \u015fase specii de animale protejate, unele dintre ele disp\u00e3rute sau pe cale de dispari\u0163ie: Acvila de munte, R\u00e2sul, Cerbul, Morunul, \u021aestoasa dobrogean\u00e3 \u015fi Dropia.<br \/>\nAcvila de munte (Aquila chrysa\u00ebtos), ilustrat\u00e3 pe timbrul cu valoarea nominal\u00e3 de 0,30 Lei, este o pas\u00e3re foarte ager\u00e3 \u015fi una dintre cele mai puternice p\u00e3s\u00e3ri de prad\u00e3. Anvergura aripilor poate atinge 2 m lungime. Are un penaj cafeniu cu iriza\u0163ii aurii; la baza cozii are \u00eens\u00e3 \u015fi c\u00e2teva pene albe. V\u00e2neaz\u00e3 \u015foareci, iepuri, prepeli\u0163e, coco\u015fi de munte sau chiar \u015fi iezii de capr\u00e3 neagr\u00e3 \u015fi de alte capre s\u00e3lbatice.<br \/>\nR\u00e2sul (Lynx lynx), ilustrat pe timbrul cu valoarea nominal\u00e3 de 0,50 Lei, este denumit \u015fi pantera Carpa\u0163ilor. Aria sa de r\u00e3sp\u00e2ndire se \u00eentinde din Alpi, Tatra, Carpa\u0163i, Peninsula Balcanic\u00e3 \u015fi Caucaz, apoi \u00een Himalaia, p\u00e2n\u00e3 \u00een Insula Sahalin, nordul Indiei \u015fi \u00een Asia Mic\u00e3. Ca urmare a v\u00e2n\u00e3torii excesive, practicate \u00een secolele XIX \u015fi XX, exemplarele sunt foarte rare \u00een afara Carpa\u0163ilor \u015fi a Subcarpa\u0163ilor. Este un animal carnivor, agil, care v\u00e2neaz\u00e3 \u00een amurg, deplas\u00e2ndu-se neauzit, fiind foarte greu de observat, poate \u015fi datorit\u00e3 bl\u00e3nii sale care \u00eei confer\u00e3 un camuflaj deosebit. Salturile sale sunt de aproape 6 metri. Are auzul \u015fi mirosul foarte dezvoltate, iar v\u00e3zul este deosebit de bun. Un lucru mai pu\u0163in cunoscut este faptul c\u00e3 r\u00e2sul poate fi domesticit, manifest\u00e2nd o fidelitate de c\u00e2ine fa\u0163\u00e3 de cel ce l-a crescut.<br \/>\nCerbul (Cervus elaphus), ilustrat pe timbrul cu valoarea nominal\u00e3 de 0,60 Lei este un mamifer ierbivor din aceea\u015fi familie (Cervidae) cu renul \u015fi elanul. Caracteristicile sale sunt coarnele ramificate care, de obicei, cresc numai la masculi. Greutatea cerbului atinge \u00eentre 180 \u015fi 300 de kg. La \u00eenceputul fiec\u00e3rei prim\u00e3veri, masculii \u00ee\u015fi pierd coarnele. De regul\u00e3, un cerb tr\u00e3ie\u015fte \u00een jur de 18-20 de ani. \u00cel \u00eent\u00e2lnim \u00een p\u00e3duri \u00eentinse, \u00een poieni, \u00een lumini\u015furi cu izvoare.<br \/>\nMorunul (Huso huso), ilustrat pe timbrul cu valoarea nominal\u00e3 de 1,40 Lei, este cel mai mare dintre sturioni \u015fi cel mai valoros pe\u015fte al apelor rom\u00e2ne\u015fti. Unele exemplare ajung chiar \u015fi la 1500 kg \u015fi 9 metri lungime. Are corpul ca un trunchi gros, alungit spre cap \u015fi coad\u00e3. Capul este mic \u00een raport cu corpul, iar botul este scurt \u015fi moale. Culoarea corpului este \u00een general cenu\u015fie, iar cea a abdomenului este alb\u00e3. Tr\u00e3ie\u015fte chiar \u015fi p\u00e2n\u00e3 la 75 de ani. Icrele de morun sunt mai mari dec\u00e2t ale celorlal\u0163i sturioni, iar o femel\u00e3 poate depune p\u00e2n\u00e3 la 8 milioane de icre.<br \/>\n\u021aestoasa dobrogean\u00e3 (Testudo graeca ibera), ilustrat\u00e3 pe timbrul cu valoarea nominal\u00e3 de 3,00 Lei, are o lungime cuprins\u00e3 \u00eentre 16 \u015fi 28 cm. Carapacea este g\u00e3lbuie, u\u015for \u00eentunecat\u00e3, uniform cafenie sau chiar m\u00e3slinie. O \u00eent\u00e2lnim pe terenuri uscate, cu tufi\u015furi bogate; prefer\u00e3 c\u00e3ldura. Se hr\u00e3ne\u015fte cu ierburi, frunze suculente, r\u00e3d\u00e3cini tinere. \u00cen perioada mai &#8211; iunie, femela depune \u00een nisip, \u00een jur de 4-12 ou\u00e3 sferice, albe, care au nevoie de o incuba\u0163ie de 70-80 de zile. \u021aestoasa dobrogean\u00e3 tr\u00e3ie\u015fte \u00een jur de 90-125 de ani.<br \/>\nDropia (Otis tarda), ilustrat\u00e3 pe timbrul cu valoarea nominal\u00e3 de 6,00 Lei, este o pas\u00e3re ocrotit\u00e3 prin lege. Dropia este pe cale de dispari\u0163ie \u00een Rom\u00e2nia. Are o greutate \u00een jur de 15 kg (masculul) \u015fi 3-4 kg (femela) \u015fi un metru \u00een\u00e3l\u0163ime. Este o foarte bun\u00e3 alerg\u00e3toare, tr\u00e3ind \u00een stepe, c\u00e2mpii \u00eentinse. Are un penaj cafeniu ro\u015fcat pe spate, cu pete \u015fi linii negre. Coada este format\u00e3 din 20 de pene, iar ciocul este scurt, drept \u015fi puternic. Se hr\u00e3ne\u015fte cu semin\u0163e, l\u00e3stari, r\u00e2me, melci \u015fi insecte.<\/p>\n<p>Aducem mul\u0163umiri conducerii Muzeului Na\u0163ional de Istorie Natural\u00e3 \u201eGRIGORE ANTIPA\u201c pentru consultan\u0163a documentar\u00e3 acordat\u00e3 la realizarea acestei emisiuni filatelice.<\/p>\n<p>Data Aparitie:2009-08-28<\/p>\n<p><a href=\"https:\/\/romfilatelia.ro\/magazin\/wp-content\/uploads\/2009\/08\/Fauna_prot_box_rom.jpg\"><img decoding=\"async\" loading=\"lazy\" class=\"wp-image-2003652 size-full aligncenter\" src=\"https:\/\/romfilatelia.ro\/magazin\/wp-content\/uploads\/2009\/08\/Fauna_prot_box_rom.jpg\" alt=\"Fauna_prot_box_rom\" width=\"900\" height=\"379\" srcset=\"https:\/\/romfilatelia.ro\/magazin\/wp-content\/uploads\/2009\/08\/Fauna_prot_box_rom.jpg 900w, https:\/\/romfilatelia.ro\/magazin\/wp-content\/uploads\/2009\/08\/Fauna_prot_box_rom-500x211.jpg 500w, https:\/\/romfilatelia.ro\/magazin\/wp-content\/uploads\/2009\/08\/Fauna_prot_box_rom-64x27.jpg 64w, https:\/\/romfilatelia.ro\/magazin\/wp-content\/uploads\/2009\/08\/Fauna_prot_box_rom-300x126.jpg 300w, https:\/\/romfilatelia.ro\/magazin\/wp-content\/uploads\/2009\/08\/Fauna_prot_box_rom-768x323.jpg 768w\" sizes=\"(max-width: 900px) 100vw, 900px\" \/><\/a><\/p>\n","protected":false},"excerpt":{"rendered":"<p>Romfilatelia introduce \u00een circula\u0163ie emisiunea de m\u00e3rci po\u015ftale \u201eFaun\u00e3 Protejat\u00e3 din Rom\u00e2nia\u201c. \u00cenc\u00e3lzirea global\u00e3, interven\u0163ia omului asupra naturii, distrugerea habitatului animalelor datorit\u00e3 progresului omenirii \u015fi a dezvolt\u00e3rii zonelor de construc\u0163ii, precum \u015fi v\u00e2n\u00e3toarea excesiv\u00e3, au f\u00e3cut ca de-a lungul ultimului secol s\u00e3 dispar\u00e3 zeci de specii de animale. Rom\u00e2nia, din punct de vedere biogeografic, are&hellip;&nbsp;<a href=\"https:\/\/romfilatelia.ro\/magazin\/produs\/colectii-anuale\/2009\/fauna-protejata-din-romania\/\" class=\"\" rel=\"bookmark\">Cite\u0219te mai mult &raquo;<span class=\"screen-reader-text\">FAUN\u00c3 PROTEJAT\u00c3 DIN ROM\u00c2NIA<\/span><\/a><\/p>\n","protected":false},"featured_media":2003651,"template":"","meta":{"neve_meta_sidebar":"","neve_meta_container":"","neve_meta_enable_content_width":"","neve_meta_content_width":0,"neve_meta_title_alignment":"","neve_meta_author_avatar":"","neve_post_elements_order":"","neve_meta_disable_header":"","neve_meta_disable_footer":"","neve_meta_disable_title":""},"product_cat":[109,6],"product_tag":[],"_links":{"self":[{"href":"https:\/\/romfilatelia.ro\/magazin\/wp-json\/wp\/v2\/product\/2001241"}],"collection":[{"href":"https:\/\/romfilatelia.ro\/magazin\/wp-json\/wp\/v2\/product"}],"about":[{"href":"https:\/\/romfilatelia.ro\/magazin\/wp-json\/wp\/v2\/types\/product"}],"wp:featuredmedia":[{"embeddable":true,"href":"https:\/\/romfilatelia.ro\/magazin\/wp-json\/wp\/v2\/media\/2003651"}],"wp:attachment":[{"href":"https:\/\/romfilatelia.ro\/magazin\/wp-json\/wp\/v2\/media?parent=2001241"}],"wp:term":[{"taxonomy":"product_cat","embeddable":true,"href":"https:\/\/romfilatelia.ro\/magazin\/wp-json\/wp\/v2\/product_cat?post=2001241"},{"taxonomy":"product_tag","embeddable":true,"href":"https:\/\/romfilatelia.ro\/magazin\/wp-json\/wp\/v2\/product_tag?post=2001241"}],"curies":[{"name":"wp","href":"https:\/\/api.w.org\/{rel}","templated":true}]}}