{"id":2001238,"date":"2009-07-24T15:12:47","date_gmt":"2009-07-24T15:12:47","guid":{"rendered":"http:\/\/romfilatelia.ro\/store\/2009\/07\/24\/centrul-istoric-sighiaoara-patrimoniu-mondial-unesco\/"},"modified":"2016-08-05T13:56:11","modified_gmt":"2016-08-05T13:56:11","slug":"centrul-istoric-sighiaoara-patrimoniu-mondial-unesco","status":"publish","type":"product","link":"https:\/\/romfilatelia.ro\/magazin\/produs\/colectii-anuale\/2009\/centrul-istoric-sighiaoara-patrimoniu-mondial-unesco\/","title":{"rendered":"CENTRUL ISTORIC SIGHI\u0218OARA &#8211; PATRIMONIU MONDIAL UNESCO"},"content":{"rendered":"<p><a href=\"https:\/\/romfilatelia.ro\/magazin\/wp-content\/uploads\/2009\/07\/sighisoara_M.jpg\"><img decoding=\"async\" loading=\"lazy\" class=\"size-medium wp-image-2003998 alignleft\" src=\"https:\/\/romfilatelia.ro\/magazin\/wp-content\/uploads\/2009\/07\/sighisoara_M-183x300.jpg\" alt=\"sighisoara_M\" width=\"183\" height=\"300\" srcset=\"https:\/\/romfilatelia.ro\/magazin\/wp-content\/uploads\/2009\/07\/sighisoara_M-183x300.jpg 183w, https:\/\/romfilatelia.ro\/magazin\/wp-content\/uploads\/2009\/07\/sighisoara_M-64x105.jpg 64w, https:\/\/romfilatelia.ro\/magazin\/wp-content\/uploads\/2009\/07\/sighisoara_M-243x400.jpg 243w, https:\/\/romfilatelia.ro\/magazin\/wp-content\/uploads\/2009\/07\/sighisoara_M.jpg 365w\" sizes=\"(max-width: 183px) 100vw, 183px\" \/><\/a> Cetatea Sighi\u015foara, ora\u015f-muzeu, parte din zestrea istoriei noastre, conserv\u00e3 \u00een linii, forme, volume, culori, ambian\u0163e \u015fi tipologii, memoria unui timp, care, prin mijlocele specifice arhitecturii, urbanisticii \u015fi obiectelor vechilor me\u015fte\u015fugari, ne vorbe\u015fte despre continuitatea \u015fi permanen\u0163a rom\u00e2nilor \u00een Transilvania.<br \/>\nFoarte mul\u0163i vizitatori din alte \u0163\u00e3ri \u015fi din toate timpurile au remarcat pitorescul ora\u015fului pe care l-au elogiat ca fiind \u201ePerla T\u00e2rnavei\u201c.<br \/>\nAtestat documentar, numele ora\u015fului apare \u00een anul 1280 sub denumirea \u201eCastrum Sex\u201c, iar cu numele de \u201eSighi\u015foara\u201c \u00een anul 1435.<br \/>\nPentru a face fa\u0163\u00e3 pericolelor, locuitorii cet\u00e3\u0163ii au ridicat ziduri puternice, construind de asemenea \u015fi o biseric\u00e3 fortificat\u00e3. La acestea s-au ad\u00e3ugat 14 turnuri ale breslelor \u015fi patru bastioane care au m\u00e3rit capacitatea de ap\u00e3rare.<br \/>\nLa \u00eenceputul secolului al XV-lea, Sighi\u015foara l-a sus\u0163inut pe principele muntean Vlad Dracul, stabilit aici \u00eentre anii 1431-1435, pentru a preg\u00e3ti ocuparea tronului \u021a\u00e3rii Rom\u00e2ne\u015fti. \u0218ederea principelui \u00een incinta cet\u00e3\u0163ii este atestat\u00e3 \u015fi de baterea unei monede proprii, cu intens\u00e3 circula\u0163ie \u00een \u0163inuturile transilv\u00e3nene.<br \/>\nSe cuvine a aminti \u015fi alt eveniment important: \u00een anul 1431 s-a n\u00e3scut la Sighi\u015foara Vlad \u021aepe\u015f.<br \/>\nDup\u00e3 pierderea b\u00e3t\u00e3liei de la Mohacs (1526), Regatul Ungariei a devenit \u00een parte pa\u015fal\u00e2c turcesc, iar Transilvania se transform\u00e3, mai bine de un secol, \u00eentr-un teatru de lupte dintre habsburgi, turci \u015fi Principii Transilvaniei.<br \/>\nSighi\u015foara revine \u00een filele de istorie, la anul 1600, c\u00e2nd Mihai Viteazul a str\u00e3b\u00e3tut cetatea, \u00een mar\u015ful s\u00e3u victorios spre Alba Iulia, unde proclam\u00e3 prima unire a celor trei principate rom\u00e2ne\u015fti: \u021aara Rom\u00e2neasc\u00e3, Transilvania \u015fi Moldova.<br \/>\nSecolul al XVII-lea aduce Sighi\u015foarei numeroase nenorociri. Asediile, foametea, jafurile \u015fi epidemiile de cium\u00e3, inunda\u0163iile, cutremurele \u015fi incendiile pustiitoare au f\u00e3cut mii de victime \u015fi au provocat mari distrugeri.<br \/>\nDe Sighi\u015foara se leag\u00e3 \u015fi un moment important al Revolu\u0163iei de la 1848. \u00cen localitatea Albe\u015fti, nu departe de cetate, \u00eentr-o s\u00e2ngeroas\u00e3 b\u00e3t\u00e3lie cu trupele \u0163ariste a c\u00e3zut unul dintre cei mai de seam\u00e3 revolu\u0163ionari maghiari, poetul Pet\u00f6fi Sandor.<br \/>\nOra\u015ful-muzeu, gazd\u00e3 pentru scurt timp \u015fi a marelui compozitor Johannes Brahms, p\u00e3streaz\u00e3 \u00eenc\u00e3 multe locuri \u015fi cl\u00e3diri interesante pentru orice vizitator interesat sau \u00eendr\u00e3gostit de arhitectura medieval\u00e3.<br \/>\nDintre cele 9 turnuri existente ast\u00e3zi, Turnul cu Ceas care str\u00e3juie\u015fte \u201ePia\u0163a Cet\u00e3\u0163ii\u201c se \u00eenal\u0163\u00e3 ca un prim \u015fi impozant edificiu. Orologiul turnului, la fel ca modelul din Praga, a fost construit \u00een Elve\u0163ia.<br \/>\nCel mai puternic turn al cet\u00e3\u0163ii, Turnul Aurarilor (ast\u00e3zi disp\u00e3rut) a dat na\u015ftere unei legende: un bun ochitor ar fi nimerit cu un proiectil de tun pe un pa\u015f\u00e3 turc, venit c\u00e3lare pe un elefant, \u00een fruntea unei o\u015ftiri ce se preg\u00e3tea s\u00e3 asedieze cetatea. \u00cen amintirea \u00eent\u00e2mpl\u00e3rii, un turnule\u0163 de lemn numit \u201eLa chip\u201c poate fi v\u00e3zut \u00een extremitatea de apus a ora\u015fului.<br \/>\nUnul din cele mai reprezentative monumente ale Transilvaniei se afl\u00e3 de asemenea \u00een Sighi\u015foara. Este vorba de Biserica din Deal, zidit\u00e3 din piatr\u00e3 (sec. XIV-XV), solid ridicat\u00e3 \u00een mijlocul unui loc cu vegeta\u0163ie bogat\u00e3. \u00centreg ansamblul respir\u00e3 tr\u00e3inicie \u00eentr-un amestec de stiluri arhitecturale din care r\u00e3zbate, totu\u015fi, vizibil stilul gotic.<br \/>\nEmisiunea dedicat\u00e3 Sighi\u015foarei reproduce \u00een imaginea celor trei m\u00e3rci po\u015ftale Biserica din Deal (valoarea nominal\u00e3 de 1,00 lei), Centrul istoric al ora\u015fului (valoarea nominal\u00e3 de 1,60 lei) \u015fi Turnul cu Ceas (valoarea nominal\u00e3 de 6,00 lei). Coli\u0163a emisiunii prezint\u00e3, \u00een ansamblu, zidul cet\u00e3\u0163ii cu turnurile \u015fi bastioanele existente \u015fi construc\u0163iile interioare. Marca po\u015ftal\u00e3 a coli\u0163ei are valoarea nominal\u00e3 de 7,60 lei.<\/p>\n<p>Data Aparitie:2009-07-24<\/p>\n<p><a href=\"https:\/\/romfilatelia.ro\/magazin\/wp-content\/uploads\/2009\/07\/sighisoara_box_rom.jpg\"><img decoding=\"async\" loading=\"lazy\" class=\"aligncenter wp-image-2003999 size-full\" src=\"https:\/\/romfilatelia.ro\/magazin\/wp-content\/uploads\/2009\/07\/sighisoara_box_rom.jpg\" alt=\"sighisoara_box_rom\" width=\"900\" height=\"462\" srcset=\"https:\/\/romfilatelia.ro\/magazin\/wp-content\/uploads\/2009\/07\/sighisoara_box_rom.jpg 900w, https:\/\/romfilatelia.ro\/magazin\/wp-content\/uploads\/2009\/07\/sighisoara_box_rom-500x257.jpg 500w, https:\/\/romfilatelia.ro\/magazin\/wp-content\/uploads\/2009\/07\/sighisoara_box_rom-64x33.jpg 64w, https:\/\/romfilatelia.ro\/magazin\/wp-content\/uploads\/2009\/07\/sighisoara_box_rom-300x154.jpg 300w, https:\/\/romfilatelia.ro\/magazin\/wp-content\/uploads\/2009\/07\/sighisoara_box_rom-768x394.jpg 768w\" sizes=\"(max-width: 900px) 100vw, 900px\" \/><\/a><\/p>\n","protected":false},"excerpt":{"rendered":"<p>Cetatea Sighi\u015foara, ora\u015f-muzeu, parte din zestrea istoriei noastre, conserv\u00e3 \u00een linii, forme, volume, culori, ambian\u0163e \u015fi tipologii, memoria unui timp, care, prin mijlocele specifice arhitecturii, urbanisticii \u015fi obiectelor vechilor me\u015fte\u015fugari, ne vorbe\u015fte despre continuitatea \u015fi permanen\u0163a rom\u00e2nilor \u00een Transilvania. Foarte mul\u0163i vizitatori din alte \u0163\u00e3ri \u015fi din toate timpurile au remarcat pitorescul ora\u015fului pe care&hellip;&nbsp;<a href=\"https:\/\/romfilatelia.ro\/magazin\/produs\/colectii-anuale\/2009\/centrul-istoric-sighiaoara-patrimoniu-mondial-unesco\/\" class=\"\" rel=\"bookmark\">Cite\u0219te mai mult &raquo;<span class=\"screen-reader-text\">CENTRUL ISTORIC SIGHI\u0218OARA &#8211; PATRIMONIU MONDIAL UNESCO<\/span><\/a><\/p>\n","protected":false},"featured_media":2003998,"template":"","meta":{"neve_meta_sidebar":"","neve_meta_container":"","neve_meta_enable_content_width":"","neve_meta_content_width":0,"neve_meta_title_alignment":"","neve_meta_author_avatar":"","neve_post_elements_order":"","neve_meta_disable_header":"","neve_meta_disable_footer":"","neve_meta_disable_title":""},"product_cat":[109,6],"product_tag":[],"_links":{"self":[{"href":"https:\/\/romfilatelia.ro\/magazin\/wp-json\/wp\/v2\/product\/2001238"}],"collection":[{"href":"https:\/\/romfilatelia.ro\/magazin\/wp-json\/wp\/v2\/product"}],"about":[{"href":"https:\/\/romfilatelia.ro\/magazin\/wp-json\/wp\/v2\/types\/product"}],"wp:featuredmedia":[{"embeddable":true,"href":"https:\/\/romfilatelia.ro\/magazin\/wp-json\/wp\/v2\/media\/2003998"}],"wp:attachment":[{"href":"https:\/\/romfilatelia.ro\/magazin\/wp-json\/wp\/v2\/media?parent=2001238"}],"wp:term":[{"taxonomy":"product_cat","embeddable":true,"href":"https:\/\/romfilatelia.ro\/magazin\/wp-json\/wp\/v2\/product_cat?post=2001238"},{"taxonomy":"product_tag","embeddable":true,"href":"https:\/\/romfilatelia.ro\/magazin\/wp-json\/wp\/v2\/product_tag?post=2001238"}],"curies":[{"name":"wp","href":"https:\/\/api.w.org\/{rel}","templated":true}]}}