{"id":131,"date":"2015-09-20T20:18:42","date_gmt":"2015-09-20T20:18:42","guid":{"rendered":"http:\/\/romfilatelia.ro\/?p=131"},"modified":"2021-04-26T10:48:31","modified_gmt":"2021-04-26T08:48:31","slug":"contact","status":"publish","type":"page","link":"https:\/\/romfilatelia.ro\/magazin\/contact\/","title":{"rendered":"Contact"},"content":{"rendered":"<h1 style=\"font-style: normal;\">CONTACT<\/h1>\n<p>ROMFILATELIA SA<br \/>\n<span class=\"gray\">Reg. com.:<\/span> <span class=\"small\"> J40\/3048\/2004<\/span><br \/>\n<span class=\"gray\"> CIF: <\/span> <span class=\"small\">RO16184414<\/span>Str. Fabrica de Chibrituri nr.28, 050183, Sector 5, Bucure\u015fti, ROM\u00c2NIA<br \/>\nTel: (+4) 021 \/ 336.93.92 ; (+4) 021 \/ 336.93.46<br \/>\nFax: (+4) 021 \/ 337.24.48<br \/>\nEmail: <a href=\"mailto:office@romfilatelia.ro\">office@romfilatelia.ro<\/a><br \/>\nDac\u0103 ave\u0163i \u00eentreb\u0103ri despre companie, produsele \u015fi serviciile noastre, nu ezita\u0163i s\u0103 ne contacta\u0163i.<\/p>\n<h1 style=\"font-style: normal;\">Newsletter<\/h1>\n<p><script type=\"text\/javascript\">\/\/ <![CDATA[\nif (typeof newsletter_check !== \"function\") {\nwindow.newsletter_check = function (f) {\n    var re = \/^([a-zA-Z0-9_.-+])+@(([a-zA-Z0-9-]{1,})+.)+([a-zA-Z0-9]{2,})+$\/;<br \/>\n    if (!re.test(f.elements[\"ne\"].value)) {<br \/>\n        alert(\"Adresa de e-mail nu este valid\u0103.\");<br \/>\n        return false;<br \/>\n    }<br \/>\n    for (var i=1; i<20; i++) { if (f.elements[\"np\" + i] &#038;&#038; f.elements[\"np\" + i].required &#038;&#038; f.elements[\"np\" + i].value == \"\") { alert(\"\"); return false; } } if (f.elements[\"ny\"] &#038;&#038; !f.elements[\"ny\"].checked) { alert(\"You must accept the privacy statement\"); return false; } return true; } } \/\/ ]]><\/script><script type=\"text\/javascript\">\/\/ <![CDATA[\nif (typeof newsletter_check !== \"function\") {\nwindow.newsletter_check = function (f) {\n    var re = \/^([a-zA-Z0-9_.-+])+@(([a-zA-Z0-9-]{1,})+.)+([a-zA-Z0-9]{2,})+$\/;<br \/>\n    if (!re.test(f.elements[\"ne\"].value)) {<br \/>\n        alert(\"Adresa de e-mail nu este valid\u0103.\");<br \/>\n        return false;<br \/>\n    }<br \/>\n    for (var i=1; i<20; i++) { if (f.elements[\"np\" + i] &#038;&#038; f.elements[\"np\" + i].required &#038;&#038; f.elements[\"np\" + i].value == \"\") { alert(\"\"); return false; } } if (f.elements[\"ny\"] &#038;&#038; !f.elements[\"ny\"].checked) { alert(\"You must accept the privacy statement\"); return false; } return true; } } \/\/ ]]><\/script><\/p>\n<form action=\"http:\/\/romfilatelia.ro\/?na=s\" method=\"post\"><input name=\"nr\" type=\"hidden\" value=\"widget\" \/><input class=\"newsletter-email\" name=\"ne\" required=\"\" type=\"email\" value=\"E-mail\" \/><\/p>\n<p><input class=\"newsletter-submit\" type=\"submit\" value=\"Aboneaz\u0103-te\" \/><\/p>\n<\/form>\n<p><img decoding=\"async\" src=\"https:\/\/romfilatelia.ro\/magazin\/wp-content\/uploads\/2016\/07\/dummy.jpg\" alt=\"\" \/><\/p>\n","protected":false},"excerpt":{"rendered":"<p>CONTACT ROMFILATELIA SA Reg. com.: J40\/3048\/2004 CIF: RO16184414Str. Fabrica de Chibrituri nr.28, 050183, Sector 5, Bucure\u015fti, ROM\u00c2NIA Tel: (+4) 021 \/ 336.93.92 ; (+4) 021 \/ 336.93.46 Fax: (+4) 021 \/ 337.24.48 Email: office@romfilatelia.ro Dac\u0103 ave\u0163i \u00eentreb\u0103ri despre companie, produsele \u015fi serviciile noastre, nu ezita\u0163i s\u0103 ne contacta\u0163i. Newsletter<\/p>\n","protected":false},"author":1,"featured_media":2013134,"parent":0,"menu_order":0,"comment_status":"closed","ping_status":"closed","template":"","meta":{"neve_meta_sidebar":"","neve_meta_container":"","neve_meta_enable_content_width":"","neve_meta_content_width":0,"neve_meta_title_alignment":"","neve_meta_author_avatar":"","neve_post_elements_order":"","neve_meta_disable_header":"","neve_meta_disable_footer":"","neve_meta_disable_title":""},"_links":{"self":[{"href":"https:\/\/romfilatelia.ro\/magazin\/wp-json\/wp\/v2\/pages\/131"}],"collection":[{"href":"https:\/\/romfilatelia.ro\/magazin\/wp-json\/wp\/v2\/pages"}],"about":[{"href":"https:\/\/romfilatelia.ro\/magazin\/wp-json\/wp\/v2\/types\/page"}],"author":[{"embeddable":true,"href":"https:\/\/romfilatelia.ro\/magazin\/wp-json\/wp\/v2\/users\/1"}],"replies":[{"embeddable":true,"href":"https:\/\/romfilatelia.ro\/magazin\/wp-json\/wp\/v2\/comments?post=131"}],"version-history":[{"count":0,"href":"https:\/\/romfilatelia.ro\/magazin\/wp-json\/wp\/v2\/pages\/131\/revisions"}],"wp:featuredmedia":[{"embeddable":true,"href":"https:\/\/romfilatelia.ro\/magazin\/wp-json\/wp\/v2\/media\/2013134"}],"wp:attachment":[{"href":"https:\/\/romfilatelia.ro\/magazin\/wp-json\/wp\/v2\/media?parent=131"}],"curies":[{"name":"wp","href":"https:\/\/api.w.org\/{rel}","templated":true}]}}